{"id":7773,"date":"2025-06-10T07:07:54","date_gmt":"2025-06-10T07:07:54","guid":{"rendered":"https:\/\/sinoextrud.com\/product\/aluminum-profile-for-advertising-photo-frame\/"},"modified":"2025-06-24T06:13:39","modified_gmt":"2025-06-24T06:13:39","slug":"profile-en-aluminium-pour-cadre-photo-publicitaire","status":"publish","type":"product","link":"https:\/\/sinoextrud.com\/fr\/product\/aluminum-profile-for-advertising-photo-frame\/","title":{"rendered":"Profil\u00e9 en aluminium pour cadre photo publicitaire"},"content":{"rendered":"<h2>D\u00e9tails des produits<\/h2>\n<table class=\"custom-table\">\n<tr>\n<td class=\"label\">Nom de la marque<\/td>\n<td>Chine Sinoextrud<\/td>\n<\/tr>\n<tr>\n<td class=\"label\">Type de produit<\/td>\n<td>profil\u00e9 en aluminium pour cadre photo publicitaire et cadre photo<\/td>\n<\/tr>\n<tr>\n<td class=\"label\">Mat\u00e9riau<\/td>\n<td>Alliage d'aluminium 100%<br \/>\nMat\u00e9riau principal : AA6063,6061,6463<br \/>\nAutres options : AA6082,6005,2024,2014,7075 etc.<\/td>\n<\/tr>\n<tr>\n<td class=\"label\">Temp\u00e9rer<\/td>\n<td>T4,T5,T6<\/td>\n<\/tr>\n<tr>\n<td class=\"label\">\u00c9paisseur<\/td>\n<td>\u00c9paisseur g\u00e9n\u00e9rale : 0,8 - 5,0 mm<br \/>\nProtection anodis\u00e9e Epaisseur : 8 - 25 um<br \/>\nEpaisseur du rev\u00eatement en poudre : 40 - 120 um<\/td>\n<\/tr>\n<tr>\n<td class=\"label\">Longueur<\/td>\n<td>Longueur de chargement g\u00e9n\u00e9rale : 3m\/6m.<br \/>\nIl est \u00e9galement possible d'obtenir des longueurs sp\u00e9ciales sur mesure.<\/td>\n<\/tr>\n<tr>\n<td class=\"label\">Forme<\/td>\n<td>Sur mesure<\/td>\n<\/tr>\n<tr>\n<td class=\"label\">Tol\u00e9rance<\/td>\n<td>\u00b11%<\/td>\n<\/tr>\n<tr>\n<td class=\"label\">Traitement de surface<\/td>\n<td>broyage, anodisation, rev\u00eatement par poudre, \u00e9lectrophor\u00e8se, grain de bois, bois d'\u0153uvre, peinture PVDF, polissage, brossage, etc.<\/td>\n<\/tr>\n<tr>\n<td class=\"label\">Couleur<\/td>\n<td>m\u00e9tal argent\u00e9, champagne, noir, blanc, miroir, etc. (accepte les commandes personnalis\u00e9es)<\/td>\n<\/tr>\n<tr>\n<td class=\"label\">Usinage<\/td>\n<td>CNC, per\u00e7age, fraisage, d\u00e9coupage, soudage, pliage, assemblage<\/td>\n<\/tr>\n<tr>\n<td class=\"label\">Capacit\u00e9 de production<\/td>\n<td>5000 tonnes par mois, 60000 tonnes par an.<\/td>\n<\/tr>\n<tr>\n<td class=\"label\">Certificat et norme<\/td>\n<td>(1) ISO9001-2008\/ISO 9001:2008 ;<br \/>\n(2) Certification CQM ;<br \/>\n(3) SGS, CE, BV, JIS, AS, NZS, QUALICOAT, QUOLANOD disponibles<\/td>\n<\/tr>\n<tr>\n<td class=\"label\">Garantie<\/td>\n<td>15 ans pour le traitement de surface en int\u00e9rieur<\/td>\n<\/tr>\n<tr>\n<td class=\"label\">\u00c9chantillon gratuit<\/td>\n<td>Des \u00e9chantillons de moins de 10 cm sont disponibles gratuitement.<\/td>\n<\/tr>\n<\/table>\n<h2>Notre base de production<\/h2>\n<h3>Panorama de l'usine<\/h3>\n<p><img decoding=\"async\" src=\"\/wp-content\/uploads\/factory-01.webp\"\/><\/p>\n<h3>Atelier de fabrication de barres d'aluminium<\/h3>\n<p><img decoding=\"async\" src=\"\/wp-content\/uploads\/factory-02.webp\"\/><\/p>\n<p><img decoding=\"async\" src=\"\/wp-content\/uploads\/factory-03.webp\"\/><\/p>\n<h3>Entrep\u00f4t de stockage des moules<\/h3>\n<p><img decoding=\"async\" src=\"\/wp-content\/uploads\/factory-04.webp\"\/><\/p>\n<h3>43 lignes d'extrusion d'aluminium (500-5500 tonnes)<\/h3>\n<p><img decoding=\"async\" src=\"\/wp-content\/uploads\/factory-05.webp\"\/><\/p>\n<p><img decoding=\"async\" src=\"\/wp-content\/uploads\/factory-06.webp\"\/><\/p>\n<p><img decoding=\"async\" src=\"\/wp-content\/uploads\/factory-07.webp\"\/><\/p>\n<h3>Atelier de peinture en poudre<\/h3>\n<p><img decoding=\"async\" src=\"\/wp-content\/uploads\/factory-09.webp\"\/><\/p>\n<h3>Atelier d'anodisation<\/h3>\n<p><img decoding=\"async\" src=\"\/wp-content\/uploads\/factory-10.webp\"\/><\/p>\n<h3>Atelier sur le traitement en profondeur<\/h3>\n<p><img decoding=\"async\" src=\"\/wp-content\/uploads\/factory-11.webp\"\/><\/p>\n<h3>Atelier d'usinage de pr\u00e9cision CNC<\/h3>\n<p><img decoding=\"async\" src=\"\/wp-content\/uploads\/factory-11.5.webp\"\/><\/p>\n<h3>Entrep\u00f4t de produits finis et d'exportation<\/h3>\n<p><img decoding=\"async\" src=\"\/wp-content\/uploads\/factory-12.webp\"\/><\/p>\n<p><img decoding=\"async\" src=\"\/wp-content\/uploads\/factory-13.webp\"\/><\/p>\n<p><img decoding=\"async\" src=\"\/wp-content\/uploads\/factory-14.webp\"\/><\/p>\n<h2>FAQ<\/h2>\n<p><p><b>1) Qu'est-ce qu'un profil\u00e9 en aluminium pour cadre photo publicitaire ?<\/b><\/p>\n<p>Il s'agit d'une extrusion d'aluminium sp\u00e9cialement con\u00e7ue pour cr\u00e9er des cadres \u00e9l\u00e9gants et durables pour les affiches publicitaires et les photos dans les pr\u00e9sentoirs commerciaux.<br \/>\n<\/p><br \/>\n<br \/>\n<p><b>2) Quels sont les avantages de l'utilisation de profil\u00e9s en aluminium dans les cadres publicitaires ?<\/b><\/p>\n<p>Ils sont l\u00e9gers, r\u00e9sistants \u00e0 la corrosion, visuellement attrayants et faciles \u00e0 fabriquer dans diff\u00e9rentes tailles de cadre.<br \/>\n<\/p><br \/>\n<br \/>\n<p><b>3. ces profils peuvent-ils \u00eatre utilis\u00e9s \u00e0 l'ext\u00e9rieur ?<\/b><\/p>\n<p>Oui, ils sont disponibles avec des finitions r\u00e9sistantes aux intemp\u00e9ries, comme l'anodisation ou le rev\u00eatement en poudre, qui conviennent \u00e0 la signalisation ext\u00e9rieure.<br \/>\n<\/p><br \/>\n<br \/>\n<p><b>4. des tailles et des couleurs personnalis\u00e9es sont-elles disponibles ?<\/b><\/p>\n<p>Oui, nous proposons des profils enti\u00e8rement personnalisables pour correspondre aux dimensions exactes de votre cadre, \u00e0 vos couleurs et \u00e0 vos besoins en mati\u00e8re de strat\u00e9gie de marque.<br \/>\n<\/p><br \/>\n<br \/>\n<p><b>5. proposez-vous des profil\u00e9s en aluminium \u00e0 cadre encliquetable ?<\/b><\/p>\n<p>Oui, nous proposons des profils \u00e0 ouverture rapide qui permettent de changer rapidement et facilement les affiches, ce qui est id\u00e9al pour les contenus publicitaires fr\u00e9quemment mis \u00e0 jour.<br \/>\n<\/p><br \/>\n<br \/>\n<p><b>6. O\u00f9 ces profil\u00e9s en aluminium sont-ils couramment utilis\u00e9s ?<\/b><\/p>\n<p>Ils sont utilis\u00e9s dans les magasins de d\u00e9tail, les centres commerciaux, les restaurants, les bureaux, les stands d'exposition et les terminaux de transport.<br \/>\n<\/p><br \/>\n<br \/>\n<p><b>7) Est-il facile d'installer des cadres publicitaires en aluminium ?<\/b><\/p>\n<p>Tr\u00e8s facile - ils sont con\u00e7us pour un assemblage et un montage rapides \u00e0 l'aide de mat\u00e9riel standard ou d'un support adh\u00e9sif.<br \/>\n<\/p><br \/>\n<br \/>\n<p><b>8. ces cadres sont-ils r\u00e9utilisables pour d'autres campagnes ?<\/b><\/p>\n<p>Oui, leur structure durable et leur facilit\u00e9 d'acc\u00e8s les rendent r\u00e9utilisables et id\u00e9ales pour la rotation du mat\u00e9riel promotionnel.<br \/>\n<\/p><br \/><\/p>","protected":false},"featured_media":7772,"template":"","categories":[67],"class_list":["post-7773","product","type-product","status-publish","has-post-thumbnail","hentry","category-architectural-aluminium-profile"],"meta_box":{"hilight_text_group":{"product_hilight_text":"<li>Lightweight aluminum construction ensures easy mounting and transport<\/li>\r\r\n<li>Durable and corrosion-resistant for long-term indoor or outdoor display<\/li>\r\r\n<li>Precision-extruded for clean edges and a sleek appearance<\/li>\r\r\n<li>Customizable profiles to fit various poster and photo sizes<\/li>\r\r\n<li>Quick-open snap frame design available for fast graphic changes<\/li>\r\r\n<li>Available in multiple finishes and anodized colors<\/li>\r\r\n<li>Ideal for retail signage, exhibitions, and commercial advertising<\/li>","product_chanpin_blog":"<ul>\r\r\n<li><a href=\"https:\/\/sinoextrud.com\/t-slot-v-slot-differences\/\" target=\"_blank\">t slot vs v slot<\/a><\/li>\r\r\n<li><a href=\"https:\/\/sinoextrud.com\/what-is-4040-aluminium-extrud\/\" target=\"_blank\">4040 aluminium extrusion<\/a><\/li>\r\r\n<li><a href=\"https:\/\/sinoextrud.com\/what-is-4040-aluminium-extrud\/\" target=\"_blank\">aluminum extrusions for industrial racks<\/a><\/li>\r\r\n<li><a href=\"https:\/\/sinoextrud.com\/powder-coating-aluminium-process\/\" target=\"_blank\">powder coating aluminium<\/a><\/li>\r\r\n<li><a href=\"https:\/\/sinoextrud.com\/what-is-an-aluminium-strip-ceiling\/\" target=\"_blank\">aluminium strip ceiling<\/a><\/li>\r\r\n<li><a href=\"https:\/\/sinoextrud.com\/what-is-a-heat-sink\/\" target=\"_blank\">what is a heat sink<\/a><\/li>\r\r\n<\/ul>","product_chanpin_chanpin":"<li><a href=\"https:\/\/sinoextrud.com\/product\/triangular-extruded-aluminum-tube\/\" target=\"_blank\">Triangular Extruded Aluminum Tube<\/a><\/li>\r\n<li><a href=\"https:\/\/sinoextrud.com\/product\/aluminum-picture-photo-artware-frame-mirror-polished-gold\/\" target=\"_blank\">Aluminum Picture Photo Artware Frame Mirror Polished Gold<\/a><\/li>\r\n<li><a href=\"https:\/\/sinoextrud.com\/product\/aluminum-profile-for-glass-railings\/\" target=\"_blank\">Aluminum Profile For Glass Railings<\/a><\/li>\r\n<li><a href=\"https:\/\/sinoextrud.com\/product\/extruded-aluminum-slide\/\" target=\"_blank\">Extruded Aluminum Slide<\/a><\/li>\r\n<li><a href=\"https:\/\/sinoextrud.com\/product\/aluminum-profile-for-advertising-photo-frame\/\" target=\"_blank\">Aluminum Profile For Advertising Photo Frame<\/a><\/li>\r\n<li><a href=\"https:\/\/sinoextrud.com\/product\/aluminum-profile-for-curtain\/\" target=\"_blank\">Aluminum Profile for Curtain<\/a><\/li>\r\n<li><a href=\"https:\/\/sinoextrud.com\/product\/aluminum-profile-slider-for-window-curtain\/\" target=\"_blank\">Aluminum Profile Slider For Window Curtain<\/a><\/li>\r\n<li><a href=\"https:\/\/sinoextrud.com\/product\/aluminum-profile-wardrobe-hanging-rail\/\" target=\"_blank\">Aluminum Profile Wardrobe Hanging Rail<\/a><\/li>\r\n<li><a href=\"https:\/\/sinoextrud.com\/product\/anodizing-aluminium-alloy-wire-slot\/\" target=\"_blank\">Anodizing Aluminium Alloy Wire Slot<\/a><\/li>\r\n<li><a href=\"https:\/\/sinoextrud.com\/product\/easy-assembly-bi-slotted-production-line-anodized-aluminium-t-slot-extrusion\/\" target=\"_blank\">Easy Assembly Bi-Slotted Production Line Anodized Aluminium T Slot Extrusion<\/a><\/li>\r\n<li><a href=\"https:\/\/sinoextrud.com\/product\/extruded-aluminum-trim-shapes\/\" target=\"_blank\">Extruded Aluminum Trim Shapes<\/a><\/li>"},"feature_list":[]},"_links":{"self":[{"href":"https:\/\/sinoextrud.com\/fr\/wp-json\/wp\/v2\/product\/7773","targetHints":{"allow":["GET"]}}],"collection":[{"href":"https:\/\/sinoextrud.com\/fr\/wp-json\/wp\/v2\/product"}],"about":[{"href":"https:\/\/sinoextrud.com\/fr\/wp-json\/wp\/v2\/types\/product"}],"wp:featuredmedia":[{"embeddable":true,"href":"https:\/\/sinoextrud.com\/fr\/wp-json\/wp\/v2\/media\/7772"}],"wp:attachment":[{"href":"https:\/\/sinoextrud.com\/fr\/wp-json\/wp\/v2\/media?parent=7773"}],"wp:term":[{"taxonomy":"category","embeddable":true,"href":"https:\/\/sinoextrud.com\/fr\/wp-json\/wp\/v2\/categories?post=7773"}],"curies":[{"name":"wp","href":"https:\/\/api.w.org\/{rel}","templated":true}]}}