{"id":7759,"date":"2025-06-10T06:52:55","date_gmt":"2025-06-10T06:52:55","guid":{"rendered":"https:\/\/sinoextrud.com\/product\/aluminum-window-extrusion-profiles-2\/"},"modified":"2025-06-24T06:13:37","modified_gmt":"2025-06-24T06:13:37","slug":"profiles-dextrusion-de-fenetres-en-aluminium-2","status":"publish","type":"product","link":"https:\/\/sinoextrud.com\/fr\/product\/aluminum-window-extrusion-profiles-2\/","title":{"rendered":"Profil\u00e9s d'extrusion pour fen\u00eatres en aluminium"},"content":{"rendered":"<h2>D\u00e9tails des produits<\/h2>\n<table class=\"custom-table\">\n<tr>\n<td class=\"label\">Objet<\/td>\n<td>Profil\u00e9s d'extrusion pour fen\u00eatres en aluminium<\/td>\n<\/tr>\n<tr>\n<td class=\"label\">Lieu d'origine :<\/td>\n<td>Conditions de paiement :<\/td>\n<\/tr>\n<tr>\n<td class=\"label\">Guangdong, Chine<\/td>\n<td>T\/T 30% pour le d\u00e9p\u00f4t, le solde avant l'exp\u00e9dition.<\/td>\n<\/tr>\n<tr>\n<td class=\"label\">Grade :<\/td>\n<td>Port FOB :<\/td>\n<\/tr>\n<tr>\n<td class=\"label\">S\u00e9rie 6000<\/td>\n<td>SHENZHEN \/ GUANGZHOU \/ FOSHAN<\/td>\n<\/tr>\n<tr>\n<td class=\"label\">Temp\u00e9rer :<\/td>\n<td>Capacit\u00e9 de production :<\/td>\n<\/tr>\n<tr>\n<td class=\"label\">T3-T8<\/td>\n<td> 15 000 tonnes par mois, 200 000 tonnes par an<\/td>\n<\/tr>\n<tr>\n<td class=\"label\">Application :<\/td>\n<td>Garantie :<\/td>\n<\/tr>\n<tr>\n<td class=\"label\">D\u00e9corations, Portes et fen\u00eatres, Paroi en verre, Dissipateur de chaleur<\/td>\n<td>La couleur de la surface peut rester stable pendant 10 \u00e0 20 ans en utilisation int\u00e9rieure.<\/td>\n<\/tr>\n<tr>\n<td class=\"label\">Forme :<\/td>\n<td>Mat\u00e9riau :<\/td>\n<\/tr>\n<tr>\n<td class=\"label\">Equerre, Sauqre, Profil\u00e9 en T, Rond, Personnalis\u00e9<\/td>\n<td>S\u00e9rie 6000 Aluminium<\/td>\n<\/tr>\n<tr>\n<td class=\"label\">Alliage ou non :<\/td>\n<td>D\u00e9lai de r\u00e8glement :<\/td>\n<\/tr>\n<tr>\n<td class=\"label\">Est un alliage<\/td>\n<td>Facturer au poids r\u00e9el final ou au poids th\u00e9orique du dessin.<\/td>\n<\/tr>\n<tr>\n<td class=\"label\">Num\u00e9ro de mod\u00e8le :<\/td>\n<td>Traitement de surface :<\/td>\n<\/tr>\n<tr>\n<td class=\"label\">S\u00e9rie 6000<\/td>\n<td>rev\u00eatement par poudre, \u00e9lectrophor\u00e8se, grain de bois, anodisation, etc.<\/td>\n<\/tr>\n<tr>\n<td class=\"label\">Nom de marque :<\/td>\n<td>Processus en profondeur :<\/td>\n<\/tr>\n<tr>\n<td class=\"label\">Sinoextrud<\/td>\n<td>CNC, per\u00e7age, fraisage, d\u00e9coupage, soudage, pliage, assemblage<\/td>\n<\/tr>\n<\/table>\n<h2>Notre base de production<\/h2>\n<h3>Panorama de l'usine<\/h3>\n<p><img decoding=\"async\" src=\"\/wp-content\/uploads\/factory-01.webp\"\/><\/p>\n<h3>Atelier de fabrication de barres d'aluminium<\/h3>\n<p><img decoding=\"async\" src=\"\/wp-content\/uploads\/factory-02.webp\"\/><\/p>\n<\/p>\n<p><img decoding=\"async\" src=\"\/wp-content\/uploads\/factory-03.webp\"\/><\/p>\n<h3>Entrep\u00f4t de stockage des moules<\/h3>\n<p><img decoding=\"async\" src=\"\/wp-content\/uploads\/factory-04.webp\"\/><\/p>\n<h3>43 lignes d'extrusion d'aluminium (500 \u00e0 5500 tonnes)<\/h3>\n<p><img decoding=\"async\" src=\"\/wp-content\/uploads\/factory-05.webp\"\/><\/p>\n<p><img decoding=\"async\" src=\"\/wp-content\/uploads\/factory-06.webp\"\/><\/p>\n<p><img decoding=\"async\" src=\"\/wp-content\/uploads\/factory-07.webp\"\/><\/p>\n<h3>Atelier de peinture en poudre<\/h3>\n<p><img decoding=\"async\" src=\"\/wp-content\/uploads\/factory-09.webp\"\/><\/p>\n<h3>Atelier d'anodisation<\/h3>\n<p><img decoding=\"async\" src=\"\/wp-content\/uploads\/factory-10.webp\"\/><\/p>\n<h3>Atelier sur le traitement en profondeur<\/h3>\n<p><img decoding=\"async\" src=\"\/wp-content\/uploads\/factory-11.webp\"\/><\/p>\n<h3>Atelier d'usinage de pr\u00e9cision CNC<\/h3>\n<p><img decoding=\"async\" src=\"\/wp-content\/uploads\/factory-11.5.webp\"\/><\/p>\n<h3>Entrep\u00f4t de produits finis et d'exportation<\/h3>\n<p><img decoding=\"async\" src=\"\/wp-content\/uploads\/factory-12.webp\"\/><\/p>\n<p><img decoding=\"async\" src=\"\/wp-content\/uploads\/factory-13.webp\"\/><\/p>\n<p><img decoding=\"async\" src=\"\/wp-content\/uploads\/factory-14.webp\"\/><\/p>\n<h2>FAQ<\/h2>\n<p><b>1.Qu'est-ce qu'un profil\u00e9 d'extrusion de fen\u00eatre en aluminium ?<\/b><\/p>\n<p>Les profil\u00e9s d'extrusion pour fen\u00eatres en aluminium sont des composants en aluminium de forme personnalis\u00e9e utilis\u00e9s dans l'encadrement des syst\u00e8mes de fen\u00eatres, connus pour leur solidit\u00e9, leur l\u00e9g\u00e8ret\u00e9 et leur r\u00e9sistance \u00e0 la corrosion.\n<\/p>\n<p><\/p>\n<p><b>2) Pourquoi choisir les profil\u00e9s d'extrusion de fen\u00eatre en aluminium plut\u00f4t que d'autres mat\u00e9riaux ?<\/b><\/p>\n<p>Les profil\u00e9s d'extrusion de fen\u00eatres en aluminium offrent une durabilit\u00e9 sup\u00e9rieure, une flexibilit\u00e9 de conception et un entretien r\u00e9duit par rapport aux alternatives en bois ou en PVC.\n<\/p>\n<p><\/p>\n<p><b>3. les profil\u00e9s d'extrusion de fen\u00eatres en aluminium sont-ils r\u00e9sistants aux intemp\u00e9ries ?<\/b><\/p>\n<p>Oui, les profil\u00e9s d'extrusion pour fen\u00eatres en aluminium sont tr\u00e8s r\u00e9sistants aux intemp\u00e9ries et conviennent aux conditions environnementales difficiles.\n<\/p>\n<p><\/p>\n<p><b>4) Puis-je personnaliser le design des profil\u00e9s d'extrusion pour fen\u00eatres en aluminium ?<\/b><\/p>\n<p>Oui, les profil\u00e9s d'extrusion de fen\u00eatres en aluminium peuvent \u00eatre enti\u00e8rement personnalis\u00e9s en termes de forme, de taille et de finition afin de r\u00e9pondre aux exigences sp\u00e9cifiques du projet.\n<\/p>\n<p><\/p>\n<p><b>5. les profil\u00e9s extrud\u00e9s pour fen\u00eatres en aluminium favorisent-ils l'efficacit\u00e9 \u00e9nerg\u00e9tique ?<\/b><\/p>\n<p>Oui, les profil\u00e9s d'extrusion de fen\u00eatres en aluminium peuvent \u00eatre rompus thermiquement pour renforcer l'isolation et am\u00e9liorer l'efficacit\u00e9 \u00e9nerg\u00e9tique des b\u00e2timents.\n<\/p>\n<p><\/p>\n<p><b>6) Quelle est la dur\u00e9e de vie des profil\u00e9s d'extrusion pour fen\u00eatres en aluminium ?<\/b><\/p>\n<p>Les profil\u00e9s d'extrusion de fen\u00eatres en aluminium ont une longue dur\u00e9e de vie, souvent sup\u00e9rieure \u00e0 30 ans avec un entretien minimal.\n<\/p>\n<p><\/p>\n<p><b>7. les profil\u00e9s d'extrusion de fen\u00eatres en aluminium sont-ils \u00e9cologiques ?<\/b><\/p>\n<p>Oui, les profil\u00e9s d'extrusion de fen\u00eatres en aluminium sont recyclables et contribuent aux pratiques de construction durable.<\/p>\n<p><\/p>","protected":false},"featured_media":7758,"template":"","categories":[67],"class_list":["post-7759","product","type-product","status-publish","has-post-thumbnail","hentry","category-architectural-aluminium-profile"],"meta_box":{"hilight_text_group":{"product_hilight_text":"<li>High precision aluminum alloy profiles ensure excellent sealing and durability<\/li>\r\r\n<li>Customized shapes and surface treatments for diverse architectural needs<\/li>\r\r\n<li>Excellent corrosion resistance ideal for all weather conditions<\/li>\r\r\n<li>Lightweight yet strong for enhanced structural performance<\/li>\r\r\n<li>Compatible with various window systems and accessories<\/li>","product_chanpin_blog":"<ul>\r\r\n<li><a href=\"https:\/\/sinoextrud.com\/t-slot-v-slot-differences\/\" target=\"_blank\">t slot vs v slot<\/a><\/li>\r\r\n<li><a href=\"https:\/\/sinoextrud.com\/what-is-4040-aluminium-extrud\/\" target=\"_blank\">4040 aluminium extrusion<\/a><\/li>\r\r\n<li><a href=\"https:\/\/sinoextrud.com\/what-is-4040-aluminium-extrud\/\" target=\"_blank\">aluminum extrusions for industrial racks<\/a><\/li>\r\r\n<li><a href=\"https:\/\/sinoextrud.com\/powder-coating-aluminium-process\/\" target=\"_blank\">powder coating aluminium<\/a><\/li>\r\r\n<li><a href=\"https:\/\/sinoextrud.com\/what-is-an-aluminium-strip-ceiling\/\" target=\"_blank\">aluminium strip ceiling<\/a><\/li>\r\r\n<li><a href=\"https:\/\/sinoextrud.com\/what-is-a-heat-sink\/\" target=\"_blank\">what is a heat sink<\/a><\/li>\r\r\n<\/ul>","product_chanpin_chanpin":"<li><a href=\"https:\/\/sinoextrud.com\/product\/extruded-aluminum-door-frame\/\" target=\"_blank\">Extruded Aluminum Door Frame<\/a><\/li>\r\n<li><a href=\"https:\/\/sinoextrud.com\/product\/item-structural-aluminum-extrusions\/\" target=\"_blank\">Item Structural Aluminum Extrusions<\/a><\/li>\r\n<li><a href=\"https:\/\/sinoextrud.com\/product\/aluminum-extrusions-stock-shapes\/\" target=\"_blank\">Aluminum Extrusions Stock Shapes<\/a><\/li>\r\n<li><a href=\"https:\/\/sinoextrud.com\/product\/aluminum-profiles-for-glass\/\" target=\"_blank\">Aluminum Profiles For Glass<\/a><\/li>\r\n<li><a href=\"https:\/\/sinoextrud.com\/product\/aluminum-window-extrusion-profiles-2\/\" target=\"_blank\">Aluminum Window Extrusion Profiles<\/a><\/li>\r\n<li><a href=\"https:\/\/sinoextrud.com\/product\/glazing-channels-extrusions\/\" target=\"_blank\">Glazing Channels Extrusions<\/a><\/li>\r\n<li><a href=\"https:\/\/sinoextrud.com\/product\/aluminum-picture-frame-extrusions\/\" target=\"_blank\">Aluminum Picture Frame Extrusions<\/a><\/li>\r\n<li><a href=\"https:\/\/sinoextrud.com\/product\/triangular-extruded-aluminum-tube\/\" target=\"_blank\">Triangular Extruded Aluminum Tube<\/a><\/li>\r\n<li><a href=\"https:\/\/sinoextrud.com\/product\/aluminum-picture-photo-artware-frame-mirror-polished-gold\/\" target=\"_blank\">Aluminum Picture Photo Artware Frame Mirror Polished Gold<\/a><\/li>\r\n<li><a href=\"https:\/\/sinoextrud.com\/product\/aluminum-extruded-products\/\" target=\"_blank\">Aluminum Extruded Products<\/a><\/li>\r\n<li><a href=\"https:\/\/sinoextrud.com\/product\/aluminum-extrusion-connectors-for-window-door-aluminum\/\" target=\"_blank\">Aluminum Extrusion Connectors For Window Door Aluminum<\/a><\/li>"},"feature_list":[]},"_links":{"self":[{"href":"https:\/\/sinoextrud.com\/fr\/wp-json\/wp\/v2\/product\/7759","targetHints":{"allow":["GET"]}}],"collection":[{"href":"https:\/\/sinoextrud.com\/fr\/wp-json\/wp\/v2\/product"}],"about":[{"href":"https:\/\/sinoextrud.com\/fr\/wp-json\/wp\/v2\/types\/product"}],"wp:featuredmedia":[{"embeddable":true,"href":"https:\/\/sinoextrud.com\/fr\/wp-json\/wp\/v2\/media\/7758"}],"wp:attachment":[{"href":"https:\/\/sinoextrud.com\/fr\/wp-json\/wp\/v2\/media?parent=7759"}],"wp:term":[{"taxonomy":"category","embeddable":true,"href":"https:\/\/sinoextrud.com\/fr\/wp-json\/wp\/v2\/categories?post=7759"}],"curies":[{"name":"wp","href":"https:\/\/api.w.org\/{rel}","templated":true}]}}