{"id":7757,"date":"2025-06-10T06:42:34","date_gmt":"2025-06-10T06:42:34","guid":{"rendered":"https:\/\/sinoextrud.com\/product\/aluminum-profiles-for-glass\/"},"modified":"2025-06-24T06:13:37","modified_gmt":"2025-06-24T06:13:37","slug":"profiles-en-aluminium-pour-le-verre","status":"publish","type":"product","link":"https:\/\/sinoextrud.com\/fr\/product\/aluminum-profiles-for-glass\/","title":{"rendered":"Profil\u00e9s en aluminium pour verre"},"content":{"rendered":"<h2>D\u00e9tails des produits<\/h2>\n<table class=\"custom-table\">\n<tr>\n<td class=\"label\">Objet<\/td>\n<td>Profil\u00e9s en aluminium pour verre<\/td>\n<\/tr>\n<tr>\n<td class=\"label\">Mat\u00e9riau<\/td>\n<td>S\u00e9rie 6000 Aluminium<\/td>\n<\/tr>\n<tr>\n<td class=\"label\">Temp\u00e9rer<\/td>\n<td>T4, T5, T6<\/td>\n<\/tr>\n<tr>\n<td class=\"label\">Taille \/ Epaisseur<\/td>\n<td>\u00c9paisseur des profil\u00e9s g\u00e9n\u00e9raux de 0,8 \u00e0 5,0 mm, longueur de 1 m \u00e0 9 m ou sur mesure ; \u00e9paisseur du film de protection anodis\u00e9 de 8 \u00e0 25 um, rev\u00eatement en poudre de 40 \u00e0 120 um.<\/td>\n<\/tr>\n<tr>\n<td class=\"label\">Forme<\/td>\n<td>carr\u00e9, rond, rectangulaire, personnalis\u00e9<\/td>\n<\/tr>\n<tr>\n<td class=\"label\">Application<\/td>\n<td>Dans l'ameublement, les fen\u00eatres et les portes, la d\u00e9coration, l'industrie, la construction, etc.<\/td>\n<\/tr>\n<tr>\n<td class=\"label\">Traitement de surface<\/td>\n<td>rev\u00eatement par poudre, \u00e9lectrophor\u00e8se, grain de bois, anodisation, etc.<\/td>\n<\/tr>\n<tr>\n<td class=\"label\">Couleurs<\/td>\n<td>Feuille de couleur du rev\u00eatement en poudre Ref et couleurs personnalis\u00e9es disponibles<\/td>\n<\/tr>\n<tr>\n<td class=\"label\">Processus en profondeur<\/td>\n<td>CNC, per\u00e7age, fraisage, d\u00e9coupage, soudage, pliage, assemblage<\/td>\n<\/tr>\n<tr>\n<td class=\"label\">MOQ<\/td>\n<td>200KG pour chaque article<\/td>\n<\/tr>\n<tr>\n<td class=\"label\">D\u00e9tails de l'emballage<\/td>\n<td>(1) A l'int\u00e9rieur : emball\u00e9 avec un film plastique de protection pour prot\u00e9ger chaque pi\u00e8ce.<\/td>\n<\/tr>\n<tr>\n<td class=\"label\">D\u00e9lai de livraison<\/td>\n<td>(1) Mise au point de la matrice et essai de l'\u00e9chantillon : 12-18 jours.<\/td>\n<\/tr>\n<tr>\n<td class=\"label\">Port FOB<\/td>\n<td>SHENZHEN \/ GUANGZHOU \/ FOSHAN<\/td>\n<\/tr>\n<tr>\n<td class=\"label\">conditions de paiement<\/td>\n<td>T\/T 30% pour le d\u00e9p\u00f4t, le solde avant l'exp\u00e9dition.<\/td>\n<\/tr>\n<tr>\n<td class=\"label\">d\u00e9lai de r\u00e8glement<\/td>\n<td>Facturer au poids r\u00e9el final ou au poids th\u00e9orique du dessin.<\/td>\n<\/tr>\n<tr>\n<td class=\"label\">capacit\u00e9 de production<\/td>\n<td>15 000 tonnes par mois, 200 000 tonnes par an.<\/td>\n<\/tr>\n<tr>\n<td class=\"label\">Certificat et norme<\/td>\n<td>CQM, SGS, CE, BV, SONCAP \/ GB, ISO, JIS, AS, NZS, QUALICOAT, QUOLANOD disponibles<\/td>\n<\/tr>\n<tr>\n<td class=\"label\">Garantie<\/td>\n<td>La couleur de la surface peut rester stable pendant 10 \u00e0 20 ans en utilisation int\u00e9rieure.<\/td>\n<\/tr>\n<\/table>\n<h2>Notre base de production<\/h2>\n<h3>Panorama de l'usine<\/h3>\n<p><img decoding=\"async\" src=\"\/wp-content\/uploads\/factory-01.webp\"\/><\/p>\n<h3>Atelier de fabrication de barres d'aluminium<\/h3>\n<p><img decoding=\"async\" src=\"\/wp-content\/uploads\/factory-02.webp\"\/><\/p>\n<\/p>\n<p><img decoding=\"async\" src=\"\/wp-content\/uploads\/factory-03.webp\"\/><\/p>\n<h3>Entrep\u00f4t de stockage des moules<\/h3>\n<p><img decoding=\"async\" src=\"\/wp-content\/uploads\/factory-04.webp\"\/><\/p>\n<h3>43 lignes d'extrusion d'aluminium (500 \u00e0 5500 tonnes)<\/h3>\n<p><img decoding=\"async\" src=\"\/wp-content\/uploads\/factory-05.webp\"\/><\/p>\n<p><img decoding=\"async\" src=\"\/wp-content\/uploads\/factory-06.webp\"\/><\/p>\n<p><img decoding=\"async\" src=\"\/wp-content\/uploads\/factory-07.webp\"\/><\/p>\n<h3>Atelier de peinture en poudre<\/h3>\n<p><img decoding=\"async\" src=\"\/wp-content\/uploads\/factory-09.webp\"\/><\/p>\n<h3>Atelier d'anodisation<\/h3>\n<p><img decoding=\"async\" src=\"\/wp-content\/uploads\/factory-10.webp\"\/><\/p>\n<h3>Atelier sur le traitement en profondeur<\/h3>\n<p><img decoding=\"async\" src=\"\/wp-content\/uploads\/factory-11.webp\"\/><\/p>\n<h3>Atelier d'usinage de pr\u00e9cision CNC<\/h3>\n<p><img decoding=\"async\" src=\"\/wp-content\/uploads\/factory-11.5.webp\"\/><\/p>\n<h3>Entrep\u00f4t de produits finis et d'exportation<\/h3>\n<p><img decoding=\"async\" src=\"\/wp-content\/uploads\/factory-12.webp\"\/><\/p>\n<p><img decoding=\"async\" src=\"\/wp-content\/uploads\/factory-13.webp\"\/><\/p>\n<p><img decoding=\"async\" src=\"\/wp-content\/uploads\/factory-14.webp\"\/><\/p>\n<h2>FAQ<\/h2>\n<p><b>1.Qu'est-ce qu'un profil\u00e9 en aluminium pour le verre ?<\/b><\/p>\n<p>Les profil\u00e9s en aluminium pour verre sont des cadres ou des canaux en aluminium sp\u00e9cialement con\u00e7us pour fixer et soutenir solidement les panneaux de verre dans les portes, les cloisons et les fa\u00e7ades.\n<\/p>\n<p><\/p>\n<p><b>2. les profil\u00e9s en aluminium pour verre conviennent-ils aux syst\u00e8mes de verre sans cadre ?<\/b><\/p>\n<p>Oui, les profil\u00e9s en aluminium pour verre sont id\u00e9aux pour les syst\u00e8mes de verre sans cadre et semi-sans cadre, car ils offrent des lignes \u00e9pur\u00e9es et un aspect moderne.\n<\/p>\n<p><\/p>\n<p><b>3. ces profil\u00e9s en aluminium peuvent-ils \u00eatre adapt\u00e9s \u00e0 diff\u00e9rentes \u00e9paisseurs de verre ?<\/b><\/p>\n<p>Oui, nos profil\u00e9s en aluminium pour verre peuvent \u00eatre adapt\u00e9s \u00e0 diff\u00e9rentes \u00e9paisseurs de verre et \u00e0 diff\u00e9rents besoins d'application.\n<\/p>\n<p><\/p>\n<p><b>4. les profil\u00e9s en aluminium pour verre r\u00e9sistent-ils \u00e0 la corrosion et \u00e0 l'usure ?<\/b><\/p>\n<p>Oui, ils sont fabriqu\u00e9s en aluminium de haute qualit\u00e9, r\u00e9sistant \u00e0 la corrosion, ce qui garantit leur durabilit\u00e9 \u00e0 l'int\u00e9rieur et \u00e0 l'ext\u00e9rieur.\n<\/p>\n<p><\/p>\n<p><b>5. O\u00f9 les profil\u00e9s en aluminium pour le verre sont-ils g\u00e9n\u00e9ralement utilis\u00e9s ?<\/b><\/p>\n<p>Ils sont couramment utilis\u00e9s dans les cloisons de bureau, les cabines de douche, les portes en verre et les fa\u00e7ades architecturales pour les projets r\u00e9sidentiels et commerciaux.\n<\/p>\n<p><\/p>","protected":false},"featured_media":7756,"template":"","categories":[67],"class_list":["post-7757","product","type-product","status-publish","has-post-thumbnail","hentry","category-architectural-aluminium-profile"],"meta_box":{"hilight_text_group":{"product_hilight_text":"<li>Designed to securely hold glass panels with precision<\/li>\r\r\n<li>Sleek and modern appearance enhances visual appeal<\/li>\r\r\n<li>Corrosion-resistant aluminum ensures long-lasting durability<\/li>\r\r\n<li>Available in various sizes and finishes to match different glass types<\/li>\r\r\n<li>Easy installation and maintenance for commercial and residential projects<\/li>","product_chanpin_blog":"<ul>\r\r\n<li><a href=\"https:\/\/sinoextrud.com\/t-slot-v-slot-differences\/\" target=\"_blank\">t slot vs v slot<\/a><\/li>\r\r\n<li><a href=\"https:\/\/sinoextrud.com\/what-is-4040-aluminium-extrud\/\" target=\"_blank\">4040 aluminium extrusion<\/a><\/li>\r\r\n<li><a href=\"https:\/\/sinoextrud.com\/what-is-4040-aluminium-extrud\/\" target=\"_blank\">aluminum extrusions for industrial racks<\/a><\/li>\r\r\n<li><a href=\"https:\/\/sinoextrud.com\/powder-coating-aluminium-process\/\" target=\"_blank\">powder coating aluminium<\/a><\/li>\r\r\n<li><a href=\"https:\/\/sinoextrud.com\/what-is-an-aluminium-strip-ceiling\/\" target=\"_blank\">aluminium strip ceiling<\/a><\/li>\r\r\n<li><a href=\"https:\/\/sinoextrud.com\/what-is-a-heat-sink\/\" target=\"_blank\">what is a heat sink<\/a><\/li>\r\r\n<\/ul>","product_chanpin_chanpin":"<li><a href=\"https:\/\/sinoextrud.com\/product\/aluminum-window-blinds-profiles\/\" target=\"_blank\">Aluminum Window Blinds Profiles<\/a><\/li>\r\n<li><a href=\"https:\/\/sinoextrud.com\/product\/extruded-aluminum-door-frame\/\" target=\"_blank\">Extruded Aluminum Door Frame<\/a><\/li>\r\n<li><a href=\"https:\/\/sinoextrud.com\/product\/item-structural-aluminum-extrusions\/\" target=\"_blank\">Item Structural Aluminum Extrusions<\/a><\/li>\r\n<li><a href=\"https:\/\/sinoextrud.com\/product\/aluminum-extrusions-stock-shapes\/\" target=\"_blank\">Aluminum Extrusions Stock Shapes<\/a><\/li>\r\n<li><a href=\"https:\/\/sinoextrud.com\/product\/aluminum-profiles-for-glass\/\" target=\"_blank\">Aluminum Profiles For Glass<\/a><\/li>\r\n<li><a href=\"https:\/\/sinoextrud.com\/product\/aluminum-window-extrusion-profiles-2\/\" target=\"_blank\">Aluminum Window Extrusion Profiles<\/a><\/li>\r\n<li><a href=\"https:\/\/sinoextrud.com\/product\/glazing-channels-extrusions\/\" target=\"_blank\">Glazing Channels Extrusions<\/a><\/li>\r\n<li><a href=\"https:\/\/sinoextrud.com\/product\/aluminum-picture-frame-extrusions\/\" target=\"_blank\">Aluminum Picture Frame Extrusions<\/a><\/li>\r\n<li><a href=\"https:\/\/sinoextrud.com\/product\/triangular-extruded-aluminum-tube\/\" target=\"_blank\">Triangular Extruded Aluminum Tube<\/a><\/li>\r\n<li><a href=\"https:\/\/sinoextrud.com\/product\/aluminium-profile\/\" target=\"_blank\">Aluminium profile<\/a><\/li>\r\n<li><a href=\"https:\/\/sinoextrud.com\/product\/linear-rail-aluminum-extrusion\/\" target=\"_blank\">Linear Rail Aluminum Extrusion<\/a><\/li>"},"feature_list":[]},"_links":{"self":[{"href":"https:\/\/sinoextrud.com\/fr\/wp-json\/wp\/v2\/product\/7757","targetHints":{"allow":["GET"]}}],"collection":[{"href":"https:\/\/sinoextrud.com\/fr\/wp-json\/wp\/v2\/product"}],"about":[{"href":"https:\/\/sinoextrud.com\/fr\/wp-json\/wp\/v2\/types\/product"}],"wp:featuredmedia":[{"embeddable":true,"href":"https:\/\/sinoextrud.com\/fr\/wp-json\/wp\/v2\/media\/7756"}],"wp:attachment":[{"href":"https:\/\/sinoextrud.com\/fr\/wp-json\/wp\/v2\/media?parent=7757"}],"wp:term":[{"taxonomy":"category","embeddable":true,"href":"https:\/\/sinoextrud.com\/fr\/wp-json\/wp\/v2\/categories?post=7757"}],"curies":[{"name":"wp","href":"https:\/\/api.w.org\/{rel}","templated":true}]}}