{"id":7755,"date":"2025-06-10T06:36:37","date_gmt":"2025-06-10T06:36:37","guid":{"rendered":"https:\/\/sinoextrud.com\/product\/aluminum-extrusions-stock-shapes\/"},"modified":"2025-06-24T06:13:36","modified_gmt":"2025-06-24T06:13:36","slug":"extrusions-daluminium-formes-en-stock","status":"publish","type":"product","link":"https:\/\/sinoextrud.com\/fr\/product\/aluminum-extrusions-stock-shapes\/","title":{"rendered":"Extrusions d'aluminium Formes en stock"},"content":{"rendered":"<h2>D\u00e9tails des produits<\/h2>\n<table class=\"custom-table\">\n<tbody>\n<tr>\n<td> <\/td>\n<td>Extrusions d'aluminium StockShapes<\/td>\n<\/tr>\n<tr>\n<td>Mat\u00e9riau<\/td>\n<td>alliage d'aluminium, 6063-T5<\/td>\n<\/tr>\n<tr>\n<td>Forme<\/td>\n<td>Carr\u00e9, rectangle, rond, plat, angle, profil\u00e9 en T, etc.<br \/>\nou selon les exigences du client.<\/td>\n<\/tr>\n<tr>\n<td>Traitement de surface<\/td>\n<td>Broyage, anodisation, rev\u00eatement par poudre, \u00e9lectrophor\u00e8se, grain de bois, bois d'\u0153uvre,<br \/>\nPVDF peint, poli, bross\u00e9, selon les besoins des clients.<\/td>\n<\/tr>\n<tr>\n<td>Couleur<\/td>\n<td>M\u00e9taux : argent, champagne, noir, blanc, miroir, personnalisation possible.<\/td>\n<\/tr>\n<tr>\n<td>Application<\/td>\n<td>Fen\u00eatres et portes, murs-rideaux, murs en verre, mobilier,<br \/>plafond, cuisine, bande LED, rail de transport, v\u00e9hicules,<br \/>\nprofil\u00e9 industriel, profil\u00e9 de d\u00e9coration, etc.<\/td>\n<\/tr>\n<tr>\n<td>DeepProcess<\/td>\n<td>CNC, per\u00e7age, fraisage, d\u00e9coupe, soudage, pliage, assemblage.<\/td>\n<\/tr>\n<tr>\n<td>Service OEM<\/td>\n<td>Disponible pour tous les profils d'albumine<\/td>\n<\/tr>\n<tr>\n<td>D\u00e9lai d'ex\u00e9cution<\/td>\n<td>25 \u00e0 30 jours de travail apr\u00e8s le paiement des dossiers volumineux<\/td>\n<\/tr>\n<\/tbody>\n<\/table>\n<h2>Notre base de production<\/h2>\n<h3>Panorama de l'usine<\/h3>\n<p><img decoding=\"async\" src=\"\/wp-content\/uploads\/factory-01.webp\"\/><\/p>\n<h3>Atelier de fabrication de barres d'aluminium<\/h3>\n<p><img decoding=\"async\" src=\"\/wp-content\/uploads\/factory-02.webp\"\/><\/p>\n<\/p>\n<p><img decoding=\"async\" src=\"\/wp-content\/uploads\/factory-03.webp\"\/><\/p>\n<h3>Entrep\u00f4t de stockage des moules<\/h3>\n<p><img decoding=\"async\" src=\"\/wp-content\/uploads\/factory-04.webp\"\/><\/p>\n<h3>43 lignes d'extrusion d'aluminium (500-5500 tonnes)<\/h3>\n<p><img decoding=\"async\" src=\"\/wp-content\/uploads\/factory-05.webp\"\/><\/p>\n<p><img decoding=\"async\" src=\"\/wp-content\/uploads\/factory-06.webp\"\/><\/p>\n<p><img decoding=\"async\" src=\"\/wp-content\/uploads\/factory-07.webp\"\/><\/p>\n<h3>Atelier de peinture en poudre<\/h3>\n<p><img decoding=\"async\" src=\"\/wp-content\/uploads\/factory-09.webp\"\/><\/p>\n<h3>Atelier d'anodisation<\/h3>\n<p><img decoding=\"async\" src=\"\/wp-content\/uploads\/factory-10.webp\"\/><\/p>\n<h3>Atelier sur le traitement en profondeur<\/h3>\n<p><img decoding=\"async\" src=\"\/wp-content\/uploads\/factory-11.webp\"\/><\/p>\n<h3>Atelier d'usinage de pr\u00e9cision CNC<\/h3>\n<p><img decoding=\"async\" src=\"\/wp-content\/uploads\/factory-11.5.webp\"\/><\/p>\n<h3>Entrep\u00f4t de produits finis et d'exportation<\/h3>\n<p><img decoding=\"async\" src=\"\/wp-content\/uploads\/factory-12.webp\"\/><\/p>\n<p><img decoding=\"async\" src=\"\/wp-content\/uploads\/factory-13.webp\"\/><\/p>\n<p><img decoding=\"async\" src=\"\/wp-content\/uploads\/factory-14.webp\"\/><\/p>\n<h2>FAQ<\/h2>\n<p><b>1.Qu'est-ce qu'une extrusion d'aluminium en forme de stock ?<\/b><\/p>\n<p>Les profil\u00e9s d'aluminium en stock sont des profil\u00e9s d'aluminium standard pr\u00e9con\u00e7us, disponibles dans des formes courantes telles que les angles, les canaux, les tubes et les barres.\n<\/p>\n<p><\/p>\n<p><b>2) Quels sont les avantages de l'utilisation des profil\u00e9s d'extrusion d'aluminium en stock ?<\/b><\/p>\n<p>Ils offrent une disponibilit\u00e9 rapide, une rentabilit\u00e9, une r\u00e9sistance \u00e0 la corrosion et une compatibilit\u00e9 avec une large gamme d'applications industrielles et structurelles.\n<\/p>\n<p><\/p>\n<p><b>3. les extrusions d'aluminium sont-elles disponibles en diff\u00e9rentes tailles ?<\/b><\/p>\n<p>Oui, nous proposons une vari\u00e9t\u00e9 de dimensions, d'\u00e9paisseurs et d'alliages pour r\u00e9pondre aux exigences de nombreux projets.\n<\/p>\n<p><\/p>\n<p><b>4. les formes en stock peuvent-elles \u00eatre utilis\u00e9es pour des applications structurelles ?<\/b><\/p>\n<p>Oui, de nombreuses formes en stock sont con\u00e7ues pour \u00eatre r\u00e9sistantes et stables, ce qui les rend adapt\u00e9es aux charpentes, aux supports et aux \u00e9l\u00e9ments porteurs.\n<\/p>\n<p><\/p>\n<p><b>5. est-il possible de r\u00e9aliser des usinages sur mesure sur les formes en stock des extrusions d'aluminium ?<\/b><\/p>\n<p>Oui, ils peuvent \u00eatre coup\u00e9s, perc\u00e9s, soud\u00e9s et finis pour r\u00e9pondre \u00e0 des besoins de fabrication sp\u00e9cifiques.\n<\/p>\n<p><\/p>\n<p><b>6. proposez-vous diff\u00e9rentes finitions de surface pour les formes en stock ?<\/b><\/p>\n<p>Oui, des finitions telles que l'usinage, l'anodisation et le rev\u00eatement par poudre sont disponibles en fonction de l'application.\n<\/p>\n<p><\/p>\n<p><b>7. les extrusions d'aluminium Stock Shapes sont-elles r\u00e9sistantes \u00e0 la corrosion ?<\/b><\/p>\n<p>En effet, la r\u00e9sistance naturelle \u00e0 la corrosion de l'aluminium permet d'utiliser ces formes en stock aussi bien \u00e0 l'int\u00e9rieur qu'\u00e0 l'ext\u00e9rieur.\n<\/p>\n<p><\/p>\n<p><b>8. o\u00f9 les extrusions d'aluminium sont-elles couramment utilis\u00e9es ?<\/b><\/p>\n<p>Ils sont utilis\u00e9s dans la construction, la fabrication, le transport, l'automatisation et les projets de bricolage en raison de leur polyvalence et de leur solidit\u00e9.\n<\/p>\n<p><\/p>","protected":false},"featured_media":7754,"template":"","categories":[67],"class_list":["post-7755","product","type-product","status-publish","has-post-thumbnail","hentry","category-architectural-aluminium-profile"],"meta_box":{"hilight_text_group":{"product_hilight_text":"<li>Wide range of standard shapes available for immediate use<\/li>\r\r\n<li>Made from high-quality aluminum for strength and corrosion resistance<\/li>\r\r\n<li>Ideal for prototyping, structural support, and general fabrication<\/li>\r\r\n<li>Cost-effective solution for quick production without custom tooling<\/li>\r\r\n<li>Precision-extruded for consistent dimensions and surface finish<\/li>\r\r\n<li>Available in various sizes, alloys, and finishes to suit different needs<\/li>\r\r\n<li>Compatible with cutting, drilling, welding, and anodizing processes<\/li>","product_chanpin_blog":"<ul>\r\r\n<li><a href=\"https:\/\/sinoextrud.com\/t-slot-v-slot-differences\/\" target=\"_blank\">t slot vs v slot<\/a><\/li>\r\r\n<li><a href=\"https:\/\/sinoextrud.com\/what-is-4040-aluminium-extrud\/\" target=\"_blank\">4040 aluminium extrusion<\/a><\/li>\r\r\n<li><a href=\"https:\/\/sinoextrud.com\/what-is-4040-aluminium-extrud\/\" target=\"_blank\">aluminum extrusions for industrial racks<\/a><\/li>\r\r\n<li><a href=\"https:\/\/sinoextrud.com\/powder-coating-aluminium-process\/\" target=\"_blank\">powder coating aluminium<\/a><\/li>\r\r\n<li><a href=\"https:\/\/sinoextrud.com\/what-is-an-aluminium-strip-ceiling\/\" target=\"_blank\">aluminium strip ceiling<\/a><\/li>\r\r\n<li><a href=\"https:\/\/sinoextrud.com\/what-is-a-heat-sink\/\" target=\"_blank\">what is a heat sink<\/a><\/li>\r\r\n<\/ul>","product_chanpin_chanpin":"<li><a href=\"https:\/\/sinoextrud.com\/product\/aluminum-cabinet-extrusions\/\" target=\"_blank\">Aluminum Cabinet Extrusions<\/a><\/li>\r\n<li><a href=\"https:\/\/sinoextrud.com\/product\/aluminum-window-blinds-profiles\/\" target=\"_blank\">Aluminum Window Blinds Profiles<\/a><\/li>\r\n<li><a href=\"https:\/\/sinoextrud.com\/product\/extruded-aluminum-door-frame\/\" target=\"_blank\">Extruded Aluminum Door Frame<\/a><\/li>\r\n<li><a href=\"https:\/\/sinoextrud.com\/product\/item-structural-aluminum-extrusions\/\" target=\"_blank\">Item Structural Aluminum Extrusions<\/a><\/li>\r\n<li><a href=\"https:\/\/sinoextrud.com\/product\/aluminum-extrusions-stock-shapes\/\" target=\"_blank\">Aluminum Extrusions Stock Shapes<\/a><\/li>\r\n<li><a href=\"https:\/\/sinoextrud.com\/product\/aluminum-profiles-for-glass\/\" target=\"_blank\">Aluminum Profiles For Glass<\/a><\/li>\r\n<li><a href=\"https:\/\/sinoextrud.com\/product\/aluminum-window-extrusion-profiles-2\/\" target=\"_blank\">Aluminum Window Extrusion Profiles<\/a><\/li>\r\n<li><a href=\"https:\/\/sinoextrud.com\/product\/glazing-channels-extrusions\/\" target=\"_blank\">Glazing Channels Extrusions<\/a><\/li>\r\n<li><a href=\"https:\/\/sinoextrud.com\/product\/aluminum-picture-frame-extrusions\/\" target=\"_blank\">Aluminum Picture Frame Extrusions<\/a><\/li>\r\n<li><a href=\"https:\/\/sinoextrud.com\/product\/aluminum-profile-for-advertising-photo-frame\/\" target=\"_blank\">Aluminum Profile For Advertising Photo Frame<\/a><\/li>\r\n<li><a href=\"https:\/\/sinoextrud.com\/product\/wardrobe-cabinet-sliding-aluminum-profile\/\" target=\"_blank\">Wardrobe Cabinet Sliding Aluminum Profile<\/a><\/li>"},"feature_list":[]},"_links":{"self":[{"href":"https:\/\/sinoextrud.com\/fr\/wp-json\/wp\/v2\/product\/7755","targetHints":{"allow":["GET"]}}],"collection":[{"href":"https:\/\/sinoextrud.com\/fr\/wp-json\/wp\/v2\/product"}],"about":[{"href":"https:\/\/sinoextrud.com\/fr\/wp-json\/wp\/v2\/types\/product"}],"wp:featuredmedia":[{"embeddable":true,"href":"https:\/\/sinoextrud.com\/fr\/wp-json\/wp\/v2\/media\/7754"}],"wp:attachment":[{"href":"https:\/\/sinoextrud.com\/fr\/wp-json\/wp\/v2\/media?parent=7755"}],"wp:term":[{"taxonomy":"category","embeddable":true,"href":"https:\/\/sinoextrud.com\/fr\/wp-json\/wp\/v2\/categories?post=7755"}],"curies":[{"name":"wp","href":"https:\/\/api.w.org\/{rel}","templated":true}]}}