{"id":7753,"date":"2025-06-10T06:26:28","date_gmt":"2025-06-10T06:26:28","guid":{"rendered":"https:\/\/sinoextrud.com\/product\/item-structural-aluminum-extrusions\/"},"modified":"2025-06-24T06:13:36","modified_gmt":"2025-06-24T06:13:36","slug":"article-extrusions-structurelles-en-aluminium","status":"publish","type":"product","link":"https:\/\/sinoextrud.com\/fr\/product\/item-structural-aluminum-extrusions\/","title":{"rendered":"Article Extrusions structurales d'aluminium"},"content":{"rendered":"<h2>D\u00e9tails des produits<\/h2>\n<table class=\"custom-table\">\n<tbody>\n<tr>\n<td> <\/td>\n<td>Article Extrusions structurales d'aluminium<\/td>\n<\/tr>\n<tr>\n<td>Mat\u00e9riau<\/td>\n<td>6063, 6061, 6463, 6005, 6082, etc.<\/td>\n<\/tr>\n<tr>\n<td>Forme<\/td>\n<td>Carr\u00e9, rond, rectangulaire et autres formes personnalis\u00e9es<\/td>\n<\/tr>\n<tr>\n<td>\u00c9paisseur<\/td>\n<td>0,7mm-10mm<\/td>\n<\/tr>\n<tr>\n<td>Taille<\/td>\n<td>Selon la demande du client<\/td>\n<\/tr>\n<tr>\n<td>Longueur<\/td>\n<td>Longueur standard 1-9M ou autre longueur personnalis\u00e9e.<\/td>\n<\/tr>\n<tr>\n<td>Applications typiques<\/td>\n<td>Cadre photo, cadre photo, cadre panneau solaire, cadre industriel \u00e0 fente en V, cadre \u00e0 fente en T, etc.<\/td>\n<\/tr>\n<tr>\n<td>Marque<\/td>\n<td>Sinoextrud, Sinoextrud ou marque OEM<\/td>\n<\/tr>\n<tr>\n<td>Processus en profondeur<\/td>\n<td>Fraisage, per\u00e7age, poin\u00e7onnage, per\u00e7age, taraudage, pliage CNC<\/td>\n<\/tr>\n<tr>\n<td>Traitement de surface<\/td>\n<td>Poli, bross\u00e9, anodis\u00e9, rev\u00eatement en poudre, grain de bois, etc.<\/td>\n<\/tr>\n<tr>\n<td>Certificats<\/td>\n<td>ISO9001, ISO4001, CQM, SGS, CE, BV, etc.<\/td>\n<\/tr>\n<tr>\n<td>Lieu d'origine<\/td>\n<td>Guangdong, Chine<\/td>\n<\/tr>\n<\/tbody>\n<\/table>\n<h2>Notre base de production<\/h2>\n<h3>Panorama de l'usine<\/h3>\n<p><img decoding=\"async\" src=\"\/wp-content\/uploads\/factory-01.webp\"\/><\/p>\n<h3>Atelier de fabrication de barres d'aluminium<\/h3>\n<p><img decoding=\"async\" src=\"\/wp-content\/uploads\/factory-02.webp\"\/><\/p>\n<p><img decoding=\"async\" src=\"\/wp-content\/uploads\/factory-03.webp\"\/><\/p>\n<h3>Entrep\u00f4t de stockage des moules<\/h3>\n<p><img decoding=\"async\" src=\"\/wp-content\/uploads\/factory-04.webp\"\/><\/p>\n<h3>43 lignes d'extrusion d'aluminium (500 \u00e0 5500 tonnes)<\/h3>\n<p><img decoding=\"async\" src=\"\/wp-content\/uploads\/factory-05.webp\"\/><\/p>\n<p><img decoding=\"async\" src=\"\/wp-content\/uploads\/factory-06.webp\"\/><\/p>\n<p><img decoding=\"async\" src=\"\/wp-content\/uploads\/factory-07.webp\"\/><\/p>\n<h3>Atelier de peinture en poudre<\/h3>\n<p><img decoding=\"async\" src=\"\/wp-content\/uploads\/factory-09.webp\"\/><\/p>\n<h3>Atelier d'anodisation<\/h3>\n<p><img decoding=\"async\" src=\"\/wp-content\/uploads\/factory-10.webp\"\/><\/p>\n<h3>Atelier sur le traitement en profondeur<\/h3>\n<p><img decoding=\"async\" src=\"\/wp-content\/uploads\/factory-11.webp\"\/><\/p>\n<h3>Atelier d'usinage de pr\u00e9cision CNC<\/h3>\n<p><img decoding=\"async\" src=\"\/wp-content\/uploads\/factory-11.5.webp\"\/><\/p>\n<h3>Entrep\u00f4t de produits finis et d'exportation<\/h3>\n<p><img decoding=\"async\" src=\"\/wp-content\/uploads\/factory-12.webp\"\/><\/p>\n<p><img decoding=\"async\" src=\"\/wp-content\/uploads\/factory-13.webp\"\/><\/p>\n<p><img decoding=\"async\" src=\"\/wp-content\/uploads\/factory-14.webp\"\/><\/p>\n<h2>FAQ<\/h2>\n<p><p><b>1) Qu'est-ce qu'une extrusion structurale en aluminium ?<\/b><\/p>\n<p>Les extrusions d'aluminium structurel Item sont des profil\u00e9s d'aluminium modulaires \u00e0 haute r\u00e9sistance con\u00e7us pour la construction de cadres, de bo\u00eetiers et d'\u00e9quipements industriels.<br \/>\n<\/p><br \/>\n<br \/>\n<p><b>2. Pourquoi utiliser des profil\u00e9s structuraux en aluminium ?<\/b><\/p>\n<p>Ils offrent un excellent rapport poids\/r\u00e9sistance, une bonne r\u00e9sistance \u00e0 la corrosion et une grande modularit\u00e9, ce qui les rend id\u00e9aux pour les applications industrielles et d'automatisation.<br \/>\n<\/p><br \/>\n<br \/>\n<p><b>3. Les extrusions d'aluminium Item peuvent-elles \u00eatre personnalis\u00e9es ?<\/b><\/p>\n<p>Oui, les profil\u00e9s structuraux en aluminium peuvent \u00eatre personnalis\u00e9s en termes de taille, de forme, d'alliage et de traitement de surface pour r\u00e9pondre aux besoins sp\u00e9cifiques d'un projet.<br \/>\n<\/p><br \/>\n<br \/>\n<p><b>4. les profil\u00e9s structuraux sont-ils faciles \u00e0 assembler ?<\/b><\/p>\n<p>Absolument, ils sont con\u00e7us pour un assemblage rapide et boulonn\u00e9 avec un minimum d'outils, ce qui r\u00e9duit le temps de travail et d'installation.<br \/>\n<\/p><br \/>\n<br \/>\n<p><b>5) Quelles sont les industries qui utilisent les extrusions d'aluminium de construction Item ?<\/b><\/p>\n<p>Ils sont largement utilis\u00e9s dans l'automatisation des usines, la construction de machines, la robotique, la logistique et la construction de salles blanches.<br \/>\n<\/p><br \/>\n<br \/>\n<p><b>6. ces extrusions sont-elles r\u00e9sistantes \u00e0 la corrosion ?<\/b><\/p>\n<p>Oui, l'aluminium offre une r\u00e9sistance naturelle \u00e0 la corrosion, souvent renforc\u00e9e par une anodisation ou un rev\u00eatement en poudre.<br \/>\n<\/p><br \/>\n<br \/>\n<p><b>7. les fournisseurs offrent-ils une assistance OEM pour les extrusions structurelles ?<\/b><\/p>\n<p>Oui, la plupart des fabricants proposent une production OEM, des profils personnalis\u00e9s et un service de commandes group\u00e9es pour les clients internationaux.<br \/>\n<\/p><br \/><\/p>","protected":false},"featured_media":7752,"template":"","categories":[67],"class_list":["post-7753","product","type-product","status-publish","has-post-thumbnail","hentry","category-architectural-aluminium-profile"],"meta_box":{"hilight_text_group":{"product_hilight_text":"<li>High-load structural strength suitable for framing and automation systems<\/li>\r\r\n<li>Modular design allows easy assembly and reconfiguration<\/li>\r\r\n<li>Corrosion-resistant aluminum ensures long service life in industrial environments<\/li>\r\r\n<li>Compatible with a wide range of connectors and accessories<\/li>\r\r\n<li>Precision extrusions guarantee dimensional consistency for high-performance use<\/li>\r\r\n<li>Customizable profiles and lengths available for OEM applications<\/li>","product_chanpin_blog":"<ul>\r\r\n<li><a href=\"https:\/\/sinoextrud.com\/t-slot-v-slot-differences\/\" target=\"_blank\">t slot vs v slot<\/a><\/li>\r\r\n<li><a href=\"https:\/\/sinoextrud.com\/what-is-4040-aluminium-extrud\/\" target=\"_blank\">4040 aluminium extrusion<\/a><\/li>\r\r\n<li><a href=\"https:\/\/sinoextrud.com\/what-is-4040-aluminium-extrud\/\" target=\"_blank\">aluminum extrusions for industrial racks<\/a><\/li>\r\r\n<li><a href=\"https:\/\/sinoextrud.com\/powder-coating-aluminium-process\/\" target=\"_blank\">powder coating aluminium<\/a><\/li>\r\r\n<li><a href=\"https:\/\/sinoextrud.com\/what-is-an-aluminium-strip-ceiling\/\" target=\"_blank\">aluminium strip ceiling<\/a><\/li>\r\r\n<li><a href=\"https:\/\/sinoextrud.com\/what-is-a-heat-sink\/\" target=\"_blank\">what is a heat sink<\/a><\/li>\r\r\n<\/ul>","product_chanpin_chanpin":"<li><a href=\"https:\/\/sinoextrud.com\/product\/h-section-aluminium-extrusion\/\" target=\"_blank\">H Section Aluminium Extrusion<\/a><\/li>\r\n<li><a href=\"https:\/\/sinoextrud.com\/product\/aluminum-cabinet-extrusions\/\" target=\"_blank\">Aluminum Cabinet Extrusions<\/a><\/li>\r\n<li><a href=\"https:\/\/sinoextrud.com\/product\/aluminum-window-blinds-profiles\/\" target=\"_blank\">Aluminum Window Blinds Profiles<\/a><\/li>\r\n<li><a href=\"https:\/\/sinoextrud.com\/product\/extruded-aluminum-door-frame\/\" target=\"_blank\">Extruded Aluminum Door Frame<\/a><\/li>\r\n<li><a href=\"https:\/\/sinoextrud.com\/product\/item-structural-aluminum-extrusions\/\" target=\"_blank\">Item Structural Aluminum Extrusions<\/a><\/li>\r\n<li><a href=\"https:\/\/sinoextrud.com\/product\/aluminum-extrusions-stock-shapes\/\" target=\"_blank\">Aluminum Extrusions Stock Shapes<\/a><\/li>\r\n<li><a href=\"https:\/\/sinoextrud.com\/product\/aluminum-profiles-for-glass\/\" target=\"_blank\">Aluminum Profiles For Glass<\/a><\/li>\r\n<li><a href=\"https:\/\/sinoextrud.com\/product\/aluminum-window-extrusion-profiles-2\/\" target=\"_blank\">Aluminum Window Extrusion Profiles<\/a><\/li>\r\n<li><a href=\"https:\/\/sinoextrud.com\/product\/glazing-channels-extrusions\/\" target=\"_blank\">Glazing Channels Extrusions<\/a><\/li>\r\n<li><a href=\"https:\/\/sinoextrud.com\/product\/aluminium-extrusion-profile\/\" target=\"_blank\">Aluminium Extrusion Profile<\/a><\/li>\r\n<li><a href=\"https:\/\/sinoextrud.com\/product\/6063-t5-oem-aluminum-profile-conner-angle-for-window-and-door-or-led-light-display-2\/\" target=\"_blank\">6063 T5  OEM  aluminum  profile  conner angle for window and door or led light display<\/a><\/li>"},"feature_list":[]},"_links":{"self":[{"href":"https:\/\/sinoextrud.com\/fr\/wp-json\/wp\/v2\/product\/7753","targetHints":{"allow":["GET"]}}],"collection":[{"href":"https:\/\/sinoextrud.com\/fr\/wp-json\/wp\/v2\/product"}],"about":[{"href":"https:\/\/sinoextrud.com\/fr\/wp-json\/wp\/v2\/types\/product"}],"wp:featuredmedia":[{"embeddable":true,"href":"https:\/\/sinoextrud.com\/fr\/wp-json\/wp\/v2\/media\/7752"}],"wp:attachment":[{"href":"https:\/\/sinoextrud.com\/fr\/wp-json\/wp\/v2\/media?parent=7753"}],"wp:term":[{"taxonomy":"category","embeddable":true,"href":"https:\/\/sinoextrud.com\/fr\/wp-json\/wp\/v2\/categories?post=7753"}],"curies":[{"name":"wp","href":"https:\/\/api.w.org\/{rel}","templated":true}]}}