{"id":7751,"date":"2025-06-10T06:25:25","date_gmt":"2025-06-10T06:25:25","guid":{"rendered":"https:\/\/sinoextrud.com\/product\/extruded-aluminum-door-frame\/"},"modified":"2025-06-24T06:13:35","modified_gmt":"2025-06-24T06:13:35","slug":"cadre-de-porte-en-aluminium-extrude","status":"publish","type":"product","link":"https:\/\/sinoextrud.com\/fr\/product\/extruded-aluminum-door-frame\/","title":{"rendered":"Cadre de porte en aluminium extrud\u00e9"},"content":{"rendered":"<h2>D\u00e9tails des produits<\/h2>\n<table class=\"custom-table\">\n<tbody>\n<tr>\n<td> Nom du produit<\/td>\n<td> Cadre de porte en aluminium extrud\u00e9<\/td>\n<\/tr>\n<tr>\n<td> Mat\u00e9riau<\/td>\n<td> Alliage d'aluminium de norme nationale 6063-T5<\/td>\n<\/tr>\n<tr>\n<td> Taille<\/td>\n<td> Selon la demande du client<\/td>\n<\/tr>\n<tr>\n<td> Applications typiques<\/td>\n<td> Fen\u00eatres et portes<\/td>\n<\/tr>\n<tr>\n<td> Marque<\/td>\n<td> Sinoextrud, Sinoextrud ou marque OEM<\/td>\n<\/tr>\n<tr>\n<td> Processus CNC<\/td>\n<td> Fraisage, per\u00e7age, poin\u00e7onnage, per\u00e7age, taraudage, pliage CNC<\/td>\n<\/tr>\n<tr>\n<td> Traitement de surface<\/td>\n<td> Finition en usine, anodisation, rev\u00eatement en poudre, grain de bois, etc.<\/td>\n<\/tr>\n<tr>\n<td> Certificats<\/td>\n<td> ISO9001, ISO4001, CQM, SGS, CE, BV, etc.<\/td>\n<\/tr>\n<tr>\n<td> Lieu d'origine<\/td>\n<td> Guangdong, Chine<\/td>\n<\/tr>\n<\/tbody>\n<\/table>\n<h2>Notre base de production<\/h2>\n<h3>Panorama de l'usine<\/h3>\n<p><img decoding=\"async\" src=\"\/wp-content\/uploads\/factory-01.webp\"\/><\/p>\n<h3>Atelier de fabrication de barres d'aluminium<\/h3>\n<p><img decoding=\"async\" src=\"\/wp-content\/uploads\/factory-02.webp\"\/><\/p>\n<p><img decoding=\"async\" src=\"\/wp-content\/uploads\/factory-03.webp\"\/><\/p>\n<h3>Entrep\u00f4t de stockage des moules<\/h3>\n<p><img decoding=\"async\" src=\"\/wp-content\/uploads\/factory-04.webp\"\/><\/p>\n<h3>43 lignes d'extrusion d'aluminium (500-5500 tonnes)<\/h3>\n<p><img decoding=\"async\" src=\"\/wp-content\/uploads\/factory-05.webp\"\/><\/p>\n<p><img decoding=\"async\" src=\"\/wp-content\/uploads\/factory-06.webp\"\/><\/p>\n<p><img decoding=\"async\" src=\"\/wp-content\/uploads\/factory-07.webp\"\/><\/p>\n<h3>Atelier de peinture en poudre<\/h3>\n<p><img decoding=\"async\" src=\"\/wp-content\/uploads\/factory-09.webp\"\/><\/p>\n<h3>Atelier d'anodisation<\/h3>\n<p><img decoding=\"async\" src=\"\/wp-content\/uploads\/factory-10.webp\"\/><\/p>\n<h3>Atelier sur le traitement en profondeur<\/h3>\n<p><img decoding=\"async\" src=\"\/wp-content\/uploads\/factory-11.webp\"\/><\/p>\n<h3>Atelier d'usinage de pr\u00e9cision CNC<\/h3>\n<p><img decoding=\"async\" src=\"\/wp-content\/uploads\/factory-11.5.webp\"\/><\/p>\n<h3>Entrep\u00f4t de produits finis et d'exportation<\/h3>\n<p><img decoding=\"async\" src=\"\/wp-content\/uploads\/factory-12.webp\"\/><\/p>\n<p><img decoding=\"async\" src=\"\/wp-content\/uploads\/factory-13.webp\"\/><\/p>\n<p><img decoding=\"async\" src=\"\/wp-content\/uploads\/factory-14.webp\"\/><\/p>\n<h2>FAQ<\/h2>\n<p><p><b>1) Qu'est-ce qu'un cadre de porte en aluminium extrud\u00e9 ?<\/b><\/p>\n<p>Un cadre de porte en aluminium extrud\u00e9 est un profil\u00e9 durable et l\u00e9ger fabriqu\u00e9 par extrusion, con\u00e7u pour accueillir et soutenir diff\u00e9rents types de portes.<br \/>\n<\/p><br \/>\n<br \/>\n<p><b>2. quels sont les avantages de l'utilisation de cadres de porte en aluminium ?<\/b><\/p>\n<p>Les cadres de porte en aluminium offrent une grande solidit\u00e9, une r\u00e9sistance \u00e0 la corrosion et une apparence moderne et \u00e9l\u00e9gante, ce qui les rend id\u00e9aux pour une utilisation commerciale et r\u00e9sidentielle.<br \/>\n<\/p><br \/>\n<br \/>\n<p><b>3. le cadre de porte en aluminium peut-il \u00eatre personnalis\u00e9 ?<\/b><\/p>\n<p>Oui, il peut \u00eatre personnalis\u00e9 en termes de dimensions, de finitions et de configurations pour r\u00e9pondre aux sp\u00e9cifications des OEM et aux exigences architecturales.<br \/>\n<\/p><br \/>\n<br \/>\n<p><b>4. un cadre en aluminium extrud\u00e9 est-il adapt\u00e9 aux portes ext\u00e9rieures ?<\/b><\/p>\n<p>La r\u00e9sistance naturelle de l'aluminium \u00e0 la corrosion et sa finition anodis\u00e9e ou thermolaqu\u00e9e en option en font un mat\u00e9riau id\u00e9al pour les installations ext\u00e9rieures.<br \/>\n<\/p><br \/>\n<br \/>\n<p><b>5. ces cadres de porte sont-ils faciles \u00e0 installer ?<\/b><\/p>\n<p>En effet, leur construction l\u00e9g\u00e8re et leur fabrication de pr\u00e9cision permettent une installation rapide et efficace, ce qui permet d'\u00e9conomiser du temps et de la main d'\u0153uvre.<br \/>\n<\/p><br \/>\n<br \/>\n<p><b>6. Quelles sont les finitions disponibles pour les cadres de porte en aluminium extrud\u00e9 ?<\/b><\/p>\n<p>Les options courantes comprennent les finitions anodis\u00e9es, poudr\u00e9es, bross\u00e9es et grain de bois pour une polyvalence esth\u00e9tique et fonctionnelle.<br \/>\n<\/p><br \/>\n<br \/>\n<p><b>7. les fabricants prennent-ils en charge la production en vrac et la production OEM ?<\/b><\/p>\n<p>Oui, la plupart des fournisseurs proposent des services OEM et une production en masse pour r\u00e9pondre aux demandes de construction ou d'exportation \u00e0 grande \u00e9chelle.<br \/>\n<\/p><br \/><\/p>","protected":false},"featured_media":7750,"template":"","categories":[67],"class_list":["post-7751","product","type-product","status-publish","has-post-thumbnail","hentry","category-architectural-aluminium-profile"],"meta_box":{"hilight_text_group":{"product_hilight_text":"<li>High-strength extruded aluminum ensures long-lasting structural durability<\/li>\r\r\n<li>Lightweight yet sturdy frame simplifies installation and handling<\/li>\r\r\n<li>Corrosion-resistant surface ideal for indoor and outdoor environments<\/li>\r\r\n<li>Compatible with a variety of door systems including sliding and hinged types<\/li>\r\r\n<li>Available in custom sizes, finishes, and colors for OEM and project needs<\/li>\r\r\n<li>Modern, sleek design enhances aesthetics in commercial and residential spaces<\/li>","product_chanpin_blog":"<ul>\r\r\n<li><a href=\"https:\/\/sinoextrud.com\/t-slot-v-slot-differences\/\" target=\"_blank\">t slot vs v slot<\/a><\/li>\r\r\n<li><a href=\"https:\/\/sinoextrud.com\/what-is-4040-aluminium-extrud\/\" target=\"_blank\">4040 aluminium extrusion<\/a><\/li>\r\r\n<li><a href=\"https:\/\/sinoextrud.com\/what-is-4040-aluminium-extrud\/\" target=\"_blank\">aluminum extrusions for industrial racks<\/a><\/li>\r\r\n<li><a href=\"https:\/\/sinoextrud.com\/powder-coating-aluminium-process\/\" target=\"_blank\">powder coating aluminium<\/a><\/li>\r\r\n<li><a href=\"https:\/\/sinoextrud.com\/what-is-an-aluminium-strip-ceiling\/\" target=\"_blank\">aluminium strip ceiling<\/a><\/li>\r\r\n<li><a href=\"https:\/\/sinoextrud.com\/what-is-a-heat-sink\/\" target=\"_blank\">what is a heat sink<\/a><\/li>\r\r\n<\/ul>","product_chanpin_chanpin":"<li><a href=\"https:\/\/sinoextrud.com\/product\/extruded-aluminium-curtain-rails-profile-prices\/\" target=\"_blank\">Extruded Aluminium Curtain Rails Profile Prices<\/a><\/li>\r\n<li><a href=\"https:\/\/sinoextrud.com\/product\/h-section-aluminium-extrusion\/\" target=\"_blank\">H Section Aluminium Extrusion<\/a><\/li>\r\n<li><a href=\"https:\/\/sinoextrud.com\/product\/aluminum-cabinet-extrusions\/\" target=\"_blank\">Aluminum Cabinet Extrusions<\/a><\/li>\r\n<li><a href=\"https:\/\/sinoextrud.com\/product\/aluminum-window-blinds-profiles\/\" target=\"_blank\">Aluminum Window Blinds Profiles<\/a><\/li>\r\n<li><a href=\"https:\/\/sinoextrud.com\/product\/extruded-aluminum-door-frame\/\" target=\"_blank\">Extruded Aluminum Door Frame<\/a><\/li>\r\n<li><a href=\"https:\/\/sinoextrud.com\/product\/item-structural-aluminum-extrusions\/\" target=\"_blank\">Item Structural Aluminum Extrusions<\/a><\/li>\r\n<li><a href=\"https:\/\/sinoextrud.com\/product\/aluminum-extrusions-stock-shapes\/\" target=\"_blank\">Aluminum Extrusions Stock Shapes<\/a><\/li>\r\n<li><a href=\"https:\/\/sinoextrud.com\/product\/aluminum-profiles-for-glass\/\" target=\"_blank\">Aluminum Profiles For Glass<\/a><\/li>\r\n<li><a href=\"https:\/\/sinoextrud.com\/product\/aluminum-window-extrusion-profiles-2\/\" target=\"_blank\">Aluminum Window Extrusion Profiles<\/a><\/li>\r\n<li><a href=\"https:\/\/sinoextrud.com\/product\/diamond-type-ceiling-system\/\" target=\"_blank\">Diamond Type Ceiling System (Diamond plate Ceiling Tiles)<\/a><\/li>\r\n<li><a href=\"https:\/\/sinoextrud.com\/product\/anodized-aluminum-frame-extrusion-for-picture-price-per-pound\/\" target=\"_blank\">anodized aluminum frame extrusion for picture price per pound<\/a><\/li>"},"feature_list":[]},"_links":{"self":[{"href":"https:\/\/sinoextrud.com\/fr\/wp-json\/wp\/v2\/product\/7751","targetHints":{"allow":["GET"]}}],"collection":[{"href":"https:\/\/sinoextrud.com\/fr\/wp-json\/wp\/v2\/product"}],"about":[{"href":"https:\/\/sinoextrud.com\/fr\/wp-json\/wp\/v2\/types\/product"}],"wp:featuredmedia":[{"embeddable":true,"href":"https:\/\/sinoextrud.com\/fr\/wp-json\/wp\/v2\/media\/7750"}],"wp:attachment":[{"href":"https:\/\/sinoextrud.com\/fr\/wp-json\/wp\/v2\/media?parent=7751"}],"wp:term":[{"taxonomy":"category","embeddable":true,"href":"https:\/\/sinoextrud.com\/fr\/wp-json\/wp\/v2\/categories?post=7751"}],"curies":[{"name":"wp","href":"https:\/\/api.w.org\/{rel}","templated":true}]}}