{"id":7743,"date":"2025-06-10T06:14:05","date_gmt":"2025-06-10T06:14:05","guid":{"rendered":"https:\/\/sinoextrud.com\/product\/extruded-aluminium-curtain-rails-profile-prices\/"},"modified":"2025-06-24T06:13:34","modified_gmt":"2025-06-24T06:13:34","slug":"prix-des-profils-de-rails-a-rideaux-en-aluminium-extrude","status":"publish","type":"product","link":"https:\/\/sinoextrud.com\/fr\/product\/extruded-aluminium-curtain-rails-profile-prices\/","title":{"rendered":"Rails rideaux en aluminium extrud\u00e9 Prix des profils"},"content":{"rendered":"<h2>D\u00e9tails des produits<\/h2>\n<table class=\"custom-table\">\n<tr>\n<td class=\"label\">Article :<\/td>\n<td>Rails rideaux en aluminium extrud\u00e9 Prix des profils<\/td>\n<\/tr>\n<tr>\n<td class=\"label\">Mat\u00e9riau :<\/td>\n<td>100% profil\u00e9 aluminium alliage :6063-T5,6061-T6,6463-T5,7075-T6,6082,5052,2024,7005,6013,7020 etc.<\/td>\n<\/tr>\n<tr>\n<td class=\"label\">Marque :<\/td>\n<td>Sinoextrud Aluminium\/Profil\u00e9s en aluminium Sinoextrud Aluminium <\/td>\n<\/tr>\n<tr>\n<td class=\"label\">Taille :<\/td>\n<td>1m-9m ou taille personnalis\u00e9e<\/td>\n<\/tr>\n<tr>\n<td class=\"label\">Application<\/td>\n<td>Meubles, fen\u00eatres et portes, d\u00e9corations, industrie, construction, etc.<\/td>\n<\/tr>\n<tr>\n<td class=\"label\">Couleurs :<\/td>\n<td>Anodis\u00e9, grain de bois, rev\u00eatement par poudre, anodis\u00e9 poli et bross\u00e9, \u00e9lectrophor\u00e8se, rev\u00eatement par poudre au flurocarbone, etc.<\/td>\n<\/tr>\n<tr>\n<td class=\"label\">MOQ :<\/td>\n<td>200KG pour chaque profil<\/td>\n<\/tr>\n<tr>\n<td class=\"label\">Service OEM<\/td>\n<td>sur la base de dessins ou d'\u00e9chantillons con\u00e7us par le client<\/td>\n<\/tr>\n<tr>\n<td class=\"label\">Certification disponible<\/td>\n<td>ISO:9001, SONCAP, certificat BV ou certificat du client disponible<\/td>\n<\/tr>\n<tr>\n<td class=\"label\">D\u00e9tails de l'emballage<\/td>\n<td>(1) A l'int\u00e9rieur : emball\u00e9 avec un film plastique de protection pour prot\u00e9ger chaque profil.<br \/>\n(2) Ext\u00e9rieur : emball\u00e9 avec du papier artisanal imperm\u00e9able.<\/td>\n<\/tr>\n<tr>\n<td class=\"label\">D\u00e9lai de livraison :<\/td>\n<td>(1) D\u00e9veloppement de l'outil et test de l'\u00e9chantillon : 12-18 jours.<br \/>\n(2) D\u00e9lai de production : 25-30 jours apr\u00e8s confirmation de l'\u00e9chantillon par l'acheteur.<\/td>\n<\/tr>\n<tr>\n<td class=\"label\">Conditions de paiement :<\/td>\n<td>T\/T, 30% acompte et le solde avant la livraison.<\/td>\n<\/tr>\n<tr>\n<td class=\"label\">D\u00e9lai de r\u00e8glement :<\/td>\n<td>Le paiement final est bas\u00e9 sur la pes\u00e9e physique r\u00e9elle finale.<\/td>\n<\/tr>\n<tr>\n<td class=\"label\">Capacit\u00e9 de production :<\/td>\n<td>Plus de 15 000 tonalit\u00e9s par mois.<\/td>\n<\/tr>\n<tr>\n<td class=\"label\">Garantie de production<\/td>\n<td>La couleur de la surface peut \u00eatre maintenue pendant 10 \u00e0 20 ans pour une utilisation \u00e0 l'int\u00e9rieur.<\/td>\n<\/tr>\n<tr>\n<td class=\"label\">Port :<\/td>\n<td>FOB Shenzhen, Guangzhou, Foshan<\/td>\n<\/tr>\n<\/table>\n<h2>Notre base de production<\/h2>\n<h3>Panorama de l'usine<\/h3>\n<p><img decoding=\"async\" src=\"\/wp-content\/uploads\/factory-01.webp\"\/><\/p>\n<h3>Atelier de fabrication de barres d'aluminium<\/h3>\n<p><img decoding=\"async\" src=\"\/wp-content\/uploads\/factory-02.webp\"\/><\/p>\n<\/p>\n<p><img decoding=\"async\" src=\"\/wp-content\/uploads\/factory-03.webp\"\/><\/p>\n<h3>Entrep\u00f4t de stockage des moules<\/h3>\n<p><img decoding=\"async\" src=\"\/wp-content\/uploads\/factory-04.webp\"\/><\/p>\n<h3>43 lignes d'extrusion d'aluminium (500 \u00e0 5500 tonnes)<\/h3>\n<p><img decoding=\"async\" src=\"\/wp-content\/uploads\/factory-05.webp\"\/><\/p>\n<p><img decoding=\"async\" src=\"\/wp-content\/uploads\/factory-06.webp\"\/><\/p>\n<p><img decoding=\"async\" src=\"\/wp-content\/uploads\/factory-07.webp\"\/><\/p>\n<h3>Atelier de peinture en poudre<\/h3>\n<p><img decoding=\"async\" src=\"\/wp-content\/uploads\/factory-09.webp\"\/><\/p>\n<h3>Atelier d'anodisation<\/h3>\n<p><img decoding=\"async\" src=\"\/wp-content\/uploads\/factory-10.webp\"\/><\/p>\n<h3>Atelier sur le traitement en profondeur<\/h3>\n<p><img decoding=\"async\" src=\"\/wp-content\/uploads\/factory-11.webp\"\/><\/p>\n<h3>Atelier d'usinage de pr\u00e9cision CNC<\/h3>\n<p><img decoding=\"async\" src=\"\/wp-content\/uploads\/factory-11.5.webp\"\/><\/p>\n<h3>Entrep\u00f4t de produits finis et d'exportation<\/h3>\n<p><img decoding=\"async\" src=\"\/wp-content\/uploads\/factory-12.webp\"\/><\/p>\n<p><img decoding=\"async\" src=\"\/wp-content\/uploads\/factory-13.webp\"\/><\/p>\n<p><img decoding=\"async\" src=\"\/wp-content\/uploads\/factory-14.webp\"\/><\/p>\n<h2>FAQ<\/h2>\n<p><b>1) Qu'est-ce qu'un profil\u00e9 de rails \u00e0 rideaux en aluminium extrud\u00e9 ?<\/b><\/p>\n<p>Il s'agit d'une extrusion d'aluminium con\u00e7ue pour soutenir et guider le mouvement des rideaux, largement utilis\u00e9e dans les traitements de fen\u00eatres r\u00e9sidentielles et commerciales.\n<\/p>\n<p><\/p>\n<p><b>2) Pourquoi choisir l'aluminium extrud\u00e9 pour les rails \u00e0 rideaux ?<\/b><\/p>\n<p>L'aluminium extrud\u00e9 est l\u00e9ger, durable, r\u00e9sistant \u00e0 la corrosion et permet un coulissement en douceur pour une fonctionnalit\u00e9 durable du rideau.\n<\/p>\n<p><\/p>\n<p><b>3. les rails de rideaux en aluminium sont-ils personnalisables ?<\/b><\/p>\n<p>Oui, ils peuvent \u00eatre personnalis\u00e9s en termes de longueur, de forme de profil, de couleur et de style de montage pour s'adapter \u00e0 diverses applications et \u00e0 l'esth\u00e9tique.\n<\/p>\n<p><\/p>\n<p><b>4) Quel est le co\u00fbt des profil\u00e9s en aluminium pour les rails-rideaux ?<\/b><\/p>\n<p>Les prix varient en fonction de la taille, de la finition et de la quantit\u00e9 command\u00e9e, mais le fait d'acheter directement aupr\u00e8s des fabricants garantit des prix comp\u00e9titifs et rentables.\n<\/p>\n<p><\/p>\n<p><b>5. les rails de rideaux en aluminium extrud\u00e9 sont-ils faciles \u00e0 installer ?<\/b><\/p>\n<p>Absolument, ils sont con\u00e7us pour une installation rapide et s\u00fbre \u00e0 l'aide de supports de montage et de mat\u00e9riel standard.\n<\/p>\n<p><\/p>\n<p><b>6. les rails en aluminium s'adaptent-ils \u00e0 tous les types de rideaux ?<\/b><\/p>\n<p>Oui, ils sont compatibles avec diff\u00e9rents types de crochets, d'enrouleurs et de syst\u00e8mes de rails pour rideaux, offrant ainsi une grande souplesse de conception.\n<\/p>\n<p><\/p>\n<p><b>7) Quelles sont les finitions disponibles pour les profil\u00e9s des rails \u00e0 rideaux en aluminium ?<\/b><\/p>\n<p>Les finitions les plus courantes sont l'anodisation, le rev\u00eatement par poudre, le brossage et le polissage, qui assurent \u00e0 la fois l'attrait visuel et la protection de la surface.\n<\/p>\n<p><\/p>","protected":false},"featured_media":7742,"template":"","categories":[67],"class_list":["post-7743","product","type-product","status-publish","has-post-thumbnail","hentry","category-architectural-aluminium-profile"],"meta_box":{"hilight_text_group":{"product_hilight_text":"<li>High-quality extruded aluminum ensures smooth and durable curtain rail operation<\/li>\r\r\n<li>Lightweight and rust-resistant for long-term indoor use<\/li>\r\r\n<li>Custom lengths, finishes, and shapes available to match interior designs<\/li>\r\r\n<li>Easy to install and compatible with various curtain systems<\/li>\r\r\n<li>Cost-effective pricing directly from the manufacturer<\/li>\r\r\n<li>Suitable for residential, commercial, and hotel curtain installations<\/li>","product_chanpin_blog":"<ul>\r\r\n<li><a href=\"https:\/\/sinoextrud.com\/t-slot-v-slot-differences\/\" target=\"_blank\">t slot vs v slot<\/a><\/li>\r\r\n<li><a href=\"https:\/\/sinoextrud.com\/what-is-4040-aluminium-extrud\/\" target=\"_blank\">4040 aluminium extrusion<\/a><\/li>\r\r\n<li><a href=\"https:\/\/sinoextrud.com\/what-is-4040-aluminium-extrud\/\" target=\"_blank\">aluminum extrusions for industrial racks<\/a><\/li>\r\r\n<li><a href=\"https:\/\/sinoextrud.com\/powder-coating-aluminium-process\/\" target=\"_blank\">powder coating aluminium<\/a><\/li>\r\r\n<li><a href=\"https:\/\/sinoextrud.com\/what-is-an-aluminium-strip-ceiling\/\" target=\"_blank\">aluminium strip ceiling<\/a><\/li>\r\r\n<li><a href=\"https:\/\/sinoextrud.com\/what-is-a-heat-sink\/\" target=\"_blank\">what is a heat sink<\/a><\/li>\r\r\n<\/ul>","product_chanpin_chanpin":"<li><a href=\"https:\/\/sinoextrud.com\/product\/aluminium-sliding-casement-window-profile\/\" target=\"_blank\">Aluminium Sliding Casement Window Profile<\/a><\/li>\r\n<li><a href=\"https:\/\/sinoextrud.com\/product\/industrial-aluminium-doors\/\" target=\"_blank\">Industrial Aluminium Doors<\/a><\/li>\r\n<li><a href=\"https:\/\/sinoextrud.com\/product\/double-angle-aluminium-extrusion\/\" target=\"_blank\">Double Angle Aluminium Extrusion<\/a><\/li>\r\n<li><a href=\"https:\/\/sinoextrud.com\/product\/aluminium-sections-for-doors-and-windows\/\" target=\"_blank\">Aluminium Sections For Doors And Windows<\/a><\/li>\r\n<li><a href=\"https:\/\/sinoextrud.com\/product\/extruded-aluminium-curtain-rails-profile-prices\/\" target=\"_blank\">Extruded Aluminium Curtain Rails Profile Prices<\/a><\/li>\r\n<li><a href=\"https:\/\/sinoextrud.com\/product\/h-section-aluminium-extrusion\/\" target=\"_blank\">H Section Aluminium Extrusion<\/a><\/li>\r\n<li><a href=\"https:\/\/sinoextrud.com\/product\/aluminum-cabinet-extrusions\/\" target=\"_blank\">Aluminum Cabinet Extrusions<\/a><\/li>\r\n<li><a href=\"https:\/\/sinoextrud.com\/product\/aluminum-window-blinds-profiles\/\" target=\"_blank\">Aluminum Window Blinds Profiles<\/a><\/li>\r\n<li><a href=\"https:\/\/sinoextrud.com\/product\/extruded-aluminum-door-frame\/\" target=\"_blank\">Extruded Aluminum Door Frame<\/a><\/li>\r\n<li><a href=\"https:\/\/sinoextrud.com\/product\/aluminium-profile-10x10\/\" target=\"_blank\">Aluminium Profile 10\u00c3\u201410<\/a><\/li>\r\n<li><a href=\"https:\/\/sinoextrud.com\/product\/aluminum-extrusion-housing\/\" target=\"_blank\">Aluminum Extrusion Housing<\/a><\/li>"},"feature_list":[]},"_links":{"self":[{"href":"https:\/\/sinoextrud.com\/fr\/wp-json\/wp\/v2\/product\/7743","targetHints":{"allow":["GET"]}}],"collection":[{"href":"https:\/\/sinoextrud.com\/fr\/wp-json\/wp\/v2\/product"}],"about":[{"href":"https:\/\/sinoextrud.com\/fr\/wp-json\/wp\/v2\/types\/product"}],"wp:featuredmedia":[{"embeddable":true,"href":"https:\/\/sinoextrud.com\/fr\/wp-json\/wp\/v2\/media\/7742"}],"wp:attachment":[{"href":"https:\/\/sinoextrud.com\/fr\/wp-json\/wp\/v2\/media?parent=7743"}],"wp:term":[{"taxonomy":"category","embeddable":true,"href":"https:\/\/sinoextrud.com\/fr\/wp-json\/wp\/v2\/categories?post=7743"}],"curies":[{"name":"wp","href":"https:\/\/api.w.org\/{rel}","templated":true}]}}