{"id":7741,"date":"2025-06-10T06:12:19","date_gmt":"2025-06-10T06:12:19","guid":{"rendered":"https:\/\/sinoextrud.com\/product\/aluminium-sections-for-doors-and-windows\/"},"modified":"2025-06-24T06:13:33","modified_gmt":"2025-06-24T06:13:33","slug":"profiles-en-aluminium-pour-portes-et-fenetres","status":"publish","type":"product","link":"https:\/\/sinoextrud.com\/fr\/product\/aluminium-sections-for-doors-and-windows\/","title":{"rendered":"Profil\u00e9s en aluminium pour portes et fen\u00eatres"},"content":{"rendered":"<h2>D\u00e9tails des produits<\/h2>\n<table class=\"custom-table\">\n<tr>\n<td class=\"label\">Forme courante de la bande isolante :<\/td>\n<td> Y\/I\/C\/T\/Customized <\/td>\n<\/tr>\n<tr>\n<td class=\"label\">Bande isolante PA :<\/td>\n<td>    &gt;=126N\/mm<\/td>\n<\/tr>\n<tr>\n<td class=\"label\">Bande isolante en PVC :<\/td>\n<td> Environ 70N\/mm<\/p>\n<p>Temp\u00e9rature de d\u00e9viation de la chaleur<\/td>\n<\/tr>\n<tr>\n<td class=\"label\">Bande isolante PA :<\/td>\n<td>   240oC<\/td>\n<\/tr>\n<tr>\n<td class=\"label\">Bande isolante en PVC :<\/td>\n<td>   90oC<\/td>\n<\/tr>\n<\/table>\n<h2>Notre base de production<\/h2>\n<h3>Panorama de l'usine<\/h3>\n<p><img decoding=\"async\" src=\"\/wp-content\/uploads\/factory-01.webp\"\/><\/p>\n<h3>Atelier de fabrication de barres d'aluminium<\/h3>\n<p><img decoding=\"async\" src=\"\/wp-content\/uploads\/factory-02.webp\"\/><\/p>\n<p><img decoding=\"async\" src=\"\/wp-content\/uploads\/factory-03.webp\"\/><\/p>\n<h3>Entrep\u00f4t de stockage des moules<\/h3>\n<p><img decoding=\"async\" src=\"\/wp-content\/uploads\/factory-04.webp\"\/><\/p>\n<h3>43 lignes d'extrusion d'aluminium (500 \u00e0 5500 tonnes)<\/h3>\n<p><img decoding=\"async\" src=\"\/wp-content\/uploads\/factory-05.webp\"\/><\/p>\n<p><img decoding=\"async\" src=\"\/wp-content\/uploads\/factory-06.webp\"\/><\/p>\n<p><img decoding=\"async\" src=\"\/wp-content\/uploads\/factory-07.webp\"\/><\/p>\n<h3>Atelier de peinture en poudre<\/h3>\n<p><img decoding=\"async\" src=\"\/wp-content\/uploads\/factory-09.webp\"\/><\/p>\n<h3>Atelier d'anodisation<\/h3>\n<p><img decoding=\"async\" src=\"\/wp-content\/uploads\/factory-10.webp\"\/><\/p>\n<h3>Atelier sur le traitement en profondeur<\/h3>\n<p><img decoding=\"async\" src=\"\/wp-content\/uploads\/factory-11.webp\"\/><\/p>\n<h3>Atelier d'usinage de pr\u00e9cision CNC<\/h3>\n<p><img decoding=\"async\" src=\"\/wp-content\/uploads\/factory-11.5.webp\"\/><\/p>\n<h3>Entrep\u00f4t de produits finis et d'exportation<\/h3>\n<p><img decoding=\"async\" src=\"\/wp-content\/uploads\/factory-12.webp\"\/><\/p>\n<p><img decoding=\"async\" src=\"\/wp-content\/uploads\/factory-13.webp\"\/><\/p>\n<p><img decoding=\"async\" src=\"\/wp-content\/uploads\/factory-14.webp\"\/><\/p>\n<h2>FAQ<\/h2>\n<p><p><b>1) Que sont les profil\u00e9s en aluminium pour portes et fen\u00eatres ?<\/b><\/p>\n<p>Les profil\u00e9s en aluminium pour portes et fen\u00eatres sont des profil\u00e9s sp\u00e9cialis\u00e9s con\u00e7us pour encadrer et soutenir les syst\u00e8mes de portes et de fen\u00eatres de mani\u00e8re durable et esth\u00e9tique.<br \/>\n<\/p><br \/>\n<br \/>\n<p><b>2. les profil\u00e9s en aluminium sont-ils durables pour une utilisation \u00e0 long terme dans les portes et les fen\u00eatres ?<\/b><\/p>\n<p>Oui, les profil\u00e9s en aluminium pour portes et fen\u00eatres offrent une excellente durabilit\u00e9, une r\u00e9sistance \u00e0 la corrosion et une protection contre les intemp\u00e9ries pour une performance \u00e0 long terme.<br \/>\n<\/p><br \/>\n<br \/>\n<p><b>3) Les profil\u00e9s en aluminium pour portes et fen\u00eatres peuvent-ils am\u00e9liorer l'efficacit\u00e9 \u00e9nerg\u00e9tique ?<\/b><\/p>\n<p>En effet, lorsqu'elles sont con\u00e7ues avec la technologie de la rupture thermique, ces sections contribuent \u00e0 r\u00e9duire le transfert de chaleur, am\u00e9liorant ainsi l'efficacit\u00e9 \u00e9nerg\u00e9tique des b\u00e2timents.<br \/>\n<\/p><br \/>\n<br \/>\n<p><b>4. les profil\u00e9s en aluminium existent-ils en diff\u00e9rents styles et finitions ?<\/b><\/p>\n<p>Oui, les profil\u00e9s en aluminium pour portes et fen\u00eatres sont disponibles dans diff\u00e9rents styles, avec des finitions anodis\u00e9es ou peintes par poudrage, et dans de multiples couleurs pour s'adapter \u00e0 diff\u00e9rents designs.<br \/>\n<\/p><br \/>\n<br \/>\n<p><b>5. Ces profil\u00e9s en aluminium conviennent-ils \u00e0 un usage r\u00e9sidentiel et commercial ?<\/b><\/p>\n<p>Absolument, les profil\u00e9s en aluminium pour portes et fen\u00eatres sont largement utilis\u00e9s dans les projets de construction r\u00e9sidentiels et commerciaux en raison de leur r\u00e9sistance et de leur polyvalence.<br \/>\n<\/p><br \/><\/p>","protected":false},"featured_media":7740,"template":"","categories":[67],"class_list":["post-7741","product","type-product","status-publish","has-post-thumbnail","hentry","category-architectural-aluminium-profile"],"meta_box":{"hilight_text_group":{"product_hilight_text":"<li>Precision-engineered profiles ensure perfect fit for door and window systems<\/li>\r\r\n<li>High strength-to-weight ratio enhances structural stability<\/li>\r\r\n<li>Corrosion-resistant finish suitable for all weather conditions<\/li>\r\r\n<li>Supports thermal break technology for better energy efficiency<\/li>\r\r\n<li>Available in a variety of finishes and colors for aesthetic flexibility<\/li>","product_chanpin_blog":"<ul>\r\r\n<li><a href=\"https:\/\/sinoextrud.com\/t-slot-v-slot-differences\/\" target=\"_blank\">t slot vs v slot<\/a><\/li>\r\r\n<li><a href=\"https:\/\/sinoextrud.com\/what-is-4040-aluminium-extrud\/\" target=\"_blank\">4040 aluminium extrusion<\/a><\/li>\r\r\n<li><a href=\"https:\/\/sinoextrud.com\/what-is-4040-aluminium-extrud\/\" target=\"_blank\">aluminum extrusions for industrial racks<\/a><\/li>\r\r\n<li><a href=\"https:\/\/sinoextrud.com\/powder-coating-aluminium-process\/\" target=\"_blank\">powder coating aluminium<\/a><\/li>\r\r\n<li><a href=\"https:\/\/sinoextrud.com\/what-is-an-aluminium-strip-ceiling\/\" target=\"_blank\">aluminium strip ceiling<\/a><\/li>\r\r\n<li><a href=\"https:\/\/sinoextrud.com\/what-is-a-heat-sink\/\" target=\"_blank\">what is a heat sink<\/a><\/li>\r\r\n<\/ul>","product_chanpin_chanpin":"<li><a href=\"https:\/\/sinoextrud.com\/product\/structural-aluminium-profiles\/\" target=\"_blank\">Structural Aluminium Profiles<\/a><\/li>\r\n<li><a href=\"https:\/\/sinoextrud.com\/product\/aluminium-sliding-casement-window-profile\/\" target=\"_blank\">Aluminium Sliding Casement Window Profile<\/a><\/li>\r\n<li><a href=\"https:\/\/sinoextrud.com\/product\/industrial-aluminium-doors\/\" target=\"_blank\">Industrial Aluminium Doors<\/a><\/li>\r\n<li><a href=\"https:\/\/sinoextrud.com\/product\/double-angle-aluminium-extrusion\/\" target=\"_blank\">Double Angle Aluminium Extrusion<\/a><\/li>\r\n<li><a href=\"https:\/\/sinoextrud.com\/product\/aluminium-sections-for-doors-and-windows\/\" target=\"_blank\">Aluminium Sections For Doors And Windows<\/a><\/li>\r\n<li><a href=\"https:\/\/sinoextrud.com\/product\/extruded-aluminium-curtain-rails-profile-prices\/\" target=\"_blank\">Extruded Aluminium Curtain Rails Profile Prices<\/a><\/li>\r\n<li><a href=\"https:\/\/sinoextrud.com\/product\/h-section-aluminium-extrusion\/\" target=\"_blank\">H Section Aluminium Extrusion<\/a><\/li>\r\n<li><a href=\"https:\/\/sinoextrud.com\/product\/aluminum-cabinet-extrusions\/\" target=\"_blank\">Aluminum Cabinet Extrusions<\/a><\/li>\r\n<li><a href=\"https:\/\/sinoextrud.com\/product\/aluminum-window-blinds-profiles\/\" target=\"_blank\">Aluminum Window Blinds Profiles<\/a><\/li>\r\n<li><a href=\"https:\/\/sinoextrud.com\/product\/aluminum-h-shaped-connected-panels-profile-for-safe-non-slip-walkway-panel-temporary-ground-road\/\" target=\"_blank\">Aluminum H-shaped Connected Panels Profile For Safe Non-slip Walkway Panel Temporary Ground Road<\/a><\/li>\r\n<li><a href=\"https:\/\/sinoextrud.com\/product\/fluorocarbon-coated-heavy-duty-exposed-aluminium-frame-glazed-building-curtain-wall-aluminium-profile\/\" target=\"_blank\">Fluorocarbon coated heavy duty exposed aluminium frame glazed building curtain wall aluminium profile<\/a><\/li>"},"feature_list":[]},"_links":{"self":[{"href":"https:\/\/sinoextrud.com\/fr\/wp-json\/wp\/v2\/product\/7741","targetHints":{"allow":["GET"]}}],"collection":[{"href":"https:\/\/sinoextrud.com\/fr\/wp-json\/wp\/v2\/product"}],"about":[{"href":"https:\/\/sinoextrud.com\/fr\/wp-json\/wp\/v2\/types\/product"}],"wp:featuredmedia":[{"embeddable":true,"href":"https:\/\/sinoextrud.com\/fr\/wp-json\/wp\/v2\/media\/7740"}],"wp:attachment":[{"href":"https:\/\/sinoextrud.com\/fr\/wp-json\/wp\/v2\/media?parent=7741"}],"wp:term":[{"taxonomy":"category","embeddable":true,"href":"https:\/\/sinoextrud.com\/fr\/wp-json\/wp\/v2\/categories?post=7741"}],"curies":[{"name":"wp","href":"https:\/\/api.w.org\/{rel}","templated":true}]}}