{"id":7731,"date":"2025-06-10T02:46:00","date_gmt":"2025-06-10T02:46:00","guid":{"rendered":"https:\/\/sinoextrud.com\/product\/aluminium-profile-to-make-doors-and-windows\/"},"modified":"2025-06-24T06:13:32","modified_gmt":"2025-06-24T06:13:32","slug":"profile-en-aluminium-pour-la-fabrication-de-portes-et-fenetres","status":"publish","type":"product","link":"https:\/\/sinoextrud.com\/fr\/product\/aluminium-profile-to-make-doors-and-windows\/","title":{"rendered":"Profil\u00e9s en aluminium pour la fabrication de portes et de fen\u00eatres"},"content":{"rendered":"<h2>D\u00e9tails des produits<\/h2>\n<table class=\"custom-table\">\n<tbody>\n<tr>\n<td> Article :<\/td>\n<td> Profil\u00e9s en aluminium pour la fabrication de portes et de fen\u00eatres<\/td>\n<td> Grade :<\/td>\n<td> S\u00e9rie 6000<\/td>\n<\/tr>\n<tr>\n<td> Mat\u00e9riau :<\/td>\n<td> 6063-T5, 6063-T6, 6061-T5, 6061-T6, 6463-T5<\/td>\n<td> Type :<\/td>\n<td> Profil\u00e9s d'extension en aluminium<\/td>\n<\/tr>\n<tr>\n<td> Sp\u00e9cification :<\/td>\n<td> ISO9001, ISO14001<\/td>\n<td> Alliage :<\/td>\n<td> Alliage<\/td>\n<\/tr>\n<tr>\n<td> Traitement de surface :<\/td>\n<td> Rev\u00eatement en poudre, grain de bois, anodis\u00e9, etc.<\/td>\n<td> Taille :<\/td>\n<td> Sur mesure<\/td>\n<\/tr>\n<tr>\n<td> Contr\u00f4le de la qualit\u00e9 :<\/td>\n<td> 100% Inspection avant exp\u00e9dition<\/td>\n<td> Production mensuelle :<\/td>\n<td> 15 000+ tonnes<\/td>\n<\/tr>\n<tr>\n<td> Marque d\u00e9pos\u00e9e :<\/td>\n<td> Sinoextrud(Sinoextrud)\/ OEM<\/td>\n<td> Origine :<\/td>\n<td> Foshan, Chine<\/td>\n<\/tr>\n<\/tbody>\n<\/table>\n<h2>Notre base de production<\/h2>\n<h3>Panorama de l'usine<\/h3>\n<p><img decoding=\"async\" src=\"\/wp-content\/uploads\/factory-01.webp\"\/><\/p>\n<h3>Atelier de fabrication de barres d'aluminium<\/h3>\n<p><img decoding=\"async\" src=\"\/wp-content\/uploads\/factory-02.webp\"\/><\/p>\n<p><img decoding=\"async\" src=\"\/wp-content\/uploads\/factory-03.webp\"\/><\/p>\n<h3>Entrep\u00f4t de stockage des moules<\/h3>\n<p><img decoding=\"async\" src=\"\/wp-content\/uploads\/factory-04.webp\"\/><\/p>\n<h3>43 lignes d'extrusion d'aluminium (500 \u00e0 5500 tonnes)<\/h3>\n<p><img decoding=\"async\" src=\"\/wp-content\/uploads\/factory-05.webp\"\/><\/p>\n<p><img decoding=\"async\" src=\"\/wp-content\/uploads\/factory-06.webp\"\/><\/p>\n<p><img decoding=\"async\" src=\"\/wp-content\/uploads\/factory-07.webp\"\/><\/p>\n<h3>Atelier de peinture en poudre<\/h3>\n<p><img decoding=\"async\" src=\"\/wp-content\/uploads\/factory-09.webp\"\/><\/p>\n<h3>Atelier d'anodisation<\/h3>\n<p><img decoding=\"async\" src=\"\/wp-content\/uploads\/factory-10.webp\"\/><\/p>\n<h3>Atelier sur le traitement en profondeur<\/h3>\n<p><img decoding=\"async\" src=\"\/wp-content\/uploads\/factory-11.webp\"\/><\/p>\n<h3>Atelier d'usinage de pr\u00e9cision CNC<\/h3>\n<p><img decoding=\"async\" src=\"\/wp-content\/uploads\/factory-11.5.webp\"\/><\/p>\n<h3>Entrep\u00f4t de produits finis et d'exportation<\/h3>\n<p><img decoding=\"async\" src=\"\/wp-content\/uploads\/factory-12.webp\"\/><\/p>\n<p><img decoding=\"async\" src=\"\/wp-content\/uploads\/factory-13.webp\"\/><\/p>\n<p><img decoding=\"async\" src=\"\/wp-content\/uploads\/factory-14.webp\"\/><\/p>\n<h2>FAQ<\/h2>\n<p><p><b>1) Qu'est-ce qu'un profil\u00e9 en aluminium pour la fabrication de portes et de fen\u00eatres ?<\/b><\/p>\n<p>Il s'agit de cadres en aluminium extrud\u00e9 con\u00e7us sp\u00e9cifiquement pour construire des syst\u00e8mes de portes et fen\u00eatres durables et \u00e9l\u00e9gants.<br \/>\n<\/p><br \/>\n<br \/>\n<p><b>2. pourquoi choisir des profil\u00e9s en aluminium pour les fen\u00eatres et les portes ?<\/b><\/p>\n<p>L'aluminium offre une solution solide, l\u00e9g\u00e8re et r\u00e9sistante \u00e0 la corrosion, id\u00e9ale pour les applications durables et n\u00e9cessitant peu d'entretien.<br \/>\n<\/p><br \/>\n<br \/>\n<p><b>3. les profil\u00e9s en aluminium pour portes et fen\u00eatres conviennent-ils \u00e0 une utilisation en ext\u00e9rieur ?<\/b><\/p>\n<p>Oui, ils sont trait\u00e9s avec des finitions r\u00e9sistantes aux intemp\u00e9ries pour bien fonctionner dans les environnements ext\u00e9rieurs et c\u00f4tiers.<br \/>\n<\/p><br \/>\n<br \/>\n<p><b>4. ces profils peuvent-ils \u00eatre personnalis\u00e9s ?<\/b><\/p>\n<p>Dans l'absolu, les profil\u00e9s en aluminium peuvent \u00eatre adapt\u00e9s en termes de forme, de taille, de couleur et de finition de surface pour r\u00e9pondre aux diff\u00e9rentes exigences en mati\u00e8re de conception.<br \/>\n<\/p><br \/>\n<br \/>\n<p><b>5. Quels sont les types de fen\u00eatres et de portes qui utilisent des profil\u00e9s en aluminium ?<\/b><\/p>\n<p>Ils sont utilis\u00e9s dans les syst\u00e8mes de verre coulissant, \u00e0 battant, \u00e0 auvent, oscillo-battant et fixe.<br \/>\n<\/p><br \/>\n<br \/>\n<p><b>6. les profil\u00e9s en aluminium favorisent-ils l'isolation thermique ?<\/b><\/p>\n<p>Oui, les profil\u00e9s dot\u00e9s de la technologie de rupture thermique offrent une meilleure isolation et une plus grande efficacit\u00e9 \u00e9nerg\u00e9tique.<br \/>\n<\/p><br \/>\n<br \/>\n<p><b>7. les profil\u00e9s en aluminium sont-ils faciles \u00e0 installer ?<\/b><\/p>\n<p>Oui, leur conception pr\u00e9cise et leur l\u00e9g\u00e8ret\u00e9 rendent l'installation rapide et efficace.<br \/>\n<\/p><br \/>\n<br \/>\n<p><b>8. l'aluminium est-il \u00e9cologique pour les portes et les fen\u00eatres ?<\/b><\/p>\n<p>Oui, l'aluminium est 100% recyclable et soutient les pratiques de construction durable.<br \/>\n<\/p><br \/><\/p>","protected":false},"featured_media":7730,"template":"","categories":[67],"class_list":["post-7731","product","type-product","status-publish","has-post-thumbnail","hentry","category-architectural-aluminium-profile"],"meta_box":{"hilight_text_group":{"product_hilight_text":"<li>High-strength aluminum profiles ensure structural stability for doors and windows<\/li>\r\r\n<li>Corrosion-resistant finish ideal for outdoor and humid environments<\/li>\r\r\n<li>Lightweight material enables easy handling and installation<\/li>\r\r\n<li>Available in various designs for sliding, casement, and fixed systems<\/li>\r\r\n<li>Supports thermal break options for energy-efficient solutions<\/li>\r\r\n<li>Customizable colors and surface treatments to match architectural styles<\/li>\r\r\n<li>Low maintenance with long service life and aesthetic appeal<\/li>","product_chanpin_blog":"<ul>\r\r\n<li><a href=\"https:\/\/sinoextrud.com\/t-slot-v-slot-differences\/\" target=\"_blank\">t slot vs v slot<\/a><\/li>\r\r\n<li><a href=\"https:\/\/sinoextrud.com\/what-is-4040-aluminium-extrud\/\" target=\"_blank\">4040 aluminium extrusion<\/a><\/li>\r\r\n<li><a href=\"https:\/\/sinoextrud.com\/what-is-4040-aluminium-extrud\/\" target=\"_blank\">aluminum extrusions for industrial racks<\/a><\/li>\r\r\n<li><a href=\"https:\/\/sinoextrud.com\/powder-coating-aluminium-process\/\" target=\"_blank\">powder coating aluminium<\/a><\/li>\r\r\n<li><a href=\"https:\/\/sinoextrud.com\/what-is-an-aluminium-strip-ceiling\/\" target=\"_blank\">aluminium strip ceiling<\/a><\/li>\r\r\n<li><a href=\"https:\/\/sinoextrud.com\/what-is-a-heat-sink\/\" target=\"_blank\">what is a heat sink<\/a><\/li>\r\r\n<\/ul>","product_chanpin_chanpin":"<li><a href=\"https:\/\/sinoextrud.com\/product\/profiles-aluminum\/\" target=\"_blank\">Profiles aluminum<\/a><\/li>\r\n<li><a href=\"https:\/\/sinoextrud.com\/product\/aluminium-frame\/\" target=\"_blank\">Aluminium Frame<\/a><\/li>\r\n<li><a href=\"https:\/\/sinoextrud.com\/product\/bending-aluminium-tube\/\" target=\"_blank\">Bending Aluminium Tube<\/a><\/li>\r\n<li><a href=\"https:\/\/sinoextrud.com\/product\/anodised-aluminium\/\" target=\"_blank\">Anodised Aluminium<\/a><\/li>\r\n<li><a href=\"https:\/\/sinoextrud.com\/product\/aluminium-profile-to-make-doors-and-windows\/\" target=\"_blank\">Aluminium Profile to Make Doors And Windows<\/a><\/li>\r\n<li><a href=\"https:\/\/sinoextrud.com\/product\/structural-aluminium-profiles\/\" target=\"_blank\">Structural Aluminium Profiles<\/a><\/li>\r\n<li><a href=\"https:\/\/sinoextrud.com\/product\/aluminium-sliding-casement-window-profile\/\" target=\"_blank\">Aluminium Sliding Casement Window Profile<\/a><\/li>\r\n<li><a href=\"https:\/\/sinoextrud.com\/product\/industrial-aluminium-doors\/\" target=\"_blank\">Industrial Aluminium Doors<\/a><\/li>\r\n<li><a href=\"https:\/\/sinoextrud.com\/product\/double-angle-aluminium-extrusion\/\" target=\"_blank\">Double Angle Aluminium Extrusion<\/a><\/li>\r\n<li><a href=\"https:\/\/sinoextrud.com\/product\/aluminum-outdoor-louvers\/\" target=\"_blank\">Aluminum Outdoor Louvers<\/a><\/li>\r\n<li><a href=\"https:\/\/sinoextrud.com\/product\/aluminum-ceiling-system\/\" target=\"_blank\">Aluminum Ceiling System<\/a><\/li>"},"feature_list":[]},"_links":{"self":[{"href":"https:\/\/sinoextrud.com\/fr\/wp-json\/wp\/v2\/product\/7731","targetHints":{"allow":["GET"]}}],"collection":[{"href":"https:\/\/sinoextrud.com\/fr\/wp-json\/wp\/v2\/product"}],"about":[{"href":"https:\/\/sinoextrud.com\/fr\/wp-json\/wp\/v2\/types\/product"}],"wp:featuredmedia":[{"embeddable":true,"href":"https:\/\/sinoextrud.com\/fr\/wp-json\/wp\/v2\/media\/7730"}],"wp:attachment":[{"href":"https:\/\/sinoextrud.com\/fr\/wp-json\/wp\/v2\/media?parent=7731"}],"wp:term":[{"taxonomy":"category","embeddable":true,"href":"https:\/\/sinoextrud.com\/fr\/wp-json\/wp\/v2\/categories?post=7731"}],"curies":[{"name":"wp","href":"https:\/\/api.w.org\/{rel}","templated":true}]}}