{"id":7723,"date":"2025-06-10T02:35:46","date_gmt":"2025-06-10T02:35:46","guid":{"rendered":"https:\/\/sinoextrud.com\/product\/profiles-aluminum\/"},"modified":"2025-06-24T06:13:31","modified_gmt":"2025-06-24T06:13:31","slug":"profiles-en-aluminium","status":"publish","type":"product","link":"https:\/\/sinoextrud.com\/fr\/product\/profiles-aluminum\/","title":{"rendered":"Profil\u00e9s en aluminium"},"content":{"rendered":"<h2>D\u00e9tails des produits<\/h2>\n<table class=\"custom-table\">\n<tbody>\n<tr>\n<td> Article :<\/td>\n<td> profil\u00e9s en aluminium<\/td>\n<td> Grade :<\/td>\n<td> S\u00e9rie 6000 6063<\/td>\n<\/tr>\n<tr>\n<td> Temp\u00e9rer :<\/td>\n<td> 6063-T5<\/td>\n<td> Lieu d'origine :<\/td>\n<td> Foshan, Guangdong<\/td>\n<\/tr>\n<tr>\n<td> Forme :<\/td>\n<td> Canal en U<\/td>\n<td> Alliage ou non :<\/td>\n<td> Alliage d'Alunimun<\/td>\n<\/tr>\n<tr>\n<td> Tol\u00e9rance :<\/td>\n<td> \u00b10,5%<\/td>\n<td> Marque :<\/td>\n<td> Sinoextrud, Sinoextrud<\/td>\n<\/tr>\n<tr>\n<td> Standard :<\/td>\n<td> qualit\u00e9 moyenne et \u00e9lev\u00e9e<\/td>\n<td> Traitement de surface :<\/td>\n<td> rev\u00eatement en poudre, \u00e9lectrophor\u00e8se, grain de bois, anodis\u00e9, bross\u00e9, polissage<\/td>\n<\/tr>\n<tr>\n<td> D\u00e9lai de livraison :<\/td>\n<td> 25-30 jours<\/td>\n<td> MOQ :<\/td>\n<td> 200KG<\/td>\n<\/tr>\n<tr>\n<td> D\u00e9lai de paiement :<\/td>\n<td> T\/T(30% Deposit), L\/C<\/td>\n<td> Service de traitement :<\/td>\n<td> Pliage, d\u00e9roulage, soudage, poin\u00e7onnage, d\u00e9coupage<\/td>\n<\/tr>\n<tr>\n<td> Port :<\/td>\n<td> Guangzhou, Shenzhen, Foshan<\/td>\n<td> Longueur: :<\/td>\n<td> 1-9m ou sur mesure<\/td>\n<\/tr>\n<\/tbody>\n<\/table>\n<h2>Notre base de production<\/h2>\n<h3>Panorama de l'usine<\/h3>\n<p><img decoding=\"async\" src=\"\/wp-content\/uploads\/factory-01.webp\"\/><\/p>\n<h3>Atelier de fabrication de barres d'aluminium<\/h3>\n<p><img decoding=\"async\" src=\"\/wp-content\/uploads\/factory-02.webp\"\/><\/p>\n<\/p>\n<p><img decoding=\"async\" src=\"\/wp-content\/uploads\/factory-03.webp\"\/><\/p>\n<h3>Entrep\u00f4t de stockage des moules<\/h3>\n<p><img decoding=\"async\" src=\"\/wp-content\/uploads\/factory-04.webp\"\/><\/p>\n<h3>43 lignes d'extrusion d'aluminium (500-5500 tonnes)<\/h3>\n<p><img decoding=\"async\" src=\"\/wp-content\/uploads\/factory-05.webp\"\/><\/p>\n<p><img decoding=\"async\" src=\"\/wp-content\/uploads\/factory-06.webp\"\/><\/p>\n<p><img decoding=\"async\" src=\"\/wp-content\/uploads\/factory-07.webp\"\/><\/p>\n<h3>Atelier de peinture en poudre<\/h3>\n<p><img decoding=\"async\" src=\"\/wp-content\/uploads\/factory-09.webp\"\/><\/p>\n<h3>Atelier d'anodisation<\/h3>\n<p><img decoding=\"async\" src=\"\/wp-content\/uploads\/factory-10.webp\"\/><\/p>\n<h3>Atelier sur le traitement en profondeur<\/h3>\n<p><img decoding=\"async\" src=\"\/wp-content\/uploads\/factory-11.webp\"\/><\/p>\n<h3>Atelier d'usinage de pr\u00e9cision CNC<\/h3>\n<p><img decoding=\"async\" src=\"\/wp-content\/uploads\/factory-11.5.webp\"\/><\/p>\n<h3>Entrep\u00f4t de produits finis et d'exportation<\/h3>\n<p><img decoding=\"async\" src=\"\/wp-content\/uploads\/factory-12.webp\"\/><\/p>\n<p><img decoding=\"async\" src=\"\/wp-content\/uploads\/factory-13.webp\"\/><\/p>\n<p><img decoding=\"async\" src=\"\/wp-content\/uploads\/factory-14.webp\"\/><\/p>\n<h2>FAQ<\/h2>\n<p><b>1) Qu'est-ce qu'un profil\u00e9 en aluminium ?<\/b><\/p>\n<p>Les profil\u00e9s en aluminium sont des sections d'aluminium extrud\u00e9 con\u00e7ues pour des applications structurelles, architecturales ou industrielles dans divers secteurs.\n<\/p>\n<p><\/p>\n<p><b>2. Pourquoi utiliser des profil\u00e9s en aluminium dans la fabrication ?<\/b><\/p>\n<p>Les profil\u00e9s en aluminium sont l\u00e9gers, r\u00e9sistants \u00e0 la corrosion et faciles \u00e0 traiter, ce qui les rend id\u00e9aux pour des constructions efficaces et durables.\n<\/p>\n<p><\/p>\n<p><b>3. Les profil\u00e9s en aluminium sont-ils personnalisables ?<\/b><\/p>\n<p>Oui, ils peuvent \u00eatre extrud\u00e9s dans des formes, des tailles et des finitions personnalis\u00e9es pour r\u00e9pondre aux exigences sp\u00e9cifiques d'un projet ou d'un produit.\n<\/p>\n<p><\/p>\n<p><b>4. Quelles sont les industries qui utilisent les profil\u00e9s en aluminium ?<\/b><\/p>\n<p>Les industries telles que la construction, l'automobile, les machines, l'ameublement et l'\u00e9lectronique utilisent fr\u00e9quemment des profil\u00e9s en aluminium pour leur polyvalence et leur solidit\u00e9.\n<\/p>\n<p><\/p>\n<p><b>5. les profil\u00e9s en aluminium r\u00e9sistent-ils \u00e0 la corrosion ?<\/b><\/p>\n<p>En effet, l'aluminium r\u00e9siste naturellement \u00e0 la corrosion et des traitements de surface suppl\u00e9mentaires renforcent sa durabilit\u00e9 dans les environnements difficiles.\n<\/p>\n<p><\/p>\n<p><b>6. Comment les profil\u00e9s en aluminium sont-ils finis ?<\/b><\/p>\n<p>Les finitions courantes comprennent l'anodisation, le rev\u00eatement par poudre, le polissage et le brossage, qui am\u00e9liorent \u00e0 la fois la fonction et l'apparence.\n<\/p>\n<p><\/p>\n<p><b>7. les profil\u00e9s en aluminium sont-ils \u00e9cologiques ?<\/b><\/p>\n<p>Absolument, l'aluminium est 100% recyclable et soutient les pratiques de fabrication durables sur le plan environnemental.\n<\/p>\n<p><\/p>\n<p><b>8. est-il facile d'installer ou de fabriquer des profil\u00e9s en aluminium ?<\/b><\/p>\n<p>Oui, les profil\u00e9s en aluminium sont faciles \u00e0 d\u00e9couper, \u00e0 usiner et \u00e0 assembler, ce qui r\u00e9duit les co\u00fbts de main-d'\u0153uvre et de production.\n<\/p>\n<p><\/p>","protected":false},"featured_media":7722,"template":"","categories":[67],"class_list":["post-7723","product","type-product","status-publish","has-post-thumbnail","hentry","category-architectural-aluminium-profile"],"meta_box":{"hilight_text_group":{"product_hilight_text":"<li>Lightweight yet strong for efficient structural performance<\/li>\r\r\n<li>Corrosion-resistant for long-term indoor and outdoor use<\/li>\r\r\n<li>Customizable shapes and dimensions for versatile applications<\/li>\r\r\n<li>Easy to cut, drill, and assemble for quick fabrication<\/li>\r\r\n<li>Wide range of finishes including anodized, powder-coated, and polished<\/li>\r\r\n<li>Suitable for industries like construction, automotive, and electronics<\/li>\r\r\n<li>Eco-friendly and fully recyclable aluminum material<\/li>","product_chanpin_blog":"<ul>\r\r\n<li><a href=\"https:\/\/sinoextrud.com\/t-slot-v-slot-differences\/\" target=\"_blank\">t slot vs v slot<\/a><\/li>\r\r\n<li><a href=\"https:\/\/sinoextrud.com\/what-is-4040-aluminium-extrud\/\" target=\"_blank\">4040 aluminium extrusion<\/a><\/li>\r\r\n<li><a href=\"https:\/\/sinoextrud.com\/what-is-4040-aluminium-extrud\/\" target=\"_blank\">aluminum extrusions for industrial racks<\/a><\/li>\r\r\n<li><a href=\"https:\/\/sinoextrud.com\/powder-coating-aluminium-process\/\" target=\"_blank\">powder coating aluminium<\/a><\/li>\r\r\n<li><a href=\"https:\/\/sinoextrud.com\/what-is-an-aluminium-strip-ceiling\/\" target=\"_blank\">aluminium strip ceiling<\/a><\/li>\r\r\n<li><a href=\"https:\/\/sinoextrud.com\/what-is-a-heat-sink\/\" target=\"_blank\">what is a heat sink<\/a><\/li>\r\r\n<\/ul>","product_chanpin_chanpin":"<li><a href=\"https:\/\/sinoextrud.com\/product\/aluminium-rail-extrusions\/\" target=\"_blank\">Aluminium Rail Extrusions<\/a><\/li>\r\n<li><a href=\"https:\/\/sinoextrud.com\/product\/aluminium-door-window-fittings\/\" target=\"_blank\">Aluminium Door Window Fittings<\/a><\/li>\r\n<li><a href=\"https:\/\/sinoextrud.com\/product\/aluminium-extruded-products\/\" target=\"_blank\">Aluminium Extruded Products<\/a><\/li>\r\n<li><a href=\"https:\/\/sinoextrud.com\/product\/aluminum-profile-glass-curtain-wall-system\/\" target=\"_blank\">Aluminum Profile Glass Curtain Wall System<\/a><\/li>\r\n<li><a href=\"https:\/\/sinoextrud.com\/product\/profiles-aluminum\/\" target=\"_blank\">Profiles aluminum<\/a><\/li>\r\n<li><a href=\"https:\/\/sinoextrud.com\/product\/aluminium-frame\/\" target=\"_blank\">Aluminium Frame<\/a><\/li>\r\n<li><a href=\"https:\/\/sinoextrud.com\/product\/bending-aluminium-tube\/\" target=\"_blank\">Bending Aluminium Tube<\/a><\/li>\r\n<li><a href=\"https:\/\/sinoextrud.com\/product\/anodised-aluminium\/\" target=\"_blank\">Anodised Aluminium<\/a><\/li>\r\n<li><a href=\"https:\/\/sinoextrud.com\/product\/aluminium-profile-to-make-doors-and-windows\/\" target=\"_blank\">Aluminium Profile to Make Doors And Windows<\/a><\/li>\r\n<li><a href=\"https:\/\/sinoextrud.com\/product\/aluminium-profile-bending\/\" target=\"_blank\">Aluminium Profile Bending<\/a><\/li>\r\n<li><a href=\"https:\/\/sinoextrud.com\/product\/brushed-aluminum-profiles\/\" target=\"_blank\">Brushed Aluminum Profiles<\/a><\/li>"},"feature_list":[]},"_links":{"self":[{"href":"https:\/\/sinoextrud.com\/fr\/wp-json\/wp\/v2\/product\/7723","targetHints":{"allow":["GET"]}}],"collection":[{"href":"https:\/\/sinoextrud.com\/fr\/wp-json\/wp\/v2\/product"}],"about":[{"href":"https:\/\/sinoextrud.com\/fr\/wp-json\/wp\/v2\/types\/product"}],"wp:featuredmedia":[{"embeddable":true,"href":"https:\/\/sinoextrud.com\/fr\/wp-json\/wp\/v2\/media\/7722"}],"wp:attachment":[{"href":"https:\/\/sinoextrud.com\/fr\/wp-json\/wp\/v2\/media?parent=7723"}],"wp:term":[{"taxonomy":"category","embeddable":true,"href":"https:\/\/sinoextrud.com\/fr\/wp-json\/wp\/v2\/categories?post=7723"}],"curies":[{"name":"wp","href":"https:\/\/api.w.org\/{rel}","templated":true}]}}