{"id":7721,"date":"2025-06-10T02:26:24","date_gmt":"2025-06-10T02:26:24","guid":{"rendered":"https:\/\/sinoextrud.com\/product\/aluminum-profile-glass-curtain-wall-system\/"},"modified":"2025-06-24T06:13:30","modified_gmt":"2025-06-24T06:13:30","slug":"systeme-de-mur-rideau-en-verre-a-profiles-daluminium","status":"publish","type":"product","link":"https:\/\/sinoextrud.com\/fr\/product\/aluminum-profile-glass-curtain-wall-system\/","title":{"rendered":"Syst\u00e8me de mur-rideau en verre \u00e0 profil aluminium"},"content":{"rendered":"<h2>D\u00e9tails des produits<\/h2>\n<table class=\"custom-table\">\n<tr>\n<td class=\"label\">1. Point de l'ordre du jour<\/td>\n<td>Syst\u00e8me de mur-rideau en verre \u00e0 profil aluminium<\/td>\n<\/tr>\n<tr>\n<td class=\"label\">2. Formes de section<\/td>\n<td>I, U, T, C, Z, L, H, carr\u00e9, rond, plat, creux, rainure en T et autres formes compliqu\u00e9es sur mesure<\/td>\n<\/tr>\n<tr>\n<td class=\"label\">3. Traitement de surface<\/td>\n<td>Finition en usine\/Anodisation (oxydation)\/Sablage\/ Rev\u00eatement par poudrage\/Electrophor\u00e8se\/Grain de bois<\/td>\n<\/tr>\n<tr>\n<td class=\"label\">4. MOQ<\/td>\n<td>200KG pour chaque article<\/td>\n<\/tr>\n<tr>\n<td class=\"label\">5. Mat\u00e9riau<\/td>\n<td>Alliage 100% : 6063 T5 \/ 6061 T6<\/td>\n<\/tr>\n<tr>\n<td class=\"label\">6. Longueur<\/td>\n<td>Normal=6m, 1-9m, ou personnalis\u00e9<\/td>\n<\/tr>\n<tr>\n<td class=\"label\">7. Application<\/td>\n<td>1) - pour les cadres de fen\u00eatres et de portes<br \/>\n2) - pour la construction de murs rideaux en verre<br \/>\n3) - pour les cadres de panneaux solaires, les supports de montage solaire \/ de toiture<br \/>\n4) - pour l'\u00e9quipement des lignes d'assemblage de l'industrie<br \/>\n5) - pour les dissipateurs thermiques<br \/>\n6) - pour l'\u00e9clairage LED<br \/>\n7)- autres tailles et dimensions sur mesure<\/td>\n<\/tr>\n<tr>\n<td class=\"label\">8. Services<\/td>\n<td>1). Service OEM.<br \/>\n2). Conception selon les exigences des clients.<br \/>\n3). 30 ans d'exp\u00e9rience professionnelle dans la recherche, la fabrication<br \/>\n4). Notre centre moderne de traitement en profondeur peut fournir des services d'usinage tels que le d\u00e9coupage, le poin\u00e7onnage, le per\u00e7age, le cintrage, le taraudage, etc.<\/td>\n<\/tr>\n<tr>\n<td class=\"label\">9. Contr\u00f4le de la qualit\u00e9<\/td>\n<td>Nous appliquons le syst\u00e8me de contr\u00f4le de la qualit\u00e9 le plus strict, 100% inspection avant exp\u00e9dition.<\/td>\n<\/tr>\n<tr>\n<td class=\"label\">10. Processus<\/td>\n<td>Demande - \u00c9chantillon ou dessin CAO (fourni par le client) - Dessin CAO (notre soci\u00e9t\u00e9) - Confirmation du dessin - Fabrication du moule - Conformation de l'\u00e9chantillon - Production en s\u00e9rie - Inspection - Livraison<\/td>\n<\/tr>\n<tr>\n<td class=\"label\">11. Paiement<\/td>\n<td>T\/T : 30% pour le d\u00e9p\u00f4t, le solde sera pay\u00e9 avant ou apr\u00e8s l'exp\u00e9dition (ou tout d\u00e9pend).<\/td>\n<\/tr>\n<tr>\n<td class=\"label\">12. D\u00e9tail de l'emballage<\/td>\n<td>A l'int\u00e9rieur : Emball\u00e9 avec un film plastique pour prot\u00e9ger chaque pi\u00e8ce<br \/>\nA l'ext\u00e9rieur : Envelopper les paquets avec du papier artisanal imperm\u00e9able ou un film EPE. Possibilit\u00e9 de demandes personnalis\u00e9es.<\/td>\n<\/tr>\n<tr>\n<td class=\"label\">13. D\u00e9lai d'ex\u00e9cution<\/td>\n<td>D\u00e9veloppement de la matrice et test des \u00e9chantillons : 8-15 jours<br \/>\nProduction en s\u00e9rie : 20-25 jours<\/td>\n<\/tr>\n<\/table>\n<h2>Notre base de production<\/h2>\n<h3>Panorama de l'usine<\/h3>\n<p><img decoding=\"async\" src=\"\/wp-content\/uploads\/factory-01.webp\"\/><\/p>\n<h3>Atelier de fabrication de barres d'aluminium<\/h3>\n<p><img decoding=\"async\" src=\"\/wp-content\/uploads\/factory-02.webp\"\/><\/p>\n<\/p>\n<p><img decoding=\"async\" src=\"\/wp-content\/uploads\/factory-03.webp\"\/><\/p>\n<h3>Entrep\u00f4t de stockage des moules<\/h3>\n<p><img decoding=\"async\" src=\"\/wp-content\/uploads\/factory-04.webp\"\/><\/p>\n<h3>43 lignes d'extrusion d'aluminium (500-5500 tonnes)<\/h3>\n<p><img decoding=\"async\" src=\"\/wp-content\/uploads\/factory-05.webp\"\/><\/p>\n<p><img decoding=\"async\" src=\"\/wp-content\/uploads\/factory-06.webp\"\/><\/p>\n<p><img decoding=\"async\" src=\"\/wp-content\/uploads\/factory-07.webp\"\/><\/p>\n<h3>Atelier de peinture en poudre<\/h3>\n<p><img decoding=\"async\" src=\"\/wp-content\/uploads\/factory-09.webp\"\/><\/p>\n<h3>Atelier d'anodisation<\/h3>\n<p><img decoding=\"async\" src=\"\/wp-content\/uploads\/factory-10.webp\"\/><\/p>\n<h3>Atelier sur le traitement en profondeur<\/h3>\n<p><img decoding=\"async\" src=\"\/wp-content\/uploads\/factory-11.webp\"\/><\/p>\n<h3>Atelier d'usinage de pr\u00e9cision CNC<\/h3>\n<p><img decoding=\"async\" src=\"\/wp-content\/uploads\/factory-11.5.webp\"\/><\/p>\n<h3>Entrep\u00f4t de produits finis et d'exportation<\/h3>\n<p><img decoding=\"async\" src=\"\/wp-content\/uploads\/factory-12.webp\"\/><\/p>\n<p><img decoding=\"async\" src=\"\/wp-content\/uploads\/factory-13.webp\"\/><\/p>\n<p><img decoding=\"async\" src=\"\/wp-content\/uploads\/factory-14.webp\"\/><\/p>\n<h2>FAQ<\/h2>\n<p><b>1) Qu'est-ce qu'un syst\u00e8me de mur-rideau en verre \u00e0 profil\u00e9s d'aluminium ?<\/b><\/p>\n<p>Le syst\u00e8me de mur-rideau en verre \u00e0 profil\u00e9s d'aluminium est une solution de fa\u00e7ade non porteuse utilisant des cadres en aluminium pour soutenir de grands panneaux de verre \u00e0 l'ext\u00e9rieur des b\u00e2timents.\n<\/p>\n<p><\/p>\n<p><b>2.Pourquoi utiliser des profil\u00e9s en aluminium pour les syst\u00e8mes de murs-rideaux ?<\/b><\/p>\n<p>L'aluminium offre solidit\u00e9, l\u00e9g\u00e8ret\u00e9 et r\u00e9sistance \u00e0 la corrosion, ce qui en fait un mat\u00e9riau id\u00e9al pour les syst\u00e8mes de murs-rideaux durables et modernes.\n<\/p>\n<p><\/p>\n<p><b>3. ces syst\u00e8mes de murs-rideaux sont-ils efficaces sur le plan \u00e9nerg\u00e9tique ?<\/b><\/p>\n<p>Oui, les syst\u00e8mes \u00e0 rupture de pont thermique et \u00e0 vitrage isolant am\u00e9liorent les performances thermiques et r\u00e9duisent les co\u00fbts de chauffage et de climatisation.\n<\/p>\n<p><\/p>\n<p><b>4. le syst\u00e8me de mur-rideau peut-il \u00eatre personnalis\u00e9 ?<\/b><\/p>\n<p>Absolument, les profil\u00e9s en aluminium et les panneaux de verre peuvent \u00eatre personnalis\u00e9s pour s'adapter \u00e0 des conceptions de b\u00e2timents sp\u00e9cifiques et \u00e0 des exigences de performance.\n<\/p>\n<p><\/p>\n<p><b>5. le syst\u00e8me de mur-rideau en aluminium et en verre r\u00e9siste-t-il aux intemp\u00e9ries ?<\/b><\/p>\n<p>Oui, il est con\u00e7u pour r\u00e9sister aux charges de vent, aux infiltrations d'eau et \u00e0 l'exposition aux UV dans diff\u00e9rents climats.\n<\/p>\n<p><\/p>\n<p><b>6. quels sont les avantages de l'utilisation de murs-rideaux en verre dans les b\u00e2timents ?<\/b><\/p>\n<p>Les murs-rideaux en verre offrent une lumi\u00e8re naturelle, une esth\u00e9tique moderne et une efficacit\u00e9 \u00e9nerg\u00e9tique tout en r\u00e9duisant l'encombrement visuel du b\u00e2timent.\n<\/p>\n<p><\/p>\n<p><b>7. Quelle est la durabilit\u00e9 des syst\u00e8mes de murs-rideaux en profil\u00e9s d'aluminium ?<\/b><\/p>\n<p>Ils sont construits pour durer des d\u00e9cennies avec un minimum d'entretien, gr\u00e2ce \u00e0 la structure robuste en aluminium et aux finitions protectrices.\n<\/p>\n<p><\/p>\n<p><b>8. les syst\u00e8mes de murs-rideaux supportent-ils de grands panneaux de verre ?<\/b><\/p>\n<p>Oui, les profil\u00e9s en aluminium sont con\u00e7us pour maintenir en toute s\u00e9curit\u00e9 des panneaux de verre de grand format avec une grande int\u00e9grit\u00e9 structurelle.\n<\/p>\n<p><\/p>","protected":false},"featured_media":7720,"template":"","categories":[67],"class_list":["post-7721","product","type-product","status-publish","has-post-thumbnail","hentry","category-architectural-aluminium-profile"],"meta_box":{"hilight_text_group":{"product_hilight_text":"<li>High-strength aluminum profiles ensure structural stability and safety<\/li>\r\r\n<li>Sleek and modern design enhances building aesthetics<\/li>\r\r\n<li>Excellent corrosion resistance for long-term outdoor performance<\/li>\r\r\n<li>Supports large glass panels with minimal visual obstruction<\/li>\r\r\n<li>Thermal break options available for improved energy efficiency<\/li>\r\r\n<li>Customizable systems to suit various architectural requirements<\/li>\r\r\n<li>Quick installation reduces labor time and construction costs<\/li>","product_chanpin_blog":"<ul>\r\r\n<li><a href=\"https:\/\/sinoextrud.com\/t-slot-v-slot-differences\/\" target=\"_blank\">t slot vs v slot<\/a><\/li>\r\r\n<li><a href=\"https:\/\/sinoextrud.com\/what-is-4040-aluminium-extrud\/\" target=\"_blank\">4040 aluminium extrusion<\/a><\/li>\r\r\n<li><a href=\"https:\/\/sinoextrud.com\/what-is-4040-aluminium-extrud\/\" target=\"_blank\">aluminum extrusions for industrial racks<\/a><\/li>\r\r\n<li><a href=\"https:\/\/sinoextrud.com\/powder-coating-aluminium-process\/\" target=\"_blank\">powder coating aluminium<\/a><\/li>\r\r\n<li><a href=\"https:\/\/sinoextrud.com\/what-is-an-aluminium-strip-ceiling\/\" target=\"_blank\">aluminium strip ceiling<\/a><\/li>\r\r\n<li><a href=\"https:\/\/sinoextrud.com\/what-is-a-heat-sink\/\" target=\"_blank\">what is a heat sink<\/a><\/li>\r\r\n<\/ul>","product_chanpin_chanpin":"<li><a href=\"https:\/\/sinoextrud.com\/product\/30mm-aluminum-extrusion\/\" target=\"_blank\">30mm Aluminum Extrusion<\/a><\/li>\r\n<li><a href=\"https:\/\/sinoextrud.com\/product\/aluminium-rail-extrusions\/\" target=\"_blank\">Aluminium Rail Extrusions<\/a><\/li>\r\n<li><a href=\"https:\/\/sinoextrud.com\/product\/aluminium-door-window-fittings\/\" target=\"_blank\">Aluminium Door Window Fittings<\/a><\/li>\r\n<li><a href=\"https:\/\/sinoextrud.com\/product\/aluminium-extruded-products\/\" target=\"_blank\">Aluminium Extruded Products<\/a><\/li>\r\n<li><a href=\"https:\/\/sinoextrud.com\/product\/aluminum-profile-glass-curtain-wall-system\/\" target=\"_blank\">Aluminum Profile Glass Curtain Wall System<\/a><\/li>\r\n<li><a href=\"https:\/\/sinoextrud.com\/product\/profiles-aluminum\/\" target=\"_blank\">Profiles aluminum<\/a><\/li>\r\n<li><a href=\"https:\/\/sinoextrud.com\/product\/aluminium-frame\/\" target=\"_blank\">Aluminium Frame<\/a><\/li>\r\n<li><a href=\"https:\/\/sinoextrud.com\/product\/bending-aluminium-tube\/\" target=\"_blank\">Bending Aluminium Tube<\/a><\/li>\r\n<li><a href=\"https:\/\/sinoextrud.com\/product\/anodised-aluminium\/\" target=\"_blank\">Anodised Aluminium<\/a><\/li>\r\n<li><a href=\"https:\/\/sinoextrud.com\/product\/anodized-powder-coated-window-louver-extrusion-shutter-aluminum-profiles\/\" target=\"_blank\">Anodized Powder Coated Window Louver Extrusion Shutter Aluminum Profiles<\/a><\/li>\r\n<li><a href=\"https:\/\/sinoextrud.com\/product\/aluminium-extrusion-anodized-aluminum-profile\/\" target=\"_blank\">Aluminium Extrusion Anodized Aluminum Profile<\/a><\/li>"},"feature_list":[]},"_links":{"self":[{"href":"https:\/\/sinoextrud.com\/fr\/wp-json\/wp\/v2\/product\/7721","targetHints":{"allow":["GET"]}}],"collection":[{"href":"https:\/\/sinoextrud.com\/fr\/wp-json\/wp\/v2\/product"}],"about":[{"href":"https:\/\/sinoextrud.com\/fr\/wp-json\/wp\/v2\/types\/product"}],"wp:featuredmedia":[{"embeddable":true,"href":"https:\/\/sinoextrud.com\/fr\/wp-json\/wp\/v2\/media\/7720"}],"wp:attachment":[{"href":"https:\/\/sinoextrud.com\/fr\/wp-json\/wp\/v2\/media?parent=7721"}],"wp:term":[{"taxonomy":"category","embeddable":true,"href":"https:\/\/sinoextrud.com\/fr\/wp-json\/wp\/v2\/categories?post=7721"}],"curies":[{"name":"wp","href":"https:\/\/api.w.org\/{rel}","templated":true}]}}