{"id":7709,"date":"2025-06-10T02:07:44","date_gmt":"2025-06-10T02:07:44","guid":{"rendered":"https:\/\/sinoextrud.com\/product\/aluminum-curtain-wall-extrusions\/"},"modified":"2025-06-24T06:13:28","modified_gmt":"2025-06-24T06:13:28","slug":"extrusions-de-mur-rideau-en-aluminium","status":"publish","type":"product","link":"https:\/\/sinoextrud.com\/fr\/product\/aluminum-curtain-wall-extrusions\/","title":{"rendered":"Extrusions de murs-rideaux en aluminium"},"content":{"rendered":"<h2>D\u00e9tails des produits<\/h2>\n<table class=\"custom-table\">\n<tbody>\n<tr>\n<td> Nom du produit<\/td>\n<td> Extrusions pour murs-rideaux en aluminium<\/td>\n<\/tr>\n<tr>\n<td> Mat\u00e9riau<\/td>\n<td> Alliage 6063 ou 6061<\/td>\n<\/tr>\n<tr>\n<td> Temp\u00e9rer<\/td>\n<td> T3-T8<\/td>\n<\/tr>\n<tr>\n<td> Honneur<\/td>\n<td> Les 10 premiers fournisseurs en Chine<\/td>\n<\/tr>\n<tr>\n<td> Traitement de surface<\/td>\n<td> Anodis\u00e9, rev\u00eatement par poudre, \u00e9lectrophor\u00e8se, PVDF, grain de bois, sablage, etc.<\/td>\n<\/tr>\n<tr>\n<td> Longueur<\/td>\n<td> 1-9M, autres longueurs n\u00e9gociables<\/td>\n<\/tr>\n<tr>\n<td> Utilisation<\/td>\n<td> D\u00e9coration, mur-rideau, fen\u00eatre et porte \u00e0 rupture de pont thermique<\/td>\n<\/tr>\n<tr>\n<td> Garantie de qualit\u00e9<\/td>\n<td> 100% de bonne qualit\u00e9 avant exp\u00e9dition. Nous vous invitons \u00e0 vous rendre \u00e0 l'usine pour une inspection avant exp\u00e9dition.<\/td>\n<\/tr>\n<tr>\n<td> Certification<\/td>\n<td> Certification ISO9001, ISO4001, CQM ; SGS, CE, BV, JIS, AS, NZS, QUALICOAT, QUOLANOD<\/td>\n<\/tr>\n<\/tbody>\n<\/table>\n<h2>Notre base de production<\/h2>\n<h3>Panorama de l'usine<\/h3>\n<p><img decoding=\"async\" src=\"\/wp-content\/uploads\/factory-01.webp\"\/><\/p>\n<h3>Atelier de fabrication de barres d'aluminium<\/h3>\n<p><img decoding=\"async\" src=\"\/wp-content\/uploads\/factory-02.webp\"\/><\/p>\n<p><img decoding=\"async\" src=\"\/wp-content\/uploads\/factory-03.webp\"\/><\/p>\n<h3>Entrep\u00f4t de stockage des moules<\/h3>\n<p><img decoding=\"async\" src=\"\/wp-content\/uploads\/factory-04.webp\"\/><\/p>\n<h3>43 lignes d'extrusion d'aluminium (500 \u00e0 5500 tonnes)<\/h3>\n<p><img decoding=\"async\" src=\"\/wp-content\/uploads\/factory-05.webp\"\/><\/p>\n<p><img decoding=\"async\" src=\"\/wp-content\/uploads\/factory-06.webp\"\/><\/p>\n<p><img decoding=\"async\" src=\"\/wp-content\/uploads\/factory-07.webp\"\/><\/p>\n<h3>Atelier de peinture en poudre<\/h3>\n<p><img decoding=\"async\" src=\"\/wp-content\/uploads\/factory-09.webp\"\/><\/p>\n<h3>Atelier d'anodisation<\/h3>\n<p><img decoding=\"async\" src=\"\/wp-content\/uploads\/factory-10.webp\"\/><\/p>\n<h3>Atelier sur le traitement en profondeur<\/h3>\n<p><img decoding=\"async\" src=\"\/wp-content\/uploads\/factory-11.webp\"\/><\/p>\n<h3>Atelier d'usinage de pr\u00e9cision CNC<\/h3>\n<p><img decoding=\"async\" src=\"\/wp-content\/uploads\/factory-11.5.webp\"\/><\/p>\n<h3>Entrep\u00f4t de produits finis et d'exportation<\/h3>\n<p><img decoding=\"async\" src=\"\/wp-content\/uploads\/factory-12.webp\"\/><\/p>\n<p><img decoding=\"async\" src=\"\/wp-content\/uploads\/factory-13.webp\"\/><\/p>\n<p><img decoding=\"async\" src=\"\/wp-content\/uploads\/factory-14.webp\"\/><\/p>\n<h2>FAQ<\/h2>\n<p><p><b>1) Qu'est-ce qu'une extrusion de mur-rideau en aluminium ? <\/b><\/p>\n<p> Les profil\u00e9s de mur-rideau en aluminium sont des \u00e9l\u00e9ments d'ossature non porteurs utilis\u00e9s pour soutenir le verre ou d'autres panneaux de remplissage \u00e0 l'ext\u00e9rieur des b\u00e2timents, offrant \u00e0 la fois un attrait esth\u00e9tique et une protection de l'environnement.<br \/>\n<\/p><br \/>\n<br \/>\n<p><b>2) Pourquoi choisir l'aluminium pour les syst\u00e8mes de murs-rideaux ? <\/b><\/p>\n<p> L'aluminium offre un rapport poids\/r\u00e9sistance \u00e9lev\u00e9, une r\u00e9sistance \u00e0 la corrosion et une grande souplesse de conception, ce qui en fait un mat\u00e9riau id\u00e9al pour les syst\u00e8mes de murs-rideaux dans l'architecture moderne.<br \/>\n<\/p><br \/>\n<br \/>\n<p><b>3) Comment les extrusions de murs-rideaux en aluminium am\u00e9liorent-elles l'efficacit\u00e9 \u00e9nerg\u00e9tique ? <\/b><\/p>\n<p> Associ\u00e9es \u00e0 des ruptures thermiques et \u00e0 un vitrage appropri\u00e9, les extrusions de mur-rideau en aluminium r\u00e9duisent le transfert de chaleur, am\u00e9liorant ainsi l'efficacit\u00e9 \u00e9nerg\u00e9tique globale du b\u00e2timent.<br \/>\n<\/p><br \/>\n<br \/>\n<p><b>4. les extrusions de mur-rideau en aluminium peuvent-elles \u00eatre personnalis\u00e9es ? <\/b><\/p>\n<p> Oui, les extrusions d'aluminium peuvent \u00eatre adapt\u00e9es en termes de forme, de taille et de finition pour r\u00e9pondre \u00e0 des exigences architecturales et structurelles sp\u00e9cifiques.<br \/>\n<\/p><br \/>\n<br \/>\n<p><b>5) Quelles sont les finitions disponibles pour les extrusions de murs-rideaux en aluminium ? <\/b><\/p>\n<p> Les finitions courantes comprennent l'anodisation et le rev\u00eatement par poudre, qui renforcent la r\u00e9sistance \u00e0 la corrosion et permettent de choisir parmi diff\u00e9rentes options de couleur pour s'adapter \u00e0 l'esth\u00e9tique du design.<br \/>\n<\/p><br \/>\n<br \/>\n<p><b>6. les syst\u00e8mes de murs-rideaux en aluminium sont-ils adapt\u00e9s aux b\u00e2timents de grande hauteur ? <\/b><\/p>\n<p> Absolument, leur l\u00e9g\u00e8ret\u00e9 et leur r\u00e9sistance structurelle font des syst\u00e8mes de murs-rideaux en aluminium des solutions id\u00e9ales pour les immeubles de grande hauteur et les b\u00e2timents commerciaux.<br \/>\n<\/p><br \/>\n<br \/>\n<p><b>7. Comment les extrusions de mur-rideau en aluminium contribuent-elles aux pratiques de construction durable ? <\/b><\/p>\n<p> L'aluminium est enti\u00e8rement recyclable et sa durabilit\u00e9 r\u00e9duit le besoin de remplacements fr\u00e9quents, ce qui contribue \u00e0 une construction durable et respectueuse de l'environnement.<br \/>\n<\/p><br \/>\n<br \/>\n<p><b>8) Quel est l'entretien requis pour les syst\u00e8mes de murs-rideaux en aluminium ? <\/b><\/p>\n<p> Les syst\u00e8mes de murs-rideaux en aluminium ne n\u00e9cessitent qu'un entretien minimal ; un nettoyage r\u00e9gulier et des inspections p\u00e9riodiques suffisent \u00e0 pr\u00e9server leur apparence et leurs performances.<\/p>\n<p><\/p><br \/><\/p>","protected":false},"featured_media":7708,"template":"","categories":[67],"class_list":["post-7709","product","type-product","status-publish","has-post-thumbnail","hentry","category-architectural-aluminium-profile"],"meta_box":{"hilight_text_group":{"product_hilight_text":"<li>Lightweight yet strong, aluminum curtain wall extrusions offer an excellent strength-to-weight ratio, making them ideal for modern architectural designs.<\/li>\r\r\n<li>High corrosion resistance ensures durability and longevity, even in harsh environmental conditions.<\/li>\r\r\n<li>Excellent thermal performance, especially when combined with thermal breaks, enhances energy efficiency in buildings.<\/li>\r\r\n<li>Design flexibility allows for complex shapes and profiles, accommodating various aesthetic and structural requirements.<\/li>\r\r\n<li>Ease of fabrication and installation reduces construction time and labor costs.<\/li>\r\r\n<li>Compatibility with various glazing options, including double and triple glazing, improves insulation and acoustic performance.<\/li>\r\r\n<li>Fully recyclable material supports sustainable and eco-friendly building practices.<\/li>","product_chanpin_blog":"<ul>\r\r\n<li><a href=\"https:\/\/sinoextrud.com\/t-slot-v-slot-differences\/\" target=\"_blank\">t slot vs v slot<\/a><\/li>\r\r\n<li><a href=\"https:\/\/sinoextrud.com\/what-is-4040-aluminium-extrud\/\" target=\"_blank\">4040 aluminium extrusion<\/a><\/li>\r\r\n<li><a href=\"https:\/\/sinoextrud.com\/what-is-4040-aluminium-extrud\/\" target=\"_blank\">aluminum extrusions for industrial racks<\/a><\/li>\r\r\n<li><a href=\"https:\/\/sinoextrud.com\/powder-coating-aluminium-process\/\" target=\"_blank\">powder coating aluminium<\/a><\/li>\r\r\n<li><a href=\"https:\/\/sinoextrud.com\/what-is-an-aluminium-strip-ceiling\/\" target=\"_blank\">aluminium strip ceiling<\/a><\/li>\r\r\n<li><a href=\"https:\/\/sinoextrud.com\/what-is-a-heat-sink\/\" target=\"_blank\">what is a heat sink<\/a><\/li>\r\r\n<\/ul>","product_chanpin_chanpin":"<li><a href=\"https:\/\/sinoextrud.com\/product\/t-shaped-aluminum-extrusion\/\" target=\"_blank\">T Shaped Aluminum Extrusion<\/a><\/li>\r\n<li><a href=\"https:\/\/sinoextrud.com\/product\/curved-aluminium-extrusion\/\" target=\"_blank\">Curved Aluminium Extrusion<\/a><\/li>\r\n<li><a href=\"https:\/\/sinoextrud.com\/product\/modular-aluminum-framing-system\/\" target=\"_blank\">Modular Aluminum Framing System<\/a><\/li>\r\n<li><a href=\"https:\/\/sinoextrud.com\/product\/greenhouse-aluminium-extrusions-aluminium-sunroom-profile\/\" target=\"_blank\">Greenhouse Aluminium Extrusions Aluminium Sunroom Profile<\/a><\/li>\r\n<li><a href=\"https:\/\/sinoextrud.com\/product\/aluminum-curtain-wall-extrusions\/\" target=\"_blank\">Aluminum Curtain Wall Extrusions<\/a><\/li>\r\n<li><a href=\"https:\/\/sinoextrud.com\/product\/30-x-30-aluminum-extrusion-for-decoration\/\" target=\"_blank\">30 X 30 Aluminum Extrusion For Decoration<\/a><\/li>\r\n<li><a href=\"https:\/\/sinoextrud.com\/product\/30mm-aluminum-extrusion\/\" target=\"_blank\">30mm Aluminum Extrusion<\/a><\/li>\r\n<li><a href=\"https:\/\/sinoextrud.com\/product\/aluminium-rail-extrusions\/\" target=\"_blank\">Aluminium Rail Extrusions<\/a><\/li>\r\n<li><a href=\"https:\/\/sinoextrud.com\/product\/aluminium-door-window-fittings\/\" target=\"_blank\">Aluminium Door Window Fittings<\/a><\/li>\r\n<li><a href=\"https:\/\/sinoextrud.com\/product\/industrial-aluminum-profile-cad-drawing-uses-in-industry-customized-extrusion-press-manufacturers\/\" target=\"_blank\">industrial aluminum profile cad drawing uses in industry customized extrusion press manufacturers<\/a><\/li>\r\n<li><a href=\"https:\/\/sinoextrud.com\/product\/aluminum-cabinet-frame-extrusions\/\" target=\"_blank\">Aluminum Cabinet Frame Extrusions<\/a><\/li>"},"feature_list":[]},"_links":{"self":[{"href":"https:\/\/sinoextrud.com\/fr\/wp-json\/wp\/v2\/product\/7709","targetHints":{"allow":["GET"]}}],"collection":[{"href":"https:\/\/sinoextrud.com\/fr\/wp-json\/wp\/v2\/product"}],"about":[{"href":"https:\/\/sinoextrud.com\/fr\/wp-json\/wp\/v2\/types\/product"}],"wp:featuredmedia":[{"embeddable":true,"href":"https:\/\/sinoextrud.com\/fr\/wp-json\/wp\/v2\/media\/7708"}],"wp:attachment":[{"href":"https:\/\/sinoextrud.com\/fr\/wp-json\/wp\/v2\/media?parent=7709"}],"wp:term":[{"taxonomy":"category","embeddable":true,"href":"https:\/\/sinoextrud.com\/fr\/wp-json\/wp\/v2\/categories?post=7709"}],"curies":[{"name":"wp","href":"https:\/\/api.w.org\/{rel}","templated":true}]}}