{"id":7701,"date":"2025-06-10T01:59:43","date_gmt":"2025-06-10T01:59:43","guid":{"rendered":"https:\/\/sinoextrud.com\/product\/t-shaped-aluminum-extrusion\/"},"modified":"2025-06-24T06:13:27","modified_gmt":"2025-06-24T06:13:27","slug":"extrusion-daluminium-en-forme-de-t","status":"publish","type":"product","link":"https:\/\/sinoextrud.com\/fr\/product\/t-shaped-aluminum-extrusion\/","title":{"rendered":"Extrusion d'aluminium en forme de T"},"content":{"rendered":"<h2>D\u00e9tails des produits<\/h2>\n<table class=\"custom-table\">\n<tr>\n<td class=\"label\">Nom du produit<\/td>\n<td>Extrusion d'aluminium en forme de T<\/td>\n<\/tr>\n<tr>\n<td class=\"label\">Mat\u00e9riau<\/td>\n<td>6063, 6061, 6082, 6005, etc.<\/td>\n<\/tr>\n<tr>\n<td class=\"label\">Forme<\/td>\n<td>T fa\u00e7onn\u00e9<\/td>\n<\/tr>\n<tr>\n<td class=\"label\">Taille et \u00e9paisseur<\/td>\n<td>Selon les besoins du client<\/td>\n<\/tr>\n<tr>\n<td class=\"label\">Couleur<\/td>\n<td>couleur personnalis\u00e9e disponible<\/td>\n<\/tr>\n<tr>\n<td class=\"label\">Longueur<\/td>\n<td>Longueur standard 1-9M, autres longueurs sp\u00e9ciales disponibles.<\/td>\n<\/tr>\n<tr>\n<td class=\"label\">Application typique<\/td>\n<td>Industrie, architecture ou d\u00e9coration<\/td>\n<\/tr>\n<tr>\n<td class=\"label\">Marque d\u00e9pos\u00e9e<\/td>\n<td>Sinoextrud ou OEM<\/td>\n<\/tr>\n<tr>\n<td class=\"label\">MOQ<\/td>\n<td>200KG pour chaque article\/couleur<\/td>\n<\/tr>\n<tr>\n<td class=\"label\">Processus CNC<\/td>\n<td>Prise en charge du fraisage, du poin\u00e7onnage, du per\u00e7age, du taraudage et du cintrage CNC<\/td>\n<\/tr>\n<tr>\n<td class=\"label\">Traitement de surface<\/td>\n<td>Grain de bois, anodis\u00e9, rev\u00eatement en poudre, \u00e9lectrophor\u00e8se, rev\u00eatement PVDF, bross\u00e9, etc.<\/td>\n<\/tr>\n<tr>\n<td class=\"label\">Certifications<\/td>\n<td>ISO9001, ISO4001, CQM, SGS, CE, BV, etc.<\/td>\n<\/tr>\n<tr>\n<td class=\"label\">D\u00e9lai d'ex\u00e9cution<\/td>\n<td>Ouverture du moule et confirmation de l'\u00e9chantillon 12-15 jours<\/td>\n<\/tr>\n<tr>\n<td class=\"label\"><\/td>\n<td>Production de masse 25-30 jours<\/td>\n<\/tr>\n<tr>\n<td class=\"label\">D\u00e9lai de livraison<\/td>\n<td>FOB Foshan\/Guangzhou\/Shenzhen<\/td>\n<\/tr>\n<tr>\n<td class=\"label\">D\u00e9lai de paiement<\/td>\n<td>Alipay,LC ou TT 30% d\u00e9p\u00f4t,70% solde avant exp\u00e9dition<\/td>\n<\/tr>\n<tr>\n<td class=\"label\">Lieu d'origine<\/td>\n<td>Guangdong, Chine<\/td>\n<\/tr>\n<\/table>\n<h2>Notre base de production<\/h2>\n<h3>Panorama de l'usine<\/h3>\n<p><img decoding=\"async\" src=\"\/wp-content\/uploads\/factory-01.webp\"\/><\/p>\n<h3>Atelier de fabrication de barres d'aluminium<\/h3>\n<p><img decoding=\"async\" src=\"\/wp-content\/uploads\/factory-02.webp\"\/><\/p>\n<p><img decoding=\"async\" src=\"\/wp-content\/uploads\/factory-03.webp\"\/><\/p>\n<h3>Entrep\u00f4t de stockage des moules<\/h3>\n<p><img decoding=\"async\" src=\"\/wp-content\/uploads\/factory-04.webp\"\/><\/p>\n<h3>43 lignes d'extrusion d'aluminium (500 \u00e0 5500 tonnes)<\/h3>\n<p><img decoding=\"async\" src=\"\/wp-content\/uploads\/factory-05.webp\"\/><\/p>\n<p><img decoding=\"async\" src=\"\/wp-content\/uploads\/factory-06.webp\"\/><\/p>\n<p><img decoding=\"async\" src=\"\/wp-content\/uploads\/factory-07.webp\"\/><\/p>\n<h3>Atelier de peinture en poudre<\/h3>\n<p><img decoding=\"async\" src=\"\/wp-content\/uploads\/factory-09.webp\"\/><\/p>\n<h3>Atelier d'anodisation<\/h3>\n<p><img decoding=\"async\" src=\"\/wp-content\/uploads\/factory-10.webp\"\/><\/p>\n<h3>Atelier sur le traitement en profondeur<\/h3>\n<p><img decoding=\"async\" src=\"\/wp-content\/uploads\/factory-11.webp\"\/><\/p>\n<h3>Atelier d'usinage de pr\u00e9cision CNC<\/h3>\n<p><img decoding=\"async\" src=\"\/wp-content\/uploads\/factory-11.5.webp\"\/><\/p>\n<h3>Entrep\u00f4t de produits finis et d'exportation<\/h3>\n<p><img decoding=\"async\" src=\"\/wp-content\/uploads\/factory-12.webp\"\/><\/p>\n<p><img decoding=\"async\" src=\"\/wp-content\/uploads\/factory-13.webp\"\/><\/p>\n<p><img decoding=\"async\" src=\"\/wp-content\/uploads\/factory-14.webp\"\/><\/p>\n<h2>FAQ<\/h2>\n<p><p><b>1) Qu'est-ce que l'extrusion d'aluminium en forme de T ? <\/b><\/p>\n<p> L'extrusion d'aluminium en forme de T est un profil\u00e9 structurel avec une section transversale en \"T\", utilis\u00e9 dans les applications de charpente, de renforcement et de construction pour assurer le soutien et la stabilit\u00e9.<br \/>\n<\/p><br \/>\n<br \/>\n<p><b>2. pourquoi choisir les profil\u00e9s en aluminium en forme de T ? <\/b><\/p>\n<p> La conception en forme de T permet une r\u00e9partition efficace de la charge et une r\u00e9sistance accrue, ce qui en fait un produit id\u00e9al pour les applications structurelles n\u00e9cessitant stabilit\u00e9 et soutien.<br \/>\n<\/p><br \/>\n<br \/>\n<p><b>3. Les profil\u00e9s en aluminium en forme de T peuvent-ils \u00eatre personnalis\u00e9s ? <\/b><\/p>\n<p> Oui, les profil\u00e9s en aluminium en forme de T peuvent \u00eatre personnalis\u00e9s en termes de longueur, d'\u00e9paisseur et de finition pour r\u00e9pondre aux besoins et aux conceptions de projets sp\u00e9cifiques.<br \/>\n<\/p><br \/>\n<br \/>\n<p><b>4. Ces profil\u00e9s conviennent-ils \u00e0 une utilisation en ext\u00e9rieur ? <\/b><\/p>\n<p> Oui, la surface en aluminium r\u00e9sistant \u00e0 la corrosion les rend parfaits pour les applications int\u00e9rieures et ext\u00e9rieures, y compris les environnements expos\u00e9s aux intemp\u00e9ries.<br \/>\n<\/p><br \/>\n<br \/>\n<p><b>5. Quelles sont les finitions disponibles pour les profil\u00e9s aluminium en T ? <\/b><\/p>\n<p> Les finitions les plus courantes sont l'anodisation, le rev\u00eatement par poudre et la finition en usine, qui offrent \u00e0 la fois une protection et un attrait esth\u00e9tique pour diverses applications.<br \/>\n<\/p><br \/>\n<br \/>\n<p><b>6. quelle est la facilit\u00e9 d'installation des profil\u00e9s aluminium en T ? <\/b><\/p>\n<p> Les extrusions en forme de T sont faciles \u00e0 couper, \u00e0 percer et \u00e0 installer, et peuvent \u00eatre assembl\u00e9es avec un minimum d'outils, ce qui r\u00e9duit le temps de travail et les co\u00fbts.<br \/>\n<\/p><br \/>\n<br \/>\n<p><b>7) Quelles sont les industries qui utilisent le plus souvent des profil\u00e9s en aluminium en forme de T ? <\/b><\/p>\n<p> Les profil\u00e9s d'aluminium en forme de T sont largement utilis\u00e9s dans les secteurs de la construction, de la fabrication, de la charpente et de l'automatisation pour le renforcement structurel, les supports et les syst\u00e8mes de soutien.<br \/>\n<\/p><br \/>\n<br \/>\n<p><b>8. les profil\u00e9s aluminium en T sont-ils \u00e9cologiques ? <\/b><\/p>\n<p> Oui, l'aluminium est 100% recyclable, ce qui fait des extrusions d'aluminium en forme de T un choix \u00e9cologique et durable pour les projets industriels et de construction.<br \/>\n<\/p><br \/><\/p>","protected":false},"featured_media":7700,"template":"","categories":[67],"class_list":["post-7701","product","type-product","status-publish","has-post-thumbnail","hentry","category-architectural-aluminium-profile"],"meta_box":{"hilight_text_group":{"product_hilight_text":"<li>T-shaped aluminum extrusion provides excellent structural support and stability for various applications.<\/li>\r\r\n<li>Lightweight yet durable, ensuring ease of handling and long-term performance.<\/li>\r\r\n<li>Corrosion-resistant surface ideal for both indoor and outdoor environments.<\/li>\r\r\n<li>Customizable sizes, finishes, and shapes to meet specific project requirements.<\/li>\r\r\n<li>Perfect for framing, brackets, and structural reinforcements in industrial and construction projects.<\/li>\r\r\n<li>Easy to fabricate and install with minimal tools and labor, reducing overall costs.<\/li>","product_chanpin_blog":"<ul>\r\r\n<li><a href=\"https:\/\/sinoextrud.com\/t-slot-v-slot-differences\/\" target=\"_blank\">t slot vs v slot<\/a><\/li>\r\r\n<li><a href=\"https:\/\/sinoextrud.com\/what-is-4040-aluminium-extrud\/\" target=\"_blank\">4040 aluminium extrusion<\/a><\/li>\r\r\n<li><a href=\"https:\/\/sinoextrud.com\/what-is-4040-aluminium-extrud\/\" target=\"_blank\">aluminum extrusions for industrial racks<\/a><\/li>\r\r\n<li><a href=\"https:\/\/sinoextrud.com\/powder-coating-aluminium-process\/\" target=\"_blank\">powder coating aluminium<\/a><\/li>\r\r\n<li><a href=\"https:\/\/sinoextrud.com\/what-is-an-aluminium-strip-ceiling\/\" target=\"_blank\">aluminium strip ceiling<\/a><\/li>\r\r\n<li><a href=\"https:\/\/sinoextrud.com\/what-is-a-heat-sink\/\" target=\"_blank\">what is a heat sink<\/a><\/li>\r\r\n<\/ul>","product_chanpin_chanpin":"<li><a href=\"https:\/\/sinoextrud.com\/product\/building-materials-aluminium-profile-curtain-rod\/\" target=\"_blank\">Building Materials Aluminium Profile Curtain Rod<\/a><\/li>\r\n<li><a href=\"https:\/\/sinoextrud.com\/product\/factory-offer-extrude-aluminium-track-profile\/\" target=\"_blank\">Factory Offer Extrude Aluminium Track Profile<\/a><\/li>\r\n<li><a href=\"https:\/\/sinoextrud.com\/product\/clip-on-aluminium-profiles\/\" target=\"_blank\">Clip On Aluminium Profiles<\/a><\/li>\r\n<li><a href=\"https:\/\/sinoextrud.com\/product\/extruded-aluminum-connectors-for-door\/\" target=\"_blank\">Extruded Aluminum Connectors For Door<\/a><\/li>\r\n<li><a href=\"https:\/\/sinoextrud.com\/product\/t-shaped-aluminum-extrusion\/\" target=\"_blank\">T Shaped Aluminum Extrusion<\/a><\/li>\r\n<li><a href=\"https:\/\/sinoextrud.com\/product\/curved-aluminium-extrusion\/\" target=\"_blank\">Curved Aluminium Extrusion<\/a><\/li>\r\n<li><a href=\"https:\/\/sinoextrud.com\/product\/modular-aluminum-framing-system\/\" target=\"_blank\">Modular Aluminum Framing System<\/a><\/li>\r\n<li><a href=\"https:\/\/sinoextrud.com\/product\/greenhouse-aluminium-extrusions-aluminium-sunroom-profile\/\" target=\"_blank\">Greenhouse Aluminium Extrusions Aluminium Sunroom Profile<\/a><\/li>\r\n<li><a href=\"https:\/\/sinoextrud.com\/product\/aluminum-curtain-wall-extrusions\/\" target=\"_blank\">Aluminum Curtain Wall Extrusions<\/a><\/li>\r\n<li><a href=\"https:\/\/sinoextrud.com\/product\/6063t6-aluminium-profile-corner\/\" target=\"_blank\">6063T6 Aluminium Profile Corner<\/a><\/li>\r\n<li><a href=\"https:\/\/sinoextrud.com\/product\/glazing-channels-extrusions\/\" target=\"_blank\">Glazing Channels Extrusions<\/a><\/li>"},"feature_list":[]},"_links":{"self":[{"href":"https:\/\/sinoextrud.com\/fr\/wp-json\/wp\/v2\/product\/7701","targetHints":{"allow":["GET"]}}],"collection":[{"href":"https:\/\/sinoextrud.com\/fr\/wp-json\/wp\/v2\/product"}],"about":[{"href":"https:\/\/sinoextrud.com\/fr\/wp-json\/wp\/v2\/types\/product"}],"wp:featuredmedia":[{"embeddable":true,"href":"https:\/\/sinoextrud.com\/fr\/wp-json\/wp\/v2\/media\/7700"}],"wp:attachment":[{"href":"https:\/\/sinoextrud.com\/fr\/wp-json\/wp\/v2\/media?parent=7701"}],"wp:term":[{"taxonomy":"category","embeddable":true,"href":"https:\/\/sinoextrud.com\/fr\/wp-json\/wp\/v2\/categories?post=7701"}],"curies":[{"name":"wp","href":"https:\/\/api.w.org\/{rel}","templated":true}]}}