{"id":7695,"date":"2025-06-10T01:50:24","date_gmt":"2025-06-10T01:50:24","guid":{"rendered":"https:\/\/sinoextrud.com\/product\/factory-offer-extrude-aluminium-track-profile\/"},"modified":"2025-06-24T06:13:25","modified_gmt":"2025-06-24T06:13:25","slug":"offre-dusine-profile-de-rail-en-aluminium-extrude","status":"publish","type":"product","link":"https:\/\/sinoextrud.com\/fr\/product\/factory-offer-extrude-aluminium-track-profile\/","title":{"rendered":"Offre d'usine Profil\u00e9 de rail en aluminium extrud\u00e9"},"content":{"rendered":"<h2>D\u00e9tails des produits<\/h2>\n<table class=\"custom-table\">\n<tbody>\n<tr>\n<td> Grade :<\/td>\n<td> 6063 -t5<\/td>\n<\/tr>\n<tr>\n<td> Technique :<\/td>\n<td> Offre d'usine Profil\u00e9 de rail en aluminium extrud\u00e9<\/td>\n<\/tr>\n<tr>\n<td> Temp\u00e9rer :<\/td>\n<td> T3 - T8<\/td>\n<\/tr>\n<tr>\n<td> Services d'usinage :<\/td>\n<td> Per\u00e7age, taraudage, rivetage, assemblage, etc.<\/td>\n<\/tr>\n<tr>\n<td> Marque d\u00e9pos\u00e9e :<\/td>\n<td> Sinoextrud Sinoextrud <\/td>\n<\/tr>\n<tr>\n<td> Type :<\/td>\n<td> Offre d'usine Profil\u00e9 de rail en aluminium extrud\u00e9<\/td>\n<\/tr>\n<tr>\n<td> Forme :<\/td>\n<td> Con\u00e7us par les clients<\/td>\n<\/tr>\n<tr>\n<td> Traitement de surface :<\/td>\n<td> Anodis\u00e9 Electrophor\u00e8se Rev\u00eatement par poudre Grain de bois<\/td>\n<\/tr>\n<tr>\n<td> Longueur :<\/td>\n<td> 1m \u00e0 9m par longueur<\/td>\n<\/tr>\n<tr>\n<td> Couleurs :<\/td>\n<td> Argent Noir<\/td>\n<\/tr>\n<tr>\n<td> Code HS :<\/td>\n<td> 76042990<\/td>\n<\/tr>\n<\/tbody>\n<\/table>\n<h2>Notre base de production<\/h2>\n<h3>Panorama de l'usine<\/h3>\n<p><img decoding=\"async\" src=\"\/wp-content\/uploads\/factory-01.webp\"\/><\/p>\n<h3>Atelier de fabrication de barres d'aluminium<\/h3>\n<p><img decoding=\"async\" src=\"\/wp-content\/uploads\/factory-02.webp\"\/><\/p>\n<p><img decoding=\"async\" src=\"\/wp-content\/uploads\/factory-03.webp\"\/><\/p>\n<h3>Entrep\u00f4t de stockage des moules<\/h3>\n<p><img decoding=\"async\" src=\"\/wp-content\/uploads\/factory-04.webp\"\/><\/p>\n<h3>43 lignes d'extrusion d'aluminium (500 \u00e0 5500 tonnes)<\/h3>\n<p><img decoding=\"async\" src=\"\/wp-content\/uploads\/factory-05.webp\"\/><\/p>\n<p><img decoding=\"async\" src=\"\/wp-content\/uploads\/factory-06.webp\"\/><\/p>\n<p><img decoding=\"async\" src=\"\/wp-content\/uploads\/factory-07.webp\"\/><\/p>\n<h3>Atelier de peinture en poudre<\/h3>\n<p><img decoding=\"async\" src=\"\/wp-content\/uploads\/factory-09.webp\"\/><\/p>\n<h3>Atelier d'anodisation<\/h3>\n<p><img decoding=\"async\" src=\"\/wp-content\/uploads\/factory-10.webp\"\/><\/p>\n<h3>Atelier sur le traitement en profondeur<\/h3>\n<p><img decoding=\"async\" src=\"\/wp-content\/uploads\/factory-11.webp\"\/><\/p>\n<h3>Atelier d'usinage de pr\u00e9cision CNC<\/h3>\n<p><img decoding=\"async\" src=\"\/wp-content\/uploads\/factory-11.5.webp\"\/><\/p>\n<h3>Entrep\u00f4t de produits finis et d'exportation<\/h3>\n<p><img decoding=\"async\" src=\"\/wp-content\/uploads\/factory-12.webp\"\/><\/p>\n<p><img decoding=\"async\" src=\"\/wp-content\/uploads\/factory-13.webp\"\/><\/p>\n<p><img decoding=\"async\" src=\"\/wp-content\/uploads\/factory-14.webp\"\/><\/p>\n<h2>FAQ<\/h2>\n<p><p><b>1) Qu'est-ce qu'un profil\u00e9 de rail en aluminium extrud\u00e9 ? <\/b><\/p>\n<p> Il s'agit d'un profil\u00e9 de rail en aluminium propos\u00e9 directement par l'usine, con\u00e7u pour diverses applications industrielles et commerciales, telles que les syst\u00e8mes de glissement et l'automatisation.<br \/>\n<\/p><br \/>\n<br \/>\n<p><b>2) Pourquoi choisir les profil\u00e9s d'aluminium extrud\u00e9s en direct de l'usine ? <\/b><\/p>\n<p> Les profils directs d'usine \u00e9liminent les interm\u00e9diaires et offrent des solutions rentables tout en maintenant une qualit\u00e9 et une pr\u00e9cision \u00e9lev\u00e9es.<br \/>\n<\/p><br \/>\n<br \/>\n<p><b>3) Ces profil\u00e9s de rail en aluminium peuvent-ils \u00eatre personnalis\u00e9s ? <\/b><\/p>\n<p> Oui, ils peuvent \u00eatre personnalis\u00e9s en termes de taille, de forme, de finition et d'alliage pour r\u00e9pondre aux exigences d'applications sp\u00e9cifiques.<br \/>\n<\/p><br \/>\n<br \/>\n<p><b>4. ces chenilles conviennent-elles \u00e0 une utilisation en ext\u00e9rieur ? <\/b><\/p>\n<p> Oui, avec des finitions r\u00e9sistantes \u00e0 la corrosion, les profil\u00e9s de rail en aluminium conviennent aussi bien aux environnements int\u00e9rieurs qu'ext\u00e9rieurs.<br \/>\n<\/p><br \/>\n<br \/>\n<p><b>5) Quelles sont les industries qui utilisent les profil\u00e9s de rail en aluminium ? <\/b><\/p>\n<p> Ils sont largement utilis\u00e9s dans des secteurs tels que la construction, l'automatisation, la manutention, les syst\u00e8mes de portes coulissantes et l'encadrement de machines.<br \/>\n<\/p><br \/>\n<br \/>\n<p><b>6. quelle est la pr\u00e9cision des extrusions ? <\/b><\/p>\n<p> Le processus d'extrusion de pr\u00e9cision assure une qualit\u00e9 constante et des tol\u00e9rances \u00e9troites, garantissant un ajustement et des performances pr\u00e9cises.<br \/>\n<\/p><br \/>\n<br \/>\n<p><b>7. l'aluminium est-il respectueux de l'environnement ? <\/b><\/p>\n<p> Oui, l'aluminium est 100% recyclable et durable, ce qui en fait un choix \u00e9cologique pour la construction et les applications industrielles.<br \/>\n<\/p><br \/>\n<br \/>\n<p><b>8. ces profil\u00e9s sont-ils faciles \u00e0 installer ? <\/b><\/p>\n<p> Oui, les profils de rail en aluminium sont con\u00e7us pour une installation rapide et facile, avec du mat\u00e9riel de montage standard et un minimum d'outils.<br \/>\n<\/p><br \/><\/p>","protected":false},"featured_media":7694,"template":"","categories":[67],"class_list":["post-7695","product","type-product","status-publish","has-post-thumbnail","hentry","category-architectural-aluminium-profile"],"meta_box":{"hilight_text_group":{"product_hilight_text":"<li>Factory direct pricing offers cost-effective solutions for aluminum track profiles.<\/li>\r\r\n<li>High-strength aluminum construction ensures durability and long-lasting performance.<\/li>\r\r\n<li>Customizable profiles available in various sizes, shapes, and finishes to meet specific project needs.<\/li>\r\r\n<li>Corrosion-resistant surface ideal for both indoor and outdoor applications.<\/li>\r\r\n<li>Precision extrusion process ensures consistent quality and dimensional accuracy.<\/li>\r\r\n<li>Perfect for sliding doors, conveyors, automation systems, and other rail applications.<\/li>","product_chanpin_blog":"<ul>\r\r\n<li><a href=\"https:\/\/sinoextrud.com\/t-slot-v-slot-differences\/\" target=\"_blank\">t slot vs v slot<\/a><\/li>\r\r\n<li><a href=\"https:\/\/sinoextrud.com\/what-is-4040-aluminium-extrud\/\" target=\"_blank\">4040 aluminium extrusion<\/a><\/li>\r\r\n<li><a href=\"https:\/\/sinoextrud.com\/what-is-4040-aluminium-extrud\/\" target=\"_blank\">aluminum extrusions for industrial racks<\/a><\/li>\r\r\n<li><a href=\"https:\/\/sinoextrud.com\/powder-coating-aluminium-process\/\" target=\"_blank\">powder coating aluminium<\/a><\/li>\r\r\n<li><a href=\"https:\/\/sinoextrud.com\/what-is-an-aluminium-strip-ceiling\/\" target=\"_blank\">aluminium strip ceiling<\/a><\/li>\r\r\n<li><a href=\"https:\/\/sinoextrud.com\/what-is-a-heat-sink\/\" target=\"_blank\">what is a heat sink<\/a><\/li>\r\r\n<\/ul>","product_chanpin_chanpin":"<li><a href=\"https:\/\/sinoextrud.com\/product\/extruded-aluminium-channel\/\" target=\"_blank\">Extruded Aluminium Channel<\/a><\/li>\r\n<li><a href=\"https:\/\/sinoextrud.com\/product\/y-section-aluminium-extrusion\/\" target=\"_blank\">Y Section Aluminium Extrusion<\/a><\/li>\r\n<li><a href=\"https:\/\/sinoextrud.com\/product\/round-aluminum-extrusion-architeture-fabrication\/\" target=\"_blank\">Round Aluminum Extrusion Architeture Fabrication<\/a><\/li>\r\n<li><a href=\"https:\/\/sinoextrud.com\/product\/building-materials-aluminium-profile-curtain-rod\/\" target=\"_blank\">Building Materials Aluminium Profile Curtain Rod<\/a><\/li>\r\n<li><a href=\"https:\/\/sinoextrud.com\/product\/factory-offer-extrude-aluminium-track-profile\/\" target=\"_blank\">Factory Offer Extrude Aluminium Track Profile<\/a><\/li>\r\n<li><a href=\"https:\/\/sinoextrud.com\/product\/clip-on-aluminium-profiles\/\" target=\"_blank\">Clip On Aluminium Profiles<\/a><\/li>\r\n<li><a href=\"https:\/\/sinoextrud.com\/product\/extruded-aluminum-connectors-for-door\/\" target=\"_blank\">Extruded Aluminum Connectors For Door<\/a><\/li>\r\n<li><a href=\"https:\/\/sinoextrud.com\/product\/t-shaped-aluminum-extrusion\/\" target=\"_blank\">T Shaped Aluminum Extrusion<\/a><\/li>\r\n<li><a href=\"https:\/\/sinoextrud.com\/product\/curved-aluminium-extrusion\/\" target=\"_blank\">Curved Aluminium Extrusion<\/a><\/li>\r\n<li><a href=\"https:\/\/sinoextrud.com\/product\/aluminum-sunshading-profile\/\" target=\"_blank\">Aluminum Sunshading Profile<\/a><\/li>\r\n<li><a href=\"https:\/\/sinoextrud.com\/product\/aluminum-windows-and-doors-for-nigeria\/\" target=\"_blank\">Aluminum windows And Doors For Nigeria<\/a><\/li>"},"feature_list":[]},"_links":{"self":[{"href":"https:\/\/sinoextrud.com\/fr\/wp-json\/wp\/v2\/product\/7695","targetHints":{"allow":["GET"]}}],"collection":[{"href":"https:\/\/sinoextrud.com\/fr\/wp-json\/wp\/v2\/product"}],"about":[{"href":"https:\/\/sinoextrud.com\/fr\/wp-json\/wp\/v2\/types\/product"}],"wp:featuredmedia":[{"embeddable":true,"href":"https:\/\/sinoextrud.com\/fr\/wp-json\/wp\/v2\/media\/7694"}],"wp:attachment":[{"href":"https:\/\/sinoextrud.com\/fr\/wp-json\/wp\/v2\/media?parent=7695"}],"wp:term":[{"taxonomy":"category","embeddable":true,"href":"https:\/\/sinoextrud.com\/fr\/wp-json\/wp\/v2\/categories?post=7695"}],"curies":[{"name":"wp","href":"https:\/\/api.w.org\/{rel}","templated":true}]}}