{"id":7685,"date":"2025-06-10T01:39:07","date_gmt":"2025-06-10T01:39:07","guid":{"rendered":"https:\/\/sinoextrud.com\/product\/slotted-extruded-aluminum-u-shaped-bending-punching\/"},"modified":"2025-06-24T06:13:24","modified_gmt":"2025-06-24T06:13:24","slug":"aluminium-extrude-fendu-en-forme-de-u-cintrage-poinconnage","status":"publish","type":"product","link":"https:\/\/sinoextrud.com\/fr\/product\/slotted-extruded-aluminum-u-shaped-bending-punching\/","title":{"rendered":"Aluminium extrud\u00e9 fendu en forme de U Pliage Poin\u00e7onnage"},"content":{"rendered":"<h2>D\u00e9tails des produits<\/h2>\n<table class=\"custom-table\">\n<tbody>\n<tr>\n<td> Objet<\/td>\n<td> Pliage et poin\u00e7onnage en U de l'aluminium extrud\u00e9 fendu<\/td>\n<\/tr>\n<tr>\n<td> Alliage d'aluminium<\/td>\n<td> 6063-T5, ou personnalisation<\/td>\n<\/tr>\n<tr>\n<td> Traitement de surface<\/td>\n<td> sablage, traitement CNC ou personnalisation<\/td>\n<\/tr>\n<tr>\n<td> Couleur<\/td>\n<td> argent ou personnalisation<\/td>\n<\/tr>\n<tr>\n<td> Taille<\/td>\n<td> Traitement CNC ou personnalisation<\/td>\n<\/tr>\n<tr>\n<td> Application<\/td>\n<td> Profil\u00e9 d'aluminium pour portes et fen\u00eatres, profil\u00e9 d'aluminium pour la d\u00e9coration, profil\u00e9 d'aluminium pour parois vitr\u00e9es, profil\u00e9 d'aluminium pour le transport<\/td>\n<\/tr>\n<tr>\n<td> Marque<\/td>\n<td> Sinoextrud \/ Sinoextrud \/ Sinoextrud Aluminium<\/td>\n<\/tr>\n<tr>\n<td> Origine<\/td>\n<td> Foshan, Chine<\/td>\n<\/tr>\n<\/tbody>\n<\/table>\n<h2>Notre base de production<\/h2>\n<h3>Panorama de l'usine<\/h3>\n<p><img decoding=\"async\" src=\"\/wp-content\/uploads\/factory-01.webp\"\/><\/p>\n<h3>Atelier de fabrication de barres d'aluminium<\/h3>\n<p><img decoding=\"async\" src=\"\/wp-content\/uploads\/factory-02.webp\"\/><\/p>\n<p><img decoding=\"async\" src=\"\/wp-content\/uploads\/factory-03.webp\"\/><\/p>\n<h3>Entrep\u00f4t de stockage des moules<\/h3>\n<p><img decoding=\"async\" src=\"\/wp-content\/uploads\/factory-04.webp\"\/><\/p>\n<h3>43 lignes d'extrusion d'aluminium (500 \u00e0 5500 tonnes)<\/h3>\n<p><img decoding=\"async\" src=\"\/wp-content\/uploads\/factory-05.webp\"\/><\/p>\n<p><img decoding=\"async\" src=\"\/wp-content\/uploads\/factory-06.webp\"\/><\/p>\n<p><img decoding=\"async\" src=\"\/wp-content\/uploads\/factory-07.webp\"\/><\/p>\n<h3>Atelier de peinture en poudre<\/h3>\n<p><img decoding=\"async\" src=\"\/wp-content\/uploads\/factory-09.webp\"\/><\/p>\n<h3>Atelier d'anodisation<\/h3>\n<p><img decoding=\"async\" src=\"\/wp-content\/uploads\/factory-10.webp\"\/><\/p>\n<h3>Atelier sur le traitement en profondeur<\/h3>\n<p><img decoding=\"async\" src=\"\/wp-content\/uploads\/factory-11.webp\"\/><\/p>\n<h3>Atelier d'usinage de pr\u00e9cision CNC<\/h3>\n<p><img decoding=\"async\" src=\"\/wp-content\/uploads\/factory-11.5.webp\"\/><\/p>\n<h3>Entrep\u00f4t de produits finis et d'exportation<\/h3>\n<p><img decoding=\"async\" src=\"\/wp-content\/uploads\/factory-12.webp\"\/><\/p>\n<p><img decoding=\"async\" src=\"\/wp-content\/uploads\/factory-13.webp\"\/><\/p>\n<p><img decoding=\"async\" src=\"\/wp-content\/uploads\/factory-14.webp\"\/><\/p>\n<h2>FAQ<\/h2>\n<p><p><b>1) Qu'est-ce que le poin\u00e7onnage par pliage en forme de U de l'aluminium extrud\u00e9 fendu ? <\/b><\/p>\n<p> Il s'agit d'un profil\u00e9 d'aluminium en forme de U avec des fentes, con\u00e7u pour le cintrage et le poin\u00e7onnage sur mesure, utilis\u00e9 dans diverses applications industrielles et structurelles.<br \/>\n<\/p><br \/>\n<br \/>\n<p><b>2. quels sont les avantages de la conception \u00e0 fentes ? <\/b><\/p>\n<p> Les fentes facilitent le montage, l'acheminement des c\u00e2bles et l'assemblage modulaire, ce qui accro\u00eet la flexibilit\u00e9 de l'installation.<br \/>\n<\/p><br \/>\n<br \/>\n<p><b>3. Pourquoi utiliser une extrusion d'aluminium en forme de U ? <\/b><\/p>\n<p> La forme en U offre un support solide et une grande rigidit\u00e9, id\u00e9ale pour les encadrements, les supports et les renforcements structurels.<br \/>\n<\/p><br \/>\n<br \/>\n<p><b>4. ce profil\u00e9 peut-il \u00eatre personnalis\u00e9 par pliage et poin\u00e7onnage ? <\/b><\/p>\n<p> Oui, l'aluminium peut \u00eatre pli\u00e9 et poin\u00e7onn\u00e9 avec pr\u00e9cision afin d'obtenir des formes et des sch\u00e9mas de per\u00e7age personnalis\u00e9s pour des projets sp\u00e9cifiques.<br \/>\n<\/p><br \/>\n<br \/>\n<p><b>5. ce profil\u00e9 en aluminium r\u00e9siste-t-il \u00e0 la corrosion ? <\/b><\/p>\n<p> Absolument, la surface anodis\u00e9e ou rev\u00eatue de poudre prot\u00e8ge contre la rouille et l'oxydation, et convient \u00e0 une utilisation int\u00e9rieure et ext\u00e9rieure.<br \/>\n<\/p><br \/>\n<br \/>\n<p><b>6. quels sont les secteurs d'activit\u00e9 qui utilisent couramment ce profil ? <\/b><\/p>\n<p> Il est utilis\u00e9 dans les bo\u00eetiers \u00e9lectriques, les \u00e9quipements d'automatisation, les panneaux de contr\u00f4le, les encadrements industriels et les syst\u00e8mes de chemins de c\u00e2bles.<br \/>\n<\/p><br \/>\n<br \/>\n<p><b>7. le mat\u00e9riau est-il facile \u00e0 travailler ? <\/b><\/p>\n<p> Oui, l'aluminium est l\u00e9ger et facile \u00e0 usiner, ce qui le rend id\u00e9al pour la d\u00e9coupe, le cintrage, le per\u00e7age et la fabrication.<br \/>\n<\/p><br \/>\n<br \/>\n<p><b>8. ce produit peut-il supporter des charges lourdes ? <\/b><\/p>\n<p> Oui, la structure en aluminium extrud\u00e9 offre un excellent rapport r\u00e9sistance\/poids pour supporter les composants m\u00e9caniques et structurels.<br \/>\n<\/p><br \/><\/p>","protected":false},"featured_media":7684,"template":"","categories":[67],"class_list":["post-7685","product","type-product","status-publish","has-post-thumbnail","hentry","category-architectural-aluminium-profile"],"meta_box":{"hilight_text_group":{"product_hilight_text":"<li>Slotted design allows for flexible mounting and cable management.<\/li>\r\r\n<li>U-shaped extruded aluminum offers strong structural integrity and rigidity.<\/li>\r\r\n<li>Supports custom bending and punching for tailored assembly solutions.<\/li>\r\r\n<li>Corrosion-resistant surface ensures long-term durability in harsh environments.<\/li>\r\r\n<li>Lightweight material simplifies transport, handling, and installation.<\/li>\r\r\n<li>Ideal for enclosures, brackets, automation, and control panel systems.<\/li>","product_chanpin_blog":"<ul>\r\r\n<li><a href=\"https:\/\/sinoextrud.com\/t-slot-v-slot-differences\/\" target=\"_blank\">t slot vs v slot<\/a><\/li>\r\r\n<li><a href=\"https:\/\/sinoextrud.com\/what-is-4040-aluminium-extrud\/\" target=\"_blank\">4040 aluminium extrusion<\/a><\/li>\r\r\n<li><a href=\"https:\/\/sinoextrud.com\/what-is-4040-aluminium-extrud\/\" target=\"_blank\">aluminum extrusions for industrial racks<\/a><\/li>\r\r\n<li><a href=\"https:\/\/sinoextrud.com\/powder-coating-aluminium-process\/\" target=\"_blank\">powder coating aluminium<\/a><\/li>\r\r\n<li><a href=\"https:\/\/sinoextrud.com\/what-is-an-aluminium-strip-ceiling\/\" target=\"_blank\">aluminium strip ceiling<\/a><\/li>\r\r\n<li><a href=\"https:\/\/sinoextrud.com\/what-is-a-heat-sink\/\" target=\"_blank\">what is a heat sink<\/a><\/li>\r\r\n<\/ul>","product_chanpin_chanpin":"<li><a href=\"https:\/\/sinoextrud.com\/product\/aluminum-track-extrusion\/\" target=\"_blank\">Aluminum Track Extrusion<\/a><\/li>\r\n<li><a href=\"https:\/\/sinoextrud.com\/product\/aluminum-trailer-decking\/\" target=\"_blank\">Aluminum Trailer Decking<\/a><\/li>\r\n<li><a href=\"https:\/\/sinoextrud.com\/product\/three-acid-oxidation-aluminium-u-shaped-channel\/\" target=\"_blank\">Three Acid Oxidation Aluminium U Shaped Channel<\/a><\/li>\r\n<li><a href=\"https:\/\/sinoextrud.com\/product\/extruded-aluminum-sections\/\" target=\"_blank\">Extruded Aluminum Sections<\/a><\/li>\r\n<li><a href=\"https:\/\/sinoextrud.com\/product\/slotted-extruded-aluminum-u-shaped-bending-punching\/\" target=\"_blank\">Slotted Extruded Aluminum U Shaped Bending Punching<\/a><\/li>\r\n<li><a href=\"https:\/\/sinoextrud.com\/product\/extruded-aluminium-channel\/\" target=\"_blank\">Extruded Aluminium Channel<\/a><\/li>\r\n<li><a href=\"https:\/\/sinoextrud.com\/product\/y-section-aluminium-extrusion\/\" target=\"_blank\">Y Section Aluminium Extrusion<\/a><\/li>\r\n<li><a href=\"https:\/\/sinoextrud.com\/product\/round-aluminum-extrusion-architeture-fabrication\/\" target=\"_blank\">Round Aluminum Extrusion Architeture Fabrication<\/a><\/li>\r\n<li><a href=\"https:\/\/sinoextrud.com\/product\/building-materials-aluminium-profile-curtain-rod\/\" target=\"_blank\">Building Materials Aluminium Profile Curtain Rod<\/a><\/li>\r\n<li><a href=\"https:\/\/sinoextrud.com\/product\/round-aluminum-tube\/\" target=\"_blank\">Round Aluminum Tube<\/a><\/li>\r\n<li><a href=\"https:\/\/sinoextrud.com\/product\/thermal-break-aluminium-profiles\/\" target=\"_blank\">Thermal Break Aluminium Profiles<\/a><\/li>"},"feature_list":[]},"_links":{"self":[{"href":"https:\/\/sinoextrud.com\/fr\/wp-json\/wp\/v2\/product\/7685","targetHints":{"allow":["GET"]}}],"collection":[{"href":"https:\/\/sinoextrud.com\/fr\/wp-json\/wp\/v2\/product"}],"about":[{"href":"https:\/\/sinoextrud.com\/fr\/wp-json\/wp\/v2\/types\/product"}],"wp:featuredmedia":[{"embeddable":true,"href":"https:\/\/sinoextrud.com\/fr\/wp-json\/wp\/v2\/media\/7684"}],"wp:attachment":[{"href":"https:\/\/sinoextrud.com\/fr\/wp-json\/wp\/v2\/media?parent=7685"}],"wp:term":[{"taxonomy":"category","embeddable":true,"href":"https:\/\/sinoextrud.com\/fr\/wp-json\/wp\/v2\/categories?post=7685"}],"curies":[{"name":"wp","href":"https:\/\/api.w.org\/{rel}","templated":true}]}}