{"id":7668,"date":"2025-06-09T08:07:13","date_gmt":"2025-06-09T08:07:13","guid":{"rendered":"https:\/\/sinoextrud.com\/product\/anodized-aluminium-profile-value-frame-extrusion\/"},"modified":"2025-06-24T06:13:22","modified_gmt":"2025-06-24T06:13:22","slug":"profile-daluminium-anodise-valeur-cadre-extrusion","status":"publish","type":"product","link":"https:\/\/sinoextrud.com\/fr\/product\/anodized-aluminium-profile-value-frame-extrusion\/","title":{"rendered":"Profil\u00e9 d'aluminium anodis\u00e9 Extrusion de cadre de valeur"},"content":{"rendered":"<h2>D\u00e9tails des produits<\/h2>\n<table class=\"custom-table\">\n<tr>\n<td class=\"label\">Objet<\/td>\n<td>Profil\u00e9 d'aluminium anodis\u00e9 Extrusion de cadre de valeur<\/td>\n<\/tr>\n<tr>\n<td class=\"label\">Temp\u00e9rer<\/td>\n<td>T5-T8<\/td>\n<\/tr>\n<tr>\n<td class=\"label\">D\u00e9roulement du processus<\/td>\n<td>D\u00e9veloppement de moules - Billets d'aluminium - Chauffage - Moulage d'aluminium brut - Rev\u00eatement par poudre anodis\u00e9e<\/td>\n<\/tr>\n<tr>\n<td class=\"label\">Caract\u00e9ristique<\/td>\n<td>1. des lignes fines nettes et belles sur la surface.<br \/>\n2. Les billettes d'aluminium standard nationales sont adopt\u00e9es.<br \/>\n3. Avec notre proc\u00e9d\u00e9 d'anodisation uniforme, adapt\u00e9 \u00e0 la protection de la surface.<br \/>\n4. Les petites commandes sont accept\u00e9es.<br \/>\n5. Extrusion personnalis\u00e9e selon votre dessin.<\/td>\n<\/tr>\n<tr>\n<td class=\"label\">Application<\/td>\n<td>Industrie, Construction<\/td>\n<\/tr>\n<tr>\n<td class=\"label\">Forme<\/td>\n<td>Personnalisation, Solide<\/td>\n<\/tr>\n<tr>\n<td class=\"label\">Traitement de surface<\/td>\n<td>Finition en usine, anodisation, rev\u00eatement en poudre, sablage, \u00e9lectrophor\u00e8se, brossage, polissage,<\/td>\n<\/tr>\n<tr>\n<td class=\"label\">Couleur<\/td>\n<td>Argent, noir, or, champagne, bronze, rouge, bleu ;<br \/>\nNous pouvons personnaliser les couleurs sur la base des \u00e9chantillons des clients.<\/td>\n<\/tr>\n<tr>\n<td class=\"label\">Traitement en profondeur D\u00e9coupage D\u00e9coupage<\/td>\n<td>D\u00e9coupage, per\u00e7age, usinage, poin\u00e7onnage, pliage, taraudage, etc.<\/td>\n<\/tr>\n<tr>\n<td class=\"label\">Garantie<\/td>\n<td>ISO:9001, SONCAP, certificat BV, TUV, SGS, ou certificat du client disponible<\/td>\n<\/tr>\n<tr>\n<td class=\"label\">MOQ<\/td>\n<td>200KG<\/td>\n<\/tr>\n<tr>\n<td class=\"label\">D\u00e9lai de livraison<\/td>\n<td>Le d\u00e9veloppement du moule et la conformation de l'\u00e9chantillon prennent 12 \u00e0 15 jours, puis la dur\u00e9e de production est de 15 \u00e0 25 jours apr\u00e8s r\u00e9ception de l'acompte de l'acheteur.<\/td>\n<\/tr>\n<tr>\n<td class=\"label\">\u00c9chantillon gratuit<\/td>\n<td>L'envoi peut \u00eatre effectu\u00e9 dans un d\u00e9lai de 1 \u00e0 3 jours<\/td>\n<\/tr>\n<\/table>\n<h2>Notre base de production<\/h2>\n<h3>Panorama de l'usine<\/h3>\n<p><img decoding=\"async\" src=\"\/wp-content\/uploads\/factory-01.webp\"\/><\/p>\n<h3>Atelier de fabrication de barres d'aluminium<\/h3>\n<p><img decoding=\"async\" src=\"\/wp-content\/uploads\/factory-02.webp\"\/><\/p>\n<p><img decoding=\"async\" src=\"\/wp-content\/uploads\/factory-03.webp\"\/><\/p>\n<h3>Entrep\u00f4t de stockage des moules<\/h3>\n<p><img decoding=\"async\" src=\"\/wp-content\/uploads\/factory-04.webp\"\/><\/p>\n<h3>43 lignes d'extrusion d'aluminium (500-5500 tonnes)<\/h3>\n<p><img decoding=\"async\" src=\"\/wp-content\/uploads\/factory-05.webp\"\/><\/p>\n<p><img decoding=\"async\" src=\"\/wp-content\/uploads\/factory-06.webp\"\/><\/p>\n<p><img decoding=\"async\" src=\"\/wp-content\/uploads\/factory-07.webp\"\/><\/p>\n<h3>Atelier de peinture en poudre<\/h3>\n<p><img decoding=\"async\" src=\"\/wp-content\/uploads\/factory-09.webp\"\/><\/p>\n<h3>Atelier d'anodisation<\/h3>\n<p><img decoding=\"async\" src=\"\/wp-content\/uploads\/factory-10.webp\"\/><\/p>\n<h3>Atelier sur le traitement en profondeur<\/h3>\n<p><img decoding=\"async\" src=\"\/wp-content\/uploads\/factory-11.webp\"\/><\/p>\n<h3>Atelier d'usinage de pr\u00e9cision CNC<\/h3>\n<p><img decoding=\"async\" src=\"\/wp-content\/uploads\/factory-11.5.webp\"\/><\/p>\n<h3>Entrep\u00f4t de produits finis et d'exportation<\/h3>\n<p><img decoding=\"async\" src=\"\/wp-content\/uploads\/factory-12.webp\"\/><\/p>\n<p><img decoding=\"async\" src=\"\/wp-content\/uploads\/factory-13.webp\"\/><\/p>\n<p><img decoding=\"async\" src=\"\/wp-content\/uploads\/factory-14.webp\"\/><\/p>\n<h2>FAQ<\/h2>\n<p><p><b>1) Qu'est-ce qu'une extrusion de profil\u00e9s en aluminium anodis\u00e9 ?<\/b><\/p>\n<p>Il s'agit d'une extrusion d'aluminium de pr\u00e9cision avec une surface anodis\u00e9e utilis\u00e9e pour les applications d'encadrement dans les \u00e9crans, les panneaux et les bo\u00eetiers.<br \/>\n<\/p><br \/>\n<br \/>\n<p><b>2) Pourquoi l'anodisation est-elle importante pour les profil\u00e9s en aluminium ?<\/b><\/p>\n<p>L'anodisation am\u00e9liore la r\u00e9sistance \u00e0 la corrosion, la duret\u00e9 de la surface et l'aspect esth\u00e9tique, rendant le profil\u00e9 plus durable et plus attrayant.<br \/>\n<\/p><br \/>\n<br \/>\n<p><b>3. ce profil\u00e9 est-il adapt\u00e9 \u00e0 une utilisation int\u00e9rieure et ext\u00e9rieure ?<\/b><\/p>\n<p>Oui, la finition anodis\u00e9e prot\u00e8ge l'aluminium des intemp\u00e9ries, ce qui permet de l'utiliser \u00e0 l'int\u00e9rieur comme \u00e0 l'ext\u00e9rieur.<br \/>\n<\/p><br \/>\n<br \/>\n<p><b>4. L'extrusion du cadre de valeur peut-elle \u00eatre personnalis\u00e9e ?<\/b><\/p>\n<p>Oui, nous proposons des longueurs, des couleurs et des profils sur mesure pour r\u00e9pondre aux diff\u00e9rents besoins en mati\u00e8re de conception et de projet.<br \/>\n<\/p><br \/>\n<br \/>\n<p><b>5) Quelles sont les industries qui utilisent des cadres extrud\u00e9s en aluminium anodis\u00e9 ?<\/b><\/p>\n<p>Les industries courantes comprennent l'\u00e9lectronique, les pr\u00e9sentoirs de vente au d\u00e9tail, les machines industrielles, l'architecture et le mobilier de bureau.<br \/>\n<\/p><br \/>\n<br \/>\n<p><b>6. le profil\u00e9 est-il compatible avec d'autres syst\u00e8mes modulaires ?<\/b><\/p>\n<p>Oui, le profil\u00e9 est con\u00e7u pour \u00eatre compatible avec les supports, fixations et accessoires standard utilis\u00e9s dans l'ossature modulaire.<br \/>\n<\/p><br \/>\n<br \/>\n<p><b>7. Quelle est la solidit\u00e9 de l'extrusion du cadre de valeur en aluminium ?<\/b><\/p>\n<p>L'extrusion offre un excellent rapport r\u00e9sistance\/poids, ce qui la rend fiable pour le soutien structurel tout en \u00e9tant l\u00e9g\u00e8re.<br \/>\n<\/p><br \/>\n<br \/>\n<p><b>8. quelles sont les finitions de surface disponibles ?<\/b><\/p>\n<p>Les finitions comprennent des options d'anodisation claire, d'anodisation noire et d'anodisation color\u00e9e en fonction des besoins esth\u00e9tiques et de protection.<br \/>\n<\/p><br \/><\/p>","protected":false},"featured_media":7667,"template":"","categories":[67],"class_list":["post-7668","product","type-product","status-publish","has-post-thumbnail","hentry","category-architectural-aluminium-profile"],"meta_box":{"hilight_text_group":{"product_hilight_text":"<li>Durable anodized finish enhances corrosion resistance and longevity<\/li>\r\r\n<li>Lightweight aluminum structure reduces installation and shipping costs<\/li>\r\r\n<li>Precision extruded profile ensures tight tolerances and consistent quality<\/li>\r\r\n<li>Ideal for framing displays, panels, or equipment enclosures<\/li>\r\r\n<li>Customizable lengths and surface colors to match project requirements<\/li>\r\r\n<li>Easy to integrate with other aluminum frame systems<\/li>\r\r\n<li>Cost-effective solution for industrial, commercial, and architectural use<\/li>","product_chanpin_blog":"<ul>\r\r\n<li><a href=\"https:\/\/sinoextrud.com\/t-slot-v-slot-differences\/\" target=\"_blank\">t slot vs v slot<\/a><\/li>\r\r\n<li><a href=\"https:\/\/sinoextrud.com\/what-is-4040-aluminium-extrud\/\" target=\"_blank\">4040 aluminium extrusion<\/a><\/li>\r\r\n<li><a href=\"https:\/\/sinoextrud.com\/what-is-4040-aluminium-extrud\/\" target=\"_blank\">aluminum extrusions for industrial racks<\/a><\/li>\r\r\n<li><a href=\"https:\/\/sinoextrud.com\/powder-coating-aluminium-process\/\" target=\"_blank\">powder coating aluminium<\/a><\/li>\r\r\n<li><a href=\"https:\/\/sinoextrud.com\/what-is-an-aluminium-strip-ceiling\/\" target=\"_blank\">aluminium strip ceiling<\/a><\/li>\r\r\n<li><a href=\"https:\/\/sinoextrud.com\/what-is-a-heat-sink\/\" target=\"_blank\">what is a heat sink<\/a><\/li>\r\r\n<\/ul>","product_chanpin_chanpin":"<li><a href=\"https:\/\/sinoextrud.com\/product\/aluminum-quarter-round-trim\/\" target=\"_blank\">Aluminum Quarter Round Trim<\/a><\/li>\r\n<li><a href=\"https:\/\/sinoextrud.com\/product\/aluminum-rail-profile-precision\/\" target=\"_blank\">Aluminum Rail Profile Precision<\/a><\/li>\r\n<li><a href=\"https:\/\/sinoextrud.com\/product\/roller-shutter-profiles-aluminum\/\" target=\"_blank\">Roller Shutter Profiles Aluminum<\/a><\/li>\r\n<li><a href=\"https:\/\/sinoextrud.com\/product\/modular-extruded-aluminum-framing\/\" target=\"_blank\">Modular Extruded Aluminum Framing<\/a><\/li>\r\n<li><a href=\"https:\/\/sinoextrud.com\/product\/anodized-aluminium-profile-value-frame-extrusion\/\" target=\"_blank\">Anodized Aluminium Profile Value Frame Extrusion<\/a><\/li>\r\n<li><a href=\"https:\/\/sinoextrud.com\/product\/aluminum-track-extrusion\/\" target=\"_blank\">Aluminum Track Extrusion<\/a><\/li>\r\n<li><a href=\"https:\/\/sinoextrud.com\/product\/aluminum-trailer-decking\/\" target=\"_blank\">Aluminum Trailer Decking<\/a><\/li>\r\n<li><a href=\"https:\/\/sinoextrud.com\/product\/three-acid-oxidation-aluminium-u-shaped-channel\/\" target=\"_blank\">Three Acid Oxidation Aluminium U Shaped Channel<\/a><\/li>\r\n<li><a href=\"https:\/\/sinoextrud.com\/product\/extruded-aluminum-sections\/\" target=\"_blank\">Extruded Aluminum Sections<\/a><\/li>\r\n<li><a href=\"https:\/\/sinoextrud.com\/product\/matte-champagne-floor-and-stair-step-parquet-tile-carpet-trim-transition-aluminium-profile\/\" target=\"_blank\">Matte champagne floor and stair step parquet tile carpet trim transition aluminium profile<\/a><\/li>\r\n<li><a href=\"https:\/\/sinoextrud.com\/product\/aluminum-extrusion-6061-6082-automotive-bumper-beam\/\" target=\"_blank\">Aluminum Extrusion 6061 6082 Automotive Bumper Beam<\/a><\/li>"},"feature_list":[]},"_links":{"self":[{"href":"https:\/\/sinoextrud.com\/fr\/wp-json\/wp\/v2\/product\/7668","targetHints":{"allow":["GET"]}}],"collection":[{"href":"https:\/\/sinoextrud.com\/fr\/wp-json\/wp\/v2\/product"}],"about":[{"href":"https:\/\/sinoextrud.com\/fr\/wp-json\/wp\/v2\/types\/product"}],"wp:featuredmedia":[{"embeddable":true,"href":"https:\/\/sinoextrud.com\/fr\/wp-json\/wp\/v2\/media\/7667"}],"wp:attachment":[{"href":"https:\/\/sinoextrud.com\/fr\/wp-json\/wp\/v2\/media?parent=7668"}],"wp:term":[{"taxonomy":"category","embeddable":true,"href":"https:\/\/sinoextrud.com\/fr\/wp-json\/wp\/v2\/categories?post=7668"}],"curies":[{"name":"wp","href":"https:\/\/api.w.org\/{rel}","templated":true}]}}