{"id":7662,"date":"2025-06-09T08:01:29","date_gmt":"2025-06-09T08:01:29","guid":{"rendered":"https:\/\/sinoextrud.com\/product\/aluminum-rail-profile-precision\/"},"modified":"2025-06-24T06:13:22","modified_gmt":"2025-06-24T06:13:22","slug":"profil-de-rail-en-aluminium-precision","status":"publish","type":"product","link":"https:\/\/sinoextrud.com\/fr\/product\/aluminum-rail-profile-precision\/","title":{"rendered":"Profil\u00e9 de rail en aluminium Pr\u00e9cision"},"content":{"rendered":"<h2>D\u00e9tails des produits<\/h2>\n<table class=\"custom-table\">\n<tbody>\n<tr>\n<td> Nom du produit<\/td>\n<td> Profil\u00e9 de rail en aluminium Pr\u00e9cision<\/td>\n<\/tr>\n<tr>\n<td> Mat\u00e9riau<\/td>\n<td> 6063-T5 ou autre mat\u00e9riau personnalis\u00e9<\/td>\n<\/tr>\n<tr>\n<td> Forme<\/td>\n<td> U H I T V ou autres formes personnalis\u00e9es<\/td>\n<\/tr>\n<tr>\n<td> \u00c9paisseur<\/td>\n<td> 0,7mm-10mm<\/td>\n<\/tr>\n<tr>\n<td> Taille<\/td>\n<td> Selon le dessin ou l'\u00e9chantillon fourni par le client<\/td>\n<\/tr>\n<tr>\n<td> Longueur<\/td>\n<td> Normalement 1-9M, autres longueurs n\u00e9gociables<\/td>\n<\/tr>\n<tr>\n<td> Applications typiques<\/td>\n<td> Industrie, architecture, d\u00e9coration, etc.<\/td>\n<\/tr>\n<tr>\n<td> Type personnalis\u00e9<\/td>\n<td> Dessin ou \u00e9chantillon fourni par le client<\/td>\n<\/tr>\n<tr>\n<td> Processus en profondeur<\/td>\n<td> Fraisage CNC, per\u00e7age, poin\u00e7onnage, per\u00e7age, taraudage, cintrage, soudage, etc.<\/td>\n<\/tr>\n<tr>\n<td> Marque<\/td>\n<td> Sinoextrud, Sinoextrud, , marque personnalis\u00e9e disponible<\/td>\n<\/tr>\n<tr>\n<td> Traitement de surface<\/td>\n<td> Finition en usine, anodisation, rev\u00eatement en poudre, etc.<\/td>\n<\/tr>\n<tr>\n<td> Couleur<\/td>\n<td> Argent, noir, champagne, etc.<\/td>\n<\/tr>\n<tr>\n<td> MOQ<\/td>\n<td> 200KG<\/td>\n<\/tr>\n<tr>\n<td> Norme de qualit\u00e9<\/td>\n<td> Niveau de qualit\u00e9 \u00e9lev\u00e9<\/td>\n<\/tr>\n<tr>\n<td> Certificats<\/td>\n<td> ISO9001, ISO4001, CQM, SGS, CE, BV, etc.<\/td>\n<\/tr>\n<tr>\n<td> Capacit\u00e9 d'approvisionnement<\/td>\n<td> 3000 tonnes par mois<\/td>\n<\/tr>\n<tr>\n<td> Lieu d'origine<\/td>\n<td> Guangdong, Chine<\/td>\n<\/tr>\n<tr>\n<td> D\u00e9lai d'ex\u00e9cution<\/td>\n<td> 1. ouverture du moule et confirmation de l'\u00e9chantillon 13-18 jours.<br \/>\n2. production de masse 25-30 jours.<\/td>\n<\/tr>\n<tr>\n<td> Conditions de livraison<\/td>\n<td> EXW ou FOB Foshan\/Guangzhou\/Shenzhen<\/td>\n<\/tr>\n<tr>\n<td> Conditions de paiement<\/td>\n<td> LC ou TT 30% de d\u00e9p\u00f4t, 70% de solde avant chargement<\/td>\n<\/tr>\n<\/tbody>\n<\/table>\n<h2>Notre base de production<\/h2>\n<h3>Panorama de l'usine<\/h3>\n<p><img decoding=\"async\" src=\"\/wp-content\/uploads\/factory-01.webp\"\/><\/p>\n<h3>Atelier de fabrication de barres d'aluminium<\/h3>\n<p><img decoding=\"async\" src=\"\/wp-content\/uploads\/factory-02.webp\"\/><\/p>\n<p><img decoding=\"async\" src=\"\/wp-content\/uploads\/factory-03.webp\"\/><\/p>\n<h3>Entrep\u00f4t de stockage des moules<\/h3>\n<p><img decoding=\"async\" src=\"\/wp-content\/uploads\/factory-04.webp\"\/><\/p>\n<h3>43 lignes d'extrusion d'aluminium (500-5500 tonnes)<\/h3>\n<p><img decoding=\"async\" src=\"\/wp-content\/uploads\/factory-05.webp\"\/><\/p>\n<p><img decoding=\"async\" src=\"\/wp-content\/uploads\/factory-06.webp\"\/><\/p>\n<p><img decoding=\"async\" src=\"\/wp-content\/uploads\/factory-07.webp\"\/><\/p>\n<h3>Atelier de peinture en poudre<\/h3>\n<p><img decoding=\"async\" src=\"\/wp-content\/uploads\/factory-09.webp\"\/><\/p>\n<h3>Atelier d'anodisation<\/h3>\n<p><img decoding=\"async\" src=\"\/wp-content\/uploads\/factory-10.webp\"\/><\/p>\n<h3>Atelier sur le traitement en profondeur<\/h3>\n<p><img decoding=\"async\" src=\"\/wp-content\/uploads\/factory-11.webp\"\/><\/p>\n<h3>Atelier d'usinage de pr\u00e9cision CNC<\/h3>\n<p><img decoding=\"async\" src=\"\/wp-content\/uploads\/factory-11.5.webp\"\/><\/p>\n<h3>Entrep\u00f4t de produits finis et d'exportation<\/h3>\n<p><img decoding=\"async\" src=\"\/wp-content\/uploads\/factory-12.webp\"\/><\/p>\n<p><img decoding=\"async\" src=\"\/wp-content\/uploads\/factory-13.webp\"\/><\/p>\n<p><img decoding=\"async\" src=\"\/wp-content\/uploads\/factory-14.webp\"\/><\/p>\n<h2>FAQ<\/h2>\n<p><p><b>1) Qu'est-ce qu'un profil\u00e9 aluminium de pr\u00e9cision ?<\/b><\/p>\n<p>Il s'agit d'une extrusion d'aluminium \u00e0 haute tol\u00e9rance con\u00e7ue pour les syst\u00e8mes de mouvement lin\u00e9aire et les applications m\u00e9caniques pr\u00e9cises.<br \/>\n<\/p><br \/>\n<br \/>\n<p><b>2. pourquoi choisir un profil\u00e9 de rail en aluminium de pr\u00e9cision ?<\/b><\/p>\n<p>Il offre une excellente pr\u00e9cision dimensionnelle, un alignement coh\u00e9rent et des mouvements fluides pour les composants d'automatisation et de machines.<br \/>\n<\/p><br \/>\n<br \/>\n<p><b>3) Quelles sont les industries qui utilisent les profils de rail en aluminium de pr\u00e9cision ?<\/b><\/p>\n<p>Les industries les plus courantes sont la robotique, les machines \u00e0 commande num\u00e9rique, l'emballage, les appareils m\u00e9dicaux et la fabrication de semi-conducteurs.<br \/>\n<\/p><br \/>\n<br \/>\n<p><b>4. le traitement de surface est-il r\u00e9sistant \u00e0 la corrosion ?<\/b><\/p>\n<p>Oui, les profil\u00e9s sont disponibles avec une anodisation ou d'autres rev\u00eatements pour les prot\u00e9ger contre l'usure et la corrosion.<br \/>\n<\/p><br \/>\n<br \/>\n<p><b>5. les profils de rail en aluminium peuvent-ils \u00eatre personnalis\u00e9s ?<\/b><\/p>\n<p>Oui, nous offrons des services d'usinage, de per\u00e7age, de taraudage et de finition sur mesure en fonction de vos dessins techniques ou des besoins de votre application.<br \/>\n<\/p><br \/>\n<br \/>\n<p><b>6. ces rails sont-ils compatibles avec des roulements ou des guides lin\u00e9aires ?<\/b><\/p>\n<p>Oui, nos profils de rail en aluminium sont con\u00e7us pour \u00eatre utilis\u00e9s avec des syst\u00e8mes de roulements lin\u00e9aires standard pour une int\u00e9gration facile.<br \/>\n<\/p><br \/>\n<br \/>\n<p><b>7. quel est le niveau de tol\u00e9rance pour les rails de pr\u00e9cision ?<\/b><\/p>\n<p>Les tol\u00e9rances typiques vont de \u00b10,05 mm \u00e0 \u00b10,1 mm, en fonction du profil et des exigences d'usinage.<br \/>\n<\/p><br \/>\n<br \/>\n<p><b>8) Pouvez-vous prendre en charge les commandes en gros et les commandes OEM ?<\/b><\/p>\n<p>Absolument, nous fournissons des solutions OEM et une production en vrac pour les clients du monde entier, avec une qualit\u00e9 stable et une livraison dans les d\u00e9lais.<br \/>\n<\/p><br \/><\/p>","protected":false},"featured_media":7661,"template":"","categories":[67],"class_list":["post-7662","product","type-product","status-publish","has-post-thumbnail","hentry","category-architectural-aluminium-profile"],"meta_box":{"hilight_text_group":{"product_hilight_text":"<li>High precision aluminum rail profile ensures tight dimensional tolerances<\/li>\r\r\n<li>Ideal for automation, linear motion systems, and precision assemblies<\/li>\r\r\n<li>Lightweight yet strong, reducing system load and enhancing performance<\/li>\r\r\n<li>Corrosion-resistant finish suitable for industrial and cleanroom environments<\/li>\r\r\n<li>Customizable length, shape, and surface treatments for diverse applications<\/li>\r\r\n<li>Supports high repeatability and smooth motion for mechanical systems<\/li>\r\r\n<li>Compatible with various fastening and mounting accessories<\/li>","product_chanpin_blog":"<ul>\r\r\n<li><a href=\"https:\/\/sinoextrud.com\/t-slot-v-slot-differences\/\" target=\"_blank\">t slot vs v slot<\/a><\/li>\r\r\n<li><a href=\"https:\/\/sinoextrud.com\/what-is-4040-aluminium-extrud\/\" target=\"_blank\">4040 aluminium extrusion<\/a><\/li>\r\r\n<li><a href=\"https:\/\/sinoextrud.com\/what-is-4040-aluminium-extrud\/\" target=\"_blank\">aluminum extrusions for industrial racks<\/a><\/li>\r\r\n<li><a href=\"https:\/\/sinoextrud.com\/powder-coating-aluminium-process\/\" target=\"_blank\">powder coating aluminium<\/a><\/li>\r\r\n<li><a href=\"https:\/\/sinoextrud.com\/what-is-an-aluminium-strip-ceiling\/\" target=\"_blank\">aluminium strip ceiling<\/a><\/li>\r\r\n<li><a href=\"https:\/\/sinoextrud.com\/what-is-a-heat-sink\/\" target=\"_blank\">what is a heat sink<\/a><\/li>\r\r\n<\/ul>","product_chanpin_chanpin":"<li><a href=\"https:\/\/sinoextrud.com\/product\/indoor-and-outdoor-aluminium-louver-profile\/\" target=\"_blank\">Indoor and Outdoor Aluminium Louver Profile<\/a><\/li>\r\n<li><a href=\"https:\/\/sinoextrud.com\/product\/aluminum-profiles-anodized-for-cabinet-furniture-protection\/\" target=\"_blank\">Aluminum Profiles Anodized For Cabinet Furniture Protection<\/a><\/li>\r\n<li><a href=\"https:\/\/sinoextrud.com\/product\/extruded-aluminium-track\/\" target=\"_blank\">Extruded Aluminium Track<\/a><\/li>\r\n<li><a href=\"https:\/\/sinoextrud.com\/product\/aluminum-quarter-round-trim\/\" target=\"_blank\">Aluminum Quarter Round Trim<\/a><\/li>\r\n<li><a href=\"https:\/\/sinoextrud.com\/product\/aluminum-rail-profile-precision\/\" target=\"_blank\">Aluminum Rail Profile Precision<\/a><\/li>\r\n<li><a href=\"https:\/\/sinoextrud.com\/product\/roller-shutter-profiles-aluminum\/\" target=\"_blank\">Roller Shutter Profiles Aluminum<\/a><\/li>\r\n<li><a href=\"https:\/\/sinoextrud.com\/product\/modular-extruded-aluminum-framing\/\" target=\"_blank\">Modular Extruded Aluminum Framing<\/a><\/li>\r\n<li><a href=\"https:\/\/sinoextrud.com\/product\/anodized-aluminium-profile-value-frame-extrusion\/\" target=\"_blank\">Anodized Aluminium Profile Value Frame Extrusion<\/a><\/li>\r\n<li><a href=\"https:\/\/sinoextrud.com\/product\/aluminum-track-extrusion\/\" target=\"_blank\">Aluminum Track Extrusion<\/a><\/li>\r\n<li><a href=\"https:\/\/sinoextrud.com\/product\/extruded-aluminum-rail-system\/\" target=\"_blank\">Extruded Aluminum Rail System<\/a><\/li>\r\n<li><a href=\"https:\/\/sinoextrud.com\/product\/aluminum-cnc-machining\/\" target=\"_blank\">Aluminum cnc machining<\/a><\/li>"},"feature_list":[]},"_links":{"self":[{"href":"https:\/\/sinoextrud.com\/fr\/wp-json\/wp\/v2\/product\/7662","targetHints":{"allow":["GET"]}}],"collection":[{"href":"https:\/\/sinoextrud.com\/fr\/wp-json\/wp\/v2\/product"}],"about":[{"href":"https:\/\/sinoextrud.com\/fr\/wp-json\/wp\/v2\/types\/product"}],"wp:featuredmedia":[{"embeddable":true,"href":"https:\/\/sinoextrud.com\/fr\/wp-json\/wp\/v2\/media\/7661"}],"wp:attachment":[{"href":"https:\/\/sinoextrud.com\/fr\/wp-json\/wp\/v2\/media?parent=7662"}],"wp:term":[{"taxonomy":"category","embeddable":true,"href":"https:\/\/sinoextrud.com\/fr\/wp-json\/wp\/v2\/categories?post=7662"}],"curies":[{"name":"wp","href":"https:\/\/api.w.org\/{rel}","templated":true}]}}