{"id":7660,"date":"2025-06-09T08:00:00","date_gmt":"2025-06-09T08:00:00","guid":{"rendered":"https:\/\/sinoextrud.com\/product\/aluminum-quarter-round-trim\/"},"modified":"2025-06-24T06:13:21","modified_gmt":"2025-06-24T06:13:21","slug":"garniture-de-quart-de-rond-en-aluminium","status":"publish","type":"product","link":"https:\/\/sinoextrud.com\/fr\/product\/aluminum-quarter-round-trim\/","title":{"rendered":"Garniture de quart de rond en aluminium"},"content":{"rendered":"<h2>D\u00e9tails des produits<\/h2>\n<table class=\"custom-table\">\n<tbody>\n<tr>\n<td> Nom du produit<\/td>\n<td> Garniture de quart de rond en aluminium<\/td>\n<\/tr>\n<tr>\n<td> Mat\u00e9riau<\/td>\n<td> 6063,6061.<\/td>\n<\/tr>\n<tr>\n<td> Temp\u00e9rer<\/td>\n<td> T3-T8<\/td>\n<\/tr>\n<tr>\n<td> Taille et \u00e9paisseur<\/td>\n<td> 69.9*69.9*0.9 ou autres dimensions personnalis\u00e9es<\/td>\n<\/tr>\n<tr>\n<td> Couleur<\/td>\n<td> Argent anodis\u00e9 ou autre couleur personnalis\u00e9e<\/td>\n<\/tr>\n<tr>\n<td> Longueur<\/td>\n<td> Longueur standard 1-9M, autres longueurs sp\u00e9ciales disponibles.<\/td>\n<\/tr>\n<tr>\n<td> Application typique<\/td>\n<td> Industrie, architecture, fen\u00eatres et portes<\/td>\n<\/tr>\n<tr>\n<td> Marque d\u00e9pos\u00e9e<\/td>\n<td> Sinoextrud ou OEM<\/td>\n<\/tr>\n<tr>\n<td> MOQ<\/td>\n<td> 300Kg pour une extrusion existante, 200KG pour une extrusion personnalis\u00e9e<\/td>\n<\/tr>\n<tr>\n<td> Processus CNC<\/td>\n<td> Prise en charge du fraisage, du poin\u00e7onnage, du per\u00e7age, du taraudage et du cintrage CNC<\/td>\n<\/tr>\n<tr>\n<td> Traitement de surface<\/td>\n<td> Grain de bois, anodis\u00e9, rev\u00eatement en poudre, \u00e9lectrophor\u00e8se, rev\u00eatement PVDF, bross\u00e9, etc.<\/td>\n<\/tr>\n<tr>\n<td> Certifications<\/td>\n<td> ISO9001, ISO4001, CQM, SGS, CE, BV, etc.<\/td>\n<\/tr>\n<\/tbody>\n<\/table>\n<h2>Notre base de production<\/h2>\n<h3>Panorama de l'usine<\/h3>\n<p><img decoding=\"async\" src=\"\/wp-content\/uploads\/factory-01.webp\"\/><\/p>\n<h3>Atelier de fabrication de barres d'aluminium<\/h3>\n<p><img decoding=\"async\" src=\"\/wp-content\/uploads\/factory-02.webp\"\/><\/p>\n<p><img decoding=\"async\" src=\"\/wp-content\/uploads\/factory-03.webp\"\/><\/p>\n<h3>Entrep\u00f4t de stockage des moules<\/h3>\n<p><img decoding=\"async\" src=\"\/wp-content\/uploads\/factory-04.webp\"\/><\/p>\n<h3>43 lignes d'extrusion d'aluminium (500-5500 tonnes)<\/h3>\n<p><img decoding=\"async\" src=\"\/wp-content\/uploads\/factory-05.webp\"\/><\/p>\n<p><img decoding=\"async\" src=\"\/wp-content\/uploads\/factory-06.webp\"\/><\/p>\n<p><img decoding=\"async\" src=\"\/wp-content\/uploads\/factory-07.webp\"\/><\/p>\n<h3>Atelier de peinture en poudre<\/h3>\n<p><img decoding=\"async\" src=\"\/wp-content\/uploads\/factory-09.webp\"\/><\/p>\n<h3>Atelier d'anodisation<\/h3>\n<p><img decoding=\"async\" src=\"\/wp-content\/uploads\/factory-10.webp\"\/><\/p>\n<h3>Atelier sur le traitement en profondeur<\/h3>\n<p><img decoding=\"async\" src=\"\/wp-content\/uploads\/factory-11.webp\"\/><\/p>\n<h3>Atelier d'usinage de pr\u00e9cision CNC<\/h3>\n<p><img decoding=\"async\" src=\"\/wp-content\/uploads\/factory-11.5.webp\"\/><\/p>\n<h3>Entrep\u00f4t de produits finis et d'exportation<\/h3>\n<p><img decoding=\"async\" src=\"\/wp-content\/uploads\/factory-12.webp\"\/><\/p>\n<p><img decoding=\"async\" src=\"\/wp-content\/uploads\/factory-13.webp\"\/><\/p>\n<p><img decoding=\"async\" src=\"\/wp-content\/uploads\/factory-14.webp\"\/><\/p>\n<h2>FAQ<\/h2>\n<p><p><b>1) Qu'est-ce qu'une garniture de quart de rond en aluminium ? <\/b><\/p>\n<p> La moulure quart de rond en aluminium est une moulure d'angle incurv\u00e9e en aluminium extrud\u00e9, utilis\u00e9e pour cr\u00e9er des transitions douces et des bords d\u00e9coratifs \u00e0 l'int\u00e9rieur des b\u00e2timents.<br \/>\n<\/p><br \/>\n<br \/>\n<p><b>2) Quels sont les avantages de l'utilisation de l'aluminium pour les garnitures en quart de rond ? <\/b><\/p>\n<p> L'aluminium est l\u00e9ger, r\u00e9sistant \u00e0 la corrosion et n\u00e9cessite peu d'entretien, ce qui en fait un mat\u00e9riau id\u00e9al pour la protection durable des bords et la d\u00e9coration.<br \/>\n<\/p><br \/>\n<br \/>\n<p><b>3. peut-il \u00eatre utilis\u00e9 dans des zones humides ou mouill\u00e9es ? <\/b><\/p>\n<p> Oui, la garniture quart de rond en aluminium est r\u00e9sistante \u00e0 la corrosion et convient parfaitement aux salles de bains, aux cuisines et \u00e0 d'autres environnements humides.<br \/>\n<\/p><br \/>\n<br \/>\n<p><b>4. la garniture est-elle disponible dans diff\u00e9rentes finitions ? <\/b><\/p>\n<p> Absolument, il est disponible dans une gamme de finitions telles que l'anodisation, le rev\u00eatement en poudre, le brossage et m\u00eame le grain de bois pour s'adapter \u00e0 tous les styles de d\u00e9coration.<br \/>\n<\/p><br \/>\n<br \/>\n<p><b>5. o\u00f9 sont g\u00e9n\u00e9ralement utilis\u00e9es les garnitures en quart de rond ? <\/b><\/p>\n<p> Il est utilis\u00e9 le long des bords des carreaux, dans les angles des murs, \u00e0 la base des armoires, dans les transitions entre les rev\u00eatements de sol et autour des cadres de fen\u00eatres et de portes.<br \/>\n<\/p><br \/>\n<br \/>\n<p><b>6. comment s'installe la garniture quart de rond en aluminium ? <\/b><\/p>\n<p> Il peut \u00eatre facilement install\u00e9 \u00e0 l'aide d'adh\u00e9sifs de construction, de clous ou de vis, selon l'application.<br \/>\n<\/p><br \/>\n<br \/>\n<p><b>7. les garnitures en aluminium n\u00e9cessitent-elles un entretien ? <\/b><\/p>\n<p> Tr\u00e8s peu - sa surface finie est r\u00e9sistante \u00e0 l'usure et ne n\u00e9cessite g\u00e9n\u00e9ralement qu'un nettoyage occasionnel.<br \/>\n<\/p><br \/>\n<br \/>\n<p><b>8. la garniture de quart de rond en aluminium est-elle personnalisable ? <\/b><\/p>\n<p> Oui, il peut \u00eatre coup\u00e9 \u00e0 la longueur voulue et propos\u00e9 dans diff\u00e9rents rayons et finitions pour r\u00e9pondre aux besoins d'un projet sp\u00e9cifique.<br \/>\n<\/p><br \/><\/p>","protected":false},"featured_media":7659,"template":"","categories":[67],"class_list":["post-7660","product","type-product","status-publish","has-post-thumbnail","hentry","category-architectural-aluminium-profile"],"meta_box":{"hilight_text_group":{"product_hilight_text":"<li>Provides a clean, decorative finish to corners and edges.<\/li>\r\r\n<li>Made from lightweight, durable aluminum for long-term use.<\/li>\r\r\n<li>Corrosion-resistant surface suitable for wet or humid environments.<\/li>\r\r\n<li>Available in various finishes including anodized, brushed, and powder-coated.<\/li>\r\r\n<li>Easy to install with adhesives or fasteners for quick application.<\/li>\r\r\n<li>Ideal for tile transitions, wall panels, cabinetry, and flooring trims.<\/li>","product_chanpin_blog":"<ul>\r\r\n<li><a href=\"https:\/\/sinoextrud.com\/t-slot-v-slot-differences\/\" target=\"_blank\">t slot vs v slot<\/a><\/li>\r\r\n<li><a href=\"https:\/\/sinoextrud.com\/what-is-4040-aluminium-extrud\/\" target=\"_blank\">4040 aluminium extrusion<\/a><\/li>\r\r\n<li><a href=\"https:\/\/sinoextrud.com\/what-is-4040-aluminium-extrud\/\" target=\"_blank\">aluminum extrusions for industrial racks<\/a><\/li>\r\r\n<li><a href=\"https:\/\/sinoextrud.com\/powder-coating-aluminium-process\/\" target=\"_blank\">powder coating aluminium<\/a><\/li>\r\r\n<li><a href=\"https:\/\/sinoextrud.com\/what-is-an-aluminium-strip-ceiling\/\" target=\"_blank\">aluminium strip ceiling<\/a><\/li>\r\r\n<li><a href=\"https:\/\/sinoextrud.com\/what-is-a-heat-sink\/\" target=\"_blank\">what is a heat sink<\/a><\/li>\r\r\n<\/ul>","product_chanpin_chanpin":"<li><a href=\"https:\/\/sinoextrud.com\/product\/gb-matt-anodized-aluminium\/\" target=\"_blank\">GB Matt Anodized Aluminium<\/a><\/li>\r\n<li><a href=\"https:\/\/sinoextrud.com\/product\/indoor-and-outdoor-aluminium-louver-profile\/\" target=\"_blank\">Indoor and Outdoor Aluminium Louver Profile<\/a><\/li>\r\n<li><a href=\"https:\/\/sinoextrud.com\/product\/aluminum-profiles-anodized-for-cabinet-furniture-protection\/\" target=\"_blank\">Aluminum Profiles Anodized For Cabinet Furniture Protection<\/a><\/li>\r\n<li><a href=\"https:\/\/sinoextrud.com\/product\/extruded-aluminium-track\/\" target=\"_blank\">Extruded Aluminium Track<\/a><\/li>\r\n<li><a href=\"https:\/\/sinoextrud.com\/product\/aluminum-quarter-round-trim\/\" target=\"_blank\">Aluminum Quarter Round Trim<\/a><\/li>\r\n<li><a href=\"https:\/\/sinoextrud.com\/product\/aluminum-rail-profile-precision\/\" target=\"_blank\">Aluminum Rail Profile Precision<\/a><\/li>\r\n<li><a href=\"https:\/\/sinoextrud.com\/product\/roller-shutter-profiles-aluminum\/\" target=\"_blank\">Roller Shutter Profiles Aluminum<\/a><\/li>\r\n<li><a href=\"https:\/\/sinoextrud.com\/product\/modular-extruded-aluminum-framing\/\" target=\"_blank\">Modular Extruded Aluminum Framing<\/a><\/li>\r\n<li><a href=\"https:\/\/sinoextrud.com\/product\/anodized-aluminium-profile-value-frame-extrusion\/\" target=\"_blank\">Anodized Aluminium Profile Value Frame Extrusion<\/a><\/li>\r\n<li><a href=\"https:\/\/sinoextrud.com\/product\/industrial-aluminum-extrusion-profile\/\" target=\"_blank\">Industrial Aluminum Extrusion Profile<\/a><\/li>\r\n<li><a href=\"https:\/\/sinoextrud.com\/product\/aluminium-decorative-furniture-metal-wall-trim\/\" target=\"_blank\">Aluminium Decorative Furniture Metal Wall Trim<\/a><\/li>"},"feature_list":[]},"_links":{"self":[{"href":"https:\/\/sinoextrud.com\/fr\/wp-json\/wp\/v2\/product\/7660","targetHints":{"allow":["GET"]}}],"collection":[{"href":"https:\/\/sinoextrud.com\/fr\/wp-json\/wp\/v2\/product"}],"about":[{"href":"https:\/\/sinoextrud.com\/fr\/wp-json\/wp\/v2\/types\/product"}],"wp:featuredmedia":[{"embeddable":true,"href":"https:\/\/sinoextrud.com\/fr\/wp-json\/wp\/v2\/media\/7659"}],"wp:attachment":[{"href":"https:\/\/sinoextrud.com\/fr\/wp-json\/wp\/v2\/media?parent=7660"}],"wp:term":[{"taxonomy":"category","embeddable":true,"href":"https:\/\/sinoextrud.com\/fr\/wp-json\/wp\/v2\/categories?post=7660"}],"curies":[{"name":"wp","href":"https:\/\/api.w.org\/{rel}","templated":true}]}}