{"id":7658,"date":"2025-06-09T07:58:16","date_gmt":"2025-06-09T07:58:16","guid":{"rendered":"https:\/\/sinoextrud.com\/product\/extruded-aluminium-track\/"},"modified":"2025-06-24T06:13:21","modified_gmt":"2025-06-24T06:13:21","slug":"rail-en-aluminium-extrude","status":"publish","type":"product","link":"https:\/\/sinoextrud.com\/fr\/product\/extruded-aluminium-track\/","title":{"rendered":"Rail en aluminium extrud\u00e9"},"content":{"rendered":"<h2>D\u00e9tails des produits<\/h2>\n<table class=\"custom-table\">\n<tbody>\n<tr>\n<td> Titre<\/td>\n<td> Rail en aluminium extrud\u00e9<\/td>\n<\/tr>\n<tr>\n<td> Cat\u00e9gorie<\/td>\n<td> Profil\u00e9 en aluminium<\/td>\n<\/tr>\n<tr>\n<td> Mat\u00e9riau<\/td>\n<td> Alliage d'aluminium (6063, 6061, 6463, 6005, 6082)<\/td>\n<\/tr>\n<tr>\n<td> Temp\u00e9rer<\/td>\n<td> T5<\/td>\n<\/tr>\n<tr>\n<td> Taille<\/td>\n<td> Type de rail, selon le dessin<\/td>\n<\/tr>\n<tr>\n<td> Forme<\/td>\n<td> Rectangulaire, rond, extrud\u00e9 selon le dessin du client<\/td>\n<\/tr>\n<tr>\n<td> Traitement de surface<\/td>\n<td> Anodisation, sablage, polissage, \u00e9lectrophor\u00e8se, rev\u00eatement \u00e9lectrique<\/td>\n<\/tr>\n<tr>\n<td> Couleur<\/td>\n<td> Possibilit\u00e9 de personnalisation<\/td>\n<\/tr>\n<tr>\n<td> Certificat<\/td>\n<td> TUV, ASTM, GB<\/td>\n<\/tr>\n<tr>\n<td> De<\/td>\n<td> Guangdong, Chine<\/td>\n<\/tr>\n<\/tbody>\n<\/table>\n<h2>Notre base de production<\/h2>\n<h3>Panorama de l'usine<\/h3>\n<p><img decoding=\"async\" src=\"\/wp-content\/uploads\/factory-01.webp\"\/><\/p>\n<h3>Atelier de fabrication de barres d'aluminium<\/h3>\n<p><img decoding=\"async\" src=\"\/wp-content\/uploads\/factory-02.webp\"\/><\/p>\n<p><img decoding=\"async\" src=\"\/wp-content\/uploads\/factory-03.webp\"\/><\/p>\n<h3>Entrep\u00f4t de stockage des moules<\/h3>\n<p><img decoding=\"async\" src=\"\/wp-content\/uploads\/factory-04.webp\"\/><\/p>\n<h3>43 lignes d'extrusion d'aluminium (500-5500 tonnes)<\/h3>\n<p><img decoding=\"async\" src=\"\/wp-content\/uploads\/factory-05.webp\"\/><\/p>\n<p><img decoding=\"async\" src=\"\/wp-content\/uploads\/factory-06.webp\"\/><\/p>\n<p><img decoding=\"async\" src=\"\/wp-content\/uploads\/factory-07.webp\"\/><\/p>\n<h3>Atelier de peinture en poudre<\/h3>\n<p><img decoding=\"async\" src=\"\/wp-content\/uploads\/factory-09.webp\"\/><\/p>\n<h3>Atelier d'anodisation<\/h3>\n<p><img decoding=\"async\" src=\"\/wp-content\/uploads\/factory-10.webp\"\/><\/p>\n<h3>Atelier sur le traitement en profondeur<\/h3>\n<p><img decoding=\"async\" src=\"\/wp-content\/uploads\/factory-11.webp\"\/><\/p>\n<h3>Atelier d'usinage de pr\u00e9cision CNC<\/h3>\n<p><img decoding=\"async\" src=\"\/wp-content\/uploads\/factory-11.5.webp\"\/><\/p>\n<h3>Entrep\u00f4t de produits finis et d'exportation<\/h3>\n<p><img decoding=\"async\" src=\"\/wp-content\/uploads\/factory-12.webp\"\/><\/p>\n<p><img decoding=\"async\" src=\"\/wp-content\/uploads\/factory-13.webp\"\/><\/p>\n<p><img decoding=\"async\" src=\"\/wp-content\/uploads\/factory-14.webp\"\/><\/p>\n<h2>FAQ<\/h2>\n<p><p><b>1) Qu'est-ce qu'un rail en aluminium extrud\u00e9 ?<\/b><\/p>\n<p>Il s'agit d'un profil\u00e9 lin\u00e9aire en aluminium utilis\u00e9 pour guider ou soutenir des syst\u00e8mes coulissants tels que des portes, des rideaux et des composants m\u00e9caniques.<br \/>\n<\/p><br \/>\n<br \/>\n<p><b>2) Quels sont les avantages de l'utilisation de l'aluminium pour les rails ?<\/b><\/p>\n<p>L'aluminium est l\u00e9ger, r\u00e9sistant \u00e0 la corrosion, durable et facile \u00e0 fabriquer, ce qui le rend id\u00e9al pour une utilisation \u00e0 long terme.<br \/>\n<\/p><br \/>\n<br \/>\n<p><b>3. la piste peut-elle \u00eatre utilis\u00e9e \u00e0 l'ext\u00e9rieur ?<\/b><\/p>\n<p>Oui, les rails en aluminium extrud\u00e9 avec des finitions anodis\u00e9es ou enduites de poudre r\u00e9sistent aux intemp\u00e9ries et \u00e0 la corrosion pour une utilisation \u00e0 l'ext\u00e9rieur.<br \/>\n<\/p><br \/>\n<br \/>\n<p><b>4) Quelles sont les applications qui conviennent aux rails en aluminium extrud\u00e9 ?<\/b><\/p>\n<p>Ils sont largement utilis\u00e9s dans les rails \u00e0 rideaux, les syst\u00e8mes de portes coulissantes, les rails de garde-robe et les \u00e9quipements d'automatisation.<br \/>\n<\/p><br \/>\n<br \/>\n<p><b>5) Des dimensions et des finitions personnalis\u00e9es sont-elles disponibles ?<\/b><\/p>\n<p>Oui, nous proposons des longueurs, des sections et des traitements de surface sur mesure pour r\u00e9pondre \u00e0 des besoins sp\u00e9cifiques en mati\u00e8re de conception et d'installation.<br \/>\n<\/p><br \/>\n<br \/>\n<p><b>6. est-il facile d'installer un rail en aluminium ?<\/b><\/p>\n<p>Oui, les rails sont con\u00e7us pour une installation rapide \u00e0 l'aide de vis, de supports ou de syst\u00e8mes adh\u00e9sifs standard.<br \/>\n<\/p><br \/>\n<br \/>\n<p><b>7. la piste fonctionne-t-elle avec diff\u00e9rents types de rouleaux ou de planeurs ?<\/b><\/p>\n<p>Oui, nos rails sont compatibles avec une large gamme de rouleaux, de glissi\u00e8res et d'accessoires commerciaux.<br \/>\n<\/p><br \/>\n<br \/>\n<p><b>8) Qu'est-ce qui fait que les chenilles en aluminium sont meilleures que les chenilles en acier ?<\/b><\/p>\n<p>Les rails en aluminium sont plus l\u00e9gers, plus r\u00e9sistants \u00e0 la corrosion, plus faciles \u00e0 manipuler et plus polyvalents sur le plan esth\u00e9tique que les rails en acier.<br \/>\n<\/p><br \/><\/p>","protected":false},"featured_media":7657,"template":"","categories":[67],"class_list":["post-7658","product","type-product","status-publish","has-post-thumbnail","hentry","category-architectural-aluminium-profile"],"meta_box":{"hilight_text_group":{"product_hilight_text":"<li>High-strength extruded aluminum ensures long-lasting track performance<\/li>\r\r\n<li>Lightweight and corrosion-resistant for both indoor and outdoor use<\/li>\r\r\n<li>Smooth surface for low-friction and quiet sliding operation<\/li>\r\r\n<li>Customizable in length, profile shape, and finish to suit different applications<\/li>\r\r\n<li>Supports various applications such as curtain systems, sliding doors, and industrial automation<\/li>\r\r\n<li>Easy to install with standard mounting hardware<\/li>\r\r\n<li>Compatible with multiple rollers, brackets, and accessories<\/li>","product_chanpin_blog":"<ul>\r\r\n<li><a href=\"https:\/\/sinoextrud.com\/t-slot-v-slot-differences\/\" target=\"_blank\">t slot vs v slot<\/a><\/li>\r\r\n<li><a href=\"https:\/\/sinoextrud.com\/what-is-4040-aluminium-extrud\/\" target=\"_blank\">4040 aluminium extrusion<\/a><\/li>\r\r\n<li><a href=\"https:\/\/sinoextrud.com\/what-is-4040-aluminium-extrud\/\" target=\"_blank\">aluminum extrusions for industrial racks<\/a><\/li>\r\r\n<li><a href=\"https:\/\/sinoextrud.com\/powder-coating-aluminium-process\/\" target=\"_blank\">powder coating aluminium<\/a><\/li>\r\r\n<li><a href=\"https:\/\/sinoextrud.com\/what-is-an-aluminium-strip-ceiling\/\" target=\"_blank\">aluminium strip ceiling<\/a><\/li>\r\r\n<li><a href=\"https:\/\/sinoextrud.com\/what-is-a-heat-sink\/\" target=\"_blank\">what is a heat sink<\/a><\/li>\r\r\n<\/ul>","product_chanpin_chanpin":"<li><a href=\"https:\/\/sinoextrud.com\/product\/aluminum-profile-shutter\/\" target=\"_blank\">Aluminum Profile Shutter<\/a><\/li>\r\n<li><a href=\"https:\/\/sinoextrud.com\/product\/gb-matt-anodized-aluminium\/\" target=\"_blank\">GB Matt Anodized Aluminium<\/a><\/li>\r\n<li><a href=\"https:\/\/sinoextrud.com\/product\/indoor-and-outdoor-aluminium-louver-profile\/\" target=\"_blank\">Indoor and Outdoor Aluminium Louver Profile<\/a><\/li>\r\n<li><a href=\"https:\/\/sinoextrud.com\/product\/aluminum-profiles-anodized-for-cabinet-furniture-protection\/\" target=\"_blank\">Aluminum Profiles Anodized For Cabinet Furniture Protection<\/a><\/li>\r\n<li><a href=\"https:\/\/sinoextrud.com\/product\/extruded-aluminium-track\/\" target=\"_blank\">Extruded Aluminium Track<\/a><\/li>\r\n<li><a href=\"https:\/\/sinoextrud.com\/product\/aluminum-quarter-round-trim\/\" target=\"_blank\">Aluminum Quarter Round Trim<\/a><\/li>\r\n<li><a href=\"https:\/\/sinoextrud.com\/product\/aluminum-rail-profile-precision\/\" target=\"_blank\">Aluminum Rail Profile Precision<\/a><\/li>\r\n<li><a href=\"https:\/\/sinoextrud.com\/product\/roller-shutter-profiles-aluminum\/\" target=\"_blank\">Roller Shutter Profiles Aluminum<\/a><\/li>\r\n<li><a href=\"https:\/\/sinoextrud.com\/product\/modular-extruded-aluminum-framing\/\" target=\"_blank\">Modular Extruded Aluminum Framing<\/a><\/li>\r\n<li><a href=\"https:\/\/sinoextrud.com\/product\/extruded-aluminum-handrail\/\" target=\"_blank\">Extruded Aluminum Handrail<\/a><\/li>\r\n<li><a href=\"https:\/\/sinoextrud.com\/product\/aluminium-square-tubes\/\" target=\"_blank\">Aluminium Square tubes<\/a><\/li>"},"feature_list":[]},"_links":{"self":[{"href":"https:\/\/sinoextrud.com\/fr\/wp-json\/wp\/v2\/product\/7658","targetHints":{"allow":["GET"]}}],"collection":[{"href":"https:\/\/sinoextrud.com\/fr\/wp-json\/wp\/v2\/product"}],"about":[{"href":"https:\/\/sinoextrud.com\/fr\/wp-json\/wp\/v2\/types\/product"}],"wp:featuredmedia":[{"embeddable":true,"href":"https:\/\/sinoextrud.com\/fr\/wp-json\/wp\/v2\/media\/7657"}],"wp:attachment":[{"href":"https:\/\/sinoextrud.com\/fr\/wp-json\/wp\/v2\/media?parent=7658"}],"wp:term":[{"taxonomy":"category","embeddable":true,"href":"https:\/\/sinoextrud.com\/fr\/wp-json\/wp\/v2\/categories?post=7658"}],"curies":[{"name":"wp","href":"https:\/\/api.w.org\/{rel}","templated":true}]}}