{"id":7656,"date":"2025-06-09T07:57:07","date_gmt":"2025-06-09T07:57:07","guid":{"rendered":"https:\/\/sinoextrud.com\/product\/aluminum-profiles-anodized-for-cabinet-furniture-protection\/"},"modified":"2025-06-24T06:13:20","modified_gmt":"2025-06-24T06:13:20","slug":"profils-en-aluminium-anodises-pour-la-protection-des-meubles","status":"publish","type":"product","link":"https:\/\/sinoextrud.com\/fr\/product\/aluminum-profiles-anodized-for-cabinet-furniture-protection\/","title":{"rendered":"Profil\u00e9s d'aluminium anodis\u00e9s pour la protection des meubles d'armoires"},"content":{"rendered":"<h2>D\u00e9tails des produits<\/h2>\n<table class=\"custom-table\">\n<tbody>\n<tr>\n<td> Nom du produit<\/td>\n<td> profils en aluminium anodis\u00e9s pour la protection des meubles<\/td>\n<\/tr>\n<tr>\n<td> Traitement de surface<\/td>\n<td> Anodis\u00e9 sabl\u00e9 ou personnalisation<\/td>\n<\/tr>\n<tr>\n<td> Alliage d'aluminium<\/td>\n<td> 6063-T5<\/td>\n<\/tr>\n<tr>\n<td> Couleur<\/td>\n<td> blanc argent\u00e9, ou personnalisation<\/td>\n<\/tr>\n<tr>\n<td> Application<\/td>\n<td> Meubles, armoires, fen\u00eatres et portes, etc.<\/td>\n<\/tr>\n<tr>\n<td> Marque<\/td>\n<td> Sinoextrud \/ Sinoextrud \/ Sinoextrud aluminium<\/td>\n<\/tr>\n<\/tbody>\n<\/table>\n<h2>Notre base de production<\/h2>\n<h3>Panorama de l'usine<\/h3>\n<p><img decoding=\"async\" src=\"\/wp-content\/uploads\/factory-01.webp\"\/><\/p>\n<h3>Atelier de fabrication de barres d'aluminium<\/h3>\n<p><img decoding=\"async\" src=\"\/wp-content\/uploads\/factory-02.webp\"\/><\/p>\n<p><img decoding=\"async\" src=\"\/wp-content\/uploads\/factory-03.webp\"\/><\/p>\n<h3>Entrep\u00f4t de stockage des moules<\/h3>\n<p><img decoding=\"async\" src=\"\/wp-content\/uploads\/factory-04.webp\"\/><\/p>\n<h3>43 lignes d'extrusion d'aluminium (500 \u00e0 5500 tonnes)<\/h3>\n<p><img decoding=\"async\" src=\"\/wp-content\/uploads\/factory-05.webp\"\/><\/p>\n<p><img decoding=\"async\" src=\"\/wp-content\/uploads\/factory-06.webp\"\/><\/p>\n<p><img decoding=\"async\" src=\"\/wp-content\/uploads\/factory-07.webp\"\/><\/p>\n<h3>Atelier de peinture en poudre<\/h3>\n<p><img decoding=\"async\" src=\"\/wp-content\/uploads\/factory-09.webp\"\/><\/p>\n<h3>Atelier d'anodisation<\/h3>\n<p><img decoding=\"async\" src=\"\/wp-content\/uploads\/factory-10.webp\"\/><\/p>\n<h3>Atelier sur le traitement en profondeur<\/h3>\n<p><img decoding=\"async\" src=\"\/wp-content\/uploads\/factory-11.webp\"\/><\/p>\n<h3>Atelier d'usinage de pr\u00e9cision CNC<\/h3>\n<p><img decoding=\"async\" src=\"\/wp-content\/uploads\/factory-11.5.webp\"\/><\/p>\n<h3>Entrep\u00f4t de produits finis et d'exportation<\/h3>\n<p><img decoding=\"async\" src=\"\/wp-content\/uploads\/factory-12.webp\"\/><\/p>\n<p><img decoding=\"async\" src=\"\/wp-content\/uploads\/factory-13.webp\"\/><\/p>\n<p><img decoding=\"async\" src=\"\/wp-content\/uploads\/factory-14.webp\"\/><\/p>\n<h2>FAQ<\/h2>\n<p><p><b>1.Qu'est-ce que les profil\u00e9s en aluminium anodis\u00e9s pour la protection des meubles ? <\/b><\/p>\n<p> Il s'agit de profil\u00e9s en aluminium avec une finition anodis\u00e9e, con\u00e7us pour assurer la protection et le soutien structurel des meubles, en am\u00e9liorant la durabilit\u00e9 et l'apparence.<br \/>\n<\/p><br \/>\n<br \/>\n<p><b>2. pourquoi choisir des profil\u00e9s en aluminium anodis\u00e9 pour la protection des armoires ? <\/b><\/p>\n<p> L'aluminium anodis\u00e9 offre une r\u00e9sistance \u00e0 la corrosion, une durabilit\u00e9 accrue et une finition \u00e9l\u00e9gante, ce qui le rend id\u00e9al pour prot\u00e9ger et renforcer les structures des armoires.<br \/>\n<\/p><br \/>\n<br \/>\n<p><b>3. Les profil\u00e9s en aluminium peuvent-ils \u00eatre personnalis\u00e9s ? <\/b><\/p>\n<p> Oui, ces profil\u00e9s peuvent \u00eatre personnalis\u00e9s en termes de taille, de forme, de finition et de design pour s'adapter \u00e0 diff\u00e9rents types d'armoires et de styles de meubles.<br \/>\n<\/p><br \/>\n<br \/>\n<p><b>4. quel est l'avantage de la finition anodis\u00e9e ? <\/b><\/p>\n<p> La finition anodis\u00e9e am\u00e9liore la duret\u00e9 de la surface, la r\u00e9sistance \u00e0 la corrosion et la r\u00e9sistance aux rayures, ce qui en fait un produit id\u00e9al pour les zones \u00e0 forte utilisation comme les armoires et les meubles.<br \/>\n<\/p><br \/>\n<br \/>\n<p><b>5. Ces profils conviennent-ils aux environnements humides ? <\/b><\/p>\n<p> Oui, la finition anodis\u00e9e r\u00e9sistante \u00e0 la corrosion rend ces profil\u00e9s parfaits pour les environnements secs et humides tels que les cuisines et les salles de bains.<br \/>\n<\/p><br \/>\n<br \/>\n<p><b>6. quelle est la facilit\u00e9 d'installation de ces profil\u00e9s ? <\/b><\/p>\n<p> Les profil\u00e9s en aluminium sont l\u00e9gers et con\u00e7us pour une installation facile, avec un minimum d'outils et d'efforts pour un montage s\u00fbr.<br \/>\n<\/p><br \/>\n<br \/>\n<p><b>7. quelles industries utilisent les profil\u00e9s en aluminium pour la protection des meubles ? <\/b><\/p>\n<p> Ces profil\u00e9s sont couramment utilis\u00e9s dans l'industrie du meuble pour les armoires, les penderies et autres syst\u00e8mes de rangement qui n\u00e9cessitent une protection durable et \u00e9l\u00e9gante.<br \/>\n<\/p><br \/>\n<br \/>\n<p><b>8. l'aluminium est-il respectueux de l'environnement ? <\/b><\/p>\n<p> Oui, l'aluminium est 100% recyclable, ce qui en fait une option durable et \u00e9cologique pour les armoires et les meubles.<br \/>\n<\/p><br \/><\/p>","protected":false},"featured_media":7655,"template":"","categories":[67],"class_list":["post-7656","product","type-product","status-publish","has-post-thumbnail","hentry","category-architectural-aluminium-profile"],"meta_box":{"hilight_text_group":{"product_hilight_text":"<li>Anodized aluminum profiles provide durable protection for cabinet furniture, extending the lifespan of your furniture.<\/li>\r\r\n<li>Corrosion-resistant surface ensures long-lasting performance in both dry and humid environments.<\/li>\r\r\n<li>Customizable sizes, finishes, and designs to suit various cabinet styles and needs.<\/li>\r\r\n<li>Lightweight yet strong construction allows for easy installation and handling.<\/li>\r\r\n<li>Elegant anodized finishes add a premium look while enhancing the profile\u00e2\u20ac\u2122s resistance to wear and scratches.<\/li>\r\r\n<li>Low-maintenance material, reducing the need for frequent repairs or replacements.<\/li>","product_chanpin_blog":"<ul>\r\r\n<li><a href=\"https:\/\/sinoextrud.com\/t-slot-v-slot-differences\/\" target=\"_blank\">t slot vs v slot<\/a><\/li>\r\r\n<li><a href=\"https:\/\/sinoextrud.com\/what-is-4040-aluminium-extrud\/\" target=\"_blank\">4040 aluminium extrusion<\/a><\/li>\r\r\n<li><a href=\"https:\/\/sinoextrud.com\/what-is-4040-aluminium-extrud\/\" target=\"_blank\">aluminum extrusions for industrial racks<\/a><\/li>\r\r\n<li><a href=\"https:\/\/sinoextrud.com\/powder-coating-aluminium-process\/\" target=\"_blank\">powder coating aluminium<\/a><\/li>\r\r\n<li><a href=\"https:\/\/sinoextrud.com\/what-is-an-aluminium-strip-ceiling\/\" target=\"_blank\">aluminium strip ceiling<\/a><\/li>\r\r\n<li><a href=\"https:\/\/sinoextrud.com\/what-is-a-heat-sink\/\" target=\"_blank\">what is a heat sink<\/a><\/li>\r\r\n<\/ul>","product_chanpin_chanpin":"<li><a href=\"https:\/\/sinoextrud.com\/product\/aluminum-shutter-extrusion-profiles\/\" target=\"_blank\">Aluminum Shutter Extrusion Profiles<\/a><\/li>\r\n<li><a href=\"https:\/\/sinoextrud.com\/product\/aluminum-profile-shutter\/\" target=\"_blank\">Aluminum Profile Shutter<\/a><\/li>\r\n<li><a href=\"https:\/\/sinoextrud.com\/product\/gb-matt-anodized-aluminium\/\" target=\"_blank\">GB Matt Anodized Aluminium<\/a><\/li>\r\n<li><a href=\"https:\/\/sinoextrud.com\/product\/indoor-and-outdoor-aluminium-louver-profile\/\" target=\"_blank\">Indoor and Outdoor Aluminium Louver Profile<\/a><\/li>\r\n<li><a href=\"https:\/\/sinoextrud.com\/product\/aluminum-profiles-anodized-for-cabinet-furniture-protection\/\" target=\"_blank\">Aluminum Profiles Anodized For Cabinet Furniture Protection<\/a><\/li>\r\n<li><a href=\"https:\/\/sinoextrud.com\/product\/extruded-aluminium-track\/\" target=\"_blank\">Extruded Aluminium Track<\/a><\/li>\r\n<li><a href=\"https:\/\/sinoextrud.com\/product\/aluminum-quarter-round-trim\/\" target=\"_blank\">Aluminum Quarter Round Trim<\/a><\/li>\r\n<li><a href=\"https:\/\/sinoextrud.com\/product\/aluminum-rail-profile-precision\/\" target=\"_blank\">Aluminum Rail Profile Precision<\/a><\/li>\r\n<li><a href=\"https:\/\/sinoextrud.com\/product\/roller-shutter-profiles-aluminum\/\" target=\"_blank\">Roller Shutter Profiles Aluminum<\/a><\/li>\r\n<li><a href=\"https:\/\/sinoextrud.com\/product\/aluminum-cnc-punching-parts\/\" target=\"_blank\">Aluminum CNC Punching Parts<\/a><\/li>\r\n<li><a href=\"https:\/\/sinoextrud.com\/product\/electrophoresis-surface-aluminum-profiles\/\" target=\"_blank\">Electrophoresis Surface Aluminum Profiles<\/a><\/li>"},"feature_list":[]},"_links":{"self":[{"href":"https:\/\/sinoextrud.com\/fr\/wp-json\/wp\/v2\/product\/7656","targetHints":{"allow":["GET"]}}],"collection":[{"href":"https:\/\/sinoextrud.com\/fr\/wp-json\/wp\/v2\/product"}],"about":[{"href":"https:\/\/sinoextrud.com\/fr\/wp-json\/wp\/v2\/types\/product"}],"wp:featuredmedia":[{"embeddable":true,"href":"https:\/\/sinoextrud.com\/fr\/wp-json\/wp\/v2\/media\/7655"}],"wp:attachment":[{"href":"https:\/\/sinoextrud.com\/fr\/wp-json\/wp\/v2\/media?parent=7656"}],"wp:term":[{"taxonomy":"category","embeddable":true,"href":"https:\/\/sinoextrud.com\/fr\/wp-json\/wp\/v2\/categories?post=7656"}],"curies":[{"name":"wp","href":"https:\/\/api.w.org\/{rel}","templated":true}]}}