{"id":7652,"date":"2025-06-09T07:27:46","date_gmt":"2025-06-09T07:27:46","guid":{"rendered":"https:\/\/sinoextrud.com\/product\/gb-matt-anodized-aluminium\/"},"modified":"2025-06-24T06:13:20","modified_gmt":"2025-06-24T06:13:20","slug":"gb-aluminium-anodise-mat","status":"publish","type":"product","link":"https:\/\/sinoextrud.com\/fr\/product\/gb-matt-anodized-aluminium\/","title":{"rendered":"GB Aluminium anodis\u00e9 mat"},"content":{"rendered":"<h2>D\u00e9tails des produits<\/h2>\n<table class=\"custom-table\">\n<tr>\n<td class=\"label\">Nom<\/td>\n<td>GB Aluminium anodis\u00e9 mat<\/td>\n<\/tr>\n<\/table>\n<h2>Notre base de production<\/h2>\n<h3>Panorama de l'usine<\/h3>\n<p><img decoding=\"async\" src=\"\/wp-content\/uploads\/factory-01.webp\"\/><\/p>\n<h3>Atelier de fabrication de barres d'aluminium<\/h3>\n<p><img decoding=\"async\" src=\"\/wp-content\/uploads\/factory-02.webp\"\/><\/p>\n<\/p>\n<p><img decoding=\"async\" src=\"\/wp-content\/uploads\/factory-03.webp\"\/><\/p>\n<h3>Entrep\u00f4t de stockage des moules<\/h3>\n<p><img decoding=\"async\" src=\"\/wp-content\/uploads\/factory-04.webp\"\/><\/p>\n<h3>43 lignes d'extrusion d'aluminium (500-5500 tonnes)<\/h3>\n<p><img decoding=\"async\" src=\"\/wp-content\/uploads\/factory-05.webp\"\/><\/p>\n<p><img decoding=\"async\" src=\"\/wp-content\/uploads\/factory-06.webp\"\/><\/p>\n<p><img decoding=\"async\" src=\"\/wp-content\/uploads\/factory-07.webp\"\/><\/p>\n<h3>Atelier de peinture en poudre<\/h3>\n<p><img decoding=\"async\" src=\"\/wp-content\/uploads\/factory-09.webp\"\/><\/p>\n<h3>Atelier d'anodisation<\/h3>\n<p><img decoding=\"async\" src=\"\/wp-content\/uploads\/factory-10.webp\"\/><\/p>\n<h3>Atelier sur le traitement en profondeur<\/h3>\n<p><img decoding=\"async\" src=\"\/wp-content\/uploads\/factory-11.webp\"\/><\/p>\n<h3>Atelier d'usinage de pr\u00e9cision CNC<\/h3>\n<p><img decoding=\"async\" src=\"\/wp-content\/uploads\/factory-11.5.webp\"\/><\/p>\n<h3>Entrep\u00f4t de produits finis et d'exportation<\/h3>\n<p><img decoding=\"async\" src=\"\/wp-content\/uploads\/factory-12.webp\"\/><\/p>\n<p><img decoding=\"async\" src=\"\/wp-content\/uploads\/factory-13.webp\"\/><\/p>\n<p><img decoding=\"async\" src=\"\/wp-content\/uploads\/factory-14.webp\"\/><\/p>\n<h2>FAQ<\/h2>\n<p><b>1) Qu'est-ce que l'aluminium anodis\u00e9 mat GB ?<\/b><\/p>\n<p>L'aluminium anodis\u00e9 mat GB est un aluminium qui a \u00e9t\u00e9 anodis\u00e9 pour obtenir une finition mate et qui r\u00e9pond aux normes de qualit\u00e9 chinoises GB en mati\u00e8re de r\u00e9sistance et de traitement de surface.\n<\/p>\n<p><\/p>\n<p><b>2) Quels sont les avantages de l'aluminium anodis\u00e9 mat ?<\/b><\/p>\n<p>Il offre une finition lisse et non \u00e9blouissante, une meilleure r\u00e9sistance \u00e0 la corrosion, une duret\u00e9 de surface et un aspect esth\u00e9tique raffin\u00e9.\n<\/p>\n<p><\/p>\n<p><b>3) Que signifie \"GB\" dans l'expression \"GB Matt Anodized Aluminium\" ?<\/b><\/p>\n<p>\"GB\" fait r\u00e9f\u00e9rence aux normes Guobiao, les normes nationales de qualit\u00e9 et de performance de la Chine, qui garantissent une qualit\u00e9 constante des mat\u00e9riaux et des finitions.\n<\/p>\n<p><\/p>\n<p><b>4) O\u00f9 l'aluminium anodis\u00e9 mat est-il couramment utilis\u00e9 ?<\/b><\/p>\n<p>Il est largement utilis\u00e9 dans les fa\u00e7ades de b\u00e2timents, les cadres de fen\u00eatres, les bo\u00eetiers d'appareils \u00e9lectroniques, la signalisation et la d\u00e9coration int\u00e9rieure.\n<\/p>\n<p><\/p>\n<p><b>5. la finition anodis\u00e9e mate r\u00e9siste-t-elle aux empreintes digitales et aux taches ?<\/b><\/p>\n<p>Oui, la surface mate permet de r\u00e9duire les empreintes digitales visibles et les bavures, ce qui en fait un produit id\u00e9al pour les zones \u00e0 fort impact tactile ou les zones d'affichage.\n<\/p>\n<p><\/p>\n<p><b>6. l'aluminium anodis\u00e9 mat GB convient-il pour une utilisation en ext\u00e9rieur ?<\/b><\/p>\n<p>Oui, le rev\u00eatement anodis\u00e9 offre une excellente r\u00e9sistance aux UV et aux intemp\u00e9ries, id\u00e9ale pour les environnements int\u00e9rieurs et ext\u00e9rieurs.\n<\/p>\n<p><\/p>\n<p><b>7. Les profil\u00e9s anodis\u00e9s mats GB peuvent-ils \u00eatre personnalis\u00e9s ?<\/b><\/p>\n<p>Oui, nous proposons des profils, des longueurs, des options d'alliage et des teintes sur mesure pour r\u00e9pondre aux exigences sp\u00e9cifiques d'un projet.\n<\/p>\n<p><\/p>\n<p><b>8) Quels sont les alliages g\u00e9n\u00e9ralement utilis\u00e9s pour l'aluminium anodis\u00e9 mat ?<\/b><\/p>\n<p>Les choix les plus courants comprennent l'aluminium 6063 et 6060 pour leur excellente qualit\u00e9 de finition de surface et leurs performances en mati\u00e8re d'anodisation.\n<\/p>\n<p><\/p>","protected":false},"featured_media":7651,"template":"","categories":[67],"class_list":["post-7652","product","type-product","status-publish","has-post-thumbnail","hentry","category-architectural-aluminium-profile"],"meta_box":{"hilight_text_group":{"product_hilight_text":"<li>Matt anodized surface offers a modern, non-reflective finish<\/li>\r\r\n<li>Conforms to GB (Guobiao) national quality standards<\/li>\r\r\n<li>Excellent corrosion and wear resistance for long-term use<\/li>\r\r\n<li>Ideal for architectural, decorative, and industrial applications<\/li>\r\r\n<li>Uniform color and texture suitable for high-end visual consistency<\/li>\r\r\n<li>Available in various profiles, thicknesses, and alloy grades<\/li>\r\r\n<li>Low maintenance and fingerprint-resistant surface<\/li>","product_chanpin_blog":"<ul>\r\r\n<li><a href=\"https:\/\/sinoextrud.com\/t-slot-v-slot-differences\/\" target=\"_blank\">t slot vs v slot<\/a><\/li>\r\r\n<li><a href=\"https:\/\/sinoextrud.com\/what-is-4040-aluminium-extrud\/\" target=\"_blank\">4040 aluminium extrusion<\/a><\/li>\r\r\n<li><a href=\"https:\/\/sinoextrud.com\/what-is-4040-aluminium-extrud\/\" target=\"_blank\">aluminum extrusions for industrial racks<\/a><\/li>\r\r\n<li><a href=\"https:\/\/sinoextrud.com\/powder-coating-aluminium-process\/\" target=\"_blank\">powder coating aluminium<\/a><\/li>\r\r\n<li><a href=\"https:\/\/sinoextrud.com\/what-is-an-aluminium-strip-ceiling\/\" target=\"_blank\">aluminium strip ceiling<\/a><\/li>\r\r\n<li><a href=\"https:\/\/sinoextrud.com\/what-is-a-heat-sink\/\" target=\"_blank\">what is a heat sink<\/a><\/li>\r\r\n<\/ul>","product_chanpin_chanpin":"<li><a href=\"https:\/\/sinoextrud.com\/product\/wall-aluminum-profile-decoration-t-shaped-edge-trim\/\" target=\"_blank\">Wall Aluminum Profile Decoration T Shaped Edge Trim<\/a><\/li>\r\n<li><a href=\"https:\/\/sinoextrud.com\/product\/colorful-brushed-aluminium-photo-frame-manufacturer\/\" target=\"_blank\">Colorful Brushed Aluminium Photo Frame Manufacturer<\/a><\/li>\r\n<li><a href=\"https:\/\/sinoextrud.com\/product\/aluminum-shutter-extrusion-profiles\/\" target=\"_blank\">Aluminum Shutter Extrusion Profiles<\/a><\/li>\r\n<li><a href=\"https:\/\/sinoextrud.com\/product\/aluminum-profile-shutter\/\" target=\"_blank\">Aluminum Profile Shutter<\/a><\/li>\r\n<li><a href=\"https:\/\/sinoextrud.com\/product\/gb-matt-anodized-aluminium\/\" target=\"_blank\">GB Matt Anodized Aluminium<\/a><\/li>\r\n<li><a href=\"https:\/\/sinoextrud.com\/product\/indoor-and-outdoor-aluminium-louver-profile\/\" target=\"_blank\">Indoor and Outdoor Aluminium Louver Profile<\/a><\/li>\r\n<li><a href=\"https:\/\/sinoextrud.com\/product\/aluminum-profiles-anodized-for-cabinet-furniture-protection\/\" target=\"_blank\">Aluminum Profiles Anodized For Cabinet Furniture Protection<\/a><\/li>\r\n<li><a href=\"https:\/\/sinoextrud.com\/product\/extruded-aluminium-track\/\" target=\"_blank\">Extruded Aluminium Track<\/a><\/li>\r\n<li><a href=\"https:\/\/sinoextrud.com\/product\/aluminum-quarter-round-trim\/\" target=\"_blank\">Aluminum Quarter Round Trim<\/a><\/li>\r\n<li><a href=\"https:\/\/sinoextrud.com\/product\/round-t-slot-extrusion\/\" target=\"_blank\">Round T Slot Extrusion<\/a><\/li>\r\n<li><a href=\"https:\/\/sinoextrud.com\/product\/aluminum-extrusion-cable-clamp-profile-cnc-custom-cable-cleat-aluminum-profile\/\" target=\"_blank\">Aluminum Extrusion Cable Clamp Profile CNC Custom Cable Cleat Aluminum Profile<\/a><\/li>"},"feature_list":[]},"_links":{"self":[{"href":"https:\/\/sinoextrud.com\/fr\/wp-json\/wp\/v2\/product\/7652","targetHints":{"allow":["GET"]}}],"collection":[{"href":"https:\/\/sinoextrud.com\/fr\/wp-json\/wp\/v2\/product"}],"about":[{"href":"https:\/\/sinoextrud.com\/fr\/wp-json\/wp\/v2\/types\/product"}],"wp:featuredmedia":[{"embeddable":true,"href":"https:\/\/sinoextrud.com\/fr\/wp-json\/wp\/v2\/media\/7651"}],"wp:attachment":[{"href":"https:\/\/sinoextrud.com\/fr\/wp-json\/wp\/v2\/media?parent=7652"}],"wp:term":[{"taxonomy":"category","embeddable":true,"href":"https:\/\/sinoextrud.com\/fr\/wp-json\/wp\/v2\/categories?post=7652"}],"curies":[{"name":"wp","href":"https:\/\/api.w.org\/{rel}","templated":true}]}}