{"id":7650,"date":"2025-06-09T07:24:33","date_gmt":"2025-06-09T07:24:33","guid":{"rendered":"https:\/\/sinoextrud.com\/product\/aluminum-profile-shutter\/"},"modified":"2025-06-24T06:13:19","modified_gmt":"2025-06-24T06:13:19","slug":"volet-en-profile-daluminium","status":"publish","type":"product","link":"https:\/\/sinoextrud.com\/fr\/product\/aluminum-profile-shutter\/","title":{"rendered":"Volet en profil\u00e9 d'aluminium"},"content":{"rendered":"<h2>D\u00e9tails des produits<\/h2>\n<table class=\"custom-table\">\n<tbody>\n<tr>\n<td> Nom<\/td>\n<td> Volet en profil\u00e9 d'aluminium<\/td>\n<\/tr>\n<tr>\n<td> Marque<\/td>\n<td> Sinoextrud\/Sinoextrud<\/td>\n<\/tr>\n<tr>\n<td> Cat\u00e9gorie<\/td>\n<td> Sections en aluminium<\/td>\n<\/tr>\n<tr>\n<td> Mat\u00e9riau<\/td>\n<td> La norme 6063 est largement utilis\u00e9e. 6061, 6463, 6005, 6082 sont \u00e9galement disponibles.<\/td>\n<\/tr>\n<tr>\n<td> Temp\u00e9rer<\/td>\n<td> T5-T8<\/td>\n<\/tr>\n<tr>\n<td> Longueur<\/td>\n<td> 1-9m ou 5.8M, les demandes personnalis\u00e9es sont accept\u00e9es.<\/td>\n<\/tr>\n<tr>\n<td> Taille (mm)<\/td>\n<td> Diff\u00e9rentes tailles, vous pouvez nous contacter pour plus de d\u00e9tails.<\/td>\n<\/tr>\n<tr>\n<td> \u00c9paisseur<\/td>\n<td> Selon votre demande<\/td>\n<\/tr>\n<tr>\n<td> Forme<\/td>\n<td> Personnalisation<\/td>\n<\/tr>\n<tr>\n<td> Traitement de surface<\/td>\n<td> Finition en usine, anodisation, sablage, \u00e9lectrophor\u00e8se, rev\u00eatement, etc.<\/td>\n<\/tr>\n<tr>\n<td> Couleur<\/td>\n<td> Argent, noir, blanc, rouge, jaune, champagne ou couleur personnalis\u00e9e<\/td>\n<\/tr>\n<tr>\n<td> Standard<\/td>\n<td> ASTM, GB, DIN<\/td>\n<\/tr>\n<tr>\n<td> De<\/td>\n<td> Guangdong, Chine<\/td>\n<\/tr>\n<tr>\n<td> Application<\/td>\n<td> D\u00e9coration, fen\u00eatre et porte.<\/td>\n<\/tr>\n<\/tbody>\n<\/table>\n<h2>Notre base de production<\/h2>\n<h3>Panorama de l'usine<\/h3>\n<p><img decoding=\"async\" src=\"\/wp-content\/uploads\/factory-01.webp\"\/><\/p>\n<h3>Atelier de fabrication de barres d'aluminium<\/h3>\n<p><img decoding=\"async\" src=\"\/wp-content\/uploads\/factory-02.webp\"\/><\/p>\n<p><img decoding=\"async\" src=\"\/wp-content\/uploads\/factory-03.webp\"\/><\/p>\n<h3>Entrep\u00f4t de stockage des moules<\/h3>\n<p><img decoding=\"async\" src=\"\/wp-content\/uploads\/factory-04.webp\"\/><\/p>\n<h3>43 lignes d'extrusion d'aluminium (500 \u00e0 5500 tonnes)<\/h3>\n<p><img decoding=\"async\" src=\"\/wp-content\/uploads\/factory-05.webp\"\/><\/p>\n<p><img decoding=\"async\" src=\"\/wp-content\/uploads\/factory-06.webp\"\/><\/p>\n<p><img decoding=\"async\" src=\"\/wp-content\/uploads\/factory-07.webp\"\/><\/p>\n<h3>Atelier de peinture en poudre<\/h3>\n<p><img decoding=\"async\" src=\"\/wp-content\/uploads\/factory-09.webp\"\/><\/p>\n<h3>Atelier d'anodisation<\/h3>\n<p><img decoding=\"async\" src=\"\/wp-content\/uploads\/factory-10.webp\"\/><\/p>\n<h3>Atelier sur le traitement en profondeur<\/h3>\n<p><img decoding=\"async\" src=\"\/wp-content\/uploads\/factory-11.webp\"\/><\/p>\n<h3>Atelier d'usinage de pr\u00e9cision CNC<\/h3>\n<p><img decoding=\"async\" src=\"\/wp-content\/uploads\/factory-11.5.webp\"\/><\/p>\n<h3>Entrep\u00f4t de produits finis et d'exportation<\/h3>\n<p><img decoding=\"async\" src=\"\/wp-content\/uploads\/factory-12.webp\"\/><\/p>\n<p><img decoding=\"async\" src=\"\/wp-content\/uploads\/factory-13.webp\"\/><\/p>\n<p><img decoding=\"async\" src=\"\/wp-content\/uploads\/factory-14.webp\"\/><\/p>\n<h2>FAQ<\/h2>\n<p><p><b>1) Qu'est-ce qu'un volet en profil\u00e9 d'aluminium ? <\/b><\/p>\n<p> Un volet en profil\u00e9 d'aluminium est un syst\u00e8me de volet durable et l\u00e9ger fabriqu\u00e9 \u00e0 partir de profil\u00e9s d'aluminium extrud\u00e9s, con\u00e7u pour des ouvertures s\u00fbres et \u00e9l\u00e9gantes.<br \/>\n<\/p><br \/>\n<br \/>\n<p><b>2. pourquoi choisir des volets en aluminium plut\u00f4t que des mat\u00e9riaux traditionnels ? <\/b><\/p>\n<p> Les volets en aluminium offrent une r\u00e9sistance sup\u00e9rieure \u00e0 la corrosion, une manipulation l\u00e9g\u00e8re et un aspect moderne, id\u00e9al pour les applications commerciales et r\u00e9sidentielles.<br \/>\n<\/p><br \/>\n<br \/>\n<p><b>3. les volets en profil\u00e9s d'aluminium sont-ils r\u00e9sistants aux intemp\u00e9ries ? <\/b><\/p>\n<p> Oui, la finition r\u00e9sistante \u00e0 la corrosion garantit d'excellentes performances dans les environnements ext\u00e9rieurs, y compris dans les zones \u00e0 forte humidit\u00e9 et \u00e0 forte pluviosit\u00e9.<br \/>\n<\/p><br \/>\n<br \/>\n<p><b>4. les volets en profil\u00e9s d'aluminium peuvent-ils \u00eatre personnalis\u00e9s ? <\/b><\/p>\n<p> Absolument, ils peuvent \u00eatre adapt\u00e9s en termes de dimensions, de couleurs et de traitements de surface pour r\u00e9pondre aux besoins sp\u00e9cifiques d'un projet.<br \/>\n<\/p><br \/>\n<br \/>\n<p><b>5. Quelle est la facilit\u00e9 d'installation des volets en profil\u00e9s d'aluminium ? <\/b><\/p>\n<p> La conception l\u00e9g\u00e8re et la structure modulaire du profil\u00e9 permettent une installation rapide et simple, r\u00e9duisant ainsi le temps de travail et les co\u00fbts.<br \/>\n<\/p><br \/>\n<br \/>\n<p><b>6. les volets en aluminium n\u00e9cessitent-ils un entretien ? <\/b><\/p>\n<p> L'entretien est minime ; un nettoyage occasionnel suffit gr\u00e2ce \u00e0 la finition anodis\u00e9e ou thermolaqu\u00e9e.<br \/>\n<\/p><br \/>\n<br \/>\n<p><b>7. les volets en aluminium am\u00e9liorent-ils l'esth\u00e9tique du b\u00e2timent ? <\/b><\/p>\n<p> Oui, leur aspect \u00e9l\u00e9gant et moderne compl\u00e8te l'architecture contemporaine tout en conservant leur fonctionnalit\u00e9.<br \/>\n<\/p><br \/>\n<br \/>\n<p><b>8. Ces volets conviennent-ils pour des applications de s\u00e9curit\u00e9 ? <\/b><\/p>\n<p> Oui, les volets en profil\u00e9s d'aluminium offrent une protection solide pour les fen\u00eatres et les portes, contribuant ainsi \u00e0 renforcer la s\u00e9curit\u00e9 dans les environnements r\u00e9sidentiels et commerciaux.<br \/>\n<\/p><br \/><\/p>","protected":false},"featured_media":7649,"template":"","categories":[67],"class_list":["post-7650","product","type-product","status-publish","has-post-thumbnail","hentry","category-architectural-aluminium-profile"],"meta_box":{"hilight_text_group":{"product_hilight_text":"<li>High-strength aluminum profile offers excellent durability and security.<\/li>\r\r\n<li>Lightweight structure allows for easy installation and smooth operation.<\/li>\r\r\n<li>Corrosion-resistant surface ideal for both indoor and outdoor applications.<\/li>\r\r\n<li>Modern, sleek design enhances building aesthetics.<\/li>\r\r\n<li>Customizable sizes and finishes to fit various architectural requirements.<\/li>\r\r\n<li>Low maintenance and long service life reduce operational costs.<\/li>","product_chanpin_blog":"<ul>\r\r\n<li><a href=\"https:\/\/sinoextrud.com\/t-slot-v-slot-differences\/\" target=\"_blank\">t slot vs v slot<\/a><\/li>\r\r\n<li><a href=\"https:\/\/sinoextrud.com\/what-is-4040-aluminium-extrud\/\" target=\"_blank\">4040 aluminium extrusion<\/a><\/li>\r\r\n<li><a href=\"https:\/\/sinoextrud.com\/what-is-4040-aluminium-extrud\/\" target=\"_blank\">aluminum extrusions for industrial racks<\/a><\/li>\r\r\n<li><a href=\"https:\/\/sinoextrud.com\/powder-coating-aluminium-process\/\" target=\"_blank\">powder coating aluminium<\/a><\/li>\r\r\n<li><a href=\"https:\/\/sinoextrud.com\/what-is-an-aluminium-strip-ceiling\/\" target=\"_blank\">aluminium strip ceiling<\/a><\/li>\r\r\n<li><a href=\"https:\/\/sinoextrud.com\/what-is-a-heat-sink\/\" target=\"_blank\">what is a heat sink<\/a><\/li>\r\r\n<\/ul>","product_chanpin_chanpin":"<li><a href=\"https:\/\/sinoextrud.com\/product\/aluminum-profile-for-shower-enclosure\/\" target=\"_blank\">Aluminum Profile For Shower Enclosure<\/a><\/li>\r\n<li><a href=\"https:\/\/sinoextrud.com\/product\/wall-aluminum-profile-decoration-t-shaped-edge-trim\/\" target=\"_blank\">Wall Aluminum Profile Decoration T Shaped Edge Trim<\/a><\/li>\r\n<li><a href=\"https:\/\/sinoextrud.com\/product\/colorful-brushed-aluminium-photo-frame-manufacturer\/\" target=\"_blank\">Colorful Brushed Aluminium Photo Frame Manufacturer<\/a><\/li>\r\n<li><a href=\"https:\/\/sinoextrud.com\/product\/aluminum-shutter-extrusion-profiles\/\" target=\"_blank\">Aluminum Shutter Extrusion Profiles<\/a><\/li>\r\n<li><a href=\"https:\/\/sinoextrud.com\/product\/aluminum-profile-shutter\/\" target=\"_blank\">Aluminum Profile Shutter<\/a><\/li>\r\n<li><a href=\"https:\/\/sinoextrud.com\/product\/gb-matt-anodized-aluminium\/\" target=\"_blank\">GB Matt Anodized Aluminium<\/a><\/li>\r\n<li><a href=\"https:\/\/sinoextrud.com\/product\/indoor-and-outdoor-aluminium-louver-profile\/\" target=\"_blank\">Indoor and Outdoor Aluminium Louver Profile<\/a><\/li>\r\n<li><a href=\"https:\/\/sinoextrud.com\/product\/aluminum-profiles-anodized-for-cabinet-furniture-protection\/\" target=\"_blank\">Aluminum Profiles Anodized For Cabinet Furniture Protection<\/a><\/li>\r\n<li><a href=\"https:\/\/sinoextrud.com\/product\/extruded-aluminium-track\/\" target=\"_blank\">Extruded Aluminium Track<\/a><\/li>\r\n<li><a href=\"https:\/\/sinoextrud.com\/product\/aluminum-price-per-pound\/\" target=\"_blank\">Aluminum Price Per Pound<\/a><\/li>\r\n<li><a href=\"https:\/\/sinoextrud.com\/product\/elictrophoresis-matte-gold-aluminium-profile-cad\/\" target=\"_blank\">Elictrophoresis matte gold aluminium profile cad download section price per ton extrusions for windows and doors construction<\/a><\/li>"},"feature_list":[]},"_links":{"self":[{"href":"https:\/\/sinoextrud.com\/fr\/wp-json\/wp\/v2\/product\/7650","targetHints":{"allow":["GET"]}}],"collection":[{"href":"https:\/\/sinoextrud.com\/fr\/wp-json\/wp\/v2\/product"}],"about":[{"href":"https:\/\/sinoextrud.com\/fr\/wp-json\/wp\/v2\/types\/product"}],"wp:featuredmedia":[{"embeddable":true,"href":"https:\/\/sinoextrud.com\/fr\/wp-json\/wp\/v2\/media\/7649"}],"wp:attachment":[{"href":"https:\/\/sinoextrud.com\/fr\/wp-json\/wp\/v2\/media?parent=7650"}],"wp:term":[{"taxonomy":"category","embeddable":true,"href":"https:\/\/sinoextrud.com\/fr\/wp-json\/wp\/v2\/categories?post=7650"}],"curies":[{"name":"wp","href":"https:\/\/api.w.org\/{rel}","templated":true}]}}