{"id":7648,"date":"2025-06-09T07:22:21","date_gmt":"2025-06-09T07:22:21","guid":{"rendered":"https:\/\/sinoextrud.com\/product\/aluminum-shutter-extrusion-profiles\/"},"modified":"2025-06-24T06:13:19","modified_gmt":"2025-06-24T06:13:19","slug":"profiles-dextrusion-de-volets-en-aluminium","status":"publish","type":"product","link":"https:\/\/sinoextrud.com\/fr\/product\/aluminum-shutter-extrusion-profiles\/","title":{"rendered":"Profil\u00e9s d'extrusion pour volets en aluminium"},"content":{"rendered":"<h2>D\u00e9tails des produits<\/h2>\n<table class=\"custom-table\">\n<tbody>\n<tr>\n<td> Nom du produit<\/td>\n<td> Profil\u00e9s d'extrusion pour volets en aluminium<\/td>\n<\/tr>\n<tr>\n<td> Mat\u00e9riau<\/td>\n<td> 6063-T5<\/td>\n<\/tr>\n<tr>\n<td> Forme et taille<\/td>\n<td> Selon le dessin ou l'\u00e9chantillon fourni par le client<\/td>\n<\/tr>\n<tr>\n<td> \u00c9paisseur<\/td>\n<td> 1.0mm-10mm<\/td>\n<\/tr>\n<tr>\n<td> Longueur<\/td>\n<td> Standard 1-9M, longueur sp\u00e9ciale disponible<\/td>\n<\/tr>\n<tr>\n<td> Applications typiques<\/td>\n<td> Volets, persiennes, murs-rideaux, etc.<\/td>\n<\/tr>\n<tr>\n<td> Type personnalis\u00e9<\/td>\n<td> Dessin ou \u00e9chantillon fourni par le client<\/td>\n<\/tr>\n<tr>\n<td> Processus en profondeur<\/td>\n<td> Fraisage, per\u00e7age, poin\u00e7onnage, per\u00e7age, taraudage, cintrage, soudage, etc. \u00e0 commande num\u00e9rique.<\/td>\n<\/tr>\n<tr>\n<td> Marque<\/td>\n<td> Sinoextrud, Sinoextrud, marque personnalis\u00e9e disponible<\/td>\n<\/tr>\n<tr>\n<td> Finition de surface<\/td>\n<td> Finition en usine, grain de bois, anodisation, rev\u00eatement en poudre, etc.<\/td>\n<\/tr>\n<tr>\n<td> Couleur<\/td>\n<td> Argent, noir, champagne, etc.<\/td>\n<\/tr>\n<tr>\n<td> MOQ<\/td>\n<td> 200KG<\/td>\n<\/tr>\n<tr>\n<td> Norme de qualit\u00e9<\/td>\n<td> Niveau de qualit\u00e9 \u00e9lev\u00e9<\/td>\n<\/tr>\n<tr>\n<td> Certificats<\/td>\n<td> ISO9001, ISO4001, CQM, SGS, CE, BV, etc.<\/td>\n<\/tr>\n<tr>\n<td> Capacit\u00e9<\/td>\n<td> 3000 tonnes par mois<\/td>\n<\/tr>\n<\/tbody>\n<\/table>\n<h2>Notre base de production<\/h2>\n<h3>Panorama de l'usine<\/h3>\n<p><img decoding=\"async\" src=\"\/wp-content\/uploads\/factory-01.webp\"\/><\/p>\n<h3>Atelier de fabrication de barres d'aluminium<\/h3>\n<p><img decoding=\"async\" src=\"\/wp-content\/uploads\/factory-02.webp\"\/><\/p>\n<p><img decoding=\"async\" src=\"\/wp-content\/uploads\/factory-03.webp\"\/><\/p>\n<h3>Entrep\u00f4t de stockage des moules<\/h3>\n<p><img decoding=\"async\" src=\"\/wp-content\/uploads\/factory-04.webp\"\/><\/p>\n<h3>43 lignes d'extrusion d'aluminium (500 \u00e0 5500 tonnes)<\/h3>\n<p><img decoding=\"async\" src=\"\/wp-content\/uploads\/factory-05.webp\"\/><\/p>\n<p><img decoding=\"async\" src=\"\/wp-content\/uploads\/factory-06.webp\"\/><\/p>\n<p><img decoding=\"async\" src=\"\/wp-content\/uploads\/factory-07.webp\"\/><\/p>\n<h3>Atelier de peinture en poudre<\/h3>\n<p><img decoding=\"async\" src=\"\/wp-content\/uploads\/factory-09.webp\"\/><\/p>\n<h3>Atelier d'anodisation<\/h3>\n<p><img decoding=\"async\" src=\"\/wp-content\/uploads\/factory-10.webp\"\/><\/p>\n<h3>Atelier sur le traitement en profondeur<\/h3>\n<p><img decoding=\"async\" src=\"\/wp-content\/uploads\/factory-11.webp\"\/><\/p>\n<h3>Atelier d'usinage de pr\u00e9cision CNC<\/h3>\n<p><img decoding=\"async\" src=\"\/wp-content\/uploads\/factory-11.5.webp\"\/><\/p>\n<h3>Entrep\u00f4t de produits finis et d'exportation<\/h3>\n<p><img decoding=\"async\" src=\"\/wp-content\/uploads\/factory-12.webp\"\/><\/p>\n<p><img decoding=\"async\" src=\"\/wp-content\/uploads\/factory-13.webp\"\/><\/p>\n<p><img decoding=\"async\" src=\"\/wp-content\/uploads\/factory-14.webp\"\/><\/p>\n<h2>FAQ<\/h2>\n<p><p><b>1.Qu'est-ce qu'un profil\u00e9 d'extrusion de volet en aluminium ?<\/b><\/p>\n<p>Les profil\u00e9s d'extrusion pour volets en aluminium sont des sections d'aluminium sp\u00e9cialement con\u00e7ues pour la fabrication de volets de fen\u00eatres et de portes, pour leur durabilit\u00e9 et leur fonctionnalit\u00e9.<br \/>\n<\/p><br \/>\n<br \/>\n<p><b>2. quels sont les avantages des profils de volets en aluminium ?<\/b><\/p>\n<p>Ils sont l\u00e9gers, r\u00e9sistants \u00e0 la corrosion, flexibles et n\u00e9cessitent peu d'entretien par rapport au bois ou \u00e0 l'acier.<br \/>\n<\/p><br \/>\n<br \/>\n<p><b>3. Les profils de volets en aluminium peuvent-ils \u00eatre utilis\u00e9s \u00e0 l'ext\u00e9rieur ?<\/b><\/p>\n<p>Oui, ils sont r\u00e9sistants \u00e0 la corrosion et aux intemp\u00e9ries, ce qui les rend id\u00e9aux pour les syst\u00e8mes de volets int\u00e9rieurs et ext\u00e9rieurs.<br \/>\n<\/p><br \/>\n<br \/>\n<p><b>4. diff\u00e9rentes finitions et couleurs sont-elles disponibles ?<\/b><\/p>\n<p>Oui, nous proposons des finitions poudr\u00e9es, anodis\u00e9es et en grain de bois dans une vari\u00e9t\u00e9 de couleurs pour s'adapter aux pr\u00e9f\u00e9rences en mati\u00e8re de design.<br \/>\n<\/p><br \/>\n<br \/>\n<p><b>5. ces profils peuvent-ils \u00eatre personnalis\u00e9s ?<\/b><\/p>\n<p>Oui, nous proposons des longueurs, des conceptions de lames et des configurations de montage personnalis\u00e9es pour r\u00e9pondre \u00e0 des besoins architecturaux ou fonctionnels sp\u00e9cifiques.<br \/>\n<\/p><br \/>\n<br \/>\n<p><b>6. les volets en aluminium sont-ils adapt\u00e9s \u00e0 la ventilation et \u00e0 la protection solaire ?<\/b><\/p>\n<p>Absolument, ils sont con\u00e7us pour am\u00e9liorer la circulation de l'air tout en offrant de l'ombre et de l'intimit\u00e9.<br \/>\n<\/p><br \/>\n<br \/>\n<p><b>7. Proposez-vous des profils pour les volets fixes et r\u00e9glables ?<\/b><\/p>\n<p>Oui, nos profil\u00e9s d'extrusion conviennent aussi bien aux applications de persiennes fixes qu'aux applications de volets \u00e0 lames orientables.<br \/>\n<\/p><br \/>\n<br \/>\n<p><b>8. O\u00f9 les profil\u00e9s de volets en aluminium sont-ils couramment utilis\u00e9s ?<\/b><\/p>\n<p>Ils sont largement utilis\u00e9s dans les fen\u00eatres r\u00e9sidentielles, les b\u00e2timents commerciaux, les fa\u00e7ades, les balcons et les pare-vue.<br \/>\n<\/p><br \/><\/p>","protected":false},"featured_media":7647,"template":"","categories":[67],"class_list":["post-7648","product","type-product","status-publish","has-post-thumbnail","hentry","category-architectural-aluminium-profile"],"meta_box":{"hilight_text_group":{"product_hilight_text":"<li>High-strength aluminum construction ensures long-term durability<\/li>\r\r\n<li>Corrosion-resistant for indoor and outdoor shutter applications<\/li>\r\r\n<li>Lightweight material allows easy handling and installation<\/li>\r\r\n<li>Available in a variety of profiles, finishes, and colors<\/li>\r\r\n<li>Supports both fixed and adjustable shutter systems<\/li>\r\r\n<li>Custom lengths and designs available for project-specific needs<\/li>\r\r\n<li>Enhances ventilation, sun shading, and privacy control<\/li>","product_chanpin_blog":"<ul>\r\r\n<li><a href=\"https:\/\/sinoextrud.com\/t-slot-v-slot-differences\/\" target=\"_blank\">t slot vs v slot<\/a><\/li>\r\r\n<li><a href=\"https:\/\/sinoextrud.com\/what-is-4040-aluminium-extrud\/\" target=\"_blank\">4040 aluminium extrusion<\/a><\/li>\r\r\n<li><a href=\"https:\/\/sinoextrud.com\/what-is-4040-aluminium-extrud\/\" target=\"_blank\">aluminum extrusions for industrial racks<\/a><\/li>\r\r\n<li><a href=\"https:\/\/sinoextrud.com\/powder-coating-aluminium-process\/\" target=\"_blank\">powder coating aluminium<\/a><\/li>\r\r\n<li><a href=\"https:\/\/sinoextrud.com\/what-is-an-aluminium-strip-ceiling\/\" target=\"_blank\">aluminium strip ceiling<\/a><\/li>\r\r\n<li><a href=\"https:\/\/sinoextrud.com\/what-is-a-heat-sink\/\" target=\"_blank\">what is a heat sink<\/a><\/li>\r\r\n<\/ul>","product_chanpin_chanpin":"<li><a href=\"https:\/\/sinoextrud.com\/product\/powder-coated-wooden-grain-aluminium-shutter-profile\/\" target=\"_blank\">Powder Coated Wooden Grain Aluminium Shutter Profile<\/a><\/li>\r\n<li><a href=\"https:\/\/sinoextrud.com\/product\/aluminum-profile-for-shower-enclosure\/\" target=\"_blank\">Aluminum Profile For Shower Enclosure<\/a><\/li>\r\n<li><a href=\"https:\/\/sinoextrud.com\/product\/wall-aluminum-profile-decoration-t-shaped-edge-trim\/\" target=\"_blank\">Wall Aluminum Profile Decoration T Shaped Edge Trim<\/a><\/li>\r\n<li><a href=\"https:\/\/sinoextrud.com\/product\/colorful-brushed-aluminium-photo-frame-manufacturer\/\" target=\"_blank\">Colorful Brushed Aluminium Photo Frame Manufacturer<\/a><\/li>\r\n<li><a href=\"https:\/\/sinoextrud.com\/product\/aluminum-shutter-extrusion-profiles\/\" target=\"_blank\">Aluminum Shutter Extrusion Profiles<\/a><\/li>\r\n<li><a href=\"https:\/\/sinoextrud.com\/product\/aluminum-profile-shutter\/\" target=\"_blank\">Aluminum Profile Shutter<\/a><\/li>\r\n<li><a href=\"https:\/\/sinoextrud.com\/product\/gb-matt-anodized-aluminium\/\" target=\"_blank\">GB Matt Anodized Aluminium<\/a><\/li>\r\n<li><a href=\"https:\/\/sinoextrud.com\/product\/indoor-and-outdoor-aluminium-louver-profile\/\" target=\"_blank\">Indoor and Outdoor Aluminium Louver Profile<\/a><\/li>\r\n<li><a href=\"https:\/\/sinoextrud.com\/product\/aluminum-profiles-anodized-for-cabinet-furniture-protection\/\" target=\"_blank\">Aluminum Profiles Anodized For Cabinet Furniture Protection<\/a><\/li>\r\n<li><a href=\"https:\/\/sinoextrud.com\/product\/aluminum-extrusion-box\/\" target=\"_blank\">aluminum extrusion box<\/a><\/li>\r\n<li><a href=\"https:\/\/sinoextrud.com\/product\/extruded-aluminum-flat-bar-6061-7075\/\" target=\"_blank\">Extruded Aluminum Flat Bar 6061 7075<\/a><\/li>"},"feature_list":[]},"_links":{"self":[{"href":"https:\/\/sinoextrud.com\/fr\/wp-json\/wp\/v2\/product\/7648","targetHints":{"allow":["GET"]}}],"collection":[{"href":"https:\/\/sinoextrud.com\/fr\/wp-json\/wp\/v2\/product"}],"about":[{"href":"https:\/\/sinoextrud.com\/fr\/wp-json\/wp\/v2\/types\/product"}],"wp:featuredmedia":[{"embeddable":true,"href":"https:\/\/sinoextrud.com\/fr\/wp-json\/wp\/v2\/media\/7647"}],"wp:attachment":[{"href":"https:\/\/sinoextrud.com\/fr\/wp-json\/wp\/v2\/media?parent=7648"}],"wp:term":[{"taxonomy":"category","embeddable":true,"href":"https:\/\/sinoextrud.com\/fr\/wp-json\/wp\/v2\/categories?post=7648"}],"curies":[{"name":"wp","href":"https:\/\/api.w.org\/{rel}","templated":true}]}}