{"id":7646,"date":"2025-06-09T07:19:10","date_gmt":"2025-06-09T07:19:10","guid":{"rendered":"https:\/\/sinoextrud.com\/product\/colorful-brushed-aluminium-photo-frame-manufacturer\/"},"modified":"2025-06-24T06:13:19","modified_gmt":"2025-06-24T06:13:19","slug":"fabricant-de-cadre-photo-en-aluminium-brosse-colore","status":"publish","type":"product","link":"https:\/\/sinoextrud.com\/fr\/product\/colorful-brushed-aluminium-photo-frame-manufacturer\/","title":{"rendered":"Cadre photo en aluminium bross\u00e9 color\u00e9 - Fabricant"},"content":{"rendered":"<h2>D\u00e9tails des produits<\/h2>\n<table class=\"custom-table\">\n<tbody>\n<tr>\n<td> Article :<\/td>\n<td> Cadre photo en aluminium bross\u00e9 color\u00e9 - Fabricant<\/td>\n<\/tr>\n<tr>\n<td> Temp\u00e9rer :<\/td>\n<td> T3-T8<\/td>\n<\/tr>\n<tr>\n<td> Alliage :<\/td>\n<td> Alliage<\/td>\n<\/tr>\n<tr>\n<td> Grade :<\/td>\n<td> S\u00e9rie 6000<\/td>\n<\/tr>\n<tr>\n<td> Longueur :<\/td>\n<td> 1-9m ou sur mesure<\/td>\n<\/tr>\n<tr>\n<td> Taille :<\/td>\n<td> Sur mesure<\/td>\n<\/tr>\n<tr>\n<td> Finition de la surface :<\/td>\n<td> Bross\u00e9<\/td>\n<\/tr>\n<tr>\n<td> Contr\u00f4le de la qualit\u00e9 :<\/td>\n<td> 100% Inspection avant exp\u00e9dition<\/td>\n<\/tr>\n<tr>\n<td> Certification :<\/td>\n<td> ISO9001, ISO14001<\/td>\n<\/tr>\n<tr>\n<td> Origine :<\/td>\n<td> Foshan, Guangdong, Chine<\/td>\n<\/tr>\n<tr>\n<td> Type :<\/td>\n<td> Profil\u00e9 d'aluminium de d\u00e9coration, profil\u00e9 d'aluminium pour portes et fen\u00eatres, profil\u00e9 d'aluminium pour dissipateur thermique, profil\u00e9 d'aluminium pour parois en verre, profil\u00e9 d'aluminium industriel, tube d'aluminium \u00e0 grain de bois, profil\u00e9 d'aluminium bross\u00e9 pour cadre de photo<\/td>\n<\/tr>\n<\/tbody>\n<\/table>\n<h2>Notre base de production<\/h2>\n<h3>Panorama de l'usine<\/h3>\n<p><img decoding=\"async\" src=\"\/wp-content\/uploads\/factory-01.webp\"\/><\/p>\n<h3>Atelier de fabrication de barres d'aluminium<\/h3>\n<p><img decoding=\"async\" src=\"\/wp-content\/uploads\/factory-02.webp\"\/><\/p>\n<p><img decoding=\"async\" src=\"\/wp-content\/uploads\/factory-03.webp\"\/><\/p>\n<h3>Entrep\u00f4t de stockage des moules<\/h3>\n<p><img decoding=\"async\" src=\"\/wp-content\/uploads\/factory-04.webp\"\/><\/p>\n<h3>43 lignes d'extrusion d'aluminium (500-5500 tonnes)<\/h3>\n<p><img decoding=\"async\" src=\"\/wp-content\/uploads\/factory-05.webp\"\/><\/p>\n<p><img decoding=\"async\" src=\"\/wp-content\/uploads\/factory-06.webp\"\/><\/p>\n<p><img decoding=\"async\" src=\"\/wp-content\/uploads\/factory-07.webp\"\/><\/p>\n<h3>Atelier de peinture en poudre<\/h3>\n<p><img decoding=\"async\" src=\"\/wp-content\/uploads\/factory-09.webp\"\/><\/p>\n<h3>Atelier d'anodisation<\/h3>\n<p><img decoding=\"async\" src=\"\/wp-content\/uploads\/factory-10.webp\"\/><\/p>\n<h3>Atelier sur le traitement en profondeur<\/h3>\n<p><img decoding=\"async\" src=\"\/wp-content\/uploads\/factory-11.webp\"\/><\/p>\n<h3>Atelier d'usinage de pr\u00e9cision CNC<\/h3>\n<p><img decoding=\"async\" src=\"\/wp-content\/uploads\/factory-11.5.webp\"\/><\/p>\n<h3>Entrep\u00f4t de produits finis et d'exportation<\/h3>\n<p><img decoding=\"async\" src=\"\/wp-content\/uploads\/factory-12.webp\"\/><\/p>\n<p><img decoding=\"async\" src=\"\/wp-content\/uploads\/factory-13.webp\"\/><\/p>\n<p><img decoding=\"async\" src=\"\/wp-content\/uploads\/factory-14.webp\"\/><\/p>\n<h2>FAQ<\/h2>\n<p><p><b>1) Qu'est-ce qu'un cadre photo en aluminium bross\u00e9 color\u00e9 ?<\/b><\/p>\n<p>Il s'agit d'un cadre photo en aluminium bross\u00e9 avec des options de couleurs vibrantes, offrant un look \u00e9l\u00e9gant et moderne pour l'affichage de photos ou d'\u0153uvres d'art.<br \/>\n<\/p><br \/>\n<br \/>\n<p><b>2) Quels sont les avantages de l'utilisation de cadres en aluminium bross\u00e9 ?<\/b><\/p>\n<p>Ils sont \u00e9l\u00e9gants, r\u00e9sistants \u00e0 la corrosion, l\u00e9gers et disponibles en plusieurs couleurs pour s'adapter aux diff\u00e9rents styles de d\u00e9coration.<br \/>\n<\/p><br \/>\n<br \/>\n<p><b>3. puis-je commander des couleurs et des tailles personnalis\u00e9es ?<\/b><\/p>\n<p>Oui, en tant que fabricant, nous proposons des dimensions et des finitions personnalis\u00e9es, ainsi qu'une large gamme d'options de couleurs pour les commandes en gros.<br \/>\n<\/p><br \/>\n<br \/>\n<p><b>4. ces cadres photo peuvent-ils \u00eatre utilis\u00e9s \u00e0 des fins commerciales ?<\/b><\/p>\n<p>En effet, ils sont largement utilis\u00e9s dans les galeries, les expositions, les magasins de d\u00e9tail et les espaces d'entreprise en raison de leur aspect haut de gamme et de leur durabilit\u00e9.<br \/>\n<\/p><br \/>\n<br \/>\n<p><b>5. quelle est la durabilit\u00e9 de la finition bross\u00e9e et color\u00e9e ?<\/b><\/p>\n<p>La surface en aluminium bross\u00e9 est r\u00e9sistante aux rayures et trait\u00e9e avec des rev\u00eatements qui emp\u00eachent la d\u00e9coloration et la corrosion au fil du temps.<br \/>\n<\/p><br \/>\n<br \/>\n<p><b>6. ces cadres en aluminium sont-ils l\u00e9gers ?<\/b><\/p>\n<p>Oui, ils sont fabriqu\u00e9s en aluminium de haute qualit\u00e9, \u00e0 la fois solide et l\u00e9ger, ce qui permet de les suspendre et de les manipuler facilement.<br \/>\n<\/p><br \/>\n<br \/>\n<p><b>7. quelles sont les options de montage disponibles ?<\/b><\/p>\n<p>Les cadres peuvent \u00eatre fournis avec des crochets muraux, des supports de chevalet ou du mat\u00e9riel de montage personnalis\u00e9 en fonction des besoins de l'application.<br \/>\n<\/p><br \/>\n<br \/>\n<p><b>8) O\u00f9 les cadres photo en aluminium bross\u00e9 color\u00e9 sont-ils couramment utilis\u00e9s ?<\/b><\/p>\n<p>Ils sont populaires dans la d\u00e9coration int\u00e9rieure, les studios de photographie, les int\u00e9rieurs commerciaux, les expositions \u00e9v\u00e9nementielles et les emballages cadeaux.<br \/>\n<\/p><br \/><\/p>","protected":false},"featured_media":7645,"template":"","categories":[67],"class_list":["post-7646","product","type-product","status-publish","has-post-thumbnail","hentry","category-architectural-aluminium-profile"],"meta_box":{"hilight_text_group":{"product_hilight_text":"<li>Brushed aluminum surface delivers a stylish, modern aesthetic<\/li>\r\r\n<li>Available in a wide range of vibrant colors to suit various interiors<\/li>\r\r\n<li>Durable and lightweight aluminum construction for easy handling<\/li>\r\r\n<li>Corrosion-resistant finish ensures long-lasting quality<\/li>\r\r\n<li>Custom sizes and color options available for bulk orders<\/li>\r\r\n<li>Ideal for home d\u00c3\u00a9cor, galleries, exhibitions, and retail displays<\/li>\r\r\n<li>Precision manufacturing ensures consistent quality and clean edges<\/li>","product_chanpin_blog":"<ul>\r\r\n<li><a href=\"https:\/\/sinoextrud.com\/t-slot-v-slot-differences\/\" target=\"_blank\">t slot vs v slot<\/a><\/li>\r\r\n<li><a href=\"https:\/\/sinoextrud.com\/what-is-4040-aluminium-extrud\/\" target=\"_blank\">4040 aluminium extrusion<\/a><\/li>\r\r\n<li><a href=\"https:\/\/sinoextrud.com\/what-is-4040-aluminium-extrud\/\" target=\"_blank\">aluminum extrusions for industrial racks<\/a><\/li>\r\r\n<li><a href=\"https:\/\/sinoextrud.com\/powder-coating-aluminium-process\/\" target=\"_blank\">powder coating aluminium<\/a><\/li>\r\r\n<li><a href=\"https:\/\/sinoextrud.com\/what-is-an-aluminium-strip-ceiling\/\" target=\"_blank\">aluminium strip ceiling<\/a><\/li>\r\r\n<li><a href=\"https:\/\/sinoextrud.com\/what-is-a-heat-sink\/\" target=\"_blank\">what is a heat sink<\/a><\/li>\r\r\n<\/ul>","product_chanpin_chanpin":"<li><a href=\"https:\/\/sinoextrud.com\/product\/newest-stable-extruded-aluminum-u-channel-profile-frameless-glass-railing-system-with-balustrade-handrail-fittings\/\" target=\"_blank\">Newest Stable Extruded Aluminum U Channel Profile Frameless Glass Railing System With Balustrade Handrail Fittings<\/a><\/li>\r\n<li><a href=\"https:\/\/sinoextrud.com\/product\/powder-coated-wooden-grain-aluminium-shutter-profile\/\" target=\"_blank\">Powder Coated Wooden Grain Aluminium Shutter Profile<\/a><\/li>\r\n<li><a href=\"https:\/\/sinoextrud.com\/product\/aluminum-profile-for-shower-enclosure\/\" target=\"_blank\">Aluminum Profile For Shower Enclosure<\/a><\/li>\r\n<li><a href=\"https:\/\/sinoextrud.com\/product\/wall-aluminum-profile-decoration-t-shaped-edge-trim\/\" target=\"_blank\">Wall Aluminum Profile Decoration T Shaped Edge Trim<\/a><\/li>\r\n<li><a href=\"https:\/\/sinoextrud.com\/product\/colorful-brushed-aluminium-photo-frame-manufacturer\/\" target=\"_blank\">Colorful Brushed Aluminium Photo Frame Manufacturer<\/a><\/li>\r\n<li><a href=\"https:\/\/sinoextrud.com\/product\/aluminum-shutter-extrusion-profiles\/\" target=\"_blank\">Aluminum Shutter Extrusion Profiles<\/a><\/li>\r\n<li><a href=\"https:\/\/sinoextrud.com\/product\/aluminum-profile-shutter\/\" target=\"_blank\">Aluminum Profile Shutter<\/a><\/li>\r\n<li><a href=\"https:\/\/sinoextrud.com\/product\/gb-matt-anodized-aluminium\/\" target=\"_blank\">GB Matt Anodized Aluminium<\/a><\/li>\r\n<li><a href=\"https:\/\/sinoextrud.com\/product\/indoor-and-outdoor-aluminium-louver-profile\/\" target=\"_blank\">Indoor and Outdoor Aluminium Louver Profile<\/a><\/li>\r\n<li><a href=\"https:\/\/sinoextrud.com\/product\/aluminum-extrusion-profiles-products\/\" target=\"_blank\">Aluminum Extrusion Profiles Products<\/a><\/li>\r\n<li><a href=\"https:\/\/sinoextrud.com\/product\/extruded-aluminum-door-frame\/\" target=\"_blank\">Extruded Aluminum Door Frame<\/a><\/li>"},"feature_list":[]},"_links":{"self":[{"href":"https:\/\/sinoextrud.com\/fr\/wp-json\/wp\/v2\/product\/7646","targetHints":{"allow":["GET"]}}],"collection":[{"href":"https:\/\/sinoextrud.com\/fr\/wp-json\/wp\/v2\/product"}],"about":[{"href":"https:\/\/sinoextrud.com\/fr\/wp-json\/wp\/v2\/types\/product"}],"wp:featuredmedia":[{"embeddable":true,"href":"https:\/\/sinoextrud.com\/fr\/wp-json\/wp\/v2\/media\/7645"}],"wp:attachment":[{"href":"https:\/\/sinoextrud.com\/fr\/wp-json\/wp\/v2\/media?parent=7646"}],"wp:term":[{"taxonomy":"category","embeddable":true,"href":"https:\/\/sinoextrud.com\/fr\/wp-json\/wp\/v2\/categories?post=7646"}],"curies":[{"name":"wp","href":"https:\/\/api.w.org\/{rel}","templated":true}]}}