{"id":7640,"date":"2025-06-09T07:11:39","date_gmt":"2025-06-09T07:11:39","guid":{"rendered":"https:\/\/sinoextrud.com\/product\/powder-coated-wooden-grain-aluminium-shutter-profile\/"},"modified":"2025-06-24T06:13:18","modified_gmt":"2025-06-24T06:13:18","slug":"profile-de-volet-en-aluminium-a-grain-de-bois-laque-par-poudrage","status":"publish","type":"product","link":"https:\/\/sinoextrud.com\/fr\/product\/powder-coated-wooden-grain-aluminium-shutter-profile\/","title":{"rendered":"Profil\u00e9 de volet en aluminium \u00e0 grain de bois rev\u00eatu par poudrage"},"content":{"rendered":"<h2>D\u00e9tails des produits<\/h2>\n<table class=\"custom-table\">\n<tbody>\n<tr>\n<td> Nom du produit<\/td>\n<td> Profil\u00e9 de volet en aluminium \u00e0 grain de bois rev\u00eatu par poudrage<\/td>\n<\/tr>\n<tr>\n<td> Gamme de produits<\/td>\n<td> profil\u00e9s en aluminium pour Pergola profil\u00e9 en aluminium, profil\u00e9 de volet en aluminium, profil\u00e9 de persienne en aluminium, etc.<\/td>\n<\/tr>\n<tr>\n<td> Alliage d'aluminium<\/td>\n<td> Aluminium s\u00e9rie 6000<\/td>\n<\/tr>\n<tr>\n<td> Temp\u00e9rer<\/td>\n<td> T3-T8<\/td>\n<\/tr>\n<tr>\n<td> Forme<\/td>\n<td> personnalisation<\/td>\n<\/tr>\n<tr>\n<td> Couleur<\/td>\n<td> Rev\u00eatement en poudre grain de bois, ou personnalisation<\/td>\n<\/tr>\n<tr>\n<td> Traitement de surface<\/td>\n<td> finition en usine, anodisation, grain de bois, rev\u00eatement en poudre, sablage, \u00e9lectrophor\u00e8se, brossage, polissage, etc.<\/td>\n<\/tr>\n<tr>\n<td> Traitement en profondeur CNC<\/td>\n<td> couper, percer, usiner, poin\u00e7onner, plier, tarauder, etc.<\/td>\n<\/tr>\n<tr>\n<td> Certifications<\/td>\n<td> CE, ISO, SGS, TUV, ROHS<\/td>\n<\/tr>\n<tr>\n<td> \u00c9chantillons<\/td>\n<td> \u00e9chantillon gratuit. Livraison en 1-3 jours.<\/td>\n<\/tr>\n<tr>\n<td> MOQ<\/td>\n<td> 200KG pour chaque profil<\/td>\n<\/tr>\n<tr>\n<td> D\u00e9lai de livraison<\/td>\n<td> La mise au point du moule et la confirmation de l'\u00e9chantillon prennent 12 \u00e0 15 jours, puis la production prend 15 \u00e0 25 jours apr\u00e8s r\u00e9ception de l'acompte de l'acheteur.<\/td>\n<\/tr>\n<tr>\n<td> Conditions de paiement<\/td>\n<td> 30% d\u00e9p\u00f4t avant la production, et le solde avant l'exp\u00e9dition.<\/td>\n<\/tr>\n<tr>\n<td> Port<\/td>\n<td> Shenzhen, Guangzhou, Foshan<\/td>\n<\/tr>\n<\/tbody>\n<\/table>\n<h2>Notre base de production<\/h2>\n<h3>Panorama de l'usine<\/h3>\n<p><img decoding=\"async\" src=\"\/wp-content\/uploads\/factory-01.webp\"\/><\/p>\n<h3>Atelier de fabrication de barres d'aluminium<\/h3>\n<p><img decoding=\"async\" src=\"\/wp-content\/uploads\/factory-02.webp\"\/><\/p>\n<\/p>\n<p><img decoding=\"async\" src=\"\/wp-content\/uploads\/factory-03.webp\"\/><\/p>\n<h3>Entrep\u00f4t de stockage des moules<\/h3>\n<p><img decoding=\"async\" src=\"\/wp-content\/uploads\/factory-04.webp\"\/><\/p>\n<h3>43 lignes d'extrusion d'aluminium (500 \u00e0 5500 tonnes)<\/h3>\n<p><img decoding=\"async\" src=\"\/wp-content\/uploads\/factory-05.webp\"\/><\/p>\n<p><img decoding=\"async\" src=\"\/wp-content\/uploads\/factory-06.webp\"\/><\/p>\n<p><img decoding=\"async\" src=\"\/wp-content\/uploads\/factory-07.webp\"\/><\/p>\n<h3>Atelier de peinture en poudre<\/h3>\n<p><img decoding=\"async\" src=\"\/wp-content\/uploads\/factory-09.webp\"\/><\/p>\n<h3>Atelier d'anodisation<\/h3>\n<p><img decoding=\"async\" src=\"\/wp-content\/uploads\/factory-10.webp\"\/><\/p>\n<h3>Atelier sur le traitement en profondeur<\/h3>\n<p><img decoding=\"async\" src=\"\/wp-content\/uploads\/factory-11.webp\"\/><\/p>\n<h3>Atelier d'usinage de pr\u00e9cision CNC<\/h3>\n<p><img decoding=\"async\" src=\"\/wp-content\/uploads\/factory-11.5.webp\"\/><\/p>\n<h3>Entrep\u00f4t de produits finis et d'exportation<\/h3>\n<p><img decoding=\"async\" src=\"\/wp-content\/uploads\/factory-12.webp\"\/><\/p>\n<p><img decoding=\"async\" src=\"\/wp-content\/uploads\/factory-13.webp\"\/><\/p>\n<p><img decoding=\"async\" src=\"\/wp-content\/uploads\/factory-14.webp\"\/><\/p>\n<h2>FAQ<\/h2>\n<p><b>1) Qu'est-ce qu'un profil\u00e9 de volet en aluminium \u00e0 grain de bois rev\u00eatu par poudrage ?<\/b><\/p>\n<p>Il s'agit d'un profil\u00e9 de volet en aluminium avec une finition en grain de bois thermolaqu\u00e9, con\u00e7u pour combiner l'esth\u00e9tique du bois avec la durabilit\u00e9 de l'aluminium.\n<\/p>\n<p><\/p>\n<p><b>2) Quels sont les avantages de l'utilisation de profils de volets en aluminium \u00e0 grain de bois ?<\/b><\/p>\n<p>Ils offrent un aspect bois naturel, une r\u00e9sistance aux intemp\u00e9ries, une protection contre la corrosion et un entretien minimal.\n<\/p>\n<p><\/p>\n<p><b>3. ces volets en aluminium conviennent-ils pour une utilisation en ext\u00e9rieur ?<\/b><\/p>\n<p>Oui, le rev\u00eatement en poudre et la base en aluminium les rendent tr\u00e8s r\u00e9sistants \u00e0 l'humidit\u00e9, aux rayons UV et aux changements de temp\u00e9rature.\n<\/p>\n<p><\/p>\n<p><b>4. le motif du grain de bois peut-il \u00eatre personnalis\u00e9 ?<\/b><\/p>\n<p>Oui, nous proposons diff\u00e9rentes textures et couleurs de bois pour s'adapter aux diff\u00e9rents styles architecturaux.\n<\/p>\n<p><\/p>\n<p><b>5. ce profil\u00e9 d'obturateur est-il une option \u00e9cologique ?<\/b><\/p>\n<p>Oui, il \u00e9vite l'utilisation de bois naturel, r\u00e9duit la d\u00e9forestation et offre la possibilit\u00e9 d'\u00eatre recycl\u00e9.\n<\/p>\n<p><\/p>\n<p><b>6. o\u00f9 peut-on utiliser les volets en aluminium \u00e0 grain de bois thermolaqu\u00e9 ?<\/b><\/p>\n<p>Ils sont couramment utilis\u00e9s sur les fen\u00eatres, les portes, les balcons, les pergolas et comme rev\u00eatement ext\u00e9rieur ou syst\u00e8mes de persiennes.\n<\/p>\n<p><\/p>\n<p><b>7. ces volets sont-ils l\u00e9gers et faciles \u00e0 installer ?<\/b><\/p>\n<p>Oui, le mat\u00e9riau aluminium est l\u00e9ger, ce qui rend le transport et l'installation efficaces et rentables.\n<\/p>\n<p><\/p>\n<p><b>8. quelle est la dur\u00e9e de vie de la finition thermolaqu\u00e9e grain de bois ?<\/b><\/p>\n<p>La finition est stable aux UV, r\u00e9sistante aux rayures et con\u00e7ue pour durer des ann\u00e9es sans se d\u00e9colorer, s'\u00e9cailler ou se fissurer.\n<\/p>\n<p><\/p>","protected":false},"featured_media":7639,"template":"","categories":[67],"class_list":["post-7640","product","type-product","status-publish","has-post-thumbnail","hentry","category-architectural-aluminium-profile"],"meta_box":{"hilight_text_group":{"product_hilight_text":"<li>Wood grain powder coating provides a natural timber look with aluminum durability<\/li>\r\r\n<li>Corrosion-resistant and weatherproof for long-term outdoor performance<\/li>\r\r\n<li>Low maintenance alternative to real wood shutters<\/li>\r\r\n<li>Lightweight yet strong aluminum ensures easy installation and structural integrity<\/li>\r\r\n<li>Available in a variety of wood grain patterns and colors<\/li>\r\r\n<li>Eco-friendly solution without deforestation or wood decay issues<\/li>\r\r\n<li>Suitable for windows, doors, fa?ades, and privacy screens<\/li>","product_chanpin_blog":"<ul>\r\r\n<li><a href=\"https:\/\/sinoextrud.com\/t-slot-v-slot-differences\/\" target=\"_blank\">t slot vs v slot<\/a><\/li>\r\r\n<li><a href=\"https:\/\/sinoextrud.com\/what-is-4040-aluminium-extrud\/\" target=\"_blank\">4040 aluminium extrusion<\/a><\/li>\r\r\n<li><a href=\"https:\/\/sinoextrud.com\/what-is-4040-aluminium-extrud\/\" target=\"_blank\">aluminum extrusions for industrial racks<\/a><\/li>\r\r\n<li><a href=\"https:\/\/sinoextrud.com\/powder-coating-aluminium-process\/\" target=\"_blank\">powder coating aluminium<\/a><\/li>\r\r\n<li><a href=\"https:\/\/sinoextrud.com\/what-is-an-aluminium-strip-ceiling\/\" target=\"_blank\">aluminium strip ceiling<\/a><\/li>\r\r\n<li><a href=\"https:\/\/sinoextrud.com\/what-is-a-heat-sink\/\" target=\"_blank\">what is a heat sink<\/a><\/li>\r\r\n<\/ul>","product_chanpin_chanpin":"<li><a href=\"https:\/\/sinoextrud.com\/product\/aluminum-profil-louver-roof\/\" target=\"_blank\">Aluminum Profil Louver Roof<\/a><\/li>\r\n<li><a href=\"https:\/\/sinoextrud.com\/product\/aluminum-profile-connector\/\" target=\"_blank\">Aluminum Profile Connector<\/a><\/li>\r\n<li><a href=\"https:\/\/sinoextrud.com\/product\/anodized-powder-coated-window-louver-extrusion-shutter-aluminum-profiles\/\" target=\"_blank\">Anodized Powder Coated Window Louver Extrusion Shutter Aluminum Profiles<\/a><\/li>\r\n<li><a href=\"https:\/\/sinoextrud.com\/product\/newest-stable-extruded-aluminum-u-channel-profile-frameless-glass-railing-system-with-balustrade-handrail-fittings\/\" target=\"_blank\">Newest Stable Extruded Aluminum U Channel Profile Frameless Glass Railing System With Balustrade Handrail Fittings<\/a><\/li>\r\n<li><a href=\"https:\/\/sinoextrud.com\/product\/powder-coated-wooden-grain-aluminium-shutter-profile\/\" target=\"_blank\">Powder Coated Wooden Grain Aluminium Shutter Profile<\/a><\/li>\r\n<li><a href=\"https:\/\/sinoextrud.com\/product\/aluminum-profile-for-shower-enclosure\/\" target=\"_blank\">Aluminum Profile For Shower Enclosure<\/a><\/li>\r\n<li><a href=\"https:\/\/sinoextrud.com\/product\/wall-aluminum-profile-decoration-t-shaped-edge-trim\/\" target=\"_blank\">Wall Aluminum Profile Decoration T Shaped Edge Trim<\/a><\/li>\r\n<li><a href=\"https:\/\/sinoextrud.com\/product\/colorful-brushed-aluminium-photo-frame-manufacturer\/\" target=\"_blank\">Colorful Brushed Aluminium Photo Frame Manufacturer<\/a><\/li>\r\n<li><a href=\"https:\/\/sinoextrud.com\/product\/aluminum-shutter-extrusion-profiles\/\" target=\"_blank\">Aluminum Shutter Extrusion Profiles<\/a><\/li>\r\n<li><a href=\"https:\/\/sinoextrud.com\/product\/aluminum-extrusion-u-channel-profiles\/\" target=\"_blank\">Aluminum Extrusion U Channel Profiles<\/a><\/li>\r\n<li><a href=\"https:\/\/sinoextrud.com\/product\/u-channel-aluminium-extrusion\/\" target=\"_blank\">U Channel Aluminium Extrusion<\/a><\/li>"},"feature_list":[]},"_links":{"self":[{"href":"https:\/\/sinoextrud.com\/fr\/wp-json\/wp\/v2\/product\/7640","targetHints":{"allow":["GET"]}}],"collection":[{"href":"https:\/\/sinoextrud.com\/fr\/wp-json\/wp\/v2\/product"}],"about":[{"href":"https:\/\/sinoextrud.com\/fr\/wp-json\/wp\/v2\/types\/product"}],"wp:featuredmedia":[{"embeddable":true,"href":"https:\/\/sinoextrud.com\/fr\/wp-json\/wp\/v2\/media\/7639"}],"wp:attachment":[{"href":"https:\/\/sinoextrud.com\/fr\/wp-json\/wp\/v2\/media?parent=7640"}],"wp:term":[{"taxonomy":"category","embeddable":true,"href":"https:\/\/sinoextrud.com\/fr\/wp-json\/wp\/v2\/categories?post=7640"}],"curies":[{"name":"wp","href":"https:\/\/api.w.org\/{rel}","templated":true}]}}