{"id":7632,"date":"2025-06-09T07:01:36","date_gmt":"2025-06-09T07:01:36","guid":{"rendered":"https:\/\/sinoextrud.com\/product\/aluminum-profil-louver-roof\/"},"modified":"2025-06-24T06:13:17","modified_gmt":"2025-06-24T06:13:17","slug":"profiles-en-aluminium-pour-le-toit","status":"publish","type":"product","link":"https:\/\/sinoextrud.com\/fr\/product\/aluminum-profil-louver-roof\/","title":{"rendered":"Toit \u00e0 lamelles en profil\u00e9 d'aluminium"},"content":{"rendered":"<h2>D\u00e9tails des produits<\/h2>\n<table class=\"custom-table\">\n<tbody>\n<tr>\n<td> Nom<\/td>\n<td> Toit \u00e0 lames profil\u00e9es en aluminium<\/td>\n<\/tr>\n<tr>\n<td> Cat\u00e9gorie<\/td>\n<td> Profil\u00e9 en aluminium<\/td>\n<\/tr>\n<tr>\n<td> Mat\u00e9riau<\/td>\n<td> Alliage d'aluminium<\/td>\n<\/tr>\n<tr>\n<td> Temp\u00e9rer<\/td>\n<td> T5<\/td>\n<\/tr>\n<tr>\n<td> Longueur<\/td>\n<td> Habituellement 1-9m ou autres<\/td>\n<\/tr>\n<tr>\n<td> Forme<\/td>\n<td> Ovale, feuille, dessin selon le client<\/td>\n<\/tr>\n<tr>\n<td> Traitement de surface<\/td>\n<td> Grain de bois, finition en usine, anodisation, \u00e9lectrophor\u00e8se, rev\u00eatement en poudre, etc.<\/td>\n<\/tr>\n<tr>\n<td> Duret\u00e9 du film<\/td>\n<td> DaHa2H<\/td>\n<\/tr>\n<tr>\n<td> Impact direct<\/td>\n<td> \u226530<\/td>\n<\/tr>\n<tr>\n<td> Flexibilit\u00e9<\/td>\n<td> \u22657<\/td>\n<\/tr>\n<tr>\n<td> Certificat<\/td>\n<td> TUV, ASTM, GB<\/td>\n<\/tr>\n<tr>\n<td> De<\/td>\n<td> Guangdong, Chine<\/td>\n<\/tr>\n<tr>\n<td> Livraison<\/td>\n<td> 20-25 jours apr\u00e8s le paiement.<\/td>\n<\/tr>\n<\/tbody>\n<\/table>\n<h2>Notre base de production<\/h2>\n<h3>Panorama de l'usine<\/h3>\n<p><img decoding=\"async\" src=\"\/wp-content\/uploads\/factory-01.webp\"\/><\/p>\n<h3>Atelier de fabrication de barres d'aluminium<\/h3>\n<p><img decoding=\"async\" src=\"\/wp-content\/uploads\/factory-02.webp\"\/><\/p>\n<p><img decoding=\"async\" src=\"\/wp-content\/uploads\/factory-03.webp\"\/><\/p>\n<h3>Entrep\u00f4t de stockage des moules<\/h3>\n<p><img decoding=\"async\" src=\"\/wp-content\/uploads\/factory-04.webp\"\/><\/p>\n<h3>43 lignes d'extrusion d'aluminium (500-5500 tonnes)<\/h3>\n<p><img decoding=\"async\" src=\"\/wp-content\/uploads\/factory-05.webp\"\/><\/p>\n<p><img decoding=\"async\" src=\"\/wp-content\/uploads\/factory-06.webp\"\/><\/p>\n<p><img decoding=\"async\" src=\"\/wp-content\/uploads\/factory-07.webp\"\/><\/p>\n<h3>Atelier de peinture en poudre<\/h3>\n<p><img decoding=\"async\" src=\"\/wp-content\/uploads\/factory-09.webp\"\/><\/p>\n<h3>Atelier d'anodisation<\/h3>\n<p><img decoding=\"async\" src=\"\/wp-content\/uploads\/factory-10.webp\"\/><\/p>\n<h3>Atelier sur le traitement en profondeur<\/h3>\n<p><img decoding=\"async\" src=\"\/wp-content\/uploads\/factory-11.webp\"\/><\/p>\n<h3>Atelier d'usinage de pr\u00e9cision CNC<\/h3>\n<p><img decoding=\"async\" src=\"\/wp-content\/uploads\/factory-11.5.webp\"\/><\/p>\n<h3>Entrep\u00f4t de produits finis et d'exportation<\/h3>\n<p><img decoding=\"async\" src=\"\/wp-content\/uploads\/factory-12.webp\"\/><\/p>\n<p><img decoding=\"async\" src=\"\/wp-content\/uploads\/factory-13.webp\"\/><\/p>\n<p><img decoding=\"async\" src=\"\/wp-content\/uploads\/factory-14.webp\"\/><\/p>\n<h2>FAQ<\/h2>\n<p><p><b>1) Qu'est-ce qu'un rail de suspension de penderie en profil\u00e9 d'aluminium ?<\/b><\/p>\n<p>Il s'agit d'une extrusion d'aluminium sp\u00e9cialement con\u00e7ue pour soutenir les v\u00eatements suspendus dans les armoires et les penderies.<br \/>\n<\/p><br \/>\n<br \/>\n<p><b>2) Quels sont les avantages de l'utilisation de l'aluminium pour les rails de suspension ?<\/b><\/p>\n<p>L'aluminium est solide, l\u00e9ger et r\u00e9sistant \u00e0 la rouille, ce qui garantit sa durabilit\u00e9 et sa facilit\u00e9 d'installation.<br \/>\n<\/p><br \/>\n<br \/>\n<p><b>3. le rail de la penderie est-il personnalisable ?<\/b><\/p>\n<p>Oui, nous proposons des longueurs, des finitions et des conceptions personnalis\u00e9es pour s'adapter \u00e0 diff\u00e9rents syst\u00e8mes et styles d'armoires.<br \/>\n<\/p><br \/>\n<br \/>\n<p><b>4) Quelles sont les finitions disponibles pour le rail de suspension ?<\/b><\/p>\n<p>Les finitions courantes comprennent l'argent anodis\u00e9, le noir mat, le champagne et les textures bross\u00e9es pour un aspect haut de gamme.<br \/>\n<\/p><br \/>\n<br \/>\n<p><b>5. peut-il supporter de lourdes charges vestimentaires ?<\/b><\/p>\n<p>Oui, le profil\u00e9 en aluminium \u00e0 haute r\u00e9sistance est con\u00e7u pour supporter un poids important sans se plier ni se d\u00e9former.<br \/>\n<\/p><br \/>\n<br \/>\n<p><b>6. est-il compatible avec les supports d'armoire standard ?<\/b><\/p>\n<p>Oui, nos rails de suspension s'adaptent \u00e0 la plupart des syst\u00e8mes d'armoires commerciales et des tailles de supports.<br \/>\n<\/p><br \/>\n<br \/>\n<p><b>7. o\u00f9 ce produit peut-il \u00eatre utilis\u00e9 ?<\/b><\/p>\n<p>Il convient aux placards r\u00e9sidentiels, aux pr\u00e9sentoirs de vente au d\u00e9tail, aux penderies d'h\u00f4tel et aux projets de d\u00e9coration d'int\u00e9rieur.<br \/>\n<\/p><br \/>\n<br \/>\n<p><b>8. les fabricants de meubles peuvent-ils passer des commandes group\u00e9es ?<\/b><\/p>\n<p>Oui, nous prenons en charge la production OEM et les commandes en gros \u00e0 des prix et dans des d\u00e9lais comp\u00e9titifs.<br \/>\n<\/p><br \/><\/p>","protected":false},"featured_media":7631,"template":"","categories":[67],"class_list":["post-7632","product","type-product","status-publish","has-post-thumbnail","hentry","category-architectural-aluminium-profile"],"meta_box":{"hilight_text_group":{"product_hilight_text":"<li>Durable aluminum profile ensures long-lasting performance and high load capacity<\/li>\r\r\n<li>Corrosion-resistant finish ideal for wardrobe and closet environments<\/li>\r\r\n<li>Lightweight design enables easy installation and handling<\/li>\r\r\n<li>Available in various lengths and finishes to match interior styles<\/li>\r\r\n<li>Compatible with standard wardrobe fittings and brackets<\/li>\r\r\n<li>Streamlined profile design offers a modern and sleek appearance<\/li>\r\r\n<li>Customizable options available for OEM and bulk orders<\/li>","product_chanpin_blog":"<ul>\r\r\n<li><a href=\"https:\/\/sinoextrud.com\/t-slot-v-slot-differences\/\" target=\"_blank\">t slot vs v slot<\/a><\/li>\r\r\n<li><a href=\"https:\/\/sinoextrud.com\/what-is-4040-aluminium-extrud\/\" target=\"_blank\">4040 aluminium extrusion<\/a><\/li>\r\r\n<li><a href=\"https:\/\/sinoextrud.com\/what-is-4040-aluminium-extrud\/\" target=\"_blank\">aluminum extrusions for industrial racks<\/a><\/li>\r\r\n<li><a href=\"https:\/\/sinoextrud.com\/powder-coating-aluminium-process\/\" target=\"_blank\">powder coating aluminium<\/a><\/li>\r\r\n<li><a href=\"https:\/\/sinoextrud.com\/what-is-an-aluminium-strip-ceiling\/\" target=\"_blank\">aluminium strip ceiling<\/a><\/li>\r\r\n<li><a href=\"https:\/\/sinoextrud.com\/what-is-a-heat-sink\/\" target=\"_blank\">what is a heat sink<\/a><\/li>\r\r\n<\/ul>","product_chanpin_chanpin":"<li><a href=\"https:\/\/sinoextrud.com\/product\/picture-frame-extrusions\/\" target=\"_blank\">Picture Frame Extrusions<\/a><\/li>\r\n<li><a href=\"https:\/\/sinoextrud.com\/product\/architectural-aluminum-extrusion-profiles\/\" target=\"_blank\">Architectural Aluminum Extrusion Profiles<\/a><\/li>\r\n<li><a href=\"https:\/\/sinoextrud.com\/product\/aluminum-outdoor-louvers\/\" target=\"_blank\">Aluminum Outdoor Louvers<\/a><\/li>\r\n<li><a href=\"https:\/\/sinoextrud.com\/product\/anodized-aluminum-frame-profile-brushed-photo-aluminum-frame-modern-decorative-industrial-frame-profile\/\" target=\"_blank\">Anodized Aluminum Frame Profile Brushed Photo Aluminum Frame Modern Decorative Industrial Frame Profile<\/a><\/li>\r\n<li><a href=\"https:\/\/sinoextrud.com\/product\/aluminum-profil-louver-roof\/\" target=\"_blank\">Aluminum Profil Louver Roof<\/a><\/li>\r\n<li><a href=\"https:\/\/sinoextrud.com\/product\/aluminum-profile-connector\/\" target=\"_blank\">Aluminum Profile Connector<\/a><\/li>\r\n<li><a href=\"https:\/\/sinoextrud.com\/product\/anodized-powder-coated-window-louver-extrusion-shutter-aluminum-profiles\/\" target=\"_blank\">Anodized Powder Coated Window Louver Extrusion Shutter Aluminum Profiles<\/a><\/li>\r\n<li><a href=\"https:\/\/sinoextrud.com\/product\/newest-stable-extruded-aluminum-u-channel-profile-frameless-glass-railing-system-with-balustrade-handrail-fittings\/\" target=\"_blank\">Newest Stable Extruded Aluminum U Channel Profile Frameless Glass Railing System With Balustrade Handrail Fittings<\/a><\/li>\r\n<li><a href=\"https:\/\/sinoextrud.com\/product\/powder-coated-wooden-grain-aluminium-shutter-profile\/\" target=\"_blank\">Powder Coated Wooden Grain Aluminium Shutter Profile<\/a><\/li>\r\n<li><a href=\"https:\/\/sinoextrud.com\/product\/aluminum-extrusion-aerospace-grade-2024-aluminum-alloy-tubes\/\" target=\"_blank\">Aluminum Extrusion Aerospace-Grade 2024 Aluminum Alloy Tubes<\/a><\/li>\r\n<li><a href=\"https:\/\/sinoextrud.com\/product\/brushed-aluminium-profile\/\" target=\"_blank\">Brushed Aluminium Profile<\/a><\/li>"},"feature_list":[]},"_links":{"self":[{"href":"https:\/\/sinoextrud.com\/fr\/wp-json\/wp\/v2\/product\/7632","targetHints":{"allow":["GET"]}}],"collection":[{"href":"https:\/\/sinoextrud.com\/fr\/wp-json\/wp\/v2\/product"}],"about":[{"href":"https:\/\/sinoextrud.com\/fr\/wp-json\/wp\/v2\/types\/product"}],"wp:featuredmedia":[{"embeddable":true,"href":"https:\/\/sinoextrud.com\/fr\/wp-json\/wp\/v2\/media\/7631"}],"wp:attachment":[{"href":"https:\/\/sinoextrud.com\/fr\/wp-json\/wp\/v2\/media?parent=7632"}],"wp:term":[{"taxonomy":"category","embeddable":true,"href":"https:\/\/sinoextrud.com\/fr\/wp-json\/wp\/v2\/categories?post=7632"}],"curies":[{"name":"wp","href":"https:\/\/api.w.org\/{rel}","templated":true}]}}