{"id":7626,"date":"2025-06-09T06:54:53","date_gmt":"2025-06-09T06:54:53","guid":{"rendered":"https:\/\/sinoextrud.com\/product\/architectural-aluminum-extrusion-profiles\/"},"modified":"2025-06-24T06:13:16","modified_gmt":"2025-06-24T06:13:16","slug":"profiles-dextrusion-daluminium-architectural","status":"publish","type":"product","link":"https:\/\/sinoextrud.com\/fr\/product\/architectural-aluminum-extrusion-profiles\/","title":{"rendered":"Profil\u00e9s d'extrusion d'aluminium architectural"},"content":{"rendered":"<h2>D\u00e9tails des produits<\/h2>\n<table class=\"custom-table\">\n<tbody>\n<tr>\n<td> Nom du produit<\/td>\n<td> Profil\u00e9s d'extrusion d'aluminium architectural<\/td>\n<\/tr>\n<tr>\n<td> Qualit\u00e9 des mat\u00e9riaux<\/td>\n<td> S\u00e9rie 6000<\/td>\n<\/tr>\n<tr>\n<td> Forme<\/td>\n<td> Carr\u00e9, rond, rectangulaire et autres formes personnalis\u00e9es<\/td>\n<\/tr>\n<tr>\n<td> \u00c9paisseur<\/td>\n<td> 0,7mm-10mm ou selon la demande du client<\/td>\n<\/tr>\n<tr>\n<td> Taille<\/td>\n<td> Selon les besoins du client<\/td>\n<\/tr>\n<tr>\n<td> Applications typiques<\/td>\n<td> Architecture telle que mur-rideau, partie de bureau, plafond de toit, fen\u00eatre et porte<\/td>\n<\/tr>\n<tr>\n<td> Marque<\/td>\n<td> Sinoextrud, Sinoextrud ou marque OEM<\/td>\n<\/tr>\n<tr>\n<td> Processus CNC<\/td>\n<td> Fraisage, per\u00e7age, poin\u00e7onnage, per\u00e7age, taraudage, pliage CNC<\/td>\n<\/tr>\n<tr>\n<td> Traitement de surface<\/td>\n<td> Finition en usine, grain de bois, anodisation, rev\u00eatement par poudre, \u00e9lectrophor\u00e8se, rev\u00eatement PVDF, etc.<\/td>\n<\/tr>\n<tr>\n<td> Garantie<\/td>\n<td> ISO9001, ISO4001, CQM, SGS, CE, BV, etc.<\/td>\n<\/tr>\n<tr>\n<td> Lieu d'origine<\/td>\n<td> Guangdong, Chine<\/td>\n<\/tr>\n<\/tbody>\n<\/table>\n<h2>Notre base de production<\/h2>\n<h3>Panorama de l'usine<\/h3>\n<p><img decoding=\"async\" src=\"\/wp-content\/uploads\/factory-01.webp\"\/><\/p>\n<h3>Atelier de fabrication de barres d'aluminium<\/h3>\n<p><img decoding=\"async\" src=\"\/wp-content\/uploads\/factory-02.webp\"\/><\/p>\n<p><img decoding=\"async\" src=\"\/wp-content\/uploads\/factory-03.webp\"\/><\/p>\n<h3>Entrep\u00f4t de stockage des moules<\/h3>\n<p><img decoding=\"async\" src=\"\/wp-content\/uploads\/factory-04.webp\"\/><\/p>\n<h3>43 lignes d'extrusion d'aluminium (500 \u00e0 5500 tonnes)<\/h3>\n<p><img decoding=\"async\" src=\"\/wp-content\/uploads\/factory-05.webp\"\/><\/p>\n<p><img decoding=\"async\" src=\"\/wp-content\/uploads\/factory-06.webp\"\/><\/p>\n<p><img decoding=\"async\" src=\"\/wp-content\/uploads\/factory-07.webp\"\/><\/p>\n<h3>Atelier de peinture en poudre<\/h3>\n<p><img decoding=\"async\" src=\"\/wp-content\/uploads\/factory-09.webp\"\/><\/p>\n<h3>Atelier d'anodisation<\/h3>\n<p><img decoding=\"async\" src=\"\/wp-content\/uploads\/factory-10.webp\"\/><\/p>\n<h3>Atelier sur le traitement en profondeur<\/h3>\n<p><img decoding=\"async\" src=\"\/wp-content\/uploads\/factory-11.webp\"\/><\/p>\n<h3>Atelier d'usinage de pr\u00e9cision CNC<\/h3>\n<p><img decoding=\"async\" src=\"\/wp-content\/uploads\/factory-11.5.webp\"\/><\/p>\n<h3>Entrep\u00f4t de produits finis et d'exportation<\/h3>\n<p><img decoding=\"async\" src=\"\/wp-content\/uploads\/factory-12.webp\"\/><\/p>\n<p><img decoding=\"async\" src=\"\/wp-content\/uploads\/factory-13.webp\"\/><\/p>\n<p><img decoding=\"async\" src=\"\/wp-content\/uploads\/factory-14.webp\"\/><\/p>\n<h2>FAQ<\/h2>\n<p><p><b>1.Qu'est-ce qu'un profil\u00e9 d'extrusion d'aluminium architectural ?<\/b><\/p>\n<p>Les profil\u00e9s d'extrusion d'aluminium architectural sont des formes d'aluminium sp\u00e9cialement con\u00e7ues pour la construction d'\u00e9l\u00e9ments de b\u00e2timent tels que les fa\u00e7ades, les murs-rideaux, les fen\u00eatres et les portes.<br \/>\n<\/p><br \/>\n<br \/>\n<p><b>2. quels sont les avantages des profil\u00e9s d'extrusion en aluminium pour l'architecture ?<\/b><\/p>\n<p>Ils offrent une grande solidit\u00e9, des propri\u00e9t\u00e9s de l\u00e9g\u00e8ret\u00e9, une r\u00e9sistance \u00e0 la corrosion et une grande souplesse de conception, ce qui les rend id\u00e9aux pour l'architecture moderne.<br \/>\n<\/p><br \/>\n<br \/>\n<p><b>3. Ces profil\u00e9s en aluminium conviennent-ils pour une utilisation \u00e0 l'ext\u00e9rieur des b\u00e2timents ?<\/b><\/p>\n<p>Oui, les profil\u00e9s d'extrusion en aluminium architectural sont trait\u00e9s avec des finitions r\u00e9sistantes aux intemp\u00e9ries pour supporter les conditions environnementales difficiles.<br \/>\n<\/p><br \/>\n<br \/>\n<p><b>4) Les profil\u00e9s d'extrusion en aluminium architectural peuvent-ils \u00eatre personnalis\u00e9s ?<\/b><\/p>\n<p>Oui, nous proposons des formes, des tailles, des couleurs et des finitions personnalis\u00e9es pour r\u00e9pondre \u00e0 des exigences architecturales et structurelles uniques.<br \/>\n<\/p><br \/>\n<br \/>\n<p><b>5. ces profils sont-ils compatibles avec les syst\u00e8mes de rupture de pont thermique ?<\/b><\/p>\n<p>Oui, des options de rupture thermique sont disponibles pour am\u00e9liorer l'isolation et r\u00e9duire la consommation d'\u00e9nergie dans les b\u00e2timents.<br \/>\n<\/p><br \/>\n<br \/>\n<p><b>6. o\u00f9 les profil\u00e9s d'extrusion d'aluminium architectural sont-ils couramment utilis\u00e9s ?<\/b><\/p>\n<p>Ils sont utilis\u00e9s dans les b\u00e2timents commerciaux, les ensembles r\u00e9sidentiels, les gratte-ciel, les devantures de magasins et les b\u00e2timents \u00e9cologiques.<br \/>\n<\/p><br \/>\n<br \/>\n<p><b>7. ces extrusions sont-elles compatibles avec d'autres syst\u00e8mes de construction ?<\/b><\/p>\n<p>Oui, ils sont con\u00e7us pour s'int\u00e9grer parfaitement aux syst\u00e8mes de verre, de pierre et de panneaux composites dans la construction architecturale.<br \/>\n<\/p><br \/>\n<br \/>\n<p><b>8) Quelles sont les finitions de surface disponibles pour ces profils ?<\/b><\/p>\n<p>Les finitions disponibles comprennent l'anodisation, le rev\u00eatement par poudre, le brossage et des textures personnalis\u00e9es pour r\u00e9pondre aux besoins esth\u00e9tiques et fonctionnels.<br \/>\n<\/p><br \/><\/p>","protected":false},"featured_media":7625,"template":"","categories":[67],"class_list":["post-7626","product","type-product","status-publish","has-post-thumbnail","hentry","category-architectural-aluminium-profile"],"meta_box":{"hilight_text_group":{"product_hilight_text":"<li>High precision extrusion ensures consistent quality for architectural applications<\/li>\r\r\n<li>Lightweight and strong aluminum ideal for modern building structures<\/li>\r\r\n<li>Corrosion-resistant finishes suitable for exterior environments<\/li>\r\r\n<li>Available in a wide range of shapes, sizes, and custom designs<\/li>\r\r\n<li>Supports thermal break technology for energy-efficient buildings<\/li>\r\r\n<li>Compatible with curtain walls, fa?ades, windows, and door systems<\/li>\r\r\n<li>Enhances building aesthetics with sleek and contemporary profiles<\/li>","product_chanpin_blog":"<ul>\r\r\n<li><a href=\"https:\/\/sinoextrud.com\/t-slot-v-slot-differences\/\" target=\"_blank\">t slot vs v slot<\/a><\/li>\r\r\n<li><a href=\"https:\/\/sinoextrud.com\/what-is-4040-aluminium-extrud\/\" target=\"_blank\">4040 aluminium extrusion<\/a><\/li>\r\r\n<li><a href=\"https:\/\/sinoextrud.com\/what-is-4040-aluminium-extrud\/\" target=\"_blank\">aluminum extrusions for industrial racks<\/a><\/li>\r\r\n<li><a href=\"https:\/\/sinoextrud.com\/powder-coating-aluminium-process\/\" target=\"_blank\">powder coating aluminium<\/a><\/li>\r\r\n<li><a href=\"https:\/\/sinoextrud.com\/what-is-an-aluminium-strip-ceiling\/\" target=\"_blank\">aluminium strip ceiling<\/a><\/li>\r\r\n<li><a href=\"https:\/\/sinoextrud.com\/what-is-a-heat-sink\/\" target=\"_blank\">what is a heat sink<\/a><\/li>\r\r\n<\/ul>","product_chanpin_chanpin":"<li><a href=\"https:\/\/sinoextrud.com\/product\/profile-aluminium-extrusion-used-for-door\/\" target=\"_blank\">Profile Aluminium Extrusion Used For Door<\/a><\/li>\r\n<li><a href=\"https:\/\/sinoextrud.com\/product\/square-aluminum-extrusion\/\" target=\"_blank\">Square Aluminum Extrusion<\/a><\/li>\r\n<li><a href=\"https:\/\/sinoextrud.com\/product\/extruded-aluminum-drawer-pulls\/\" target=\"_blank\">Extruded Aluminum Drawer Pulls<\/a><\/li>\r\n<li><a href=\"https:\/\/sinoextrud.com\/product\/picture-frame-extrusions\/\" target=\"_blank\">Picture Frame Extrusions<\/a><\/li>\r\n<li><a href=\"https:\/\/sinoextrud.com\/product\/architectural-aluminum-extrusion-profiles\/\" target=\"_blank\">Architectural Aluminum Extrusion Profiles<\/a><\/li>\r\n<li><a href=\"https:\/\/sinoextrud.com\/product\/aluminum-outdoor-louvers\/\" target=\"_blank\">Aluminum Outdoor Louvers<\/a><\/li>\r\n<li><a href=\"https:\/\/sinoextrud.com\/product\/anodized-aluminum-frame-profile-brushed-photo-aluminum-frame-modern-decorative-industrial-frame-profile\/\" target=\"_blank\">Anodized Aluminum Frame Profile Brushed Photo Aluminum Frame Modern Decorative Industrial Frame Profile<\/a><\/li>\r\n<li><a href=\"https:\/\/sinoextrud.com\/product\/aluminum-profil-louver-roof\/\" target=\"_blank\">Aluminum Profil Louver Roof<\/a><\/li>\r\n<li><a href=\"https:\/\/sinoextrud.com\/product\/aluminum-profile-connector\/\" target=\"_blank\">Aluminum Profile Connector<\/a><\/li>\r\n<li><a href=\"https:\/\/sinoextrud.com\/product\/u-shaped-aluminum-extrusion\/\" target=\"_blank\">U Shaped Aluminum Extrusion<\/a><\/li>\r\n<li><a href=\"https:\/\/sinoextrud.com\/product\/aluminium-sliding-door-pictures-new-update-sliding-wardrobe-doors-profile-manufacturers-oem-value-frame-extrusion\/\" target=\"_blank\">aluminium sliding door pictures new update sliding wardrobe doors profile manufacturers OEM value frame extrusion<\/a><\/li>"},"feature_list":[]},"_links":{"self":[{"href":"https:\/\/sinoextrud.com\/fr\/wp-json\/wp\/v2\/product\/7626","targetHints":{"allow":["GET"]}}],"collection":[{"href":"https:\/\/sinoextrud.com\/fr\/wp-json\/wp\/v2\/product"}],"about":[{"href":"https:\/\/sinoextrud.com\/fr\/wp-json\/wp\/v2\/types\/product"}],"wp:featuredmedia":[{"embeddable":true,"href":"https:\/\/sinoextrud.com\/fr\/wp-json\/wp\/v2\/media\/7625"}],"wp:attachment":[{"href":"https:\/\/sinoextrud.com\/fr\/wp-json\/wp\/v2\/media?parent=7626"}],"wp:term":[{"taxonomy":"category","embeddable":true,"href":"https:\/\/sinoextrud.com\/fr\/wp-json\/wp\/v2\/categories?post=7626"}],"curies":[{"name":"wp","href":"https:\/\/api.w.org\/{rel}","templated":true}]}}