{"id":7624,"date":"2025-06-09T06:49:51","date_gmt":"2025-06-09T06:49:51","guid":{"rendered":"https:\/\/sinoextrud.com\/product\/picture-frame-extrusions\/"},"modified":"2025-06-24T06:13:16","modified_gmt":"2025-06-24T06:13:16","slug":"extrusions-pour-cadres-de-photos","status":"publish","type":"product","link":"https:\/\/sinoextrud.com\/fr\/product\/picture-frame-extrusions\/","title":{"rendered":"Extrusions pour cadres d'images"},"content":{"rendered":"<h2>D\u00e9tails des produits<\/h2>\n<table class=\"custom-table\">\n<tbody>\n<tr>\n<td> Nom du produit<\/td>\n<td> Extrusions pour cadres photos<\/td>\n<\/tr>\n<tr>\n<td> Alliage d'aluminium<\/td>\n<td> 6063-T5<\/td>\n<\/tr>\n<tr>\n<td> Traitement de surface<\/td>\n<td> Anodis\u00e9 poli, bross\u00e9 ou personnalis\u00e9<\/td>\n<\/tr>\n<tr>\n<td> Couleur<\/td>\n<td> Argent, blanc, noir, dor\u00e9, gris, champagne ou personnalisation<\/td>\n<\/tr>\n<tr>\n<td> Taille<\/td>\n<td> 1m-9m, Personnalisation<\/td>\n<\/tr>\n<tr>\n<td> Application<\/td>\n<td> Montage d'images et de photos, avec effet de vision br\u00e8ve et directe<\/td>\n<\/tr>\n<tr>\n<td> Marque<\/td>\n<td> Sinoextrud \/ Sinoextrud \/ Sinoextrud Aluminium<\/td>\n<\/tr>\n<tr>\n<td> Origine<\/td>\n<td> Foshan, Chine<\/td>\n<\/tr>\n<\/tbody>\n<\/table>\n<h2>Notre base de production<\/h2>\n<h3>Panorama de l'usine<\/h3>\n<p><img decoding=\"async\" src=\"\/wp-content\/uploads\/factory-01.webp\"\/><\/p>\n<h3>Atelier de fabrication de barres d'aluminium<\/h3>\n<p><img decoding=\"async\" src=\"\/wp-content\/uploads\/factory-02.webp\"\/><\/p>\n<p><img decoding=\"async\" src=\"\/wp-content\/uploads\/factory-03.webp\"\/><\/p>\n<h3>Entrep\u00f4t de stockage des moules<\/h3>\n<p><img decoding=\"async\" src=\"\/wp-content\/uploads\/factory-04.webp\"\/><\/p>\n<h3>43 lignes d'extrusion d'aluminium (500 \u00e0 5500 tonnes)<\/h3>\n<p><img decoding=\"async\" src=\"\/wp-content\/uploads\/factory-05.webp\"\/><\/p>\n<p><img decoding=\"async\" src=\"\/wp-content\/uploads\/factory-06.webp\"\/><\/p>\n<p><img decoding=\"async\" src=\"\/wp-content\/uploads\/factory-07.webp\"\/><\/p>\n<h3>Atelier de peinture en poudre<\/h3>\n<p><img decoding=\"async\" src=\"\/wp-content\/uploads\/factory-09.webp\"\/><\/p>\n<h3>Atelier d'anodisation<\/h3>\n<p><img decoding=\"async\" src=\"\/wp-content\/uploads\/factory-10.webp\"\/><\/p>\n<h3>Atelier sur le traitement en profondeur<\/h3>\n<p><img decoding=\"async\" src=\"\/wp-content\/uploads\/factory-11.webp\"\/><\/p>\n<h3>Atelier d'usinage de pr\u00e9cision CNC<\/h3>\n<p><img decoding=\"async\" src=\"\/wp-content\/uploads\/factory-11.5.webp\"\/><\/p>\n<h3>Entrep\u00f4t de produits finis et d'exportation<\/h3>\n<p><img decoding=\"async\" src=\"\/wp-content\/uploads\/factory-12.webp\"\/><\/p>\n<p><img decoding=\"async\" src=\"\/wp-content\/uploads\/factory-13.webp\"\/><\/p>\n<p><img decoding=\"async\" src=\"\/wp-content\/uploads\/factory-14.webp\"\/><\/p>\n<h2>FAQ<\/h2>\n<p><p><b>1) Qu'est-ce qu'une extrusion pour cadre photo ?<\/b><\/p>\n<p>Les profil\u00e9s d'encadrement sont des profil\u00e9s d'aluminium utilis\u00e9s pour construire des cadres durables et attrayants pour les \u0153uvres d'art, les photographies et les pr\u00e9sentoirs.<br \/>\n<\/p><br \/>\n<br \/>\n<p><b>2. quels sont les principaux avantages des extrusions pour cadres photos ?<\/b><\/p>\n<p>Ils sont l\u00e9gers, r\u00e9sistants \u00e0 la corrosion, d'une esth\u00e9tique moderne et faciles \u00e0 assembler pour des cadres de qualit\u00e9 professionnelle.<br \/>\n<\/p><br \/>\n<br \/>\n<p><b>3. les extrusions pour cadres photos peuvent-elles \u00eatre personnalis\u00e9es ?<\/b><\/p>\n<p>Oui, nous proposons des tailles, des formes, des couleurs et des finitions personnalis\u00e9es pour r\u00e9pondre aux diff\u00e9rentes exigences d'encadrement et aux pr\u00e9f\u00e9rences en mati\u00e8re de design.<br \/>\n<\/p><br \/>\n<br \/>\n<p><b>4. les extrusions de cadres conviennent-elles pour les \u0153uvres d'art de grande taille ?<\/b><\/p>\n<p>En effet, ils offrent un support structurel solide tout en conservant un profil mince, ce qui les rend id\u00e9aux pour les pi\u00e8ces de petite ou de grande taille.<br \/>\n<\/p><br \/>\n<br \/>\n<p><b>5. les extrusions pour cadres photos sont-elles disponibles en diff\u00e9rentes finitions ?<\/b><\/p>\n<p>Oui, les finitions disponibles sont anodis\u00e9es, bross\u00e9es, mates, brillantes et enduites de poudre pour s'adapter \u00e0 diff\u00e9rents styles d\u00e9coratifs.<br \/>\n<\/p><br \/>\n<br \/>\n<p><b>6. o\u00f9 les extrusions pour cadres photos sont-elles couramment utilis\u00e9es ?<\/b><\/p>\n<p>Ils sont largement utilis\u00e9s dans les galeries d'art, les mus\u00e9es, les expositions commerciales, la signalisation et la d\u00e9coration int\u00e9rieure.<br \/>\n<\/p><br \/>\n<br \/>\n<p><b>7. ces extrusions sont-elles faciles \u00e0 assembler ?<\/b><\/p>\n<p>Oui, ils sont con\u00e7us pour un assemblage rapide et s\u00fbr \u00e0 l'aide de connecteurs d'angle et de syst\u00e8mes de support standard.<br \/>\n<\/p><br \/>\n<br \/>\n<p><b>8. Comment les extrusions pour cadres photo am\u00e9liorent-elles la qualit\u00e9 de l'affichage ?<\/b><\/p>\n<p>Ils offrent un aspect net et professionnel qui met en valeur l'\u0153uvre d'art sans distraction, am\u00e9liorant ainsi la pr\u00e9sentation et l'attrait de l'ensemble.<br \/>\n<\/p><br \/><\/p>","protected":false},"featured_media":7623,"template":"","categories":[67],"class_list":["post-7624","product","type-product","status-publish","has-post-thumbnail","hentry","category-architectural-aluminium-profile"],"meta_box":{"hilight_text_group":{"product_hilight_text":"<li>Lightweight aluminum construction for easy handling and installation<\/li>\r\r\n<li>Corrosion-resistant and durable for long-lasting performance<\/li>\r\r\n<li>Clean, modern profile enhances artwork and display appeal<\/li>\r\r\n<li>Available in a wide range of colors, finishes, and styles<\/li>\r\r\n<li>Supports custom sizes for various frame dimensions<\/li>\r\r\n<li>Precision-extruded for smooth edges and consistent quality<\/li>\r\r\n<li>Ideal for galleries, retail displays, and home d\u00c3\u00a9cor<\/li>","product_chanpin_blog":"<ul>\r\r\n<li><a href=\"https:\/\/sinoextrud.com\/t-slot-v-slot-differences\/\" target=\"_blank\">t slot vs v slot<\/a><\/li>\r\r\n<li><a href=\"https:\/\/sinoextrud.com\/what-is-4040-aluminium-extrud\/\" target=\"_blank\">4040 aluminium extrusion<\/a><\/li>\r\r\n<li><a href=\"https:\/\/sinoextrud.com\/what-is-4040-aluminium-extrud\/\" target=\"_blank\">aluminum extrusions for industrial racks<\/a><\/li>\r\r\n<li><a href=\"https:\/\/sinoextrud.com\/powder-coating-aluminium-process\/\" target=\"_blank\">powder coating aluminium<\/a><\/li>\r\r\n<li><a href=\"https:\/\/sinoextrud.com\/what-is-an-aluminium-strip-ceiling\/\" target=\"_blank\">aluminium strip ceiling<\/a><\/li>\r\r\n<li><a href=\"https:\/\/sinoextrud.com\/what-is-a-heat-sink\/\" target=\"_blank\">what is a heat sink<\/a><\/li>\r\r\n<\/ul>","product_chanpin_chanpin":"<li><a href=\"https:\/\/sinoextrud.com\/product\/extruded-aluminium-window-frames\/\" target=\"_blank\">Extruded Aluminium Window Frames<\/a><\/li>\r\n<li><a href=\"https:\/\/sinoextrud.com\/product\/profile-aluminium-extrusion-used-for-door\/\" target=\"_blank\">Profile Aluminium Extrusion Used For Door<\/a><\/li>\r\n<li><a href=\"https:\/\/sinoextrud.com\/product\/square-aluminum-extrusion\/\" target=\"_blank\">Square Aluminum Extrusion<\/a><\/li>\r\n<li><a href=\"https:\/\/sinoextrud.com\/product\/extruded-aluminum-drawer-pulls\/\" target=\"_blank\">Extruded Aluminum Drawer Pulls<\/a><\/li>\r\n<li><a href=\"https:\/\/sinoextrud.com\/product\/picture-frame-extrusions\/\" target=\"_blank\">Picture Frame Extrusions<\/a><\/li>\r\n<li><a href=\"https:\/\/sinoextrud.com\/product\/architectural-aluminum-extrusion-profiles\/\" target=\"_blank\">Architectural Aluminum Extrusion Profiles<\/a><\/li>\r\n<li><a href=\"https:\/\/sinoextrud.com\/product\/aluminum-outdoor-louvers\/\" target=\"_blank\">Aluminum Outdoor Louvers<\/a><\/li>\r\n<li><a href=\"https:\/\/sinoextrud.com\/product\/anodized-aluminum-frame-profile-brushed-photo-aluminum-frame-modern-decorative-industrial-frame-profile\/\" target=\"_blank\">Anodized Aluminum Frame Profile Brushed Photo Aluminum Frame Modern Decorative Industrial Frame Profile<\/a><\/li>\r\n<li><a href=\"https:\/\/sinoextrud.com\/product\/aluminum-profil-louver-roof\/\" target=\"_blank\">Aluminum Profil Louver Roof<\/a><\/li>\r\n<li><a href=\"https:\/\/sinoextrud.com\/product\/extruded-aluminium-window-frames\/\" target=\"_blank\">Extruded Aluminium Window Frames<\/a><\/li>\r\n<li><a href=\"https:\/\/sinoextrud.com\/product\/80-x-40-aluminium-extrusion-workshop-pipeline\/\" target=\"_blank\">80 x 40 Aluminium Extrusion Workshop Pipeline<\/a><\/li>"},"feature_list":[]},"_links":{"self":[{"href":"https:\/\/sinoextrud.com\/fr\/wp-json\/wp\/v2\/product\/7624","targetHints":{"allow":["GET"]}}],"collection":[{"href":"https:\/\/sinoextrud.com\/fr\/wp-json\/wp\/v2\/product"}],"about":[{"href":"https:\/\/sinoextrud.com\/fr\/wp-json\/wp\/v2\/types\/product"}],"wp:featuredmedia":[{"embeddable":true,"href":"https:\/\/sinoextrud.com\/fr\/wp-json\/wp\/v2\/media\/7623"}],"wp:attachment":[{"href":"https:\/\/sinoextrud.com\/fr\/wp-json\/wp\/v2\/media?parent=7624"}],"wp:term":[{"taxonomy":"category","embeddable":true,"href":"https:\/\/sinoextrud.com\/fr\/wp-json\/wp\/v2\/categories?post=7624"}],"curies":[{"name":"wp","href":"https:\/\/api.w.org\/{rel}","templated":true}]}}