{"id":7622,"date":"2025-06-09T06:38:27","date_gmt":"2025-06-09T06:38:27","guid":{"rendered":"https:\/\/sinoextrud.com\/product\/extruded-aluminum-drawer-pulls\/"},"modified":"2025-06-24T06:13:15","modified_gmt":"2025-06-24T06:13:15","slug":"poignees-de-tiroir-en-aluminium-extrude","status":"publish","type":"product","link":"https:\/\/sinoextrud.com\/fr\/product\/extruded-aluminum-drawer-pulls\/","title":{"rendered":"Poign\u00e9es de tiroir en aluminium extrud\u00e9"},"content":{"rendered":"<h2>D\u00e9tails des produits<\/h2>\n<table class=\"custom-table\">\n<tbody>\n<tr>\n<td> Nom du produit<\/td>\n<td> Poign\u00e9es de tiroir en aluminium extrud\u00e9<\/td>\n<\/tr>\n<tr>\n<td> Mat\u00e9riau<\/td>\n<td> 6063-T5<\/td>\n<\/tr>\n<tr>\n<td> \u00c9paisseur<\/td>\n<td> 0,7mm-10mm<\/td>\n<\/tr>\n<tr>\n<td> Taille<\/td>\n<td> Selon les besoins du client<\/td>\n<\/tr>\n<tr>\n<td> Longueur<\/td>\n<td> Longueur personnalis\u00e9e.<\/td>\n<\/tr>\n<tr>\n<td> Applications typiques<\/td>\n<td> Armoire et placard de cuisine<\/td>\n<\/tr>\n<tr>\n<td> Marque<\/td>\n<td> Sinoextrud, Sinoextrud ou marque OEM<\/td>\n<\/tr>\n<tr>\n<td> Processus CNC<\/td>\n<td> Fraisage, per\u00e7age, poin\u00e7onnage, per\u00e7age, taraudage, pliage CNC<\/td>\n<\/tr>\n<tr>\n<td> MOQ<\/td>\n<td> 200KG pour chaque article<\/td>\n<\/tr>\n<tr>\n<td> Surface finie<\/td>\n<td> Finition en usine, grain de bois, anodisation, rev\u00eatement en poudre, \u00e9lectrophor\u00e8se, brossage, etc.<\/td>\n<\/tr>\n<tr>\n<td> Garantie<\/td>\n<td> ISO9001, ISO4001, CQM, SGS, CE, BV, etc.<\/td>\n<\/tr>\n<\/tbody>\n<\/table>\n<h2>Notre base de production<\/h2>\n<h3>Panorama de l'usine<\/h3>\n<p><img decoding=\"async\" src=\"\/wp-content\/uploads\/factory-01.webp\"\/><\/p>\n<h3>Atelier de fabrication de barres d'aluminium<\/h3>\n<p><img decoding=\"async\" src=\"\/wp-content\/uploads\/factory-02.webp\"\/><\/p>\n<\/p>\n<p><img decoding=\"async\" src=\"\/wp-content\/uploads\/factory-03.webp\"\/><\/p>\n<h3>Entrep\u00f4t de stockage des moules<\/h3>\n<p><img decoding=\"async\" src=\"\/wp-content\/uploads\/factory-04.webp\"\/><\/p>\n<h3>43 lignes d'extrusion d'aluminium (500 \u00e0 5500 tonnes)<\/h3>\n<p><img decoding=\"async\" src=\"\/wp-content\/uploads\/factory-05.webp\"\/><\/p>\n<p><img decoding=\"async\" src=\"\/wp-content\/uploads\/factory-06.webp\"\/><\/p>\n<p><img decoding=\"async\" src=\"\/wp-content\/uploads\/factory-07.webp\"\/><\/p>\n<h3>Atelier de peinture en poudre<\/h3>\n<p><img decoding=\"async\" src=\"\/wp-content\/uploads\/factory-09.webp\"\/><\/p>\n<h3>Atelier d'anodisation<\/h3>\n<p><img decoding=\"async\" src=\"\/wp-content\/uploads\/factory-10.webp\"\/><\/p>\n<h3>Atelier sur le traitement en profondeur<\/h3>\n<p><img decoding=\"async\" src=\"\/wp-content\/uploads\/factory-11.webp\"\/><\/p>\n<h3>Atelier d'usinage de pr\u00e9cision CNC<\/h3>\n<p><img decoding=\"async\" src=\"\/wp-content\/uploads\/factory-11.5.webp\"\/><\/p>\n<h3>Entrep\u00f4t de produits finis et d'exportation<\/h3>\n<p><img decoding=\"async\" src=\"\/wp-content\/uploads\/factory-12.webp\"\/><\/p>\n<p><img decoding=\"async\" src=\"\/wp-content\/uploads\/factory-13.webp\"\/><\/p>\n<p><img decoding=\"async\" src=\"\/wp-content\/uploads\/factory-14.webp\"\/><\/p>\n<h2>FAQ<\/h2>\n<p><b>1) Qu'est-ce qu'une poign\u00e9e de tiroir en aluminium extrud\u00e9 ?<\/b><\/p>\n<p>Les poign\u00e9es de tiroir en aluminium extrud\u00e9 sont des \u00e9l\u00e9ments de poign\u00e9e \u00e9l\u00e9gants et durables fabriqu\u00e9s en extrusion d'aluminium, utilis\u00e9s pour ouvrir les tiroirs et les armoires.\n<\/p>\n<p><\/p>\n<p><b>2) Quels sont les avantages des poign\u00e9es de tiroir en aluminium extrud\u00e9 ?<\/b><\/p>\n<p>Ils offrent une grande l\u00e9g\u00e8ret\u00e9, une r\u00e9sistance \u00e0 la corrosion, un design moderne et une utilisation \u00e0 long terme dans diverses applications d'ameublement.\n<\/p>\n<p><\/p>\n<p><b>3) Les poign\u00e9es de tiroir en aluminium extrud\u00e9 peuvent-elles \u00eatre personnalis\u00e9es ?<\/b><\/p>\n<p>Oui, nous proposons des longueurs, des profils, des finitions et des couleurs sur mesure pour s'adapter \u00e0 diff\u00e9rents styles d'armoires et th\u00e8mes de conception.\n<\/p>\n<p><\/p>\n<p><b>4. ces poign\u00e9es de tiroir conviennent-elles \u00e0 une utilisation en cuisine ?<\/b><\/p>\n<p>En effet, leur r\u00e9sistance \u00e0 la corrosion et leur aspect moderne en font des produits id\u00e9aux pour les cuisines, les salles de bains et les bureaux.\n<\/p>\n<p><\/p>\n<p><b>5) Quelles sont les finitions disponibles pour les poign\u00e9es de tiroir en aluminium extrud\u00e9 ?<\/b><\/p>\n<p>Les finitions disponibles comprennent des options anodis\u00e9es, bross\u00e9es, mates, polies et \u00e0 rev\u00eatement en poudre pour une polyvalence et une protection visuelles.\n<\/p>\n<p><\/p>\n<p><b>6. les poign\u00e9es de tiroir en aluminium extrud\u00e9 sont-elles faciles \u00e0 installer ?<\/b><\/p>\n<p>Oui, ils sont con\u00e7us pour une installation simple \u00e0 l'aide de vis et d'accessoires de montage courants.\n<\/p>\n<p><\/p>\n<p><b>7) O\u00f9 peut-on utiliser les poign\u00e9es de tiroir en aluminium extrud\u00e9 ?<\/b><\/p>\n<p>Ils sont largement utilis\u00e9s dans les armoires r\u00e9sidentielles, les meubles de bureau, les coffres \u00e0 outils et les unit\u00e9s de stockage commerciales.\n<\/p>\n<p><\/p>\n<p><b>8. ces poign\u00e9es de tiroir sont-elles r\u00e9sistantes \u00e0 l'usure et aux empreintes digitales ?<\/b><\/p>\n<p>Oui, de nombreuses finitions offrent une excellente r\u00e9sistance \u00e0 l'usure quotidienne, aux taches et aux empreintes digitales, ce qui permet de conserver un aspect propre.\n<\/p>\n<p><\/p>","protected":false},"featured_media":7621,"template":"","categories":[67],"class_list":["post-7622","product","type-product","status-publish","has-post-thumbnail","hentry","category-architectural-aluminium-profile"],"meta_box":{"hilight_text_group":{"product_hilight_text":"<li>Made from high-quality aluminum for strength and durability<\/li>\r\r\n<li>Lightweight and corrosion-resistant for long-lasting performance<\/li>\r\r\n<li>Sleek, modern appearance enhances cabinet and furniture aesthetics<\/li>\r\r\n<li>Available in various lengths, finishes, and styles<\/li>\r\r\n<li>Precision-extruded for consistent shape and smooth edges<\/li>\r\r\n<li>Easy to install with standard mounting hardware<\/li>\r\r\n<li>Ideal for kitchen cabinets, office furniture, and storage drawers<\/li>","product_chanpin_blog":"<ul>\r\r\n<li><a href=\"https:\/\/sinoextrud.com\/t-slot-v-slot-differences\/\" target=\"_blank\">t slot vs v slot<\/a><\/li>\r\r\n<li><a href=\"https:\/\/sinoextrud.com\/what-is-4040-aluminium-extrud\/\" target=\"_blank\">4040 aluminium extrusion<\/a><\/li>\r\r\n<li><a href=\"https:\/\/sinoextrud.com\/what-is-4040-aluminium-extrud\/\" target=\"_blank\">aluminum extrusions for industrial racks<\/a><\/li>\r\r\n<li><a href=\"https:\/\/sinoextrud.com\/powder-coating-aluminium-process\/\" target=\"_blank\">powder coating aluminium<\/a><\/li>\r\r\n<li><a href=\"https:\/\/sinoextrud.com\/what-is-an-aluminium-strip-ceiling\/\" target=\"_blank\">aluminium strip ceiling<\/a><\/li>\r\r\n<li><a href=\"https:\/\/sinoextrud.com\/what-is-a-heat-sink\/\" target=\"_blank\">what is a heat sink<\/a><\/li>\r\r\n<\/ul>","product_chanpin_chanpin":"<li><a href=\"https:\/\/sinoextrud.com\/product\/aluminum-window-extrusion-profiles\/\" target=\"_blank\">Aluminum Window Extrusion Profiles<\/a><\/li>\r\n<li><a href=\"https:\/\/sinoextrud.com\/product\/extruded-aluminium-window-frames\/\" target=\"_blank\">Extruded Aluminium Window Frames<\/a><\/li>\r\n<li><a href=\"https:\/\/sinoextrud.com\/product\/profile-aluminium-extrusion-used-for-door\/\" target=\"_blank\">Profile Aluminium Extrusion Used For Door<\/a><\/li>\r\n<li><a href=\"https:\/\/sinoextrud.com\/product\/square-aluminum-extrusion\/\" target=\"_blank\">Square Aluminum Extrusion<\/a><\/li>\r\n<li><a href=\"https:\/\/sinoextrud.com\/product\/extruded-aluminum-drawer-pulls\/\" target=\"_blank\">Extruded Aluminum Drawer Pulls<\/a><\/li>\r\n<li><a href=\"https:\/\/sinoextrud.com\/product\/picture-frame-extrusions\/\" target=\"_blank\">Picture Frame Extrusions<\/a><\/li>\r\n<li><a href=\"https:\/\/sinoextrud.com\/product\/architectural-aluminum-extrusion-profiles\/\" target=\"_blank\">Architectural Aluminum Extrusion Profiles<\/a><\/li>\r\n<li><a href=\"https:\/\/sinoextrud.com\/product\/aluminum-outdoor-louvers\/\" target=\"_blank\">Aluminum Outdoor Louvers<\/a><\/li>\r\n<li><a href=\"https:\/\/sinoextrud.com\/product\/anodized-aluminum-frame-profile-brushed-photo-aluminum-frame-modern-decorative-industrial-frame-profile\/\" target=\"_blank\">Anodized Aluminum Frame Profile Brushed Photo Aluminum Frame Modern Decorative Industrial Frame Profile<\/a><\/li>\r\n<li><a href=\"https:\/\/sinoextrud.com\/product\/cutting-aluminium-extrusion\/\" target=\"_blank\">Cutting Aluminium Extrusion<\/a><\/li>\r\n<li><a href=\"https:\/\/sinoextrud.com\/product\/custom-extruded-aluminum-enclosures-used-for-motor-shell\/\" target=\"_blank\">Custom Extruded Aluminum Enclosures Used For Motor Shell<\/a><\/li>"},"feature_list":[]},"_links":{"self":[{"href":"https:\/\/sinoextrud.com\/fr\/wp-json\/wp\/v2\/product\/7622","targetHints":{"allow":["GET"]}}],"collection":[{"href":"https:\/\/sinoextrud.com\/fr\/wp-json\/wp\/v2\/product"}],"about":[{"href":"https:\/\/sinoextrud.com\/fr\/wp-json\/wp\/v2\/types\/product"}],"wp:featuredmedia":[{"embeddable":true,"href":"https:\/\/sinoextrud.com\/fr\/wp-json\/wp\/v2\/media\/7621"}],"wp:attachment":[{"href":"https:\/\/sinoextrud.com\/fr\/wp-json\/wp\/v2\/media?parent=7622"}],"wp:term":[{"taxonomy":"category","embeddable":true,"href":"https:\/\/sinoextrud.com\/fr\/wp-json\/wp\/v2\/categories?post=7622"}],"curies":[{"name":"wp","href":"https:\/\/api.w.org\/{rel}","templated":true}]}}