{"id":7606,"date":"2025-06-09T03:01:46","date_gmt":"2025-06-09T03:01:46","guid":{"rendered":"https:\/\/sinoextrud.com\/product\/aluminium-profiles-for-bedroom-doors\/"},"modified":"2025-06-24T06:13:14","modified_gmt":"2025-06-24T06:13:14","slug":"profiles-en-aluminium-pour-portes-de-chambres-a-coucher","status":"publish","type":"product","link":"https:\/\/sinoextrud.com\/fr\/product\/aluminium-profiles-for-bedroom-doors\/","title":{"rendered":"Profil\u00e9s en aluminium pour portes de chambres"},"content":{"rendered":"<h2>D\u00e9tails des produits<\/h2>\n<table class=\"custom-table\">\n<tr>\n<td class=\"label\">Type<\/td>\n<td>joint d'angle en aluminium fen\u00eatre<\/td>\n<\/tr>\n<tr>\n<td class=\"label\">Profil\u00e9s en aluminium<\/td>\n<td>Mat\u00e9riau : alliage d'aluminium 6063-T5<br \/>\nTraitement de surface : rev\u00eatement en poudre \u00e0 grain de bois, \u00e9lectrophor\u00e8se, anodisation, sablage, etc.<br \/>\nCouleur : gris\/champagne, grain de bois\/blanc\/vert\/noir et sur mesure, etc.<br \/>\nTh\n  <\/td>\n<\/tr>\n<tr>\n<td class=\"label\">Paquet<\/td>\n<td>Mousse de protection + film plastique r\u00e9sistant \u00e0 la chaleur. \/ Emballage en bois \/ Palette m\u00e9tallique ou<br \/>\nen fonction des besoins sp\u00e9cifiques des clients.<\/td>\n<\/tr>\n<tr>\n<td class=\"label\">D\u00e9lai de paiement<\/td>\n<td>1) T\/T : 30% de la valeur totale doivent \u00eatre pay\u00e9es par T\/T dans les 3 jours suivant la r\u00e9ception de la demande.<br \/>\nconfirmation de la commande, et le solde doit \u00eatre pay\u00e9 par T\/T avant l'emballage du conteneur.<br \/>\n2) L\/C : 30% de la valeur totale doivent \u00eatre pay\u00e9s par T\/T dans les 3 jours suivant la confirmation de la commande, et le reste doit \u00eatre pay\u00e9 par L\/C \u00e0 vue.<\/td>\n<\/tr>\n<\/table>\n<h2>Notre base de production<\/h2>\n<h3>Panorama de l'usine<\/h3>\n<p><img decoding=\"async\" src=\"\/wp-content\/uploads\/factory-01.webp\"\/><\/p>\n<h3>Atelier de fabrication de barres d'aluminium<\/h3>\n<p><img decoding=\"async\" src=\"\/wp-content\/uploads\/factory-02.webp\"\/><\/p>\n<\/p>\n<p><img decoding=\"async\" src=\"\/wp-content\/uploads\/factory-03.webp\"\/><\/p>\n<h3>Entrep\u00f4t de stockage des moules<\/h3>\n<p><img decoding=\"async\" src=\"\/wp-content\/uploads\/factory-04.webp\"\/><\/p>\n<h3>43 lignes d'extrusion d'aluminium (500 \u00e0 5500 tonnes)<\/h3>\n<p><img decoding=\"async\" src=\"\/wp-content\/uploads\/factory-05.webp\"\/><\/p>\n<p><img decoding=\"async\" src=\"\/wp-content\/uploads\/factory-06.webp\"\/><\/p>\n<p><img decoding=\"async\" src=\"\/wp-content\/uploads\/factory-07.webp\"\/><\/p>\n<h3>Atelier de peinture en poudre<\/h3>\n<p><img decoding=\"async\" src=\"\/wp-content\/uploads\/factory-09.webp\"\/><\/p>\n<h3>Atelier d'anodisation<\/h3>\n<p><img decoding=\"async\" src=\"\/wp-content\/uploads\/factory-10.webp\"\/><\/p>\n<h3>Atelier sur le traitement en profondeur<\/h3>\n<p><img decoding=\"async\" src=\"\/wp-content\/uploads\/factory-11.webp\"\/><\/p>\n<h3>Atelier d'usinage de pr\u00e9cision CNC<\/h3>\n<p><img decoding=\"async\" src=\"\/wp-content\/uploads\/factory-11.5.webp\"\/><\/p>\n<h3>Entrep\u00f4t de produits finis et d'exportation<\/h3>\n<p><img decoding=\"async\" src=\"\/wp-content\/uploads\/factory-12.webp\"\/><\/p>\n<p><img decoding=\"async\" src=\"\/wp-content\/uploads\/factory-13.webp\"\/><\/p>\n<p><img decoding=\"async\" src=\"\/wp-content\/uploads\/factory-14.webp\"\/><\/p>\n<h2>FAQ<\/h2>\n<p><b>1) Qu'est-ce qu'un profil\u00e9 en aluminium pour portes de chambres \u00e0 coucher ?<\/b><\/p>\n<p>Les profil\u00e9s en aluminium pour portes de chambre sont des \u00e9l\u00e9ments structurels utilis\u00e9s pour construire des cadres de portes de chambre \u00e9l\u00e9gants et durables.\n<\/p>\n<p><\/p>\n<p><b>2. les profil\u00e9s en aluminium conviennent-ils pour une utilisation \u00e0 l'int\u00e9rieur ?<\/b><\/p>\n<p>Oui, les profil\u00e9s en aluminium sont id\u00e9aux pour un usage int\u00e9rieur en raison de leur r\u00e9sistance \u00e0 la corrosion et de leur aspect \u00e9l\u00e9gant.\n<\/p>\n<p><\/p>\n<p><b>3. Quels sont les avantages de l'utilisation de profil\u00e9s en aluminium pour les portes de chambres \u00e0 coucher ?<\/b><\/p>\n<p>Les profil\u00e9s en aluminium constituent une solution l\u00e9g\u00e8re, solide et r\u00e9sistante \u00e0 la rouille, qui s'inscrit dans le cadre d'une d\u00e9coration int\u00e9rieure moderne.\n<\/p>\n<p><\/p>\n<p><b>4) Est-il possible d'obtenir des couleurs ou des finitions personnalis\u00e9es pour les profil\u00e9s des portes de chambre ?<\/b><\/p>\n<p>Oui, nos profil\u00e9s en aluminium pour portes de chambres \u00e0 coucher sont disponibles en diff\u00e9rentes couleurs et finitions pour s'adapter \u00e0 diff\u00e9rents th\u00e8mes d'int\u00e9rieur.\n<\/p>\n<p><\/p>\n<p><b>5. les profil\u00e9s en aluminium sont-ils faciles \u00e0 installer ?<\/b><\/p>\n<p>Oui, nos profil\u00e9s en aluminium sont coup\u00e9s avec pr\u00e9cision et con\u00e7us pour une installation facile avec un minimum d'outils.\n<\/p>\n<p><\/p>\n<p><b>6. les profil\u00e9s en aluminium rouillent-ils ou se corrodent-ils avec le temps ?<\/b><\/p>\n<p>Non, les profil\u00e9s en aluminium sont r\u00e9sistants \u00e0 la corrosion et conservent leur aspect dans les environnements humides ou int\u00e9rieurs.\n<\/p>\n<p><\/p>\n<p><b>7. ces profil\u00e9s peuvent-ils \u00eatre utilis\u00e9s pour des portes de chambre coulissantes ou battantes ?<\/b><\/p>\n<p>Oui, nos profil\u00e9s en aluminium conviennent aussi bien aux syst\u00e8mes de portes de chambre coulissantes qu'aux syst\u00e8mes de portes \u00e0 charni\u00e8res.\n<\/p>\n<p><\/p>\n<p><b>8. Proposez-vous des dimensions personnalis\u00e9es pour les profil\u00e9s de portes de chambre en aluminium ?<\/b><\/p>\n<p>Oui, nous fournissons des profil\u00e9s en aluminium sur mesure, adapt\u00e9s \u00e0 vos exigences sp\u00e9cifiques en mati\u00e8re de taille et de conception.\n<\/p>\n<p><\/p>","protected":false},"featured_media":7605,"template":"","categories":[67],"class_list":["post-7606","product","type-product","status-publish","has-post-thumbnail","hentry","category-architectural-aluminium-profile"],"meta_box":{"hilight_text_group":{"product_hilight_text":"<li>High-quality aluminum alloy ensures durability and long-lasting performance<\/li>\r\r\n<li>Modern and sleek design enhances bedroom aesthetics<\/li>\r\r\n<li>Lightweight structure allows for easy door operation<\/li>\r\r\n<li>Corrosion-resistant surface suitable for humid indoor environments<\/li>\r\r\n<li>Customizable colors and finishes to match interior styles<\/li>","product_chanpin_blog":"<ul>\r\r\n<li><a href=\"https:\/\/sinoextrud.com\/t-slot-v-slot-differences\/\" target=\"_blank\">t slot vs v slot<\/a><\/li>\r\r\n<li><a href=\"https:\/\/sinoextrud.com\/what-is-4040-aluminium-extrud\/\" target=\"_blank\">4040 aluminium extrusion<\/a><\/li>\r\r\n<li><a href=\"https:\/\/sinoextrud.com\/what-is-4040-aluminium-extrud\/\" target=\"_blank\">aluminum extrusions for industrial racks<\/a><\/li>\r\r\n<li><a href=\"https:\/\/sinoextrud.com\/powder-coating-aluminium-process\/\" target=\"_blank\">powder coating aluminium<\/a><\/li>\r\r\n<li><a href=\"https:\/\/sinoextrud.com\/what-is-an-aluminium-strip-ceiling\/\" target=\"_blank\">aluminium strip ceiling<\/a><\/li>\r\r\n<li><a href=\"https:\/\/sinoextrud.com\/what-is-a-heat-sink\/\" target=\"_blank\">what is a heat sink<\/a><\/li>\r\r\n<\/ul>","product_chanpin_chanpin":"<li><a href=\"https:\/\/sinoextrud.com\/product\/aluminum-mirror-frame-extrusions\/\" target=\"_blank\">Aluminum Mirror Frame Extrusions<\/a><\/li>\r\n<li><a href=\"https:\/\/sinoextrud.com\/product\/aluminum-extrusion-profile-for-clean-room\/\" target=\"_blank\">Aluminum Extrusion Profile For Clean Room<\/a><\/li>\r\n<li><a href=\"https:\/\/sinoextrud.com\/product\/aluminum-extrusion-profile-rolling-shutter\/\" target=\"_blank\">Aluminum Extrusion Profile Rolling Shutter<\/a><\/li>\r\n<li><a href=\"https:\/\/sinoextrud.com\/product\/aluminum-fireproof-outdoor-terracce-decking-floor\/\" target=\"_blank\">Aluminum Fireproof Outdoor Terracce Decking Floor<\/a><\/li>\r\n<li><a href=\"https:\/\/sinoextrud.com\/product\/aluminium-profiles-for-bedroom-doors\/\" target=\"_blank\">Aluminium Profiles For Bedroom Doors<\/a><\/li>\r\n<li><a href=\"https:\/\/sinoextrud.com\/product\/extruded-aluminum-framing\/\" target=\"_blank\">Extruded Aluminum Framing<\/a><\/li>\r\n<li><a href=\"https:\/\/sinoextrud.com\/product\/aluminum-window-extrusion-profiles\/\" target=\"_blank\">Aluminum Window Extrusion Profiles<\/a><\/li>\r\n<li><a href=\"https:\/\/sinoextrud.com\/product\/extruded-aluminium-window-frames\/\" target=\"_blank\">Extruded Aluminium Window Frames<\/a><\/li>\r\n<li><a href=\"https:\/\/sinoextrud.com\/product\/profile-aluminium-extrusion-used-for-door\/\" target=\"_blank\">Profile Aluminium Extrusion Used For Door<\/a><\/li>\r\n<li><a href=\"https:\/\/sinoextrud.com\/product\/aluminum-car-pedal-anodized-silver\/\" target=\"_blank\">Aluminum Car Pedal Anodized Silver<\/a><\/li>\r\n<li><a href=\"https:\/\/sinoextrud.com\/product\/aluminum-extrusion-aluminium-profile-for-surface-oxidized-pipe\/\" target=\"_blank\">Aluminum Extrusion Aluminium Profile for Surface Oxidized Pipe<\/a><\/li>"},"feature_list":[]},"_links":{"self":[{"href":"https:\/\/sinoextrud.com\/fr\/wp-json\/wp\/v2\/product\/7606","targetHints":{"allow":["GET"]}}],"collection":[{"href":"https:\/\/sinoextrud.com\/fr\/wp-json\/wp\/v2\/product"}],"about":[{"href":"https:\/\/sinoextrud.com\/fr\/wp-json\/wp\/v2\/types\/product"}],"wp:featuredmedia":[{"embeddable":true,"href":"https:\/\/sinoextrud.com\/fr\/wp-json\/wp\/v2\/media\/7605"}],"wp:attachment":[{"href":"https:\/\/sinoextrud.com\/fr\/wp-json\/wp\/v2\/media?parent=7606"}],"wp:term":[{"taxonomy":"category","embeddable":true,"href":"https:\/\/sinoextrud.com\/fr\/wp-json\/wp\/v2\/categories?post=7606"}],"curies":[{"name":"wp","href":"https:\/\/api.w.org\/{rel}","templated":true}]}}