{"id":7596,"date":"2025-06-09T02:48:13","date_gmt":"2025-06-09T02:48:13","guid":{"rendered":"https:\/\/sinoextrud.com\/product\/aluminum-extrusion-frame\/"},"modified":"2025-06-24T06:13:12","modified_gmt":"2025-06-24T06:13:12","slug":"cadre-en-extrusion-daluminium","status":"publish","type":"product","link":"https:\/\/sinoextrud.com\/fr\/product\/aluminum-extrusion-frame\/","title":{"rendered":"Cadre en extrusion d'aluminium"},"content":{"rendered":"<h2>D\u00e9tails des produits<\/h2>\n<table class=\"custom-table\">\n<tr>\n<td class=\"label\">Nom du produit :<\/td>\n<td>Cadre en extrusion d'aluminium, cadre en extrusion d'aluminium<\/td>\n<\/tr>\n<tr>\n<td class=\"label\">Type d'entreprise :<\/td>\n<td>Fabricant\/ Usine<\/td>\n<\/tr>\n<tr>\n<td class=\"label\">Alliage :<\/td>\n<td>6063\/6061\/6005\/6060\/7005. (Des alliages sp\u00e9ciaux peuvent \u00eatre r\u00e9alis\u00e9s en fonction de vos besoins).<\/td>\n<\/tr>\n<tr>\n<td class=\"label\">Temp\u00e9rer :<\/td>\n<td>T5\/T6\/T4<\/td>\n<\/tr>\n<tr>\n<td class=\"label\">Standard :<\/td>\n<td>Norme chinoise GB de haute pr\u00e9cision.<\/td>\n<\/tr>\n<tr>\n<td class=\"label\">\u00c9paisseur :<\/td>\n<td>En fonction de vos besoins.<\/td>\n<\/tr>\n<tr>\n<td class=\"label\">Longueur :<\/td>\n<td>La longueur de 5,8 m convient au chargement et \u00e0 la livraison. Nous pouvons produire toutes les longueurs souhait\u00e9es.<\/td>\n<\/tr>\n<tr>\n<td class=\"label\">MOQ :<\/td>\n<td>Normalement 200 kg. Habituellement 10~12 tonnes pour 1*20GP et 20~23 tonnes pour 1*40HQ.<\/td>\n<\/tr>\n<tr>\n<td class=\"label\">Finition de la surface :<\/td>\n<td>Finition en usine, anodisation, rev\u00eatement par poudre, grain de bois, polissage, brossage, \u00e9lectrophor\u00e8se.<\/td>\n<\/tr>\n<tr>\n<td class=\"label\">Color We Can Do :<\/td>\n<td>Argent, noir, blanc, bronze, champagne, vert, gris, jaune d'or, nickel ou personnalis\u00e9.<\/td>\n<\/tr>\n<tr>\n<td class=\"label\">Rev\u00eatement par poudre :<\/td>\n<td>Sur mesure. \u00c9paisseur normale : 80-120 um.<\/td>\n<\/tr>\n<tr>\n<td class=\"label\">Film complexe d'\u00e9lectrophor\u00e8se :<\/td>\n<td>\u00c9paisseur normale : 16 um.<\/td>\n<\/tr>\n<tr>\n<td class=\"label\">Grain de bois :<\/td>\n<td>Sur mesure. \u00c9paisseur normale : 60-120 um.<\/td>\n<\/tr>\n<\/table>\n<h2>Notre base de production<\/h2>\n<h3>Panorama de l'usine<\/h3>\n<p><img decoding=\"async\" src=\"\/wp-content\/uploads\/factory-01.webp\"\/><\/p>\n<h3>Atelier de fabrication de barres d'aluminium<\/h3>\n<p><img decoding=\"async\" src=\"\/wp-content\/uploads\/factory-02.webp\"\/><\/p>\n<p><img decoding=\"async\" src=\"\/wp-content\/uploads\/factory-03.webp\"\/><\/p>\n<h3>Entrep\u00f4t de stockage des moules<\/h3>\n<p><img decoding=\"async\" src=\"\/wp-content\/uploads\/factory-04.webp\"\/><\/p>\n<h3>43 lignes d'extrusion d'aluminium (500-5500 tonnes)<\/h3>\n<p><img decoding=\"async\" src=\"\/wp-content\/uploads\/factory-05.webp\"\/><\/p>\n<p><img decoding=\"async\" src=\"\/wp-content\/uploads\/factory-06.webp\"\/><\/p>\n<p><img decoding=\"async\" src=\"\/wp-content\/uploads\/factory-07.webp\"\/><\/p>\n<h3>Atelier de peinture en poudre<\/h3>\n<p><img decoding=\"async\" src=\"\/wp-content\/uploads\/factory-09.webp\"\/><\/p>\n<h3>Atelier d'anodisation<\/h3>\n<p><img decoding=\"async\" src=\"\/wp-content\/uploads\/factory-10.webp\"\/><\/p>\n<h3>Atelier sur le traitement en profondeur<\/h3>\n<p><img decoding=\"async\" src=\"\/wp-content\/uploads\/factory-11.webp\"\/><\/p>\n<h3>Atelier d'usinage de pr\u00e9cision CNC<\/h3>\n<p><img decoding=\"async\" src=\"\/wp-content\/uploads\/factory-11.5.webp\"\/><\/p>\n<h3>Entrep\u00f4t de produits finis et d'exportation<\/h3>\n<p><img decoding=\"async\" src=\"\/wp-content\/uploads\/factory-12.webp\"\/><\/p>\n<p><img decoding=\"async\" src=\"\/wp-content\/uploads\/factory-13.webp\"\/><\/p>\n<p><img decoding=\"async\" src=\"\/wp-content\/uploads\/factory-14.webp\"\/><\/p>\n<h2>FAQ<\/h2>\n<p><p><b>1) Qu'est-ce qu'un cadre d'extrusion en aluminium ? <\/b><\/p>\n<p> Un cadre en extrusion d'aluminium est un syst\u00e8me structurel construit \u00e0 partir de profil\u00e9s en aluminium extrud\u00e9, connu pour sa solidit\u00e9, sa modularit\u00e9 et sa r\u00e9sistance \u00e0 la corrosion.<br \/>\n<\/p><br \/>\n<br \/>\n<p><b>2) Quels sont les avantages des cadres en aluminium extrud\u00e9 ? <\/b><\/p>\n<p> Les cadres en aluminium extrud\u00e9 offrent une r\u00e9sistance l\u00e9g\u00e8re, une construction modulaire, une r\u00e9sistance \u00e0 la corrosion et une personnalisation facile pour diverses utilisations industrielles et commerciales.<br \/>\n<\/p><br \/>\n<br \/>\n<p><b>3. Le soudage est-il n\u00e9cessaire pour les cadres en aluminium extrud\u00e9 ? <\/b><\/p>\n<p> Non, ces cadres utilisent des connecteurs boulonn\u00e9s, ce qui \u00e9limine le besoin de soudure et permet un assemblage plus rapide et plus s\u00fbr.<br \/>\n<\/p><br \/>\n<br \/>\n<p><b>4. les cadres peuvent-ils \u00eatre personnalis\u00e9s ? <\/b><\/p>\n<p> Oui, les cadres d'extrusion en aluminium peuvent \u00eatre personnalis\u00e9s en termes de longueur, de forme du profil, de taille de la fente et de finition pour r\u00e9pondre aux sp\u00e9cifications uniques d'un projet.<br \/>\n<\/p><br \/>\n<br \/>\n<p><b>5. les cadres en aluminium extrud\u00e9 sont-ils durables dans les environnements difficiles ? <\/b><\/p>\n<p> Dans l'absolu, la finition anodis\u00e9e ou thermolaqu\u00e9e offre une excellente r\u00e9sistance \u00e0 la corrosion, \u00e0 l'usure et aux facteurs environnementaux.<br \/>\n<\/p><br \/>\n<br \/>\n<p><b>6. Quelles sont les industries qui utilisent les cadres en aluminium extrud\u00e9 ? <\/b><\/p>\n<p> Ces cadres sont largement utilis\u00e9s dans les domaines de l'automatisation, de la robotique, de la fabrication, des syst\u00e8mes d'affichage et de la construction de salles blanches.<br \/>\n<\/p><br \/>\n<br \/>\n<p><b>7. le syst\u00e8me de cadre est-il r\u00e9utilisable ? <\/b><\/p>\n<p> Oui, la nature modulaire permet le d\u00e9montage et la r\u00e9utilisation, ce qui le rend rentable pour les installations dynamiques ou \u00e9volutives.<br \/>\n<\/p><br \/>\n<br \/>\n<p><b>8. quelle est la facilit\u00e9 d'int\u00e9gration des accessoires ? <\/b><\/p>\n<p> Tr\u00e8s facile - les cadres en extrusion d'aluminium sont con\u00e7us avec des fentes standardis\u00e9es compatibles avec des supports, des panneaux, des portes et d'autres \u00e9l\u00e9ments de quincaillerie.<br \/>\n<\/p><br \/><\/p>","protected":false},"featured_media":7595,"template":"","categories":[67],"class_list":["post-7596","product","type-product","status-publish","has-post-thumbnail","hentry","category-architectural-aluminium-profile"],"meta_box":{"hilight_text_group":{"product_hilight_text":"<li>Modular aluminum extrusion design enables flexible and scalable structures.<\/li>\r\r\n<li>Lightweight yet high-strength material ideal for industrial and commercial framing.<\/li>\r\r\n<li>Corrosion-resistant surface treatment ensures durability in harsh environments.<\/li>\r\r\n<li>Compatible with standard connectors and accessories for easy assembly.<\/li>\r\r\n<li>No welding required\u00e2\u20ac\u201dreduces installation time and labor costs.<\/li>\r\r\n<li>Customizable sizes and cross-sections to meet specific application needs.<\/li>","product_chanpin_blog":"<ul>\r\r\n<li><a href=\"https:\/\/sinoextrud.com\/t-slot-v-slot-differences\/\" target=\"_blank\">t slot vs v slot<\/a><\/li>\r\r\n<li><a href=\"https:\/\/sinoextrud.com\/what-is-4040-aluminium-extrud\/\" target=\"_blank\">4040 aluminium extrusion<\/a><\/li>\r\r\n<li><a href=\"https:\/\/sinoextrud.com\/what-is-4040-aluminium-extrud\/\" target=\"_blank\">aluminum extrusions for industrial racks<\/a><\/li>\r\r\n<li><a href=\"https:\/\/sinoextrud.com\/powder-coating-aluminium-process\/\" target=\"_blank\">powder coating aluminium<\/a><\/li>\r\r\n<li><a href=\"https:\/\/sinoextrud.com\/what-is-an-aluminium-strip-ceiling\/\" target=\"_blank\">aluminium strip ceiling<\/a><\/li>\r\r\n<li><a href=\"https:\/\/sinoextrud.com\/what-is-a-heat-sink\/\" target=\"_blank\">what is a heat sink<\/a><\/li>\r\r\n<\/ul>","product_chanpin_chanpin":"<li><a href=\"https:\/\/sinoextrud.com\/product\/aluminum-window-frames-mosquito-netting-suppliers\/\" target=\"_blank\">Aluminum Window Frames Mosquito Netting Suppliers<\/a><\/li>\r\n<li><a href=\"https:\/\/sinoextrud.com\/product\/anodized-aluminum-kitchen-profile-for-handle-price\/\" target=\"_blank\">Anodized Aluminum Kitchen Profile For Handle Price<\/a><\/li>\r\n<li><a href=\"https:\/\/sinoextrud.com\/product\/triangular-aluminium-extrusion\/\" target=\"_blank\">Triangular Aluminium Extrusion<\/a><\/li>\r\n<li><a href=\"https:\/\/sinoextrud.com\/product\/aluminum-extrusion-alloys\/\" target=\"_blank\">Aluminum Extrusion Alloys<\/a><\/li>\r\n<li><a href=\"https:\/\/sinoextrud.com\/product\/aluminum-extrusion-frame\/\" target=\"_blank\">Aluminum Extrusion Frame<\/a><\/li>\r\n<li><a href=\"https:\/\/sinoextrud.com\/product\/aluminum-mirror-frame-extrusions\/\" target=\"_blank\">Aluminum Mirror Frame Extrusions<\/a><\/li>\r\n<li><a href=\"https:\/\/sinoextrud.com\/product\/aluminum-extrusion-profile-for-clean-room\/\" target=\"_blank\">Aluminum Extrusion Profile For Clean Room<\/a><\/li>\r\n<li><a href=\"https:\/\/sinoextrud.com\/product\/aluminum-extrusion-profile-rolling-shutter\/\" target=\"_blank\">Aluminum Extrusion Profile Rolling Shutter<\/a><\/li>\r\n<li><a href=\"https:\/\/sinoextrud.com\/product\/aluminum-fireproof-outdoor-terracce-decking-floor\/\" target=\"_blank\">Aluminum Fireproof Outdoor Terracce Decking Floor<\/a><\/li>\r\n<li><a href=\"https:\/\/sinoextrud.com\/product\/aluminium-rail-profile\/\" target=\"_blank\">Aluminium Rail Profile<\/a><\/li>\r\n<li><a href=\"https:\/\/sinoextrud.com\/product\/aluminum-extruded-profile\/\" target=\"_blank\">Aluminum Extruded Profile<\/a><\/li>"},"feature_list":[]},"_links":{"self":[{"href":"https:\/\/sinoextrud.com\/fr\/wp-json\/wp\/v2\/product\/7596","targetHints":{"allow":["GET"]}}],"collection":[{"href":"https:\/\/sinoextrud.com\/fr\/wp-json\/wp\/v2\/product"}],"about":[{"href":"https:\/\/sinoextrud.com\/fr\/wp-json\/wp\/v2\/types\/product"}],"wp:featuredmedia":[{"embeddable":true,"href":"https:\/\/sinoextrud.com\/fr\/wp-json\/wp\/v2\/media\/7595"}],"wp:attachment":[{"href":"https:\/\/sinoextrud.com\/fr\/wp-json\/wp\/v2\/media?parent=7596"}],"wp:term":[{"taxonomy":"category","embeddable":true,"href":"https:\/\/sinoextrud.com\/fr\/wp-json\/wp\/v2\/categories?post=7596"}],"curies":[{"name":"wp","href":"https:\/\/api.w.org\/{rel}","templated":true}]}}