{"id":7592,"date":"2025-06-09T02:42:40","date_gmt":"2025-06-09T02:42:40","guid":{"rendered":"https:\/\/sinoextrud.com\/product\/triangular-aluminium-extrusion\/"},"modified":"2025-06-24T06:13:11","modified_gmt":"2025-06-24T06:13:11","slug":"extrusion-triangulaire-en-aluminium","status":"publish","type":"product","link":"https:\/\/sinoextrud.com\/fr\/product\/triangular-aluminium-extrusion\/","title":{"rendered":"Extrusion triangulaire en aluminium"},"content":{"rendered":"<h2>D\u00e9tails des produits<\/h2>\n<table class=\"custom-table\">\n<tbody>\n<tr>\n<td> Objet<\/td>\n<td> Extrusion triangulaire en aluminium<\/td>\n<\/tr>\n<tr>\n<td> Temp\u00e9rer<\/td>\n<td> T3-T8<\/td>\n<\/tr>\n<tr>\n<td> D\u00e9roulement du processus<\/td>\n<td> D\u00e9veloppement de moules - Billets d'aluminium - Chauffage - Moulage d'aluminium brut - Rev\u00eatement par poudre anodis\u00e9e<\/td>\n<\/tr>\n<tr>\n<td> Certification<\/td>\n<td> CE, ISO, SGS, TUV<\/td>\n<\/tr>\n<tr>\n<td> Application<\/td>\n<td> Construction, industrie<\/td>\n<\/tr>\n<tr>\n<td> Forme<\/td>\n<td> Triangulaire<\/td>\n<\/tr>\n<tr>\n<td> Traitement de surface<\/td>\n<td> Finition en usine, anodisation, rev\u00eatement en poudre, sablage, \u00e9lectrophor\u00e8se, brossage, polissage, etc.<\/td>\n<\/tr>\n<tr>\n<td> Couleur<\/td>\n<td> Sur la base des demandes des clients<\/td>\n<\/tr>\n<tr>\n<td> Traitement en profondeur<\/td>\n<td> D\u00e9coupage, per\u00e7age, usinage, poin\u00e7onnage, pliage, taraudage, etc.<\/td>\n<\/tr>\n<tr>\n<td> Garantie<\/td>\n<td> ISO:9001, SONCAP, certificat BV, TUV, SGS, ou certificat du client disponible<\/td>\n<\/tr>\n<tr>\n<td> MOQ<\/td>\n<td> 200KG pour chaque profil<\/td>\n<\/tr>\n<tr>\n<td> D\u00e9lai de livraison<\/td>\n<td> Le d\u00e9veloppement du moule et la conformation de l'\u00e9chantillon prennent 12 \u00e0 15 jours, puis la dur\u00e9e de production est de 15 \u00e0 25 jours apr\u00e8s r\u00e9ception de l'acompte de l'acheteur.<\/td>\n<\/tr>\n<tr>\n<td> \u00c9chantillon gratuit<\/td>\n<td> L'envoi peut \u00eatre effectu\u00e9 dans un d\u00e9lai de 1 \u00e0 3 jours<\/td>\n<\/tr>\n<\/tbody>\n<\/table>\n<h2>Notre base de production<\/h2>\n<h3>Panorama de l'usine<\/h3>\n<p><img decoding=\"async\" src=\"\/wp-content\/uploads\/factory-01.webp\"\/><\/p>\n<h3>Atelier de fabrication de barres d'aluminium<\/h3>\n<p><img decoding=\"async\" src=\"\/wp-content\/uploads\/factory-02.webp\"\/><\/p>\n<p><img decoding=\"async\" src=\"\/wp-content\/uploads\/factory-03.webp\"\/><\/p>\n<h3>Entrep\u00f4t de stockage des moules<\/h3>\n<p><img decoding=\"async\" src=\"\/wp-content\/uploads\/factory-04.webp\"\/><\/p>\n<h3>43 lignes d'extrusion d'aluminium (500 \u00e0 5500 tonnes)<\/h3>\n<p><img decoding=\"async\" src=\"\/wp-content\/uploads\/factory-05.webp\"\/><\/p>\n<p><img decoding=\"async\" src=\"\/wp-content\/uploads\/factory-06.webp\"\/><\/p>\n<p><img decoding=\"async\" src=\"\/wp-content\/uploads\/factory-07.webp\"\/><\/p>\n<h3>Atelier de peinture en poudre<\/h3>\n<p><img decoding=\"async\" src=\"\/wp-content\/uploads\/factory-09.webp\"\/><\/p>\n<h3>Atelier d'anodisation<\/h3>\n<p><img decoding=\"async\" src=\"\/wp-content\/uploads\/factory-10.webp\"\/><\/p>\n<h3>Atelier sur le traitement en profondeur<\/h3>\n<p><img decoding=\"async\" src=\"\/wp-content\/uploads\/factory-11.webp\"\/><\/p>\n<h3>Atelier d'usinage de pr\u00e9cision CNC<\/h3>\n<p><img decoding=\"async\" src=\"\/wp-content\/uploads\/factory-11.5.webp\"\/><\/p>\n<h3>Entrep\u00f4t de produits finis et d'exportation<\/h3>\n<p><img decoding=\"async\" src=\"\/wp-content\/uploads\/factory-12.webp\"\/><\/p>\n<p><img decoding=\"async\" src=\"\/wp-content\/uploads\/factory-13.webp\"\/><\/p>\n<p><img decoding=\"async\" src=\"\/wp-content\/uploads\/factory-14.webp\"\/><\/p>\n<h2>FAQ<\/h2>\n<p><p><b>1) Qu'est-ce qu'une extrusion triangulaire en aluminium ?<\/b><\/p>\n<p>Une extrusion triangulaire en aluminium est un profil\u00e9 en aluminium de forme g\u00e9om\u00e9trique \u00e0 trois c\u00f4t\u00e9s utilis\u00e9 dans des applications architecturales, d\u00e9coratives et structurelles.<br \/>\n<\/p><br \/>\n<br \/>\n<p><b>2. pourquoi utiliser des profil\u00e9s triangulaires en aluminium ?<\/b><\/p>\n<p>Les profil\u00e9s triangulaires offrent \u00e0 la fois un attrait esth\u00e9tique et une stabilit\u00e9 m\u00e9canique, ce qui les rend id\u00e9aux pour les contreventements, les encadrements et les accents de design moderne.<br \/>\n<\/p><br \/>\n<br \/>\n<p><b>3. les profil\u00e9s triangulaires en aluminium sont-ils personnalisables ?<\/b><\/p>\n<p>Oui, ils peuvent \u00eatre personnalis\u00e9s en termes de longueur des c\u00f4t\u00e9s, d'\u00e9paisseur des parois, d'angle, de finition de surface et d'exigences de coupe \u00e0 la longueur.<br \/>\n<\/p><br \/>\n<br \/>\n<p><b>4. Quelles sont les applications des profil\u00e9s triangulaires en aluminium ?<\/b><\/p>\n<p>Ils sont utilis\u00e9s dans l'habillage des b\u00e2timents, les cadres de signalisation, les bo\u00eetiers de LED, les supports de construction et les syst\u00e8mes d'affichage.<br \/>\n<\/p><br \/>\n<br \/>\n<p><b>5. le mat\u00e9riau est-il r\u00e9sistant \u00e0 la corrosion ?<\/b><\/p>\n<p>La couche d'oxyde naturel de l'aluminium et les finitions anodis\u00e9es ou par poudrage (en option) offrent une excellente r\u00e9sistance \u00e0 la corrosion.<br \/>\n<\/p><br \/>\n<br \/>\n<p><b>6. les profil\u00e9s triangulaires peuvent-ils \u00eatre anodis\u00e9s ou rev\u00eatus par poudre ?<\/b><\/p>\n<p>Oui, ils sont disponibles dans diff\u00e9rentes finitions, notamment anodis\u00e9es, rev\u00eatues de poudre et bross\u00e9es, pour une meilleure protection et un meilleur attrait visuel.<br \/>\n<\/p><br \/>\n<br \/>\n<p><b>7. proposez-vous des produits OEM ou des produits en vrac pour les extrusions d'aluminium triangulaires ?<\/b><\/p>\n<p>Oui, la plupart des fabricants proposent une personnalisation OEM et des prix directs pour les commandes de gros volumes.<br \/>\n<\/p><br \/><\/p>","protected":false},"featured_media":7591,"template":"","categories":[67],"class_list":["post-7592","product","type-product","status-publish","has-post-thumbnail","hentry","category-architectural-aluminium-profile"],"meta_box":{"hilight_text_group":{"product_hilight_text":"<li>Unique triangular shape offers structural support and modern aesthetics<\/li>\r\r\n<li>Lightweight aluminum ensures easy handling and installation<\/li>\r\r\n<li>Corrosion-resistant finish suitable for indoor and outdoor use<\/li>\r\r\n<li>Customizable angles, wall thicknesses, and finishes available<\/li>\r\r\n<li>Ideal for architectural trim, signage, framing, and industrial structures<\/li>\r\r\n<li>OEM production and competitive pricing for bulk orders<\/li>","product_chanpin_blog":"<ul>\r\r\n<li><a href=\"https:\/\/sinoextrud.com\/t-slot-v-slot-differences\/\" target=\"_blank\">t slot vs v slot<\/a><\/li>\r\r\n<li><a href=\"https:\/\/sinoextrud.com\/what-is-4040-aluminium-extrud\/\" target=\"_blank\">4040 aluminium extrusion<\/a><\/li>\r\r\n<li><a href=\"https:\/\/sinoextrud.com\/what-is-4040-aluminium-extrud\/\" target=\"_blank\">aluminum extrusions for industrial racks<\/a><\/li>\r\r\n<li><a href=\"https:\/\/sinoextrud.com\/powder-coating-aluminium-process\/\" target=\"_blank\">powder coating aluminium<\/a><\/li>\r\r\n<li><a href=\"https:\/\/sinoextrud.com\/what-is-an-aluminium-strip-ceiling\/\" target=\"_blank\">aluminium strip ceiling<\/a><\/li>\r\r\n<li><a href=\"https:\/\/sinoextrud.com\/what-is-a-heat-sink\/\" target=\"_blank\">what is a heat sink<\/a><\/li>\r\r\n<\/ul>","product_chanpin_chanpin":"<li><a href=\"https:\/\/sinoextrud.com\/product\/extruded-profiles-aluminium\/\" target=\"_blank\">Extruded Profiles Aluminium<\/a><\/li>\r\n<li><a href=\"https:\/\/sinoextrud.com\/product\/customized-extruded-aluminum-flat-bar-profile\/\" target=\"_blank\">Customized Extruded Aluminum Flat Bar Profile<\/a><\/li>\r\n<li><a href=\"https:\/\/sinoextrud.com\/product\/aluminum-window-frames-mosquito-netting-suppliers\/\" target=\"_blank\">Aluminum Window Frames Mosquito Netting Suppliers<\/a><\/li>\r\n<li><a href=\"https:\/\/sinoextrud.com\/product\/anodized-aluminum-kitchen-profile-for-handle-price\/\" target=\"_blank\">Anodized Aluminum Kitchen Profile For Handle Price<\/a><\/li>\r\n<li><a href=\"https:\/\/sinoextrud.com\/product\/triangular-aluminium-extrusion\/\" target=\"_blank\">Triangular Aluminium Extrusion<\/a><\/li>\r\n<li><a href=\"https:\/\/sinoextrud.com\/product\/aluminum-extrusion-alloys\/\" target=\"_blank\">Aluminum Extrusion Alloys<\/a><\/li>\r\n<li><a href=\"https:\/\/sinoextrud.com\/product\/aluminum-extrusion-frame\/\" target=\"_blank\">Aluminum Extrusion Frame<\/a><\/li>\r\n<li><a href=\"https:\/\/sinoextrud.com\/product\/aluminum-mirror-frame-extrusions\/\" target=\"_blank\">Aluminum Mirror Frame Extrusions<\/a><\/li>\r\n<li><a href=\"https:\/\/sinoextrud.com\/product\/aluminum-extrusion-profile-for-clean-room\/\" target=\"_blank\">Aluminum Extrusion Profile For Clean Room<\/a><\/li>\r\n<li><a href=\"https:\/\/sinoextrud.com\/product\/hot-selling-high-quality-powder-coating-wood-grain-single-sided-aluminum-plate\/\" target=\"_blank\">Hot Selling High-quality Powder Coating Wood Grain Single-sided Aluminum Plate<\/a><\/li>\r\n<li><a href=\"https:\/\/sinoextrud.com\/product\/aluminum-enclosure-housing-and-shell\/\" target=\"_blank\">Aluminum Enclosure Housing And Shell<\/a><\/li>"},"feature_list":[]},"_links":{"self":[{"href":"https:\/\/sinoextrud.com\/fr\/wp-json\/wp\/v2\/product\/7592","targetHints":{"allow":["GET"]}}],"collection":[{"href":"https:\/\/sinoextrud.com\/fr\/wp-json\/wp\/v2\/product"}],"about":[{"href":"https:\/\/sinoextrud.com\/fr\/wp-json\/wp\/v2\/types\/product"}],"wp:featuredmedia":[{"embeddable":true,"href":"https:\/\/sinoextrud.com\/fr\/wp-json\/wp\/v2\/media\/7591"}],"wp:attachment":[{"href":"https:\/\/sinoextrud.com\/fr\/wp-json\/wp\/v2\/media?parent=7592"}],"wp:term":[{"taxonomy":"category","embeddable":true,"href":"https:\/\/sinoextrud.com\/fr\/wp-json\/wp\/v2\/categories?post=7592"}],"curies":[{"name":"wp","href":"https:\/\/api.w.org\/{rel}","templated":true}]}}