{"id":7584,"date":"2025-06-09T02:32:59","date_gmt":"2025-06-09T02:32:59","guid":{"rendered":"https:\/\/sinoextrud.com\/product\/extruded-profiles-aluminium\/"},"modified":"2025-06-24T06:13:10","modified_gmt":"2025-06-24T06:13:10","slug":"profiles-extrudes-en-aluminium-2","status":"publish","type":"product","link":"https:\/\/sinoextrud.com\/fr\/product\/extruded-profiles-aluminium\/","title":{"rendered":"Profil\u00e9s extrud\u00e9s en aluminium"},"content":{"rendered":"<h2>D\u00e9tails des produits<\/h2>\n<table class=\"custom-table\">\n<tbody>\n<tr>\n<td> Mod\u00e8le NO :<\/td>\n<td> Profil\u00e9s extrud\u00e9s en aluminium<\/td>\n<\/tr>\n<tr>\n<td> Forme :<\/td>\n<td> Carr\u00e9<\/td>\n<\/tr>\n<tr>\n<td> Temp\u00e9rer :<\/td>\n<td> T3-T8<\/td>\n<\/tr>\n<tr>\n<td> Alliage :<\/td>\n<td> Alliage<\/td>\n<\/tr>\n<tr>\n<td> Ingr\u00e9dient d'alliage :<\/td>\n<td> 6063<\/td>\n<\/tr>\n<tr>\n<td> Fini :<\/td>\n<td> Anodis\u00e9, rev\u00eatement par poudre, grain de bois, etc.<\/td>\n<\/tr>\n<tr>\n<td> Couleur :<\/td>\n<td> Siver, Black, White, Champagne, Bronze, Ral etc.<\/td>\n<\/tr>\n<tr>\n<td> Marque :<\/td>\n<td> Marque Sinoextrud<\/td>\n<\/tr>\n<tr>\n<td> Date de livraison :<\/td>\n<td> 15-20 jours<\/td>\n<\/tr>\n<tr>\n<td> Marque d\u00e9pos\u00e9e :<\/td>\n<td> Marque Sinoextrud<\/td>\n<\/tr>\n<tr>\n<td> Origine :<\/td>\n<td> Foshan, Chine<\/td>\n<\/tr>\n<tr>\n<td> Type :<\/td>\n<td> Profil\u00e9 d'aluminium pour portes et fen\u00eatres, profil\u00e9 d'aluminium pour la d\u00e9coration, profil\u00e9 d'aluminium pour parois vitr\u00e9es, profil\u00e9 d'aluminium pour l'industrie<\/td>\n<\/tr>\n<tr>\n<td> Grade :<\/td>\n<td> S\u00e9rie 6000<\/td>\n<\/tr>\n<tr>\n<td> Profil\u00e9s en aluminium pour portes et fen\u00eatres :<\/td>\n<td> Toutes les s\u00e9ries<\/td>\n<\/tr>\n<tr>\n<td> Finition de la surface :<\/td>\n<td> Anodisation, traitement de surface, \u00e9lectrophor\u00e8se, etc.<\/td>\n<\/tr>\n<tr>\n<td> Certification :<\/td>\n<td> CE, ISO, RoHS, TUV<\/td>\n<\/tr>\n<tr>\n<td> Mat\u00e9riau :<\/td>\n<td> Alliage d'aluminium<\/td>\n<\/tr>\n<tr>\n<td> \u00c9paisseur min :<\/td>\n<td> 1,5 mm<\/td>\n<\/tr>\n<tr>\n<td> Longueur maximale :<\/td>\n<td> 7.2 Compteur<\/td>\n<\/tr>\n<tr>\n<td> Qualit\u00e9 :<\/td>\n<td> Sup\u00e9rieure<\/td>\n<\/tr>\n<tr>\n<td> Prix :<\/td>\n<td> R\u00e9sonnable<\/td>\n<\/tr>\n<\/tbody>\n<\/table>\n<h2>Notre base de production<\/h2>\n<h3>Panorama de l'usine<\/h3>\n<p><img decoding=\"async\" src=\"\/wp-content\/uploads\/factory-01.webp\"\/><\/p>\n<h3>Atelier de fabrication de barres d'aluminium<\/h3>\n<p><img decoding=\"async\" src=\"\/wp-content\/uploads\/factory-02.webp\"\/><\/p>\n<p><img decoding=\"async\" src=\"\/wp-content\/uploads\/factory-03.webp\"\/><\/p>\n<h3>Entrep\u00f4t de stockage des moules<\/h3>\n<p><img decoding=\"async\" src=\"\/wp-content\/uploads\/factory-04.webp\"\/><\/p>\n<h3>43 lignes d'extrusion d'aluminium (500 \u00e0 5500 tonnes)<\/h3>\n<p><img decoding=\"async\" src=\"\/wp-content\/uploads\/factory-05.webp\"\/><\/p>\n<p><img decoding=\"async\" src=\"\/wp-content\/uploads\/factory-06.webp\"\/><\/p>\n<p><img decoding=\"async\" src=\"\/wp-content\/uploads\/factory-07.webp\"\/><\/p>\n<h3>Atelier de peinture en poudre<\/h3>\n<p><img decoding=\"async\" src=\"\/wp-content\/uploads\/factory-09.webp\"\/><\/p>\n<h3>Atelier d'anodisation<\/h3>\n<p><img decoding=\"async\" src=\"\/wp-content\/uploads\/factory-10.webp\"\/><\/p>\n<h3>Atelier sur le traitement en profondeur<\/h3>\n<p><img decoding=\"async\" src=\"\/wp-content\/uploads\/factory-11.webp\"\/><\/p>\n<h3>Atelier d'usinage de pr\u00e9cision CNC<\/h3>\n<p><img decoding=\"async\" src=\"\/wp-content\/uploads\/factory-11.5.webp\"\/><\/p>\n<h3>Entrep\u00f4t de produits finis et d'exportation<\/h3>\n<p><img decoding=\"async\" src=\"\/wp-content\/uploads\/factory-12.webp\"\/><\/p>\n<p><img decoding=\"async\" src=\"\/wp-content\/uploads\/factory-13.webp\"\/><\/p>\n<p><img decoding=\"async\" src=\"\/wp-content\/uploads\/factory-14.webp\"\/><\/p>\n<h2>FAQ<\/h2>\n<p><p><b>1.Qu'est-ce qu'un profil\u00e9 extrud\u00e9 en aluminium ?<\/b><\/p>\n<p>Les profil\u00e9s extrud\u00e9s en aluminium sont des composants en aluminium form\u00e9s en poussant l'aluminium \u00e0 travers une matrice pour cr\u00e9er des formes transversales sp\u00e9cifiques \u00e0 des fins industrielles et architecturales.<br \/>\n<\/p><br \/>\n<br \/>\n<p><b>2. Pourquoi utiliser des profil\u00e9s en aluminium extrud\u00e9 ?<\/b><\/p>\n<p>Ils sont l\u00e9gers, durables, r\u00e9sistants \u00e0 la corrosion et faciles \u00e0 fabriquer, ce qui les rend id\u00e9aux pour des applications structurelles, d\u00e9coratives et fonctionnelles.<br \/>\n<\/p><br \/>\n<br \/>\n<p><b>3. les profil\u00e9s extrud\u00e9s en aluminium peuvent-ils \u00eatre personnalis\u00e9s ?<\/b><\/p>\n<p>Oui, ils peuvent \u00eatre produits dans des formes, des tailles, des \u00e9paisseurs de paroi et des finitions personnalis\u00e9es pour r\u00e9pondre aux exigences sp\u00e9cifiques d'un projet ou d'un OEM.<br \/>\n<\/p><br \/>\n<br \/>\n<p><b>4) Quelles sont les industries qui utilisent le plus souvent des profil\u00e9s en aluminium extrud\u00e9 ?<\/b><\/p>\n<p>Ils sont largement utilis\u00e9s dans la construction, l'automobile, l'\u00e9lectronique, l'ameublement, les panneaux solaires et les composants de machines.<br \/>\n<\/p><br \/>\n<br \/>\n<p><b>5. les profil\u00e9s en aluminium conviennent-ils pour une utilisation en ext\u00e9rieur ?<\/b><\/p>\n<p>Absolument, la couche d'oxyde naturelle de l'aluminium et les finitions optionnelles comme l'anodisation les rendent tr\u00e8s r\u00e9sistants aux intemp\u00e9ries et \u00e0 la corrosion.<br \/>\n<\/p><br \/>\n<br \/>\n<p><b>6. Quels sont les traitements de surface disponibles pour les profil\u00e9s d'aluminium extrud\u00e9s ?<\/b><\/p>\n<p>Les finitions courantes comprennent l'anodisation, le rev\u00eatement par poudre, l'\u00e9lectrophor\u00e8se, le sablage et le polissage pour la durabilit\u00e9 et l'esth\u00e9tique.<br \/>\n<\/p><br \/>\n<br \/>\n<p><b>7. les profil\u00e9s extrud\u00e9s en aluminium sont-ils respectueux de l'environnement ?<\/b><\/p>\n<p>Oui, l'aluminium est 100% recyclable et conserve ses propri\u00e9t\u00e9s apr\u00e8s recyclage, ce qui en fait un choix durable pour les fabricants.<br \/>\n<\/p><br \/><\/p>","protected":false},"featured_media":7583,"template":"","categories":[67],"class_list":["post-7584","product","type-product","status-publish","has-post-thumbnail","hentry","category-architectural-aluminium-profile"],"meta_box":{"hilight_text_group":{"product_hilight_text":"<li>High-strength aluminum material suitable for structural and decorative applications<\/li>\r\r\n<li>Lightweight design reduces transportation and installation costs<\/li>\r\r\n<li>Customizable shapes and dimensions for versatile OEM use<\/li>\r\r\n<li>Corrosion-resistant surface for long-term durability in various environments<\/li>\r\r\n<li>Precision extruded for consistent quality and tight tolerances<\/li>\r\r\n<li>Available in a variety of finishes including anodizing and powder coating<\/li>","product_chanpin_blog":"<ul>\r\r\n<li><a href=\"https:\/\/sinoextrud.com\/t-slot-v-slot-differences\/\" target=\"_blank\">t slot vs v slot<\/a><\/li>\r\r\n<li><a href=\"https:\/\/sinoextrud.com\/what-is-4040-aluminium-extrud\/\" target=\"_blank\">4040 aluminium extrusion<\/a><\/li>\r\r\n<li><a href=\"https:\/\/sinoextrud.com\/what-is-4040-aluminium-extrud\/\" target=\"_blank\">aluminum extrusions for industrial racks<\/a><\/li>\r\r\n<li><a href=\"https:\/\/sinoextrud.com\/powder-coating-aluminium-process\/\" target=\"_blank\">powder coating aluminium<\/a><\/li>\r\r\n<li><a href=\"https:\/\/sinoextrud.com\/what-is-an-aluminium-strip-ceiling\/\" target=\"_blank\">aluminium strip ceiling<\/a><\/li>\r\r\n<li><a href=\"https:\/\/sinoextrud.com\/what-is-a-heat-sink\/\" target=\"_blank\">what is a heat sink<\/a><\/li>\r\r\n<\/ul>","product_chanpin_chanpin":"<li><a href=\"https:\/\/sinoextrud.com\/product\/aluminum-curtain-wall-extrusion\/\" target=\"_blank\">Aluminum Curtain Wall Extrusion<\/a><\/li>\r\n<li><a href=\"https:\/\/sinoextrud.com\/product\/aluminium-v-slot-extrusion\/\" target=\"_blank\">Aluminium V Slot Extrusion<\/a><\/li>\r\n<li><a href=\"https:\/\/sinoextrud.com\/product\/aluminium-windows-with-mosquito-net-profile-catalog-uses-best-factory-price-per-pound\/\" target=\"_blank\">aluminium windows with mosquito net profile catalog uses best Factory Price per pound<\/a><\/li>\r\n<li><a href=\"https:\/\/sinoextrud.com\/product\/aluminum-alloy-6061-h-beams-aluminum-for-medical-clean-room-aluminum-extrusion-t-slot-i-beams-profile-dust-free-frame\/\" target=\"_blank\">Aluminum Alloy 6061 H Beams Aluminum For Medical Clean Room Aluminum Extrusion T Slot I Beams Profile Dust-free Frame<\/a><\/li>\r\n<li><a href=\"https:\/\/sinoextrud.com\/product\/extruded-profiles-aluminium\/\" target=\"_blank\">Extruded Profiles Aluminium<\/a><\/li>\r\n<li><a href=\"https:\/\/sinoextrud.com\/product\/customized-extruded-aluminum-flat-bar-profile\/\" target=\"_blank\">Customized Extruded Aluminum Flat Bar Profile<\/a><\/li>\r\n<li><a href=\"https:\/\/sinoextrud.com\/product\/aluminum-window-frames-mosquito-netting-suppliers\/\" target=\"_blank\">Aluminum Window Frames Mosquito Netting Suppliers<\/a><\/li>\r\n<li><a href=\"https:\/\/sinoextrud.com\/product\/anodized-aluminum-kitchen-profile-for-handle-price\/\" target=\"_blank\">Anodized Aluminum Kitchen Profile For Handle Price<\/a><\/li>\r\n<li><a href=\"https:\/\/sinoextrud.com\/product\/triangular-aluminium-extrusion\/\" target=\"_blank\">Triangular Aluminium Extrusion<\/a><\/li>\r\n<li><a href=\"https:\/\/sinoextrud.com\/product\/extrusion-aluminum-shutter-profile-free-mould\/\" target=\"_blank\">Extrusion Aluminum Shutter Profile Free Mould<\/a><\/li>\r\n<li><a href=\"https:\/\/sinoextrud.com\/product\/aluminum-profile-solar\/\" target=\"_blank\">Aluminum Profile Solar<\/a><\/li>"},"feature_list":[]},"_links":{"self":[{"href":"https:\/\/sinoextrud.com\/fr\/wp-json\/wp\/v2\/product\/7584","targetHints":{"allow":["GET"]}}],"collection":[{"href":"https:\/\/sinoextrud.com\/fr\/wp-json\/wp\/v2\/product"}],"about":[{"href":"https:\/\/sinoextrud.com\/fr\/wp-json\/wp\/v2\/types\/product"}],"wp:featuredmedia":[{"embeddable":true,"href":"https:\/\/sinoextrud.com\/fr\/wp-json\/wp\/v2\/media\/7583"}],"wp:attachment":[{"href":"https:\/\/sinoextrud.com\/fr\/wp-json\/wp\/v2\/media?parent=7584"}],"wp:term":[{"taxonomy":"category","embeddable":true,"href":"https:\/\/sinoextrud.com\/fr\/wp-json\/wp\/v2\/categories?post=7584"}],"curies":[{"name":"wp","href":"https:\/\/api.w.org\/{rel}","templated":true}]}}