{"id":7582,"date":"2025-06-09T02:31:34","date_gmt":"2025-06-09T02:31:34","guid":{"rendered":"https:\/\/sinoextrud.com\/product\/aluminum-alloy-6061-h-beams-aluminum-for-medical-clean-room-aluminum-extrusion-t-slot-i-beams-profile-dust-free-frame\/"},"modified":"2025-06-24T06:13:10","modified_gmt":"2025-06-24T06:13:10","slug":"poutrelles-en-aluminium-6061-h-poutrelles-en-aluminium-pour-salle-blanche-medicale-poutrelles-en-aluminium-extrudees-en-t-poutrelles-en-i-poutrelles-profilees-sans-poussieres","status":"publish","type":"product","link":"https:\/\/sinoextrud.com\/fr\/product\/aluminum-alloy-6061-h-beams-aluminum-for-medical-clean-room-aluminum-extrusion-t-slot-i-beams-profile-dust-free-frame\/","title":{"rendered":"Poutrelles en H en alliage d'aluminium 6061 Aluminium pour salle blanche m\u00e9dicale Extrusion d'aluminium Poutrelles en I \u00e0 rainure en T Profil\u00e9 Cadre anti-poussi\u00e8re"},"content":{"rendered":"<h2>D\u00e9tails des produits<\/h2>\n<table class=\"custom-table\">\n<tbody>\n<tr>\n<td> Article :<\/td>\n<td> Poutrelles en H en alliage d'aluminium 6061 Aluminium pour salle blanche m\u00e9dicale Extrusion d'aluminium Poutrelles en I \u00e0 rainure en T Profil\u00e9 Cadre anti-poussi\u00e8re<\/td>\n<td> Grade :<\/td>\n<td> S\u00e9rie 6000<\/td>\n<\/tr>\n<tr>\n<td> Temp\u00e9rer :<\/td>\n<td> T5, T6<\/td>\n<td> Lieu d'origine :<\/td>\n<td> Foshan, Guangdong<\/td>\n<\/tr>\n<tr>\n<td> Forme :<\/td>\n<td> Poutre en I, poutre en H, rainure en T<\/td>\n<td> Alliage ou non :<\/td>\n<td> Est un alliage<\/td>\n<\/tr>\n<tr>\n<td> Mat\u00e9riau :<\/td>\n<td> 6061, 6063, 7075<\/td>\n<td> Marque :<\/td>\n<td> Sinoextrud<\/td>\n<\/tr>\n<tr>\n<td> Couleur :<\/td>\n<td> Couleur personnalis\u00e9e<\/td>\n<td> Traitement de surface :<\/td>\n<td> Finition en usine, anodisation, rev\u00eatement par poudre, brossage, sablage, grain de bois<\/td>\n<\/tr>\n<tr>\n<td> D\u00e9lai de livraison :<\/td>\n<td> 25-30 jours apr\u00e8s l'acceptation du d\u00e9p\u00f4t<\/td>\n<td> MOQ :<\/td>\n<td> 200KG pour chaque article<\/td>\n<\/tr>\n<tr>\n<td> D\u00e9lai de paiement :<\/td>\n<td> 30% d\u00e9p\u00f4t, 70% solde avant livraison<\/td>\n<td> Service de traitement :<\/td>\n<td> Pliage, d\u00e9roulage, soudage, poin\u00e7onnage, d\u00e9coupage<\/td>\n<\/tr>\n<tr>\n<td> Port :<\/td>\n<td> Guangzhou, Shenzhen<\/td>\n<td> Garantie :<\/td>\n<td> certificat du client ,comme BV , Soncap ,ISO<\/td>\n<\/tr>\n<tr>\n<td> Longueur :<\/td>\n<td> 1-9m ou sur mesure<\/td>\n<td> Utilisation :<\/td>\n<td> Pour une utilisation \u00e0 l'int\u00e9rieur<\/td>\n<\/tr>\n<\/tbody>\n<\/table>\n<h2>Notre base de production<\/h2>\n<h3>Panorama de l'usine<\/h3>\n<p><img decoding=\"async\" src=\"\/wp-content\/uploads\/factory-01.webp\"\/><\/p>\n<h3>Atelier de fabrication de barres d'aluminium<\/h3>\n<p><img decoding=\"async\" src=\"\/wp-content\/uploads\/factory-02.webp\"\/><\/p>\n<p><img decoding=\"async\" src=\"\/wp-content\/uploads\/factory-03.webp\"\/><\/p>\n<h3>Entrep\u00f4t de stockage des moules<\/h3>\n<p><img decoding=\"async\" src=\"\/wp-content\/uploads\/factory-04.webp\"\/><\/p>\n<h3>43 lignes d'extrusion d'aluminium (500 \u00e0 5500 tonnes)<\/h3>\n<p><img decoding=\"async\" src=\"\/wp-content\/uploads\/factory-05.webp\"\/><\/p>\n<p><img decoding=\"async\" src=\"\/wp-content\/uploads\/factory-06.webp\"\/><\/p>\n<p><img decoding=\"async\" src=\"\/wp-content\/uploads\/factory-07.webp\"\/><\/p>\n<h3>Atelier de peinture en poudre<\/h3>\n<p><img decoding=\"async\" src=\"\/wp-content\/uploads\/factory-09.webp\"\/><\/p>\n<h3>Atelier d'anodisation<\/h3>\n<p><img decoding=\"async\" src=\"\/wp-content\/uploads\/factory-10.webp\"\/><\/p>\n<h3>Atelier sur le traitement en profondeur<\/h3>\n<p><img decoding=\"async\" src=\"\/wp-content\/uploads\/factory-11.webp\"\/><\/p>\n<h3>Atelier d'usinage de pr\u00e9cision CNC<\/h3>\n<p><img decoding=\"async\" src=\"\/wp-content\/uploads\/factory-11.5.webp\"\/><\/p>\n<h3>Entrep\u00f4t de produits finis et d'exportation<\/h3>\n<p><img decoding=\"async\" src=\"\/wp-content\/uploads\/factory-12.webp\"\/><\/p>\n<p><img decoding=\"async\" src=\"\/wp-content\/uploads\/factory-13.webp\"\/><\/p>\n<p><img decoding=\"async\" src=\"\/wp-content\/uploads\/factory-14.webp\"\/><\/p>\n<h2>FAQ<\/h2>\n<p><p><b>1) \u00c0 quoi sert la poutre en H en alliage d'aluminium 6061 dans les salles blanches ?<\/b><\/p>\n<p>Les poutres en H en aluminium 6061 sont utilis\u00e9es pour construire des cadres d\u00e9poussi\u00e9r\u00e9s dans les salles blanches m\u00e9dicales en raison de leur solidit\u00e9, de leur r\u00e9sistance \u00e0 la corrosion et de leur propret\u00e9.<br \/>\n<\/p><br \/>\n<br \/>\n<p><b>2. pourquoi choisir l'aluminium 6061 pour les structures des salles blanches m\u00e9dicales ?<\/b><\/p>\n<p>L'aluminium 6061 offre une excellente r\u00e9sistance m\u00e9canique, une r\u00e9sistance \u00e0 la corrosion et n'est pas magn\u00e9tique, ce qui le rend id\u00e9al pour les salles blanches.<br \/>\n<\/p><br \/>\n<br \/>\n<p><b>3. quels sont les avantages des profils en T et en I ?<\/b><\/p>\n<p>Les profil\u00e9s en T et en I permettent une construction modulaire, un assemblage facile et une int\u00e9gration avec divers panneaux et \u00e9quipements de salle blanche.<br \/>\n<\/p><br \/>\n<br \/>\n<p><b>4. cette extrusion d'aluminium convient-elle aux environnements sans poussi\u00e8re ?<\/b><\/p>\n<p>Oui, il pr\u00e9sente des surfaces lisses et anodis\u00e9es qui emp\u00eachent l'accumulation de particules et r\u00e9pondent aux normes d'hygi\u00e8ne des salles blanches.<br \/>\n<\/p><br \/>\n<br \/>\n<p><b>5. ces profils peuvent-ils \u00eatre personnalis\u00e9s ?<\/b><\/p>\n<p>Oui, nous proposons des dimensions, des traitements de surface et des usinages sur mesure pour r\u00e9pondre aux exigences sp\u00e9cifiques d'un projet ou de l'agencement d'une salle blanche.<br \/>\n<\/p><br \/>\n<br \/>\n<p><b>6. ces profil\u00e9s sont-ils faciles \u00e0 installer ?<\/b><\/p>\n<p>Oui, la conception modulaire avec des fentes standardis\u00e9es permet un montage rapide et facile avec un minimum d'entretien.<br \/>\n<\/p><br \/>\n<br \/>\n<p><b>7) Quelles sont les industries qui utilisent ce type d'extrusion ?<\/b><\/p>\n<p>Les applications courantes comprennent les produits pharmaceutiques, la biotechnologie, la fabrication d'appareils \u00e9lectroniques et les bo\u00eetiers d'\u00e9quipements m\u00e9dicaux.<br \/>\n<\/p><br \/>\n<br \/>\n<p><b>8. le mat\u00e9riau r\u00e9siste-t-il \u00e0 la corrosion dans les environnements st\u00e9rilis\u00e9s ?<\/b><\/p>\n<p>Oui, l'aluminium 6061 anodis\u00e9 est tr\u00e8s r\u00e9sistant \u00e0 la corrosion, aux d\u00e9sinfectants et aux agents de nettoyage utilis\u00e9s dans les environnements st\u00e9riles.<br \/>\n<\/p><br \/><\/p>","protected":false},"featured_media":7581,"template":"","categories":[67],"class_list":["post-7582","product","type-product","status-publish","has-post-thumbnail","hentry","category-architectural-aluminium-profile"],"meta_box":{"hilight_text_group":{"product_hilight_text":"<li>Made from high-strength 6061 aluminum alloy for structural reliability<\/li>\r\r\n<li>Ideal for medical clean rooms requiring dust-free, non-corrosive framing<\/li>\r\r\n<li>T Slot and I Beam profiles enable modular and flexible assembly<\/li>\r\r\n<li>Corrosion-resistant and easy to clean for hygienic environments<\/li>\r\r\n<li>Lightweight yet rigid structure reduces installation complexity<\/li>\r\r\n<li>Precision extrusion ensures compatibility with industrial connectors and panels<\/li>\r\r\n<li>Customizable sizes and finishes for specific clean room applications<\/li>","product_chanpin_blog":"<ul>\r\r\n<li><a href=\"https:\/\/sinoextrud.com\/t-slot-v-slot-differences\/\" target=\"_blank\">t slot vs v slot<\/a><\/li>\r\r\n<li><a href=\"https:\/\/sinoextrud.com\/what-is-4040-aluminium-extrud\/\" target=\"_blank\">4040 aluminium extrusion<\/a><\/li>\r\r\n<li><a href=\"https:\/\/sinoextrud.com\/what-is-4040-aluminium-extrud\/\" target=\"_blank\">aluminum extrusions for industrial racks<\/a><\/li>\r\r\n<li><a href=\"https:\/\/sinoextrud.com\/powder-coating-aluminium-process\/\" target=\"_blank\">powder coating aluminium<\/a><\/li>\r\r\n<li><a href=\"https:\/\/sinoextrud.com\/what-is-an-aluminium-strip-ceiling\/\" target=\"_blank\">aluminium strip ceiling<\/a><\/li>\r\r\n<li><a href=\"https:\/\/sinoextrud.com\/what-is-a-heat-sink\/\" target=\"_blank\">what is a heat sink<\/a><\/li>\r\r\n<\/ul>","product_chanpin_chanpin":"<li><a href=\"https:\/\/sinoextrud.com\/product\/extruded-aluminum-louver-blade-profile\/\" target=\"_blank\">Extruded Aluminum Louver Blade Profile<\/a><\/li>\r\n<li><a href=\"https:\/\/sinoextrud.com\/product\/aluminum-curtain-wall-extrusion\/\" target=\"_blank\">Aluminum Curtain Wall Extrusion<\/a><\/li>\r\n<li><a href=\"https:\/\/sinoextrud.com\/product\/aluminium-v-slot-extrusion\/\" target=\"_blank\">Aluminium V Slot Extrusion<\/a><\/li>\r\n<li><a href=\"https:\/\/sinoextrud.com\/product\/aluminium-windows-with-mosquito-net-profile-catalog-uses-best-factory-price-per-pound\/\" target=\"_blank\">aluminium windows with mosquito net profile catalog uses best Factory Price per pound<\/a><\/li>\r\n<li><a href=\"https:\/\/sinoextrud.com\/product\/aluminum-alloy-6061-h-beams-aluminum-for-medical-clean-room-aluminum-extrusion-t-slot-i-beams-profile-dust-free-frame\/\" target=\"_blank\">Aluminum Alloy 6061 H Beams Aluminum For Medical Clean Room Aluminum Extrusion T Slot I Beams Profile Dust-free Frame<\/a><\/li>\r\n<li><a href=\"https:\/\/sinoextrud.com\/product\/extruded-profiles-aluminium\/\" target=\"_blank\">Extruded Profiles Aluminium<\/a><\/li>\r\n<li><a href=\"https:\/\/sinoextrud.com\/product\/customized-extruded-aluminum-flat-bar-profile\/\" target=\"_blank\">Customized Extruded Aluminum Flat Bar Profile<\/a><\/li>\r\n<li><a href=\"https:\/\/sinoextrud.com\/product\/aluminum-window-frames-mosquito-netting-suppliers\/\" target=\"_blank\">Aluminum Window Frames Mosquito Netting Suppliers<\/a><\/li>\r\n<li><a href=\"https:\/\/sinoextrud.com\/product\/anodized-aluminum-kitchen-profile-for-handle-price\/\" target=\"_blank\">Anodized Aluminum Kitchen Profile For Handle Price<\/a><\/li>\r\n<li><a href=\"https:\/\/sinoextrud.com\/product\/aluminium-solar-panel-frame-profile\/\" target=\"_blank\">Aluminium Solar Panel Frame Profile<\/a><\/li>\r\n<li><a href=\"https:\/\/sinoextrud.com\/product\/aluminum-alloy-wall-decoration-edge-trim-strip\/\" target=\"_blank\">Aluminum Alloy Wall Decoration Edge Trim Strip<\/a><\/li>"},"feature_list":[]},"_links":{"self":[{"href":"https:\/\/sinoextrud.com\/fr\/wp-json\/wp\/v2\/product\/7582","targetHints":{"allow":["GET"]}}],"collection":[{"href":"https:\/\/sinoextrud.com\/fr\/wp-json\/wp\/v2\/product"}],"about":[{"href":"https:\/\/sinoextrud.com\/fr\/wp-json\/wp\/v2\/types\/product"}],"wp:featuredmedia":[{"embeddable":true,"href":"https:\/\/sinoextrud.com\/fr\/wp-json\/wp\/v2\/media\/7581"}],"wp:attachment":[{"href":"https:\/\/sinoextrud.com\/fr\/wp-json\/wp\/v2\/media?parent=7582"}],"wp:term":[{"taxonomy":"category","embeddable":true,"href":"https:\/\/sinoextrud.com\/fr\/wp-json\/wp\/v2\/categories?post=7582"}],"curies":[{"name":"wp","href":"https:\/\/api.w.org\/{rel}","templated":true}]}}