{"id":7578,"date":"2025-06-09T02:07:35","date_gmt":"2025-06-09T02:07:35","guid":{"rendered":"https:\/\/sinoextrud.com\/product\/aluminium-v-slot-extrusion\/"},"modified":"2025-06-24T06:13:08","modified_gmt":"2025-06-24T06:13:08","slug":"extrusion-de-fentes-en-v-en-aluminium","status":"publish","type":"product","link":"https:\/\/sinoextrud.com\/fr\/product\/aluminium-v-slot-extrusion\/","title":{"rendered":"Extrusion de fentes en V en aluminium"},"content":{"rendered":"<h2>D\u00e9tails des produits<\/h2>\n<table class=\"custom-table\">\n<tbody>\n<tr>\n<td> Nom<\/td>\n<td> Extrusion de fentes en V en aluminium<\/td>\n<\/tr>\n<tr>\n<td> Marque<\/td>\n<td> Sinoextrud\/<\/td>\n<\/tr>\n<tr>\n<td> Cat\u00e9gorie<\/td>\n<td> Extrusion d'aluminium \/ Traitement CNC<\/td>\n<\/tr>\n<tr>\n<td> Mat\u00e9riau<\/td>\n<td> Alliage d'aluminium (6063, 6061, 6464, 6082), s\u00e9ries 1000 et 3000 disponibles<\/td>\n<\/tr>\n<tr>\n<td> Temp\u00e9rer<\/td>\n<td> T5-T8<\/td>\n<\/tr>\n<tr>\n<td> Longueur<\/td>\n<td> Selon le dessin<\/td>\n<\/tr>\n<tr>\n<td> Taille (mm)<\/td>\n<td> 20*20, 20*40, 40*40, 40*80, 80*80, 45*120 ou selon votre dessin<\/td>\n<\/tr>\n<tr>\n<td> Forme<\/td>\n<td> Personnalisation<\/td>\n<\/tr>\n<tr>\n<td> Traitement de surface<\/td>\n<td> Rev\u00eatement \u00e9lectrique ; finition en usine, anodisation, sablage, \u00e9lectrophor\u00e8se \u00e9galement disponible.<\/td>\n<\/tr>\n<tr>\n<td> Couleur<\/td>\n<td> Argent, noir, or, champagne, bronze, rouge, bleu et nous pouvons personnaliser les couleurs sur la base des \u00e9chantillons des clients.<\/td>\n<\/tr>\n<tr>\n<td> Garantie<\/td>\n<td> BV , TUV ,ISO<\/td>\n<\/tr>\n<tr>\n<td> Standard<\/td>\n<td> Qualit\u00e9 moyenne et \u00e9lev\u00e9e<\/td>\n<\/tr>\n<tr>\n<td> MOQ<\/td>\n<td> 200KGS pour chaque article<\/td>\n<\/tr>\n<tr>\n<td> De<\/td>\n<td> Guangdong, Chine<\/td>\n<\/tr>\n<tr>\n<td> Application<\/td>\n<td> Industrie, \u00e9lectrique, \u00e9quipement m\u00e9canique, diff\u00e9rents bo\u00eetiers en aluminium<\/td>\n<\/tr>\n<tr>\n<td> Traitement en profondeur<\/td>\n<td> D\u00e9coupage, per\u00e7age, usinage, poin\u00e7onnage, pliage, taraudage, etc.<\/td>\n<\/tr>\n<tr>\n<td> Paquet<\/td>\n<td> Int\u00e9rieur avec film protecteur, plastique r\u00e9tractable ou mousse PE. Ext\u00e9rieur : bo\u00eete, carton, cadre en bois ou personnalisation.<\/td>\n<\/tr>\n<tr>\n<td> D\u00e9lai de livraison<\/td>\n<td> La mise au point du moule et la conformation de l'\u00e9chantillon prennent 12 \u00e0 18 jours, puis la production prend 25 \u00e0 30 jours apr\u00e8s r\u00e9ception de l'acompte de l'acheteur.<\/td>\n<\/tr>\n<tr>\n<td> Capacit\u00e9 du produit<\/td>\n<td> 15 000 tonnes \/ mois<\/td>\n<\/tr>\n<\/tbody>\n<\/table>\n<h2>Notre base de production<\/h2>\n<h3>Panorama de l'usine<\/h3>\n<p><img decoding=\"async\" src=\"\/wp-content\/uploads\/factory-01.webp\"\/><\/p>\n<h3>Atelier de fabrication de barres d'aluminium<\/h3>\n<p><img decoding=\"async\" src=\"\/wp-content\/uploads\/factory-02.webp\"\/><\/p>\n<\/p>\n<p><img decoding=\"async\" src=\"\/wp-content\/uploads\/factory-03.webp\"\/><\/p>\n<h3>Entrep\u00f4t de stockage des moules<\/h3>\n<p><img decoding=\"async\" src=\"\/wp-content\/uploads\/factory-04.webp\"\/><\/p>\n<h3>43 lignes d'extrusion d'aluminium (500-5500 tonnes)<\/h3>\n<p><img decoding=\"async\" src=\"\/wp-content\/uploads\/factory-05.webp\"\/><\/p>\n<p><img decoding=\"async\" src=\"\/wp-content\/uploads\/factory-06.webp\"\/><\/p>\n<p><img decoding=\"async\" src=\"\/wp-content\/uploads\/factory-07.webp\"\/><\/p>\n<h3>Atelier de peinture en poudre<\/h3>\n<p><img decoding=\"async\" src=\"\/wp-content\/uploads\/factory-09.webp\"\/><\/p>\n<h3>Atelier d'anodisation<\/h3>\n<p><img decoding=\"async\" src=\"\/wp-content\/uploads\/factory-10.webp\"\/><\/p>\n<h3>Atelier sur le traitement en profondeur<\/h3>\n<p><img decoding=\"async\" src=\"\/wp-content\/uploads\/factory-11.webp\"\/><\/p>\n<h3>Atelier d'usinage de pr\u00e9cision CNC<\/h3>\n<p><img decoding=\"async\" src=\"\/wp-content\/uploads\/factory-11.5.webp\"\/><\/p>\n<h3>Entrep\u00f4t de produits finis et d'exportation<\/h3>\n<p><img decoding=\"async\" src=\"\/wp-content\/uploads\/factory-12.webp\"\/><\/p>\n<p><img decoding=\"async\" src=\"\/wp-content\/uploads\/factory-13.webp\"\/><\/p>\n<p><img decoding=\"async\" src=\"\/wp-content\/uploads\/factory-14.webp\"\/><\/p>\n<h2>FAQ<\/h2>\n<p><b>1) Qu'est-ce que l'extrusion de rainures en V en aluminium ?<\/b><\/p>\n<p>L'extrusion d'aluminium \u00e0 rainure en V est un profil\u00e9 modulaire en aluminium avec une rainure en V utilis\u00e9 pour construire des cadres et soutenir le mouvement lin\u00e9aire dans les machines.\n<\/p>\n<p><\/p>\n<p><b>2) Quels sont les avantages de l'extrusion de rainures en V en aluminium ?<\/b><\/p>\n<p>Il permet un assemblage sans outil, supporte les composants mobiles, est r\u00e9sistant \u00e0 la corrosion et offre une r\u00e9sistance structurelle pour les projets industriels et de bricolage.\n<\/p>\n<p><\/p>\n<p><b>3. V Slot Extrusion est-il compatible avec le mat\u00e9riel standard ?<\/b><\/p>\n<p>Oui, l'extrusion \u00e0 rainure en V est con\u00e7ue pour fonctionner avec des \u00e9crous, des boulons, des supports et des fixations standard pour un assemblage rapide et facile.\n<\/p>\n<p><\/p>\n<p><b>4. O\u00f9 l'extrusion de rainures en V en aluminium est-elle couramment utilis\u00e9e ?<\/b><\/p>\n<p>Il est largement utilis\u00e9 dans les imprimantes 3D, les machines \u00e0 commande num\u00e9rique, les d\u00e9coupeurs laser, la robotique et les bo\u00eetiers modulaires.\n<\/p>\n<p><\/p>\n<p><b>5. L'extrusion \u00e0 rainure en V peut-elle prendre en charge les syst\u00e8mes de mouvement lin\u00e9aire ?<\/b><\/p>\n<p>Oui, sa rainure int\u00e9gr\u00e9e sert de rail pour les roues, les roulements et les curseurs dans les applications de mouvement lin\u00e9aire.\n<\/p>\n<p><\/p>\n<p><b>6. la surface de l'extrusion de rainures en V en aluminium est-elle r\u00e9sistante \u00e0 la corrosion ?<\/b><\/p>\n<p>Oui, il est g\u00e9n\u00e9ralement anodis\u00e9 ou rev\u00eatu pour garantir une r\u00e9sistance \u00e0 long terme \u00e0 l'oxydation et aux dommages environnementaux.\n<\/p>\n<p><\/p>\n<p><b>7) Des longueurs personnalis\u00e9es sont-elles disponibles pour les extrusions \u00e0 rainure en V ?<\/b><\/p>\n<p>Oui, nous proposons des services de coupe \u00e0 longueur et diff\u00e9rentes tailles de profil\u00e9s pour r\u00e9pondre aux besoins sp\u00e9cifiques des projets.\n<\/p>\n<p><\/p>\n<p><b>8. Quelle est la facilit\u00e9 de construction avec l'extrusion de rainures en V en aluminium ?<\/b><\/p>\n<p>Tr\u00e8s facile - sa conception modulaire permet une construction sans outil, des ajustements rapides et une reconfiguration sans soudure ni outils sp\u00e9cialis\u00e9s.\n<\/p>\n<p><\/p>","protected":false},"featured_media":7577,"template":"","categories":[67],"class_list":["post-7578","product","type-product","status-publish","has-post-thumbnail","hentry","category-architectural-aluminium-profile"],"meta_box":{"hilight_text_group":{"product_hilight_text":"<li>Modular V-slot design allows easy assembly of structural frameworks<\/li>\r\r\n<li>Made from high-strength aluminum for stability and durability<\/li>\r\r\n<li>Integrated track supports linear motion systems directly<\/li>\r\r\n<li>Lightweight yet rigid for machine frames, 3D printers, and CNC builds<\/li>\r\r\n<li>Compatible with standard fasteners and connectors<\/li>\r\r\n<li>Corrosion-resistant surface ideal for industrial and DIY applications<\/li>\r\r\n<li>Available in various sizes and lengths for versatile use<\/li>","product_chanpin_blog":"<ul>\r\r\n<li><a href=\"https:\/\/sinoextrud.com\/t-slot-v-slot-differences\/\" target=\"_blank\">t slot vs v slot<\/a><\/li>\r\r\n<li><a href=\"https:\/\/sinoextrud.com\/what-is-4040-aluminium-extrud\/\" target=\"_blank\">4040 aluminium extrusion<\/a><\/li>\r\r\n<li><a href=\"https:\/\/sinoextrud.com\/what-is-4040-aluminium-extrud\/\" target=\"_blank\">aluminum extrusions for industrial racks<\/a><\/li>\r\r\n<li><a href=\"https:\/\/sinoextrud.com\/powder-coating-aluminium-process\/\" target=\"_blank\">powder coating aluminium<\/a><\/li>\r\r\n<li><a href=\"https:\/\/sinoextrud.com\/what-is-an-aluminium-strip-ceiling\/\" target=\"_blank\">aluminium strip ceiling<\/a><\/li>\r\r\n<li><a href=\"https:\/\/sinoextrud.com\/what-is-a-heat-sink\/\" target=\"_blank\">what is a heat sink<\/a><\/li>\r\r\n<\/ul>","product_chanpin_chanpin":"<li><a href=\"https:\/\/sinoextrud.com\/product\/sliver-anodized-aluminum-extrusions-kitchen-cabinets-profiles-frame\/\" target=\"_blank\">Sliver Anodized Aluminum Extrusions Kitchen Cabinets Profiles Frame<\/a><\/li>\r\n<li><a href=\"https:\/\/sinoextrud.com\/product\/oem-aluminum-manufacturing-processes-cnc-machining\/\" target=\"_blank\">OEM Aluminum Manufacturing Processes CNC Machining<\/a><\/li>\r\n<li><a href=\"https:\/\/sinoextrud.com\/product\/extruded-aluminum-louver-blade-profile\/\" target=\"_blank\">Extruded Aluminum Louver Blade Profile<\/a><\/li>\r\n<li><a href=\"https:\/\/sinoextrud.com\/product\/aluminum-curtain-wall-extrusion\/\" target=\"_blank\">Aluminum Curtain Wall Extrusion<\/a><\/li>\r\n<li><a href=\"https:\/\/sinoextrud.com\/product\/aluminium-v-slot-extrusion\/\" target=\"_blank\">Aluminium V Slot Extrusion<\/a><\/li>\r\n<li><a href=\"https:\/\/sinoextrud.com\/product\/aluminium-windows-with-mosquito-net-profile-catalog-uses-best-factory-price-per-pound\/\" target=\"_blank\">aluminium windows with mosquito net profile catalog uses best Factory Price per pound<\/a><\/li>\r\n<li><a href=\"https:\/\/sinoextrud.com\/product\/aluminum-alloy-6061-h-beams-aluminum-for-medical-clean-room-aluminum-extrusion-t-slot-i-beams-profile-dust-free-frame\/\" target=\"_blank\">Aluminum Alloy 6061 H Beams Aluminum For Medical Clean Room Aluminum Extrusion T Slot I Beams Profile Dust-free Frame<\/a><\/li>\r\n<li><a href=\"https:\/\/sinoextrud.com\/product\/extruded-profiles-aluminium\/\" target=\"_blank\">Extruded Profiles Aluminium<\/a><\/li>\r\n<li><a href=\"https:\/\/sinoextrud.com\/product\/customized-extruded-aluminum-flat-bar-profile\/\" target=\"_blank\">Customized Extruded Aluminum Flat Bar Profile<\/a><\/li>\r\n<li><a href=\"https:\/\/sinoextrud.com\/product\/industrial-profile-systems\/\" target=\"_blank\">Industrial Profile Systems<\/a><\/li>\r\n<li><a href=\"https:\/\/sinoextrud.com\/product\/aluminum-extrusion-gate-barrier-arm-aluminum-profile\/\" target=\"_blank\">Aluminum Extrusion Gate Barrier Arm Aluminum Profile<\/a><\/li>"},"feature_list":[]},"_links":{"self":[{"href":"https:\/\/sinoextrud.com\/fr\/wp-json\/wp\/v2\/product\/7578","targetHints":{"allow":["GET"]}}],"collection":[{"href":"https:\/\/sinoextrud.com\/fr\/wp-json\/wp\/v2\/product"}],"about":[{"href":"https:\/\/sinoextrud.com\/fr\/wp-json\/wp\/v2\/types\/product"}],"wp:featuredmedia":[{"embeddable":true,"href":"https:\/\/sinoextrud.com\/fr\/wp-json\/wp\/v2\/media\/7577"}],"wp:attachment":[{"href":"https:\/\/sinoextrud.com\/fr\/wp-json\/wp\/v2\/media?parent=7578"}],"wp:term":[{"taxonomy":"category","embeddable":true,"href":"https:\/\/sinoextrud.com\/fr\/wp-json\/wp\/v2\/categories?post=7578"}],"curies":[{"name":"wp","href":"https:\/\/api.w.org\/{rel}","templated":true}]}}