{"id":7572,"date":"2025-06-09T01:59:12","date_gmt":"2025-06-09T01:59:12","guid":{"rendered":"https:\/\/sinoextrud.com\/product\/oem-aluminum-manufacturing-processes-cnc-machining\/"},"modified":"2025-06-24T06:13:08","modified_gmt":"2025-06-24T06:13:08","slug":"processus-de-fabrication-de-laluminium-oem-usinage-cnc","status":"publish","type":"product","link":"https:\/\/sinoextrud.com\/fr\/product\/oem-aluminum-manufacturing-processes-cnc-machining\/","title":{"rendered":"Processus de fabrication de l'aluminium OEM Usinage CNC"},"content":{"rendered":"<h2>D\u00e9tails des produits<\/h2>\n<table class=\"custom-table\">\n<tr>\n<td class=\"label\">Certification :<\/td>\n<td> CE, RoHS, SGS, ISO9001<\/td>\n<\/tr>\n<tr>\n<td class=\"label\">Article :<\/td>\n<td> Machine CNC Aluminium<\/td>\n<\/tr>\n<tr>\n<td class=\"label\">Mat\u00e9riau :<\/td>\n<td> M\u00e9tal<\/td>\n<\/tr>\n<tr>\n<td class=\"label\">Nom du produit :<\/td>\n<td> Usinage CNC<\/td>\n<\/tr>\n<tr>\n<td class=\"label\">Traitement de surface :<\/td>\n<td> Peinture, sablage, anodisation, etc.<\/td>\n<\/tr>\n<tr>\n<td class=\"label\">MOQ :<\/td>\n<td> Par type de forme <\/td>\n<\/tr>\n<tr>\n<td class=\"label\">Contr\u00f4le de la qualit\u00e9 :<\/td>\n<td> 100% Inspection Contr\u00f4le de la qualit\u00e9<\/td>\n<\/tr>\n<tr>\n<td class=\"label\">Caract\u00e9ristiques principales :<\/td>\n<td> Taille de pr\u00e9cision, color\u00e9<\/td>\n<\/tr>\n<tr>\n<td class=\"label\">Sp\u00e9cification :<\/td>\n<td> OEM<\/td>\n<\/tr>\n<tr>\n<td class=\"label\">\u00c9tat :<\/td>\n<td> Nouveau<\/td>\n<\/tr>\n<tr>\n<td class=\"label\">Sur mesure :<\/td>\n<td> Sur mesure<\/td>\n<\/tr>\n<tr>\n<td class=\"label\">Application :<\/td>\n<td> Machine de recyclage des m\u00e9taux, machine de d\u00e9coupe des m\u00e9taux, pi\u00e8ces de machines de traitement des m\u00e9taux, machines de gravure des m\u00e9taux, machines de coul\u00e9e des m\u00e9taux, machine de d\u00e9coupe CNC de l'aluminium<\/td>\n<\/tr>\n<tr>\n<td class=\"label\">Emplacement de l'usine :<\/td>\n<td> Guangzhou, Foshan, Shenzhen Chine<\/td>\n<\/tr>\n<tr>\n<td class=\"label\">\u00c9chantillon :<\/td>\n<td> Disponible<\/td>\n<\/tr>\n<tr>\n<td class=\"label\">OEM\/ODM :<\/td>\n<td> Acceptable<\/td>\n<\/tr>\n<tr>\n<td class=\"label\">Paquet de transport :<\/td>\n<td> (1) Int\u00e9rieur : emball\u00e9 avec un film de protection en plastique pour prot\u00e9ger chaque profil.<\/td>\n<\/tr>\n<tr>\n<td class=\"label\">            <\/td>\n<td> (2) Ext\u00e9rieur : emball\u00e9 avec du papier d'artisanat imperm\u00e9able \u00e0 l'eau.<\/td>\n<\/tr>\n<tr>\n<td class=\"label\">Origine :<\/td>\n<td> Foshan Chine<\/td>\n<\/tr>\n<\/table>\n<h2>Notre base de production<\/h2>\n<h3>Panorama de l'usine<\/h3>\n<p><img decoding=\"async\" src=\"\/wp-content\/uploads\/factory-01.webp\"\/><\/p>\n<h3>Atelier de fabrication de barres d'aluminium<\/h3>\n<p><img decoding=\"async\" src=\"\/wp-content\/uploads\/factory-02.webp\"\/><\/p>\n<\/p>\n<p><img decoding=\"async\" src=\"\/wp-content\/uploads\/factory-03.webp\"\/><\/p>\n<h3>Entrep\u00f4t de stockage des moules<\/h3>\n<p><img decoding=\"async\" src=\"\/wp-content\/uploads\/factory-04.webp\"\/><\/p>\n<h3>43 lignes d'extrusion d'aluminium (500-5500 tonnes)<\/h3>\n<p><img decoding=\"async\" src=\"\/wp-content\/uploads\/factory-05.webp\"\/><\/p>\n<p><img decoding=\"async\" src=\"\/wp-content\/uploads\/factory-06.webp\"\/><\/p>\n<p><img decoding=\"async\" src=\"\/wp-content\/uploads\/factory-07.webp\"\/><\/p>\n<h3>Atelier de peinture en poudre<\/h3>\n<p><img decoding=\"async\" src=\"\/wp-content\/uploads\/factory-09.webp\"\/><\/p>\n<h3>Atelier d'anodisation<\/h3>\n<p><img decoding=\"async\" src=\"\/wp-content\/uploads\/factory-10.webp\"\/><\/p>\n<h3>Atelier sur le traitement en profondeur<\/h3>\n<p><img decoding=\"async\" src=\"\/wp-content\/uploads\/factory-11.webp\"\/><\/p>\n<h3>Atelier d'usinage de pr\u00e9cision CNC<\/h3>\n<p><img decoding=\"async\" src=\"\/wp-content\/uploads\/factory-11.5.webp\"\/><\/p>\n<h3>Entrep\u00f4t de produits finis et d'exportation<\/h3>\n<p><img decoding=\"async\" src=\"\/wp-content\/uploads\/factory-12.webp\"\/><\/p>\n<p><img decoding=\"async\" src=\"\/wp-content\/uploads\/factory-13.webp\"\/><\/p>\n<p><img decoding=\"async\" src=\"\/wp-content\/uploads\/factory-14.webp\"\/><\/p>\n<h2>FAQ<\/h2>\n<p><b>1) Qu'est-ce que la fabrication d'aluminium OEM avec usinage CNC ?<\/b><\/p>\n<p>Il s'agit de la production de pi\u00e8ces d'aluminium sur mesure \u00e0 l'aide de proc\u00e9d\u00e9s d'usinage CNC, con\u00e7us pour r\u00e9pondre aux exigences sp\u00e9cifiques des OEM avec une grande pr\u00e9cision.\n<\/p>\n<p><\/p>\n<p><b>2) Pourquoi choisir l'usinage CNC pour la fabrication de l'aluminium ?<\/b><\/p>\n<p>L'usinage CNC offre des tol\u00e9rances serr\u00e9es, une grande r\u00e9p\u00e9tabilit\u00e9 et la possibilit\u00e9 de cr\u00e9er des g\u00e9om\u00e9tries complexes dans les pi\u00e8ces en aluminium.\n<\/p>\n<p><\/p>\n<p><b>3. l'aluminium usin\u00e9 CNC est-il adapt\u00e9 aux applications de haute performance ?<\/b><\/p>\n<p>Oui, les pi\u00e8ces en aluminium usin\u00e9es par CNC sont utilis\u00e9es dans les secteurs de l'a\u00e9rospatiale, de l'automobile, de l'\u00e9lectronique et de la m\u00e9decine en raison de leur solidit\u00e9 et de leur pr\u00e9cision.\n<\/p>\n<p><\/p>\n<p><b>4. les pi\u00e8ces CNC en aluminium OEM peuvent-elles \u00eatre personnalis\u00e9es ?<\/b><\/p>\n<p>Absolument, toutes les dimensions, caract\u00e9ristiques et finitions peuvent \u00eatre enti\u00e8rement personnalis\u00e9es sur la base des dessins techniques ou des \u00e9chantillons du client.\n<\/p>\n<p><\/p>\n<p><b>5. quels sont les avantages de travailler avec un fabricant d'aluminium OEM ?<\/b><\/p>\n<p>Travailler avec un fabricant d'aluminium OEM garantit le contr\u00f4le de la qualit\u00e9, la flexibilit\u00e9 de la conception, la rentabilit\u00e9 et des d\u00e9lais de production rapides.\n<\/p>\n<p><\/p>\n<p><b>6) Quelles sont les finitions de surface disponibles pour les pi\u00e8ces en aluminium usin\u00e9es par CNC ?<\/b><\/p>\n<p>Les finitions disponibles comprennent l'anodisation, le rev\u00eatement par poudre, le sablage, le polissage et d'autres encore, en fonction des exigences fonctionnelles et esth\u00e9tiques.\n<\/p>\n<p><\/p>\n<p><b>7. l'usinage CNC est-il rentable pour le prototypage en aluminium ?<\/b><\/p>\n<p>Oui, l'usinage CNC est id\u00e9al pour le prototypage en raison de sa vitesse, de sa pr\u00e9cision et de sa flexibilit\u00e9, qui permettent une validation rapide de la conception avant la production en s\u00e9rie.\n<\/p>\n<p><\/p>","protected":false},"featured_media":7571,"template":"","categories":[67],"class_list":["post-7572","product","type-product","status-publish","has-post-thumbnail","hentry","category-architectural-aluminium-profile"],"meta_box":{"hilight_text_group":{"product_hilight_text":"<li>High-precision CNC machining for complex aluminum parts<\/li>\r\r\n<li>Custom OEM production tailored to client specifications<\/li>\r\r\n<li>Fast turnaround with consistent quality and tight tolerances<\/li>\r\r\n<li>Supports low- to high-volume manufacturing requirements<\/li>\r\r\n<li>Advanced equipment ensures smooth surface finish and accuracy<\/li>\r\r\n<li>Cost-effective solution for aluminum prototyping and production<\/li>","product_chanpin_blog":"<ul>\r\r\n<li><a href=\"https:\/\/sinoextrud.com\/t-slot-v-slot-differences\/\" target=\"_blank\">t slot vs v slot<\/a><\/li>\r\r\n<li><a href=\"https:\/\/sinoextrud.com\/what-is-4040-aluminium-extrud\/\" target=\"_blank\">4040 aluminium extrusion<\/a><\/li>\r\r\n<li><a href=\"https:\/\/sinoextrud.com\/what-is-4040-aluminium-extrud\/\" target=\"_blank\">aluminum extrusions for industrial racks<\/a><\/li>\r\r\n<li><a href=\"https:\/\/sinoextrud.com\/powder-coating-aluminium-process\/\" target=\"_blank\">powder coating aluminium<\/a><\/li>\r\r\n<li><a href=\"https:\/\/sinoextrud.com\/what-is-an-aluminium-strip-ceiling\/\" target=\"_blank\">aluminium strip ceiling<\/a><\/li>\r\r\n<li><a href=\"https:\/\/sinoextrud.com\/what-is-a-heat-sink\/\" target=\"_blank\">what is a heat sink<\/a><\/li>\r\r\n<\/ul>","product_chanpin_chanpin":"<li><a href=\"https:\/\/sinoextrud.com\/product\/aluminum-u-profile-glass-railing\/\" target=\"_blank\">Aluminum U profile Glass Railing<\/a><\/li>\r\n<li><a href=\"https:\/\/sinoextrud.com\/product\/aluminium-screen-door-extrusions\/\" target=\"_blank\">Aluminium Screen Door Extrusions<\/a><\/li>\r\n<li><a href=\"https:\/\/sinoextrud.com\/product\/anodized-colorful-oem-aluminium-profile-for-decoration-furniture-accessory-price\/\" target=\"_blank\">Anodized Colorful OEM Aluminium Profile For Decoration Furniture Accessory price<\/a><\/li>\r\n<li><a href=\"https:\/\/sinoextrud.com\/product\/sliver-anodized-aluminum-extrusions-kitchen-cabinets-profiles-frame\/\" target=\"_blank\">Sliver Anodized Aluminum Extrusions Kitchen Cabinets Profiles Frame<\/a><\/li>\r\n<li><a href=\"https:\/\/sinoextrud.com\/product\/oem-aluminum-manufacturing-processes-cnc-machining\/\" target=\"_blank\">OEM Aluminum Manufacturing Processes CNC Machining<\/a><\/li>\r\n<li><a href=\"https:\/\/sinoextrud.com\/product\/extruded-aluminum-louver-blade-profile\/\" target=\"_blank\">Extruded Aluminum Louver Blade Profile<\/a><\/li>\r\n<li><a href=\"https:\/\/sinoextrud.com\/product\/aluminum-curtain-wall-extrusion\/\" target=\"_blank\">Aluminum Curtain Wall Extrusion<\/a><\/li>\r\n<li><a href=\"https:\/\/sinoextrud.com\/product\/aluminium-v-slot-extrusion\/\" target=\"_blank\">Aluminium V Slot Extrusion<\/a><\/li>\r\n<li><a href=\"https:\/\/sinoextrud.com\/product\/aluminium-windows-with-mosquito-net-profile-catalog-uses-best-factory-price-per-pound\/\" target=\"_blank\">aluminium windows with mosquito net profile catalog uses best Factory Price per pound<\/a><\/li>\r\n<li><a href=\"https:\/\/sinoextrud.com\/product\/sand-blastedsand-blastedaluminium-profile-extuded-for-handrail-and-barrier-with-internation-standard\/\" target=\"_blank\">Sand BlastedSand BlastedAluminium Profile Extuded For Handrail And Barrier With Internation Standard<\/a><\/li>\r\n<li><a href=\"https:\/\/sinoextrud.com\/product\/soundproofed-watertigh\/\" target=\"_blank\">Soundproofed Watertight Wind resistant occulting frame powder coated Facade Cladding and Glass wall aluminium profile<\/a><\/li>"},"feature_list":[]},"_links":{"self":[{"href":"https:\/\/sinoextrud.com\/fr\/wp-json\/wp\/v2\/product\/7572","targetHints":{"allow":["GET"]}}],"collection":[{"href":"https:\/\/sinoextrud.com\/fr\/wp-json\/wp\/v2\/product"}],"about":[{"href":"https:\/\/sinoextrud.com\/fr\/wp-json\/wp\/v2\/types\/product"}],"wp:featuredmedia":[{"embeddable":true,"href":"https:\/\/sinoextrud.com\/fr\/wp-json\/wp\/v2\/media\/7571"}],"wp:attachment":[{"href":"https:\/\/sinoextrud.com\/fr\/wp-json\/wp\/v2\/media?parent=7572"}],"wp:term":[{"taxonomy":"category","embeddable":true,"href":"https:\/\/sinoextrud.com\/fr\/wp-json\/wp\/v2\/categories?post=7572"}],"curies":[{"name":"wp","href":"https:\/\/api.w.org\/{rel}","templated":true}]}}