{"id":7568,"date":"2025-06-09T01:52:18","date_gmt":"2025-06-09T01:52:18","guid":{"rendered":"https:\/\/sinoextrud.com\/product\/anodized-colorful-oem-aluminium-profile-for-decoration-furniture-accessory-price\/"},"modified":"2025-06-24T06:13:06","modified_gmt":"2025-06-24T06:13:06","slug":"profile-daluminium-anodise-colore-oem-pour-la-decoration-de-meubles-prix-de-laccessoire","status":"publish","type":"product","link":"https:\/\/sinoextrud.com\/fr\/product\/anodized-colorful-oem-aluminium-profile-for-decoration-furniture-accessory-price\/","title":{"rendered":"Profil\u00e9 d'aluminium anodis\u00e9 color\u00e9 OEM pour la d\u00e9coration Prix des accessoires de meubles"},"content":{"rendered":"<h2>D\u00e9tails des produits<\/h2>\n<table class=\"custom-table\">\n<tbody>\n<tr>\n<td> <strong>Nom du produit<\/strong><\/td>\n<td> Profil\u00e9 d'ameublement en alliage d'aluminium extrud\u00e9 de la s\u00e9rie 6000<\/td>\n<\/tr>\n<tr>\n<td> <strong>Mat\u00e9riau<\/strong><\/td>\n<td> alliage d'aluminium<\/td>\n<\/tr>\n<tr>\n<td> <strong>Couleur<\/strong><\/td>\n<td> naturel<\/td>\n<\/tr>\n<tr>\n<td> <strong>Standard<\/strong><\/td>\n<td> GB\/5237-2004<\/td>\n<\/tr>\n<tr>\n<td> <strong>Grade<\/strong><\/td>\n<td> 6005\/6061\/6063<\/td>\n<\/tr>\n<tr>\n<td> <strong>Surface<\/strong><\/td>\n<td> finition en usine, anodisation, sablage, rev\u00eatement en poudre, etc.<\/td>\n<\/tr>\n<tr>\n<td> <strong>Traitement en profondeur<\/strong><\/td>\n<td> couper, percer, fileter, plier, etc.<\/td>\n<\/tr>\n<tr>\n<td> <strong>Utilis\u00e9<\/strong><\/td>\n<td> machines pour l'industrie du b\u00e2timent<\/td>\n<\/tr>\n<\/tbody>\n<\/table>\n<h2>Notre base de production<\/h2>\n<h3>Panorama de l'usine<\/h3>\n<p><img decoding=\"async\" src=\"\/wp-content\/uploads\/factory-01.webp\"\/><\/p>\n<h3>Atelier de fabrication de barres d'aluminium<\/h3>\n<p><img decoding=\"async\" src=\"\/wp-content\/uploads\/factory-02.webp\"\/><\/p>\n<p><img decoding=\"async\" src=\"\/wp-content\/uploads\/factory-03.webp\"\/><\/p>\n<h3>Entrep\u00f4t de stockage des moules<\/h3>\n<p><img decoding=\"async\" src=\"\/wp-content\/uploads\/factory-04.webp\"\/><\/p>\n<h3>43 lignes d'extrusion d'aluminium (500 \u00e0 5500 tonnes)<\/h3>\n<p><img decoding=\"async\" src=\"\/wp-content\/uploads\/factory-05.webp\"\/><\/p>\n<p><img decoding=\"async\" src=\"\/wp-content\/uploads\/factory-06.webp\"\/><\/p>\n<p><img decoding=\"async\" src=\"\/wp-content\/uploads\/factory-07.webp\"\/><\/p>\n<h3>Atelier de peinture en poudre<\/h3>\n<p><img decoding=\"async\" src=\"\/wp-content\/uploads\/factory-09.webp\"\/><\/p>\n<h3>Atelier d'anodisation<\/h3>\n<p><img decoding=\"async\" src=\"\/wp-content\/uploads\/factory-10.webp\"\/><\/p>\n<h3>Atelier sur le traitement en profondeur<\/h3>\n<p><img decoding=\"async\" src=\"\/wp-content\/uploads\/factory-11.webp\"\/><\/p>\n<h3>Atelier d'usinage de pr\u00e9cision CNC<\/h3>\n<p><img decoding=\"async\" src=\"\/wp-content\/uploads\/factory-11.5.webp\"\/><\/p>\n<h3>Entrep\u00f4t de produits finis et d'exportation<\/h3>\n<p><img decoding=\"async\" src=\"\/wp-content\/uploads\/factory-12.webp\"\/><\/p>\n<p><img decoding=\"async\" src=\"\/wp-content\/uploads\/factory-13.webp\"\/><\/p>\n<p><img decoding=\"async\" src=\"\/wp-content\/uploads\/factory-14.webp\"\/><\/p>\n<h2>FAQ<\/h2>\n<p><p><b>1) Qu'est-ce qu'un profil\u00e9 d'aluminium anodis\u00e9 color\u00e9 OEM pour la d\u00e9coration de meubles ?<\/b><\/p>\n<p>Il s'agit d'une extrusion d'aluminium con\u00e7ue sur mesure avec des finitions de couleur anodis\u00e9es, utilis\u00e9e dans les accessoires de meubles d\u00e9coratifs pour un aspect moderne et durable.<br \/>\n<\/p><br \/>\n<br \/>\n<p><b>2. pourquoi choisir des profil\u00e9s en aluminium anodis\u00e9 pour les accessoires de meubles ?<\/b><\/p>\n<p>Les profil\u00e9s en aluminium anodis\u00e9 offrent une durabilit\u00e9 accrue, une r\u00e9sistance \u00e0 la corrosion et des couleurs vives et r\u00e9sistantes \u00e0 la d\u00e9coloration, id\u00e9ales pour les applications d\u00e9coratives.<br \/>\n<\/p><br \/>\n<br \/>\n<p><b>3. les profil\u00e9s d'aluminium OEM peuvent-ils \u00eatre personnalis\u00e9s en termes de forme et de couleur ?<\/b><\/p>\n<p>Oui, les profil\u00e9s en aluminium OEM peuvent \u00eatre personnalis\u00e9s en termes de couleur, de forme et de dimensions pour s'adapter \u00e0 des designs de meubles sp\u00e9cifiques et aux besoins de la marque.<br \/>\n<\/p><br \/>\n<br \/>\n<p><b>4. la finition anodis\u00e9e convient-elle pour une utilisation \u00e0 long terme \u00e0 l'int\u00e9rieur ?<\/b><\/p>\n<p>Absolument, les finitions anodis\u00e9es sont tr\u00e8s durables et parfaites pour les applications de mobilier d'int\u00e9rieur, conservant leur couleur et leur aspect au fil du temps.<br \/>\n<\/p><br \/>\n<br \/>\n<p><b>5. Quelle est la diff\u00e9rence entre l'aluminium anodis\u00e9 et les profil\u00e9s peints ou rev\u00eatus ?<\/b><\/p>\n<p>L'aluminium anodis\u00e9 offre une surface plus dure et plus durable, avec une meilleure coh\u00e9rence des couleurs et une meilleure r\u00e9sistance \u00e0 l'usure que les profil\u00e9s peints ou rev\u00eatus de poudre.<br \/>\n<\/p><br \/>\n<br \/>\n<p><b>6. Ces profil\u00e9s en aluminium peuvent-ils \u00eatre utilis\u00e9s dans des environnements \u00e0 forte humidit\u00e9 ?<\/b><\/p>\n<p>Oui, la surface anodis\u00e9e am\u00e9liore la r\u00e9sistance \u00e0 la corrosion, ce qui permet de les utiliser dans les cuisines, les salles de bains et d'autres endroits expos\u00e9s \u00e0 l'humidit\u00e9.<br \/>\n<\/p><br \/>\n<br \/>\n<p><b>7) Quelle est la fourchette de prix habituelle pour les profil\u00e9s en aluminium anodis\u00e9 OEM ?<\/b><\/p>\n<p>Les prix varient en fonction de la complexit\u00e9 du dessin, de la quantit\u00e9 et de la finition, mais ils sont comp\u00e9titifs pour les commandes en vrac standard et personnalis\u00e9es.<br \/>\n<\/p><br \/><\/p>","protected":false},"featured_media":7567,"template":"","categories":[67],"class_list":["post-7568","product","type-product","status-publish","has-post-thumbnail","hentry","category-architectural-aluminium-profile"],"meta_box":{"hilight_text_group":{"product_hilight_text":"<li>High-quality anodized finish offers vibrant, long-lasting color<\/li>\r\r\n<li>Custom OEM designs available for unique furniture applications<\/li>\r\r\n<li>Corrosion-resistant surface ideal for indoor and light-duty outdoor use<\/li>\r\r\n<li>Lightweight and easy to integrate into decorative furniture systems<\/li>\r\r\n<li>Precise extrusion ensures seamless fit and professional appearance<\/li>\r\r\n<li>Competitive pricing for bulk orders and customized specifications<\/li>","product_chanpin_blog":"<ul>\r\r\n<li><a href=\"https:\/\/sinoextrud.com\/t-slot-v-slot-differences\/\" target=\"_blank\">t slot vs v slot<\/a><\/li>\r\r\n<li><a href=\"https:\/\/sinoextrud.com\/what-is-4040-aluminium-extrud\/\" target=\"_blank\">4040 aluminium extrusion<\/a><\/li>\r\r\n<li><a href=\"https:\/\/sinoextrud.com\/what-is-4040-aluminium-extrud\/\" target=\"_blank\">aluminum extrusions for industrial racks<\/a><\/li>\r\r\n<li><a href=\"https:\/\/sinoextrud.com\/powder-coating-aluminium-process\/\" target=\"_blank\">powder coating aluminium<\/a><\/li>\r\r\n<li><a href=\"https:\/\/sinoextrud.com\/what-is-an-aluminium-strip-ceiling\/\" target=\"_blank\">aluminium strip ceiling<\/a><\/li>\r\r\n<li><a href=\"https:\/\/sinoextrud.com\/what-is-a-heat-sink\/\" target=\"_blank\">what is a heat sink<\/a><\/li>\r\r\n<\/ul>","product_chanpin_chanpin":"<li><a href=\"https:\/\/sinoextrud.com\/product\/extruded-aluminium-skirting-aluminium-skirting-board\/\" target=\"_blank\">Extruded Aluminium Skirting Aluminium Skirting Board<\/a><\/li>\r\n<li><a href=\"https:\/\/sinoextrud.com\/product\/aluminum-section-window\/\" target=\"_blank\">Aluminum Section Window<\/a><\/li>\r\n<li><a href=\"https:\/\/sinoextrud.com\/product\/aluminum-u-profile-glass-railing\/\" target=\"_blank\">Aluminum U profile Glass Railing<\/a><\/li>\r\n<li><a href=\"https:\/\/sinoextrud.com\/product\/aluminium-screen-door-extrusions\/\" target=\"_blank\">Aluminium Screen Door Extrusions<\/a><\/li>\r\n<li><a href=\"https:\/\/sinoextrud.com\/product\/anodized-colorful-oem-aluminium-profile-for-decoration-furniture-accessory-price\/\" target=\"_blank\">Anodized Colorful OEM Aluminium Profile For Decoration Furniture Accessory price<\/a><\/li>\r\n<li><a href=\"https:\/\/sinoextrud.com\/product\/sliver-anodized-aluminum-extrusions-kitchen-cabinets-profiles-frame\/\" target=\"_blank\">Sliver Anodized Aluminum Extrusions Kitchen Cabinets Profiles Frame<\/a><\/li>\r\n<li><a href=\"https:\/\/sinoextrud.com\/product\/oem-aluminum-manufacturing-processes-cnc-machining\/\" target=\"_blank\">OEM Aluminum Manufacturing Processes CNC Machining<\/a><\/li>\r\n<li><a href=\"https:\/\/sinoextrud.com\/product\/extruded-aluminum-louver-blade-profile\/\" target=\"_blank\">Extruded Aluminum Louver Blade Profile<\/a><\/li>\r\n<li><a href=\"https:\/\/sinoextrud.com\/product\/aluminum-curtain-wall-extrusion\/\" target=\"_blank\">Aluminum Curtain Wall Extrusion<\/a><\/li>\r\n<li><a href=\"https:\/\/sinoextrud.com\/product\/aluminium-shower-extrusions\/\" target=\"_blank\">Aluminium Shower Extrusions<\/a><\/li>\r\n<li><a href=\"https:\/\/sinoextrud.com\/product\/customized-structural-aluminum-profiles\/\" target=\"_blank\">Customized Structural Aluminum Profiles<\/a><\/li>"},"feature_list":[]},"_links":{"self":[{"href":"https:\/\/sinoextrud.com\/fr\/wp-json\/wp\/v2\/product\/7568","targetHints":{"allow":["GET"]}}],"collection":[{"href":"https:\/\/sinoextrud.com\/fr\/wp-json\/wp\/v2\/product"}],"about":[{"href":"https:\/\/sinoextrud.com\/fr\/wp-json\/wp\/v2\/types\/product"}],"wp:featuredmedia":[{"embeddable":true,"href":"https:\/\/sinoextrud.com\/fr\/wp-json\/wp\/v2\/media\/7567"}],"wp:attachment":[{"href":"https:\/\/sinoextrud.com\/fr\/wp-json\/wp\/v2\/media?parent=7568"}],"wp:term":[{"taxonomy":"category","embeddable":true,"href":"https:\/\/sinoextrud.com\/fr\/wp-json\/wp\/v2\/categories?post=7568"}],"curies":[{"name":"wp","href":"https:\/\/api.w.org\/{rel}","templated":true}]}}