{"id":7566,"date":"2025-06-09T01:51:03","date_gmt":"2025-06-09T01:51:03","guid":{"rendered":"https:\/\/sinoextrud.com\/product\/aluminium-screen-door-extrusions\/"},"modified":"2025-06-24T06:13:06","modified_gmt":"2025-06-24T06:13:06","slug":"extrusions-de-porte-moustiquaire-en-aluminium","status":"publish","type":"product","link":"https:\/\/sinoextrud.com\/fr\/product\/aluminium-screen-door-extrusions\/","title":{"rendered":"Extrusions de porte moustiquaire en aluminium"},"content":{"rendered":"<h2>D\u00e9tails des produits<\/h2>\n<table class=\"custom-table\">\n<tbody>\n<tr>\n<td> Article :<\/td>\n<td> Extrusions de porte moustiquaire en aluminium<\/td>\n<\/tr>\n<tr>\n<td> Materila :<\/td>\n<td> 6063<\/td>\n<\/tr>\n<tr>\n<td> Temp\u00e9rer :<\/td>\n<td> T5<\/td>\n<\/tr>\n<tr>\n<td> Forme :<\/td>\n<td> identique au dessin<\/td>\n<\/tr>\n<tr>\n<td> \u00c9paississement du profil :<\/td>\n<td> 1,4 mm au-dessus.<\/td>\n<\/tr>\n<tr>\n<td> Traitement de surface :<\/td>\n<td> rev\u00eatement en poudre<\/td>\n<\/tr>\n<tr>\n<td> Couleur :<\/td>\n<td> Blanc, couleur disponible<\/td>\n<\/tr>\n<tr>\n<td> Entreprise de rev\u00eatement :<\/td>\n<td> 80-120 um<\/td>\n<\/tr>\n<tr>\n<td> Utilisation :<\/td>\n<td> profil de la moustiquaire de fen\u00eatre<\/td>\n<\/tr>\n<tr>\n<td> MOQ :<\/td>\n<td> 200 kg pour chaque article<\/td>\n<\/tr>\n<tr>\n<td> Certificat et norme :<\/td>\n<td> ISO 9008-2001. CQM, SGS<\/td>\n<\/tr>\n<tr>\n<td> Garantie :<\/td>\n<td> La couleur de la surface peut rester stable pendant 10 ans en cas d'utilisation \u00e0 l'int\u00e9rieur.<\/td>\n<\/tr>\n<tr>\n<td> Traitement en profondeur<\/td>\n<td> comme le per\u00e7age, le fraisage, la d\u00e9coupe, le soudage et le pliage.<\/td>\n<\/tr>\n<tr>\n<td> Origine :<\/td>\n<td> Foshan, Guangdong.<\/td>\n<\/tr>\n<tr>\n<td> Code HS :<\/td>\n<td> 761699000<\/td>\n<\/tr>\n<\/tbody>\n<\/table>\n<h2>Notre base de production<\/h2>\n<h3>Panorama de l'usine<\/h3>\n<p><img decoding=\"async\" src=\"\/wp-content\/uploads\/factory-01.webp\"\/><\/p>\n<h3>Atelier de fabrication de barres d'aluminium<\/h3>\n<p><img decoding=\"async\" src=\"\/wp-content\/uploads\/factory-02.webp\"\/><\/p>\n<p><img decoding=\"async\" src=\"\/wp-content\/uploads\/factory-03.webp\"\/><\/p>\n<h3>Entrep\u00f4t de stockage des moules<\/h3>\n<p><img decoding=\"async\" src=\"\/wp-content\/uploads\/factory-04.webp\"\/><\/p>\n<h3>43 lignes d'extrusion d'aluminium (500 \u00e0 5500 tonnes)<\/h3>\n<p><img decoding=\"async\" src=\"\/wp-content\/uploads\/factory-05.webp\"\/><\/p>\n<p><img decoding=\"async\" src=\"\/wp-content\/uploads\/factory-06.webp\"\/><\/p>\n<p><img decoding=\"async\" src=\"\/wp-content\/uploads\/factory-07.webp\"\/><\/p>\n<h3>Atelier de peinture en poudre<\/h3>\n<p><img decoding=\"async\" src=\"\/wp-content\/uploads\/factory-09.webp\"\/><\/p>\n<h3>Atelier d'anodisation<\/h3>\n<p><img decoding=\"async\" src=\"\/wp-content\/uploads\/factory-10.webp\"\/><\/p>\n<h3>Atelier sur le traitement en profondeur<\/h3>\n<p><img decoding=\"async\" src=\"\/wp-content\/uploads\/factory-11.webp\"\/><\/p>\n<h3>Atelier d'usinage de pr\u00e9cision CNC<\/h3>\n<p><img decoding=\"async\" src=\"\/wp-content\/uploads\/factory-11.5.webp\"\/><\/p>\n<h3>Entrep\u00f4t de produits finis et d'exportation<\/h3>\n<p><img decoding=\"async\" src=\"\/wp-content\/uploads\/factory-12.webp\"\/><\/p>\n<p><img decoding=\"async\" src=\"\/wp-content\/uploads\/factory-13.webp\"\/><\/p>\n<p><img decoding=\"async\" src=\"\/wp-content\/uploads\/factory-14.webp\"\/><\/p>\n<h2>FAQ<\/h2>\n<p><p><b>1) Qu'est-ce qu'une extrusion de porte moustiquaire en aluminium ?<\/b><\/p>\n<p>Les extrusions d'aluminium pour portes moustiquaires sont des profil\u00e9s d'aluminium utilis\u00e9s pour construire des cadres durables et l\u00e9gers pour les portes moustiquaires.<br \/>\n<\/p><br \/>\n<br \/>\n<p><b>2. pourquoi choisir les extrusions d'aluminium pour les portes moustiquaires ?<\/b><\/p>\n<p>L'aluminium est r\u00e9sistant \u00e0 la corrosion, l\u00e9ger et solide, ce qui en fait un mat\u00e9riau id\u00e9al pour les portes moustiquaires int\u00e9rieures et ext\u00e9rieures.<br \/>\n<\/p><br \/>\n<br \/>\n<p><b>3. ces extrusions de porte moustiquaire sont-elles personnalisables ?<\/b><\/p>\n<p>Oui, ils peuvent \u00eatre personnalis\u00e9s en termes de taille, de couleur, de forme, d'\u00e9paisseur de paroi et de finition de surface pour r\u00e9pondre aux exigences d'un projet ou d'un OEM.<br \/>\n<\/p><br \/>\n<br \/>\n<p><b>4) Quels sont les types de mailles compatibles avec les cadres de porte moustiquaire en aluminium ?<\/b><\/p>\n<p>Ils sont compatibles avec les mailles en fibre de verre, en acier inoxydable, en aluminium et en polyester pour r\u00e9pondre \u00e0 diff\u00e9rents besoins fonctionnels.<br \/>\n<\/p><br \/>\n<br \/>\n<p><b>5. les extrusions de porte moustiquaire en aluminium sont-elles r\u00e9sistantes aux intemp\u00e9ries ?<\/b><\/p>\n<p>Absolument, ils r\u00e9sistent \u00e0 la pluie, au soleil et aux changements de temp\u00e9rature gr\u00e2ce \u00e0 leurs rev\u00eatements r\u00e9sistants \u00e0 la corrosion.<br \/>\n<\/p><br \/>\n<br \/>\n<p><b>6. les extrusions de porte moustiquaire en aluminium n\u00e9cessitent-elles beaucoup d'entretien ?<\/b><\/p>\n<p>Non, ils n\u00e9cessitent peu d'entretien et ne requi\u00e8rent g\u00e9n\u00e9ralement qu'un nettoyage occasionnel \u00e0 l'eau et au savon doux.<br \/>\n<\/p><br \/>\n<br \/>\n<p><b>7. ces profil\u00e9s peuvent-ils \u00eatre utilis\u00e9s pour des portes commerciales ou industrielles ?<\/b><\/p>\n<p>Oui, ils conviennent aux syst\u00e8mes de portes moustiquaires r\u00e9sidentiels, commerciaux et industriels qui exigent durabilit\u00e9 et esth\u00e9tique.<br \/>\n<\/p><br \/><\/p>","protected":false},"featured_media":7565,"template":"","categories":[67],"class_list":["post-7566","product","type-product","status-publish","has-post-thumbnail","hentry","category-architectural-aluminium-profile"],"meta_box":{"hilight_text_group":{"product_hilight_text":"<li>Durable aluminum construction provides long-lasting structural support<\/li>\r\r\n<li>Lightweight material ensures easy handling and installation<\/li>\r\r\n<li>Corrosion-resistant finish suitable for all weather conditions<\/li>\r\r\n<li>Compatible with various mesh types for insect protection and ventilation<\/li>\r\r\n<li>Customizable designs, sizes, and colors for OEM and project needs<\/li>\r\r\n<li>Ideal for residential, commercial, and industrial screen door systems<\/li>","product_chanpin_blog":"<ul>\r\r\n<li><a href=\"https:\/\/sinoextrud.com\/t-slot-v-slot-differences\/\" target=\"_blank\">t slot vs v slot<\/a><\/li>\r\r\n<li><a href=\"https:\/\/sinoextrud.com\/what-is-4040-aluminium-extrud\/\" target=\"_blank\">4040 aluminium extrusion<\/a><\/li>\r\r\n<li><a href=\"https:\/\/sinoextrud.com\/what-is-4040-aluminium-extrud\/\" target=\"_blank\">aluminum extrusions for industrial racks<\/a><\/li>\r\r\n<li><a href=\"https:\/\/sinoextrud.com\/powder-coating-aluminium-process\/\" target=\"_blank\">powder coating aluminium<\/a><\/li>\r\r\n<li><a href=\"https:\/\/sinoextrud.com\/what-is-an-aluminium-strip-ceiling\/\" target=\"_blank\">aluminium strip ceiling<\/a><\/li>\r\r\n<li><a href=\"https:\/\/sinoextrud.com\/what-is-a-heat-sink\/\" target=\"_blank\">what is a heat sink<\/a><\/li>\r\r\n<\/ul>","product_chanpin_chanpin":"<li><a href=\"https:\/\/sinoextrud.com\/product\/office-partition-aluminum-profile\/\" target=\"_blank\">Office Partition Aluminum Profile<\/a><\/li>\r\n<li><a href=\"https:\/\/sinoextrud.com\/product\/extruded-aluminium-skirting-aluminium-skirting-board\/\" target=\"_blank\">Extruded Aluminium Skirting Aluminium Skirting Board<\/a><\/li>\r\n<li><a href=\"https:\/\/sinoextrud.com\/product\/aluminum-section-window\/\" target=\"_blank\">Aluminum Section Window<\/a><\/li>\r\n<li><a href=\"https:\/\/sinoextrud.com\/product\/aluminum-u-profile-glass-railing\/\" target=\"_blank\">Aluminum U profile Glass Railing<\/a><\/li>\r\n<li><a href=\"https:\/\/sinoextrud.com\/product\/aluminium-screen-door-extrusions\/\" target=\"_blank\">Aluminium Screen Door Extrusions<\/a><\/li>\r\n<li><a href=\"https:\/\/sinoextrud.com\/product\/anodized-colorful-oem-aluminium-profile-for-decoration-furniture-accessory-price\/\" target=\"_blank\">Anodized Colorful OEM Aluminium Profile For Decoration Furniture Accessory price<\/a><\/li>\r\n<li><a href=\"https:\/\/sinoextrud.com\/product\/sliver-anodized-aluminum-extrusions-kitchen-cabinets-profiles-frame\/\" target=\"_blank\">Sliver Anodized Aluminum Extrusions Kitchen Cabinets Profiles Frame<\/a><\/li>\r\n<li><a href=\"https:\/\/sinoextrud.com\/product\/oem-aluminum-manufacturing-processes-cnc-machining\/\" target=\"_blank\">OEM Aluminum Manufacturing Processes CNC Machining<\/a><\/li>\r\n<li><a href=\"https:\/\/sinoextrud.com\/product\/extruded-aluminum-louver-blade-profile\/\" target=\"_blank\">Extruded Aluminum Louver Blade Profile<\/a><\/li>\r\n<li><a href=\"https:\/\/sinoextrud.com\/product\/bulk-extruded-aluminum\/\" target=\"_blank\">Bulk Extruded Aluminum<\/a><\/li>\r\n<li><a href=\"https:\/\/sinoextrud.com\/product\/aluminium-furniture\/\" target=\"_blank\">Aluminium Furniture<\/a><\/li>"},"feature_list":[]},"_links":{"self":[{"href":"https:\/\/sinoextrud.com\/fr\/wp-json\/wp\/v2\/product\/7566","targetHints":{"allow":["GET"]}}],"collection":[{"href":"https:\/\/sinoextrud.com\/fr\/wp-json\/wp\/v2\/product"}],"about":[{"href":"https:\/\/sinoextrud.com\/fr\/wp-json\/wp\/v2\/types\/product"}],"wp:featuredmedia":[{"embeddable":true,"href":"https:\/\/sinoextrud.com\/fr\/wp-json\/wp\/v2\/media\/7565"}],"wp:attachment":[{"href":"https:\/\/sinoextrud.com\/fr\/wp-json\/wp\/v2\/media?parent=7566"}],"wp:term":[{"taxonomy":"category","embeddable":true,"href":"https:\/\/sinoextrud.com\/fr\/wp-json\/wp\/v2\/categories?post=7566"}],"curies":[{"name":"wp","href":"https:\/\/api.w.org\/{rel}","templated":true}]}}