{"id":7560,"date":"2025-06-09T01:44:34","date_gmt":"2025-06-09T01:44:34","guid":{"rendered":"https:\/\/sinoextrud.com\/product\/extruded-aluminium-skirting-aluminium-skirting-board\/"},"modified":"2025-06-24T06:13:06","modified_gmt":"2025-06-24T06:13:06","slug":"plinthe-en-aluminium-extrude-plinthe-en-aluminium","status":"publish","type":"product","link":"https:\/\/sinoextrud.com\/fr\/product\/extruded-aluminium-skirting-aluminium-skirting-board\/","title":{"rendered":"Plinthe en aluminium extrud\u00e9 Plinthe en aluminium"},"content":{"rendered":"<h2>D\u00e9tails des produits<\/h2>\n<table class=\"custom-table\">\n<tbody>\n<tr>\n<td> Article :<\/td>\n<td> Plinthe en aluminium extrud\u00e9 Plinthe en aluminium<\/td>\n<\/tr>\n<tr>\n<td> Forme :<\/td>\n<td> personnalis\u00e9<\/td>\n<\/tr>\n<tr>\n<td> Grade :<\/td>\n<td> S\u00e9rie 6000<\/td>\n<\/tr>\n<tr>\n<td> Temp\u00e9rer :<\/td>\n<td> T3-T8<\/td>\n<\/tr>\n<tr>\n<td> Alliage :<\/td>\n<td> Alliage<\/td>\n<\/tr>\n<tr>\n<td> Temps de production :<\/td>\n<td> 20 \u00e0 25 jours<\/td>\n<\/tr>\n<tr>\n<td> Paquet de transport :<\/td>\n<td> Emballage standard pour l'exportation<\/td>\n<\/tr>\n<tr>\n<td> Origine :<\/td>\n<td> Foshan, Chine<\/td>\n<\/tr>\n<tr>\n<td> Service suppl\u00e9mentaire :<\/td>\n<td> OEM<\/td>\n<\/tr>\n<tr>\n<td> Mat\u00e9riau :<\/td>\n<td> 6063-T5, 6061-T6, 6463-T5, 7075-T6, 6082<\/td>\n<\/tr>\n<tr>\n<td> Finition de la surface :<\/td>\n<td> en tant qu'exigence<\/td>\n<\/tr>\n<tr>\n<td> Certification :<\/td>\n<td> CE, ISO, TUV<\/td>\n<\/tr>\n<tr>\n<td> Legnth :<\/td>\n<td> 1~9 m\u00e8tres (standard selon les besoins)<\/td>\n<\/tr>\n<tr>\n<td> Traitement :<\/td>\n<td> Processus d'extrusion d'aluminium de qualit\u00e9<\/td>\n<\/tr>\n<tr>\n<td> Port Fob :<\/td>\n<td> Shenzhen, Foshan, Guangzhou<\/td>\n<\/tr>\n<tr>\n<td> Marque d\u00e9pos\u00e9e :<\/td>\n<td> Sinoextrud(Sinoextrud)\/ OEM<\/td>\n<\/tr>\n<\/tbody>\n<\/table>\n<h2>Notre base de production<\/h2>\n<h3>Panorama de l'usine<\/h3>\n<p><img decoding=\"async\" src=\"\/wp-content\/uploads\/factory-01.webp\"\/><\/p>\n<h3>Atelier de fabrication de barres d'aluminium<\/h3>\n<p><img decoding=\"async\" src=\"\/wp-content\/uploads\/factory-02.webp\"\/><\/p>\n<p><img decoding=\"async\" src=\"\/wp-content\/uploads\/factory-03.webp\"\/><\/p>\n<h3>Entrep\u00f4t de stockage des moules<\/h3>\n<p><img decoding=\"async\" src=\"\/wp-content\/uploads\/factory-04.webp\"\/><\/p>\n<h3>43 lignes d'extrusion d'aluminium (500-5500 tonnes)<\/h3>\n<p><img decoding=\"async\" src=\"\/wp-content\/uploads\/factory-05.webp\"\/><\/p>\n<p><img decoding=\"async\" src=\"\/wp-content\/uploads\/factory-06.webp\"\/><\/p>\n<p><img decoding=\"async\" src=\"\/wp-content\/uploads\/factory-07.webp\"\/><\/p>\n<h3>Atelier de peinture en poudre<\/h3>\n<p><img decoding=\"async\" src=\"\/wp-content\/uploads\/factory-09.webp\"\/><\/p>\n<h3>Atelier d'anodisation<\/h3>\n<p><img decoding=\"async\" src=\"\/wp-content\/uploads\/factory-10.webp\"\/><\/p>\n<h3>Atelier sur le traitement en profondeur<\/h3>\n<p><img decoding=\"async\" src=\"\/wp-content\/uploads\/factory-11.webp\"\/><\/p>\n<h3>Atelier d'usinage de pr\u00e9cision CNC<\/h3>\n<p><img decoding=\"async\" src=\"\/wp-content\/uploads\/factory-11.5.webp\"\/><\/p>\n<h3>Entrep\u00f4t de produits finis et d'exportation<\/h3>\n<p><img decoding=\"async\" src=\"\/wp-content\/uploads\/factory-12.webp\"\/><\/p>\n<p><img decoding=\"async\" src=\"\/wp-content\/uploads\/factory-13.webp\"\/><\/p>\n<p><img decoding=\"async\" src=\"\/wp-content\/uploads\/factory-14.webp\"\/><\/p>\n<h2>FAQ<\/h2>\n<p><p><b>1) Qu'est-ce qu'une plinthe en aluminium extrud\u00e9 ?<\/b><\/p>\n<p>Il s'agit d'une garniture de base murale en aluminium extrud\u00e9, utilis\u00e9e pour couvrir les transitions entre le sol et le mur tout en offrant une finition moderne.<br \/>\n<\/p><br \/>\n<br \/>\n<p><b>2) Pourquoi choisir une plinthe en aluminium plut\u00f4t qu'un mat\u00e9riau traditionnel ?<\/b><\/p>\n<p>Les plinthes en aluminium sont plus durables, plus r\u00e9sistantes \u00e0 l'humidit\u00e9 et aux chocs, et offrent un aspect plus net et plus moderne que le bois ou le plastique.<br \/>\n<\/p><br \/>\n<br \/>\n<p><b>3. les plinthes en aluminium sont-elles adapt\u00e9es \u00e0 un usage commercial ?<\/b><\/p>\n<p>Oui, sa durabilit\u00e9 et sa r\u00e9sistance \u00e0 l'usure en font un produit id\u00e9al pour les environnements commerciaux et \u00e0 fort trafic.<br \/>\n<\/p><br \/>\n<br \/>\n<p><b>4. les plinthes en aluminium peuvent-elles \u00eatre peintes ou rev\u00eatues ?<\/b><\/p>\n<p>Oui, il est disponible en diff\u00e9rentes finitions anodis\u00e9es, poudr\u00e9es et bross\u00e9es et peut \u00eatre personnalis\u00e9 en termes de couleur.<br \/>\n<\/p><br \/>\n<br \/>\n<p><b>5. est-il facile d'installer des plinthes en aluminium ?<\/b><\/p>\n<p>Oui, la plupart des syst\u00e8mes sont livr\u00e9s avec des clips cach\u00e9s ou un support adh\u00e9sif pour une installation rapide et propre.<br \/>\n<\/p><br \/>\n<br \/>\n<p><b>6. avec quels types de rev\u00eatements de sol les plinthes en aluminium sont-elles compatibles ?<\/b><\/p>\n<p>Il fonctionne bien avec les rev\u00eatements de sol en carrelage, en bois dur, en stratifi\u00e9, en vinyle et m\u00eame en moquette.<br \/>\n<\/p><br \/>\n<br \/>\n<p><b>7. les plinthes en aluminium n\u00e9cessitent-elles un entretien ?<\/b><\/p>\n<p>L'entretien est minime : il suffit de le nettoyer de temps en temps pour qu'il conserve son aspect.<br \/>\n<\/p><br \/>\n<br \/>\n<p><b>8. les plinthes en aluminium extrud\u00e9 sont-elles \u00e9cologiques ?<\/b><\/p>\n<p>Oui, il est enti\u00e8rement recyclable et contribue aux pratiques de construction durable.<br \/>\n<\/p><br \/><\/p>","protected":false},"featured_media":7559,"template":"","categories":[67],"class_list":["post-7560","product","type-product","status-publish","has-post-thumbnail","hentry","category-architectural-aluminium-profile"],"meta_box":{"hilight_text_group":{"product_hilight_text":"<li>Modern extruded aluminum skirting offers sleek architectural appeal<\/li>\r\r\n<li>Durable and impact-resistant, ideal for high-traffic areas<\/li>\r\r\n<li>Corrosion-resistant finish ensures long-lasting performance<\/li>\r\r\n<li>Easy to install with concealed fixing systems<\/li>\r\r\n<li>Low maintenance and easy to clean surface<\/li>\r\r\n<li>Available in various heights, finishes, and profiles<\/li>\r\r\n<li>Compatible with wood, tile, and vinyl flooring<\/li>","product_chanpin_blog":"<ul>\r\r\n<li><a href=\"https:\/\/sinoextrud.com\/t-slot-v-slot-differences\/\" target=\"_blank\">t slot vs v slot<\/a><\/li>\r\r\n<li><a href=\"https:\/\/sinoextrud.com\/what-is-4040-aluminium-extrud\/\" target=\"_blank\">4040 aluminium extrusion<\/a><\/li>\r\r\n<li><a href=\"https:\/\/sinoextrud.com\/what-is-4040-aluminium-extrud\/\" target=\"_blank\">aluminum extrusions for industrial racks<\/a><\/li>\r\r\n<li><a href=\"https:\/\/sinoextrud.com\/powder-coating-aluminium-process\/\" target=\"_blank\">powder coating aluminium<\/a><\/li>\r\r\n<li><a href=\"https:\/\/sinoextrud.com\/what-is-an-aluminium-strip-ceiling\/\" target=\"_blank\">aluminium strip ceiling<\/a><\/li>\r\r\n<li><a href=\"https:\/\/sinoextrud.com\/what-is-a-heat-sink\/\" target=\"_blank\">what is a heat sink<\/a><\/li>\r\r\n<\/ul>","product_chanpin_chanpin":"<li><a href=\"https:\/\/sinoextrud.com\/product\/aluminium-profile-bracket\/\" target=\"_blank\">Aluminium Profile Bracket<\/a><\/li>\r\n<li><a href=\"https:\/\/sinoextrud.com\/product\/aluminum-u-shape-channel-profile\/\" target=\"_blank\">Aluminum U Shape Channel Profile<\/a><\/li>\r\n<li><a href=\"https:\/\/sinoextrud.com\/product\/aluminium-profile-glass-curtain-wall-system\/\" target=\"_blank\">Aluminium Profile Glass Curtain Wall System<\/a><\/li>\r\n<li><a href=\"https:\/\/sinoextrud.com\/product\/office-partition-aluminum-profile\/\" target=\"_blank\">Office Partition Aluminum Profile<\/a><\/li>\r\n<li><a href=\"https:\/\/sinoextrud.com\/product\/extruded-aluminium-skirting-aluminium-skirting-board\/\" target=\"_blank\">Extruded Aluminium Skirting Aluminium Skirting Board<\/a><\/li>\r\n<li><a href=\"https:\/\/sinoextrud.com\/product\/aluminum-section-window\/\" target=\"_blank\">Aluminum Section Window<\/a><\/li>\r\n<li><a href=\"https:\/\/sinoextrud.com\/product\/aluminum-u-profile-glass-railing\/\" target=\"_blank\">Aluminum U profile Glass Railing<\/a><\/li>\r\n<li><a href=\"https:\/\/sinoextrud.com\/product\/aluminium-screen-door-extrusions\/\" target=\"_blank\">Aluminium Screen Door Extrusions<\/a><\/li>\r\n<li><a href=\"https:\/\/sinoextrud.com\/product\/anodized-colorful-oem-aluminium-profile-for-decoration-furniture-accessory-price\/\" target=\"_blank\">Anodized Colorful OEM Aluminium Profile For Decoration Furniture Accessory price<\/a><\/li>\r\n<li><a href=\"https:\/\/sinoextrud.com\/product\/aluminium-extrusion-connectors\/\" target=\"_blank\">Aluminium Extrusion Connectors<\/a><\/li>\r\n<li><a href=\"https:\/\/sinoextrud.com\/product\/slotted-aluminum-profile-export-to-maylsia\/\" target=\"_blank\">Slotted Aluminum Profile Export To Maylsia<\/a><\/li>"},"feature_list":[]},"_links":{"self":[{"href":"https:\/\/sinoextrud.com\/fr\/wp-json\/wp\/v2\/product\/7560","targetHints":{"allow":["GET"]}}],"collection":[{"href":"https:\/\/sinoextrud.com\/fr\/wp-json\/wp\/v2\/product"}],"about":[{"href":"https:\/\/sinoextrud.com\/fr\/wp-json\/wp\/v2\/types\/product"}],"wp:featuredmedia":[{"embeddable":true,"href":"https:\/\/sinoextrud.com\/fr\/wp-json\/wp\/v2\/media\/7559"}],"wp:attachment":[{"href":"https:\/\/sinoextrud.com\/fr\/wp-json\/wp\/v2\/media?parent=7560"}],"wp:term":[{"taxonomy":"category","embeddable":true,"href":"https:\/\/sinoextrud.com\/fr\/wp-json\/wp\/v2\/categories?post=7560"}],"curies":[{"name":"wp","href":"https:\/\/api.w.org\/{rel}","templated":true}]}}