{"id":7556,"date":"2025-06-09T01:37:15","date_gmt":"2025-06-09T01:37:15","guid":{"rendered":"https:\/\/sinoextrud.com\/product\/aluminium-profile-glass-curtain-wall-system\/"},"modified":"2025-06-24T06:13:05","modified_gmt":"2025-06-24T06:13:05","slug":"profile-en-aluminium-systeme-de-mur-rideau-en-verre","status":"publish","type":"product","link":"https:\/\/sinoextrud.com\/fr\/product\/aluminium-profile-glass-curtain-wall-system\/","title":{"rendered":"Syst\u00e8me de mur-rideau en verre \u00e0 profil aluminium"},"content":{"rendered":"<h2>D\u00e9tails des produits<\/h2>\n<table class=\"custom-table\">\n<tr>\n<td class=\"label\">Application :<\/td>\n<td>Syst\u00e8me de mur-rideau en verre \u00e0 profil aluminium<\/td>\n<\/tr>\n<tr>\n<td class=\"label\">Grade :<\/td>\n<td> S\u00e9rie 6000<\/td>\n<\/tr>\n<tr>\n<td class=\"label\">Temp\u00e9rer :<\/td>\n<td> T3-T8<\/td>\n<\/tr>\n<tr>\n<td class=\"label\">Contr\u00f4le de la qualit\u00e9 :<\/td>\n<td> 100% inspection avant exp\u00e9dition<\/td>\n<\/tr>\n<tr>\n<td class=\"label\">(1) A l'int\u00e9rieur :<\/td>\n<td> emballage avec un film de protection en plastique pour prot\u00e9ger chaque profil\u00e9<\/td>\n<\/tr>\n<tr>\n<td class=\"label\">(2) A l'ext\u00e9rieur :<\/td>\n<td> emballage avec du papier artisanal imperm\u00e9able<\/td>\n<\/tr>\n<tr>\n<td class=\"label\">Alliage :<\/td>\n<td> alliage<\/td>\n<\/tr>\n<tr>\n<td class=\"label\">Taille :<\/td>\n<td> personnalis\u00e9<\/td>\n<\/tr>\n<\/table>\n<h2>Notre base de production<\/h2>\n<h3>Panorama de l'usine<\/h3>\n<p><img decoding=\"async\" src=\"\/wp-content\/uploads\/factory-01.webp\"\/><\/p>\n<h3>Atelier de fabrication de barres d'aluminium<\/h3>\n<p><img decoding=\"async\" src=\"\/wp-content\/uploads\/factory-02.webp\"\/><\/p>\n<p><img decoding=\"async\" src=\"\/wp-content\/uploads\/factory-03.webp\"\/><\/p>\n<h3>Entrep\u00f4t de stockage des moules<\/h3>\n<p><img decoding=\"async\" src=\"\/wp-content\/uploads\/factory-04.webp\"\/><\/p>\n<h3>43 lignes d'extrusion d'aluminium (500 \u00e0 5500 tonnes)<\/h3>\n<p><img decoding=\"async\" src=\"\/wp-content\/uploads\/factory-05.webp\"\/><\/p>\n<p><img decoding=\"async\" src=\"\/wp-content\/uploads\/factory-06.webp\"\/><\/p>\n<p><img decoding=\"async\" src=\"\/wp-content\/uploads\/factory-07.webp\"\/><\/p>\n<h3>Atelier de peinture en poudre<\/h3>\n<p><img decoding=\"async\" src=\"\/wp-content\/uploads\/factory-09.webp\"\/><\/p>\n<h3>Atelier d'anodisation<\/h3>\n<p><img decoding=\"async\" src=\"\/wp-content\/uploads\/factory-10.webp\"\/><\/p>\n<h3>Atelier sur le traitement en profondeur<\/h3>\n<p><img decoding=\"async\" src=\"\/wp-content\/uploads\/factory-11.webp\"\/><\/p>\n<h3>Atelier d'usinage de pr\u00e9cision CNC<\/h3>\n<p><img decoding=\"async\" src=\"\/wp-content\/uploads\/factory-11.5.webp\"\/><\/p>\n<h3>Entrep\u00f4t de produits finis et d'exportation<\/h3>\n<p><img decoding=\"async\" src=\"\/wp-content\/uploads\/factory-12.webp\"\/><\/p>\n<p><img decoding=\"async\" src=\"\/wp-content\/uploads\/factory-13.webp\"\/><\/p>\n<p><img decoding=\"async\" src=\"\/wp-content\/uploads\/factory-14.webp\"\/><\/p>\n<h2>FAQ<\/h2>\n<p><p><b>1) Qu'est-ce qu'un syst\u00e8me de mur-rideau en verre \u00e0 profil\u00e9s en aluminium ?<\/b><\/p>\n<p>Il s'agit d'un syst\u00e8me de fa\u00e7ade structurelle utilisant des profil\u00e9s en aluminium pour soutenir de grands panneaux de verre, couramment utilis\u00e9s dans les b\u00e2timents commerciaux et les immeubles de grande hauteur.<br \/>\n<\/p><br \/>\n<br \/>\n<p><b>2. pourquoi choisir des profil\u00e9s en aluminium pour les syst\u00e8mes de murs-rideaux ?<\/b><\/p>\n<p>Les profil\u00e9s en aluminium offrent une grande solidit\u00e9, une r\u00e9sistance \u00e0 la corrosion et une grande souplesse de conception, ce qui les rend id\u00e9aux pour les fa\u00e7ades en verre modernes.<br \/>\n<\/p><br \/>\n<br \/>\n<p><b>3. les syst\u00e8mes de murs-rideaux en verre sont-ils efficaces sur le plan \u00e9nerg\u00e9tique ?<\/b><\/p>\n<p>Oui, lorsqu'ils sont associ\u00e9s \u00e0 des profil\u00e9s \u00e0 rupture de pont thermique et \u00e0 des vitrages isolants, ils offrent une excellente isolation thermique et permettent de r\u00e9aliser des \u00e9conomies d'\u00e9nergie.<br \/>\n<\/p><br \/>\n<br \/>\n<p><b>4. le syst\u00e8me de mur-rideau en aluminium peut-il \u00eatre personnalis\u00e9 ?<\/b><\/p>\n<p>Dans l'absolu, les profil\u00e9s peuvent \u00eatre adapt\u00e9s en termes de forme, de taille, de finition et de couleur pour r\u00e9pondre \u00e0 des conceptions architecturales sp\u00e9cifiques et \u00e0 des exigences de performance.<br \/>\n<\/p><br \/>\n<br \/>\n<p><b>5) Quels sont les types de verre compatibles avec les murs-rideaux en profil\u00e9s d'aluminium ?<\/b><\/p>\n<p>Ces syst\u00e8mes sont compatibles avec le verre tremp\u00e9, le verre feuillet\u00e9, le double vitrage et le verre \u00e0 faible \u00e9missivit\u00e9 pour la solidit\u00e9, la s\u00e9curit\u00e9 et les performances thermiques.<br \/>\n<\/p><br \/>\n<br \/>\n<p><b>6. le syst\u00e8me est-il adapt\u00e9 aux immeubles de grande hauteur ?<\/b><\/p>\n<p>Oui, les syst\u00e8mes de murs-rideaux en aluminium sont con\u00e7us pour r\u00e9sister aux charges de vent et aux mouvements sismiques, ce qui les rend id\u00e9aux pour les structures de grande taille.<br \/>\n<\/p><br \/>\n<br \/>\n<p><b>7. Quelles sont les finitions de surface disponibles pour les profil\u00e9s de mur-rideau en aluminium ?<\/b><\/p>\n<p>Les finitions courantes comprennent l'anodisation, le rev\u00eatement par poudre et le rev\u00eatement PVDF pour la durabilit\u00e9 et l'am\u00e9lioration de l'attrait visuel.<br \/>\n<\/p><br \/><\/p>","protected":false},"featured_media":0,"template":"","categories":[67],"class_list":["post-7556","product","type-product","status-publish","hentry","category-architectural-aluminium-profile"],"meta_box":{"hilight_text_group":{"product_hilight_text":"<li>High-strength aluminium profiles ensure structural integrity of glass curtain walls<\/li>\r\r\n<li>Sleek design allows for large glass panels and maximum natural light<\/li>\r\r\n<li>Excellent thermal insulation and weather resistance for energy efficiency<\/li>\r\r\n<li>Lightweight material reduces construction load and simplifies installation<\/li>\r\r\n<li>Customizable shapes, sizes, and finishes to match architectural requirements<\/li>\r\r\n<li>Compatible with double-glazed and laminated glass for enhanced safety<\/li>","product_chanpin_blog":"<ul>\r\r\n<li><a href=\"https:\/\/sinoextrud.com\/t-slot-v-slot-differences\/\" target=\"_blank\">t slot vs v slot<\/a><\/li>\r\r\n<li><a href=\"https:\/\/sinoextrud.com\/what-is-4040-aluminium-extrud\/\" target=\"_blank\">4040 aluminium extrusion<\/a><\/li>\r\r\n<li><a href=\"https:\/\/sinoextrud.com\/what-is-4040-aluminium-extrud\/\" target=\"_blank\">aluminum extrusions for industrial racks<\/a><\/li>\r\r\n<li><a href=\"https:\/\/sinoextrud.com\/powder-coating-aluminium-process\/\" target=\"_blank\">powder coating aluminium<\/a><\/li>\r\r\n<li><a href=\"https:\/\/sinoextrud.com\/what-is-an-aluminium-strip-ceiling\/\" target=\"_blank\">aluminium strip ceiling<\/a><\/li>\r\r\n<li><a href=\"https:\/\/sinoextrud.com\/what-is-a-heat-sink\/\" target=\"_blank\">what is a heat sink<\/a><\/li>\r\r\n<\/ul>","product_chanpin_chanpin":"<li><a href=\"https:\/\/sinoextrud.com\/product\/aluminium-powder-coating\/\" target=\"_blank\">Aluminium Powder Coating<\/a><\/li>\r\n<li><a href=\"https:\/\/sinoextrud.com\/product\/greenhouse-aluminum-profile-customized-aluminum-profile-beam-powder-coated\/\" target=\"_blank\">greenhouse aluminum profile customized aluminum profile beam powder coated<\/a><\/li>\r\n<li><a href=\"https:\/\/sinoextrud.com\/product\/aluminium-profile-bracket\/\" target=\"_blank\">Aluminium Profile Bracket<\/a><\/li>\r\n<li><a href=\"https:\/\/sinoextrud.com\/product\/aluminum-u-shape-channel-profile\/\" target=\"_blank\">Aluminum U Shape Channel Profile<\/a><\/li>\r\n<li><a href=\"https:\/\/sinoextrud.com\/product\/aluminium-profile-glass-curtain-wall-system\/\" target=\"_blank\">Aluminium Profile Glass Curtain Wall System<\/a><\/li>\r\n<li><a href=\"https:\/\/sinoextrud.com\/product\/office-partition-aluminum-profile\/\" target=\"_blank\">Office Partition Aluminum Profile<\/a><\/li>\r\n<li><a href=\"https:\/\/sinoextrud.com\/product\/extruded-aluminium-skirting-aluminium-skirting-board\/\" target=\"_blank\">Extruded Aluminium Skirting Aluminium Skirting Board<\/a><\/li>\r\n<li><a href=\"https:\/\/sinoextrud.com\/product\/aluminum-section-window\/\" target=\"_blank\">Aluminum Section Window<\/a><\/li>\r\n<li><a href=\"https:\/\/sinoextrud.com\/product\/aluminum-u-profile-glass-railing\/\" target=\"_blank\">Aluminum U profile Glass Railing<\/a><\/li>\r\n<li><a href=\"https:\/\/sinoextrud.com\/product\/30mm-aluminum-extrusion\/\" target=\"_blank\">30mm Aluminum Extrusion<\/a><\/li>\r\n<li><a href=\"https:\/\/sinoextrud.com\/product\/custom-high-quality-aluminum-shower-room-mirror-frame-aluminum-profile\/\" target=\"_blank\">Custom High-quality Aluminum Shower Room Mirror Frame Aluminum Profile<\/a><\/li>"},"feature_list":[]},"_links":{"self":[{"href":"https:\/\/sinoextrud.com\/fr\/wp-json\/wp\/v2\/product\/7556","targetHints":{"allow":["GET"]}}],"collection":[{"href":"https:\/\/sinoextrud.com\/fr\/wp-json\/wp\/v2\/product"}],"about":[{"href":"https:\/\/sinoextrud.com\/fr\/wp-json\/wp\/v2\/types\/product"}],"wp:attachment":[{"href":"https:\/\/sinoextrud.com\/fr\/wp-json\/wp\/v2\/media?parent=7556"}],"wp:term":[{"taxonomy":"category","embeddable":true,"href":"https:\/\/sinoextrud.com\/fr\/wp-json\/wp\/v2\/categories?post=7556"}],"curies":[{"name":"wp","href":"https:\/\/api.w.org\/{rel}","templated":true}]}}