{"id":7552,"date":"2025-06-09T01:32:17","date_gmt":"2025-06-09T01:32:17","guid":{"rendered":"https:\/\/sinoextrud.com\/product\/aluminium-profile-bracket\/"},"modified":"2025-06-24T06:13:05","modified_gmt":"2025-06-24T06:13:05","slug":"support-de-profile-en-aluminium","status":"publish","type":"product","link":"https:\/\/sinoextrud.com\/fr\/product\/aluminium-profile-bracket\/","title":{"rendered":"Support de profil\u00e9 en aluminium"},"content":{"rendered":"<h2>D\u00e9tails des produits<\/h2>\n<table class=\"custom-table\">\n<tr>\n<td class=\"label\">Mod\u00e8le NO :<\/td>\n<td>Support de profil\u00e9 en aluminium<\/td>\n<\/tr>\n<tr>\n<td class=\"label\">Forme :<\/td>\n<td>Sur mesure<\/td>\n<\/tr>\n<tr>\n<td class=\"label\">Temp\u00e9rer :<\/td>\n<td>T3-T8<\/td>\n<\/tr>\n<tr>\n<td class=\"label\">Ingr\u00e9dient d'alliage :<\/td>\n<td>6063<\/td>\n<\/tr>\n<tr>\n<td class=\"label\">Aluminium poli Profil :<\/td>\n<td>Polissage chimique<\/td>\n<\/tr>\n<tr>\n<td class=\"label\">D\u00e9tails de l'emballage :<\/td>\n<td>Exportation d'un paquet digne de la mer<\/td>\n<\/tr>\n<tr>\n<td class=\"label\">Paiement :<\/td>\n<td>T\/T, L\/C<\/td>\n<\/tr>\n<tr>\n<td class=\"label\">Type :<\/td>\n<td>Profil\u00e9 de construction, Profil\u00e9 en aluminium pour le transport<\/td>\n<\/tr>\n<tr>\n<td class=\"label\">Grade :<\/td>\n<td>S\u00e9rie 6000<\/td>\n<\/tr>\n<tr>\n<td class=\"label\">Finition de la surface :<\/td>\n<td>anodis\u00e9 argent\u00e9<\/td>\n<\/tr>\n<tr>\n<td class=\"label\">Certification :<\/td>\n<td>CE, ISO, SGS<\/td>\n<\/tr>\n<tr>\n<td class=\"label\">Longueur :<\/td>\n<td>Rev\u00eatement 6.5 M Anodisation 6.5m ou selon votre demande<\/td>\n<\/tr>\n<tr>\n<td class=\"label\">D\u00e9tail de la livraison :<\/td>\n<td>Dans les 30 jours suivant la r\u00e9ception du d\u00e9p\u00f4t<\/td>\n<\/tr>\n<tr>\n<td class=\"label\">Origine :<\/td>\n<td>Foshan Guangdong<\/td>\n<\/tr>\n<\/table>\n<h2>Notre base de production<\/h2>\n<h3>Panorama de l'usine<\/h3>\n<p><img decoding=\"async\" src=\"\/wp-content\/uploads\/factory-01.webp\"\/><\/p>\n<h3>Atelier de fabrication de barres d'aluminium<\/h3>\n<p><img decoding=\"async\" src=\"\/wp-content\/uploads\/factory-02.webp\"\/><\/p>\n<p><img decoding=\"async\" src=\"\/wp-content\/uploads\/factory-03.webp\"\/><\/p>\n<h3>Entrep\u00f4t de stockage des moules<\/h3>\n<p><img decoding=\"async\" src=\"\/wp-content\/uploads\/factory-04.webp\"\/><\/p>\n<h3>43 lignes d'extrusion d'aluminium (500 \u00e0 5500 tonnes)<\/h3>\n<p><img decoding=\"async\" src=\"\/wp-content\/uploads\/factory-05.webp\"\/><\/p>\n<p><img decoding=\"async\" src=\"\/wp-content\/uploads\/factory-06.webp\"\/><\/p>\n<p><img decoding=\"async\" src=\"\/wp-content\/uploads\/factory-07.webp\"\/><\/p>\n<h3>Atelier de peinture en poudre<\/h3>\n<p><img decoding=\"async\" src=\"\/wp-content\/uploads\/factory-09.webp\"\/><\/p>\n<h3>Atelier d'anodisation<\/h3>\n<p><img decoding=\"async\" src=\"\/wp-content\/uploads\/factory-10.webp\"\/><\/p>\n<h3>Atelier sur le traitement en profondeur<\/h3>\n<p><img decoding=\"async\" src=\"\/wp-content\/uploads\/factory-11.webp\"\/><\/p>\n<h3>Atelier d'usinage de pr\u00e9cision CNC<\/h3>\n<p><img decoding=\"async\" src=\"\/wp-content\/uploads\/factory-11.5.webp\"\/><\/p>\n<h3>Entrep\u00f4t de produits finis et d'exportation<\/h3>\n<p><img decoding=\"async\" src=\"\/wp-content\/uploads\/factory-12.webp\"\/><\/p>\n<p><img decoding=\"async\" src=\"\/wp-content\/uploads\/factory-13.webp\"\/><\/p>\n<p><img decoding=\"async\" src=\"\/wp-content\/uploads\/factory-14.webp\"\/><\/p>\n<h2>FAQ<\/h2>\n<p><p><b>1) Qu'est-ce qu'un support de profil\u00e9 en aluminium ?<\/b><\/p>\n<p>Un support de profil\u00e9 en aluminium est un connecteur structurel con\u00e7u pour assembler solidement des profil\u00e9s en aluminium dans divers syst\u00e8mes d'ossature.<br \/>\n<\/p><br \/>\n<br \/>\n<p><b>2. les supports de profil\u00e9s en aluminium sont-ils compatibles avec les profil\u00e9s standard ?<\/b><\/p>\n<p>Oui, nos supports de profil\u00e9s en aluminium sont con\u00e7us pour s'adapter \u00e0 la plupart des profil\u00e9s d'extrusion standard utilis\u00e9s dans les assemblages industriels et modulaires.<br \/>\n<\/p><br \/>\n<br \/>\n<p><b>3) Quels sont les mat\u00e9riaux utilis\u00e9s pour vos supports en aluminium ?<\/b><\/p>\n<p>Nos supports sont fabriqu\u00e9s \u00e0 partir d'un alliage d'aluminium de haute qualit\u00e9 avec des traitements de surface optionnels pour une durabilit\u00e9 et une r\u00e9sistance \u00e0 la corrosion accrues.<br \/>\n<\/p><br \/>\n<br \/>\n<p><b>4. Les supports en profil\u00e9s d'aluminium peuvent-ils supporter de lourdes charges ?<\/b><\/p>\n<p>Oui, nos supports de profil\u00e9s en aluminium sont con\u00e7us pour \u00eatre tr\u00e8s r\u00e9sistants et peuvent supporter des charges importantes dans des applications structurelles.<br \/>\n<\/p><br \/>\n<br \/>\n<p><b>5. vos supports en profil\u00e9s d'aluminium sont-ils r\u00e9sistants \u00e0 la corrosion ?<\/b><\/p>\n<p>Oui, tous les supports sont dot\u00e9s de finitions r\u00e9sistantes \u00e0 la corrosion, ce qui les rend adapt\u00e9s aux environnements int\u00e9rieurs et ext\u00e9rieurs.<br \/>\n<\/p><br \/>\n<br \/>\n<p><b>6. Proposez-vous des dimensions ou des angles personnalis\u00e9s pour les supports en aluminium ?<\/b><\/p>\n<p>Oui, nous fournissons des supports profil\u00e9s en aluminium sur mesure pour r\u00e9pondre \u00e0 des besoins sp\u00e9cifiques en termes de taille, d'angle ou de design pour des projets uniques.<br \/>\n<\/p><br \/>\n<br \/>\n<p><b>7. Quelle est la facilit\u00e9 d'installation de vos supports de profil\u00e9s en aluminium ?<\/b><\/p>\n<p>Nos supports de profil\u00e9s en aluminium sont fabriqu\u00e9s avec pr\u00e9cision pour une installation simple, s\u00fbre et rapide avec un minimum d'outils.<br \/>\n<\/p><br \/>\n<br \/>\n<p><b>8. les supports sont-ils livr\u00e9s avec des accessoires de montage ?<\/b><\/p>\n<p>Oui, nous pouvons fournir des supports avec les boulons, \u00e9crous et autres accessoires de montage correspondants pour faciliter l'assemblage.<br \/>\n<\/p><br \/><\/p>","protected":false},"featured_media":7551,"template":"","categories":[67],"class_list":["post-7552","product","type-product","status-publish","has-post-thumbnail","hentry","category-architectural-aluminium-profile"],"meta_box":{"hilight_text_group":{"product_hilight_text":"<li>High load-bearing capacity for industrial and structural applications<\/li>\r\r\n<li>Compatible with standard aluminum extrusion profiles<\/li>\r\r\n<li>Corrosion-resistant surface for long-term outdoor and indoor use<\/li>\r\r\n<li>Precision-engineered for easy and secure assembly<\/li>\r\r\n<li>Available in various sizes and angles to meet custom requirements<\/li>","product_chanpin_blog":"<ul>\r\r\n<li><a href=\"https:\/\/sinoextrud.com\/t-slot-v-slot-differences\/\" target=\"_blank\">t slot vs v slot<\/a><\/li>\r\r\n<li><a href=\"https:\/\/sinoextrud.com\/what-is-4040-aluminium-extrud\/\" target=\"_blank\">4040 aluminium extrusion<\/a><\/li>\r\r\n<li><a href=\"https:\/\/sinoextrud.com\/what-is-4040-aluminium-extrud\/\" target=\"_blank\">aluminum extrusions for industrial racks<\/a><\/li>\r\r\n<li><a href=\"https:\/\/sinoextrud.com\/powder-coating-aluminium-process\/\" target=\"_blank\">powder coating aluminium<\/a><\/li>\r\r\n<li><a href=\"https:\/\/sinoextrud.com\/what-is-an-aluminium-strip-ceiling\/\" target=\"_blank\">aluminium strip ceiling<\/a><\/li>\r\r\n<li><a href=\"https:\/\/sinoextrud.com\/what-is-a-heat-sink\/\" target=\"_blank\">what is a heat sink<\/a><\/li>\r\r\n<\/ul>","product_chanpin_chanpin":"<li><a href=\"https:\/\/sinoextrud.com\/product\/aluminium-louver-extrusions\/\" target=\"_blank\">Aluminium Louver Extrusions<\/a><\/li>\r\n<li><a href=\"https:\/\/sinoextrud.com\/product\/aluminium-picture-frame-extrusions\/\" target=\"_blank\">Aluminium Picture Frame Extrusions<\/a><\/li>\r\n<li><a href=\"https:\/\/sinoextrud.com\/product\/aluminium-powder-coating\/\" target=\"_blank\">Aluminium Powder Coating<\/a><\/li>\r\n<li><a href=\"https:\/\/sinoextrud.com\/product\/greenhouse-aluminum-profile-customized-aluminum-profile-beam-powder-coated\/\" target=\"_blank\">greenhouse aluminum profile customized aluminum profile beam powder coated<\/a><\/li>\r\n<li><a href=\"https:\/\/sinoextrud.com\/product\/aluminium-profile-bracket\/\" target=\"_blank\">Aluminium Profile Bracket<\/a><\/li>\r\n<li><a href=\"https:\/\/sinoextrud.com\/product\/aluminum-u-shape-channel-profile\/\" target=\"_blank\">Aluminum U Shape Channel Profile<\/a><\/li>\r\n<li><a href=\"https:\/\/sinoextrud.com\/product\/aluminium-profile-glass-curtain-wall-system\/\" target=\"_blank\">Aluminium Profile Glass Curtain Wall System<\/a><\/li>\r\n<li><a href=\"https:\/\/sinoextrud.com\/product\/office-partition-aluminum-profile\/\" target=\"_blank\">Office Partition Aluminum Profile<\/a><\/li>\r\n<li><a href=\"https:\/\/sinoextrud.com\/product\/extruded-aluminium-skirting-aluminium-skirting-board\/\" target=\"_blank\">Extruded Aluminium Skirting Aluminium Skirting Board<\/a><\/li>\r\n<li><a href=\"https:\/\/sinoextrud.com\/product\/aluminium-extruded-sections\/\" target=\"_blank\">Aluminium Extruded Sections<\/a><\/li>\r\n<li><a href=\"https:\/\/sinoextrud.com\/product\/wholesale-electrophoresis-aluminium-profile-price\/\" target=\"_blank\">Wholesale Electrophoresis Aluminium Profile Price<\/a><\/li>"},"feature_list":[]},"_links":{"self":[{"href":"https:\/\/sinoextrud.com\/fr\/wp-json\/wp\/v2\/product\/7552","targetHints":{"allow":["GET"]}}],"collection":[{"href":"https:\/\/sinoextrud.com\/fr\/wp-json\/wp\/v2\/product"}],"about":[{"href":"https:\/\/sinoextrud.com\/fr\/wp-json\/wp\/v2\/types\/product"}],"wp:featuredmedia":[{"embeddable":true,"href":"https:\/\/sinoextrud.com\/fr\/wp-json\/wp\/v2\/media\/7551"}],"wp:attachment":[{"href":"https:\/\/sinoextrud.com\/fr\/wp-json\/wp\/v2\/media?parent=7552"}],"wp:term":[{"taxonomy":"category","embeddable":true,"href":"https:\/\/sinoextrud.com\/fr\/wp-json\/wp\/v2\/categories?post=7552"}],"curies":[{"name":"wp","href":"https:\/\/api.w.org\/{rel}","templated":true}]}}