{"id":7550,"date":"2025-06-09T01:29:03","date_gmt":"2025-06-09T01:29:03","guid":{"rendered":"https:\/\/sinoextrud.com\/product\/greenhouse-aluminum-profile-customized-aluminum-profile-beam-powder-coated\/"},"modified":"2025-06-24T06:13:04","modified_gmt":"2025-06-24T06:13:04","slug":"profile-daluminium-pour-serre-profile-daluminium-personnalise-poutre-avec-revetement-en-poudre","status":"publish","type":"product","link":"https:\/\/sinoextrud.com\/fr\/product\/greenhouse-aluminum-profile-customized-aluminum-profile-beam-powder-coated\/","title":{"rendered":"profil\u00e9 d'aluminium pour serre profil\u00e9 d'aluminium personnalis\u00e9 poutre avec rev\u00eatement en poudre"},"content":{"rendered":"<h2>D\u00e9tails des produits<\/h2>\n<table class=\"custom-table\">\n<tr>\n<td class=\"label\">Forme :<\/td>\n<td>profil\u00e9 d'aluminium pour serre profil\u00e9 d'aluminium personnalis\u00e9 poutre avec rev\u00eatement en poudre<\/td>\n<\/tr>\n<tr>\n<td class=\"label\">Alliage :<\/td>\n<td>Alliage de profil\u00e9s d'aluminium<\/td>\n<\/tr>\n<tr>\n<td class=\"label\">Ingr\u00e9dient d'alliage :<\/td>\n<td>6063<\/td>\n<\/tr>\n<tr>\n<td class=\"label\">Aluminium poli Profil :<\/td>\n<td>rev\u00eatement en poudre<\/td>\n<\/tr>\n<tr>\n<td class=\"label\">Couleurs :<\/td>\n<td>Tout est disponible<\/td>\n<\/tr>\n<tr>\n<td class=\"label\">Traitement CNC :<\/td>\n<td>Est trait\u00e9 par CNC<\/td>\n<\/tr>\n<tr>\n<td class=\"label\">OEM\/ODM acceptable :<\/td>\n<td>Les OEM\/ODM sont-ils acceptables ?<\/td>\n<\/tr>\n<tr>\n<td class=\"label\">Paquet de transport :<\/td>\n<td>Film r\u00e9tractable et coffret en bois<\/td>\n<\/tr>\n<tr>\n<td class=\"label\">Origine :<\/td>\n<td>Foshan, Guangdong Chine.<\/td>\n<\/tr>\n<tr>\n<td class=\"label\">Type :<\/td>\n<td>Produits en aluminium pour la construction.<\/td>\n<\/tr>\n<tr>\n<td class=\"label\">Grade :<\/td>\n<td>S\u00e9rie 6000<\/td>\n<\/tr>\n<tr>\n<td class=\"label\">Autres finitions de surface :<\/td>\n<td>Anodis\u00e9, grain de bois, etc.<\/td>\n<\/tr>\n<tr>\n<td class=\"label\">Certification :<\/td>\n<td>CE, ISO, ISO9001, Aama, DIN<\/td>\n<\/tr>\n<tr>\n<td class=\"label\">Notre qualit\u00e9 :<\/td>\n<td>100% Test QC<\/td>\n<\/tr>\n<tr>\n<td class=\"label\">Notre promesse :<\/td>\n<td>100% Bons produits avant exp\u00e9dition<\/td>\n<\/tr>\n<tr>\n<td class=\"label\">Sp\u00e9cification :<\/td>\n<td>ISO 9001<\/td>\n<\/tr>\n<\/table>\n<h2>Notre base de production<\/h2>\n<h3>Panorama de l'usine<\/h3>\n<p><img decoding=\"async\" src=\"\/wp-content\/uploads\/factory-01.webp\"\/><\/p>\n<h3>Atelier de fabrication de barres d'aluminium<\/h3>\n<p><img decoding=\"async\" src=\"\/wp-content\/uploads\/factory-02.webp\"\/><\/p>\n<\/p>\n<p><img decoding=\"async\" src=\"\/wp-content\/uploads\/factory-03.webp\"\/><\/p>\n<h3>Entrep\u00f4t de stockage des moules<\/h3>\n<p><img decoding=\"async\" src=\"\/wp-content\/uploads\/factory-04.webp\"\/><\/p>\n<h3>43 lignes d'extrusion d'aluminium (500 \u00e0 5500 tonnes)<\/h3>\n<p><img decoding=\"async\" src=\"\/wp-content\/uploads\/factory-05.webp\"\/><\/p>\n<p><img decoding=\"async\" src=\"\/wp-content\/uploads\/factory-06.webp\"\/><\/p>\n<p><img decoding=\"async\" src=\"\/wp-content\/uploads\/factory-07.webp\"\/><\/p>\n<h3>Atelier de peinture en poudre<\/h3>\n<p><img decoding=\"async\" src=\"\/wp-content\/uploads\/factory-09.webp\"\/><\/p>\n<h3>Atelier d'anodisation<\/h3>\n<p><img decoding=\"async\" src=\"\/wp-content\/uploads\/factory-10.webp\"\/><\/p>\n<h3>Atelier sur le traitement en profondeur<\/h3>\n<p><img decoding=\"async\" src=\"\/wp-content\/uploads\/factory-11.webp\"\/><\/p>\n<h3>Atelier d'usinage de pr\u00e9cision CNC<\/h3>\n<p><img decoding=\"async\" src=\"\/wp-content\/uploads\/factory-11.5.webp\"\/><\/p>\n<h3>Entrep\u00f4t de produits finis et d'exportation<\/h3>\n<p><img decoding=\"async\" src=\"\/wp-content\/uploads\/factory-12.webp\"\/><\/p>\n<p><img decoding=\"async\" src=\"\/wp-content\/uploads\/factory-13.webp\"\/><\/p>\n<p><img decoding=\"async\" src=\"\/wp-content\/uploads\/factory-14.webp\"\/><\/p>\n<h2>FAQ<\/h2>\n<p><b>1) Qu'est-ce qu'une poutre profil\u00e9e en aluminium pour serre ?<\/b><\/p>\n<p>Une poutre profil\u00e9e en aluminium pour serre est un composant structurel en aluminium con\u00e7u pour les cadres de serre, offrant solidit\u00e9 et r\u00e9sistance aux intemp\u00e9ries.\n<\/p>\n<p><\/p>\n<p><b>2. la poutre profil\u00e9e en aluminium est-elle recouverte d'un rev\u00eatement en poudre ?<\/b><\/p>\n<p>Oui, la poutre profil\u00e9e en aluminium est dot\u00e9e d'un rev\u00eatement en poudre de haute qualit\u00e9 pour une meilleure r\u00e9sistance \u00e0 la corrosion et un meilleur attrait esth\u00e9tique.\n<\/p>\n<p><\/p>\n<p><b>3. Puis-je obtenir des profil\u00e9s en aluminium personnalis\u00e9s pour ma serre ?<\/b><\/p>\n<p>Oui, nous fournissons des profil\u00e9s en aluminium pour serres enti\u00e8rement personnalis\u00e9s afin de r\u00e9pondre aux exigences sp\u00e9cifiques de votre projet.\n<\/p>\n<p><\/p>\n<p><b>4) Quels sont les avantages du thermolaquage sur les profil\u00e9s en aluminium ?<\/b><\/p>\n<p>Le rev\u00eatement par poudre am\u00e9liore la durabilit\u00e9, la r\u00e9sistance \u00e0 la corrosion et l'attrait visuel des poutres profil\u00e9es en aluminium utilis\u00e9es dans les serres.\n<\/p>\n<p><\/p>\n<p><b>5. les poutres en aluminium de votre serre sont-elles faciles \u00e0 installer ?<\/b><\/p>\n<p>Oui, nos poutres profil\u00e9es en aluminium, l\u00e9g\u00e8res et coup\u00e9es avec pr\u00e9cision, sont con\u00e7ues pour une installation facile et efficace.\n<\/p>\n<p><\/p>\n<p><b>6. Offrez-vous des services OEM pour les profil\u00e9s en aluminium personnalis\u00e9s ?<\/b><\/p>\n<p>Oui, nous proposons des solutions OEM pour les profil\u00e9s en aluminium pour serres avec des dimensions et des finitions sur mesure.\n<\/p>\n<p><\/p>\n<p><b>7) Quelle est la dur\u00e9e de vie de vos poutres en aluminium thermolaqu\u00e9es ?<\/b><\/p>\n<p>Nos poutres profil\u00e9es en aluminium rev\u00eatues de poudre sont con\u00e7ues pour r\u00e9sister aux conditions ext\u00e9rieures et offrir des performances durables.\n<\/p>\n<p><\/p>\n<p><b>8. Comment les profil\u00e9s d'aluminium personnalis\u00e9s am\u00e9liorent-ils la construction des serres ?<\/b><\/p>\n<p>Les profils d'aluminium personnalis\u00e9s permettent d'optimiser la conception structurelle, ce qui am\u00e9liore la stabilit\u00e9 et la fonctionnalit\u00e9 des serres.\n<\/p>\n<p><\/p>","protected":false},"featured_media":7549,"template":"","categories":[67],"class_list":["post-7550","product","type-product","status-publish","has-post-thumbnail","hentry","category-architectural-aluminium-profile"],"meta_box":{"hilight_text_group":{"product_hilight_text":"<li>High-strength aluminum alloy structure ensures durability and stability<\/li>\r\r\n<li>Customized dimensions and profiles to meet specific greenhouse designs<\/li>\r\r\n<li>Corrosion-resistant powder coated finish for extended lifespan<\/li>\r\r\n<li>Lightweight profile beam for easy transportation and installation<\/li>\r\r\n<li>Precision-engineered for seamless assembly and integration<\/li>","product_chanpin_blog":"<ul>\r\r\n<li><a href=\"https:\/\/sinoextrud.com\/t-slot-v-slot-differences\/\" target=\"_blank\">t slot vs v slot<\/a><\/li>\r\r\n<li><a href=\"https:\/\/sinoextrud.com\/what-is-4040-aluminium-extrud\/\" target=\"_blank\">4040 aluminium extrusion<\/a><\/li>\r\r\n<li><a href=\"https:\/\/sinoextrud.com\/what-is-4040-aluminium-extrud\/\" target=\"_blank\">aluminum extrusions for industrial racks<\/a><\/li>\r\r\n<li><a href=\"https:\/\/sinoextrud.com\/powder-coating-aluminium-process\/\" target=\"_blank\">powder coating aluminium<\/a><\/li>\r\r\n<li><a href=\"https:\/\/sinoextrud.com\/what-is-an-aluminium-strip-ceiling\/\" target=\"_blank\">aluminium strip ceiling<\/a><\/li>\r\r\n<li><a href=\"https:\/\/sinoextrud.com\/what-is-a-heat-sink\/\" target=\"_blank\">what is a heat sink<\/a><\/li>\r\r\n<\/ul>","product_chanpin_chanpin":"<li><a href=\"https:\/\/sinoextrud.com\/product\/anodizing-aluminium-extrusion-profiles-for-windows-and-door\/\" target=\"_blank\">Anodizing Aluminium Extrusion Profiles for Windows and Door<\/a><\/li>\r\n<li><a href=\"https:\/\/sinoextrud.com\/product\/aluminium-louver-extrusions\/\" target=\"_blank\">Aluminium Louver Extrusions<\/a><\/li>\r\n<li><a href=\"https:\/\/sinoextrud.com\/product\/aluminium-picture-frame-extrusions\/\" target=\"_blank\">Aluminium Picture Frame Extrusions<\/a><\/li>\r\n<li><a href=\"https:\/\/sinoextrud.com\/product\/aluminium-powder-coating\/\" target=\"_blank\">Aluminium Powder Coating<\/a><\/li>\r\n<li><a href=\"https:\/\/sinoextrud.com\/product\/greenhouse-aluminum-profile-customized-aluminum-profile-beam-powder-coated\/\" target=\"_blank\">greenhouse aluminum profile customized aluminum profile beam powder coated<\/a><\/li>\r\n<li><a href=\"https:\/\/sinoextrud.com\/product\/aluminium-profile-bracket\/\" target=\"_blank\">Aluminium Profile Bracket<\/a><\/li>\r\n<li><a href=\"https:\/\/sinoextrud.com\/product\/aluminum-u-shape-channel-profile\/\" target=\"_blank\">Aluminum U Shape Channel Profile<\/a><\/li>\r\n<li><a href=\"https:\/\/sinoextrud.com\/product\/aluminium-profile-glass-curtain-wall-system\/\" target=\"_blank\">Aluminium Profile Glass Curtain Wall System<\/a><\/li>\r\n<li><a href=\"https:\/\/sinoextrud.com\/product\/office-partition-aluminum-profile\/\" target=\"_blank\">Office Partition Aluminum Profile<\/a><\/li>\r\n<li><a href=\"https:\/\/sinoextrud.com\/product\/aluminum-extrusion-car-truck-aluminum-profile\/\" target=\"_blank\">Aluminum Extrusion Car & Truck Aluminum Profile<\/a><\/li>\r\n<li><a href=\"https:\/\/sinoextrud.com\/product\/cutting-extruded-aluminum-for-led\/\" target=\"_blank\">Cutting Extruded Aluminum For LED<\/a><\/li>"},"feature_list":[]},"_links":{"self":[{"href":"https:\/\/sinoextrud.com\/fr\/wp-json\/wp\/v2\/product\/7550","targetHints":{"allow":["GET"]}}],"collection":[{"href":"https:\/\/sinoextrud.com\/fr\/wp-json\/wp\/v2\/product"}],"about":[{"href":"https:\/\/sinoextrud.com\/fr\/wp-json\/wp\/v2\/types\/product"}],"wp:featuredmedia":[{"embeddable":true,"href":"https:\/\/sinoextrud.com\/fr\/wp-json\/wp\/v2\/media\/7549"}],"wp:attachment":[{"href":"https:\/\/sinoextrud.com\/fr\/wp-json\/wp\/v2\/media?parent=7550"}],"wp:term":[{"taxonomy":"category","embeddable":true,"href":"https:\/\/sinoextrud.com\/fr\/wp-json\/wp\/v2\/categories?post=7550"}],"curies":[{"name":"wp","href":"https:\/\/api.w.org\/{rel}","templated":true}]}}