{"id":7529,"date":"2025-06-07T10:04:33","date_gmt":"2025-06-07T10:04:33","guid":{"rendered":"https:\/\/sinoextrud.com\/product\/aluminium-picture-frame-extrusions\/"},"modified":"2025-06-24T06:13:03","modified_gmt":"2025-06-24T06:13:03","slug":"cadres-en-aluminium-extrudes","status":"publish","type":"product","link":"https:\/\/sinoextrud.com\/fr\/product\/aluminium-picture-frame-extrusions\/","title":{"rendered":"Extrusions de cadres en aluminium"},"content":{"rendered":"<h2>D\u00e9tails des produits<\/h2>\n<table class=\"custom-table\">\n<tbody>\n<tr>\n<td> Nom<\/td>\n<td> Cadre en aluminium extrud\u00e9<\/td>\n<\/tr>\n<tr>\n<td> Marque<\/td>\n<td> Sinoextrud\/Sinoextrud<\/td>\n<\/tr>\n<tr>\n<td> Cat\u00e9gorie<\/td>\n<td> Sections en aluminium<\/td>\n<\/tr>\n<tr>\n<td> Mat\u00e9riau<\/td>\n<td> La norme 6061 est largement utilis\u00e9e. 6063, 6463, 6005, 6082 sont \u00e9galement disponibles.<\/td>\n<\/tr>\n<tr>\n<td> Temp\u00e9rer<\/td>\n<td> T5-T8<\/td>\n<\/tr>\n<tr>\n<td> Longueur<\/td>\n<td> 1-9m ou personnalisation<\/td>\n<\/tr>\n<tr>\n<td> Taille (mm)<\/td>\n<td> Diff\u00e9rentes tailles, vous pouvez nous contacter pour plus de d\u00e9tails.<\/td>\n<\/tr>\n<tr>\n<td> \u00c9paisseur<\/td>\n<td> Selon votre demande<\/td>\n<\/tr>\n<tr>\n<td> Forme<\/td>\n<td> Forme H, I, L ou personnalisation<\/td>\n<\/tr>\n<tr>\n<td> Traitement de surface<\/td>\n<td> Finition en usine, anodisation, sablage, \u00e9lectrophor\u00e8se, rev\u00eatement, etc.<\/td>\n<\/tr>\n<tr>\n<td> Couleur<\/td>\n<td> Argent, noir, blanc, rouge, jaune, champagne ou couleur personnalis\u00e9e<\/td>\n<\/tr>\n<tr>\n<td> Standard<\/td>\n<td> ASTM, GB, DIN<\/td>\n<\/tr>\n<tr>\n<td> De<\/td>\n<td> Guangdong, Chine<\/td>\n<\/tr>\n<tr>\n<td> Application<\/td>\n<td> D\u00e9coration<\/td>\n<\/tr>\n<\/tbody>\n<\/table>\n<h2>Notre base de production<\/h2>\n<h3>Panorama de l'usine<\/h3>\n<p><img decoding=\"async\" src=\"\/wp-content\/uploads\/factory-01.webp\"\/><\/p>\n<h3>Atelier de fabrication de barres d'aluminium<\/h3>\n<p><img decoding=\"async\" src=\"\/wp-content\/uploads\/factory-02.webp\"\/><\/p>\n<p><img decoding=\"async\" src=\"\/wp-content\/uploads\/factory-03.webp\"\/><\/p>\n<h3>Entrep\u00f4t de stockage des moules<\/h3>\n<p><img decoding=\"async\" src=\"\/wp-content\/uploads\/factory-04.webp\"\/><\/p>\n<h3>43 lignes d'extrusion d'aluminium (500-5500 tonnes)<\/h3>\n<p><img decoding=\"async\" src=\"\/wp-content\/uploads\/factory-05.webp\"\/><\/p>\n<p><img decoding=\"async\" src=\"\/wp-content\/uploads\/factory-06.webp\"\/><\/p>\n<p><img decoding=\"async\" src=\"\/wp-content\/uploads\/factory-07.webp\"\/><\/p>\n<h3>Atelier de peinture en poudre<\/h3>\n<p><img decoding=\"async\" src=\"\/wp-content\/uploads\/factory-09.webp\"\/><\/p>\n<h3>Atelier d'anodisation<\/h3>\n<p><img decoding=\"async\" src=\"\/wp-content\/uploads\/factory-10.webp\"\/><\/p>\n<h3>Atelier sur le traitement en profondeur<\/h3>\n<p><img decoding=\"async\" src=\"\/wp-content\/uploads\/factory-11.webp\"\/><\/p>\n<h3>Atelier d'usinage de pr\u00e9cision CNC<\/h3>\n<p><img decoding=\"async\" src=\"\/wp-content\/uploads\/factory-11.5.webp\"\/><\/p>\n<h3>Entrep\u00f4t de produits finis et d'exportation<\/h3>\n<p><img decoding=\"async\" src=\"\/wp-content\/uploads\/factory-12.webp\"\/><\/p>\n<p><img decoding=\"async\" src=\"\/wp-content\/uploads\/factory-13.webp\"\/><\/p>\n<p><img decoding=\"async\" src=\"\/wp-content\/uploads\/factory-14.webp\"\/><\/p>\n<h2>FAQ<\/h2>\n<p><p><b>1) Qu'est-ce qu'une extrusion de cadre photo en aluminium ?<\/b><\/p>\n<p>Les profil\u00e9s d'encadrement en aluminium sont des profil\u00e9s de pr\u00e9cision utilis\u00e9s pour construire des cadres durables et l\u00e9gers pour les photos, les \u0153uvres d'art et les certificats.<br \/>\n<\/p><br \/>\n<br \/>\n<p><b>2. pourquoi choisir l'aluminium pour les extrusions de cadres ?<\/b><\/p>\n<p>L'aluminium est l\u00e9ger, r\u00e9sistant \u00e0 la corrosion et offre un aspect moderne qui rehausse l'attrait visuel de l'objet encadr\u00e9.<br \/>\n<\/p><br \/>\n<br \/>\n<p><b>3. les extrusions de cadres en aluminium peuvent-elles \u00eatre personnalis\u00e9es ?<\/b><\/p>\n<p>Oui, ils peuvent \u00eatre personnalis\u00e9s en termes de longueur, de forme, de couleur et de finition pour r\u00e9pondre aux exigences sp\u00e9cifiques d'un projet ou d'une marque.<br \/>\n<\/p><br \/>\n<br \/>\n<p><b>4. les cadres en aluminium sont-ils faciles \u00e0 assembler ?<\/b><\/p>\n<p>Absolument, les profil\u00e9s sont con\u00e7us pour un montage simple et rapide \u00e0 l'aide de connecteurs d'angle et d'accessoires standard.<br \/>\n<\/p><br \/>\n<br \/>\n<p><b>5. Quelles sont les finitions de surface disponibles pour les extrusions de cadres ?<\/b><\/p>\n<p>Les finitions les plus courantes sont l'anodisation mate, brillante, bross\u00e9e et les options de rev\u00eatement par poudre dans diff\u00e9rentes couleurs.<br \/>\n<\/p><br \/>\n<br \/>\n<p><b>6. ces extrusions conviennent-elles pour des applications d'encadrement commercial ?<\/b><\/p>\n<p>Oui, ils sont largement utilis\u00e9s par les encadreurs professionnels et les \u00e9quipementiers pour les solutions d'encadrement \u00e0 l'\u00e9chelle commerciale en raison de leur coh\u00e9rence et de leur polyvalence.<br \/>\n<\/p><br \/>\n<br \/>\n<p><b>7. les fournisseurs proposent-ils des commandes en gros ou des commandes OEM ?<\/b><\/p>\n<p>Oui, la plupart des fabricants proposent une personnalisation OEM, un \u00e9tiquetage priv\u00e9 et des prix de gros pour les distributeurs et les clients \u00e0 grande \u00e9chelle.<br \/>\n<\/p><br \/><\/p>","protected":false},"featured_media":7528,"template":"","categories":[67],"class_list":["post-7529","product","type-product","status-publish","has-post-thumbnail","hentry","category-architectural-aluminium-profile"],"meta_box":{"hilight_text_group":{"product_hilight_text":"<li>Lightweight aluminum provides strong support without adding bulk<\/li>\r\r\n<li>Sleek, modern design enhances picture presentation and aesthetics<\/li>\r\r\n<li>Corrosion-resistant surface suitable for long-term indoor display<\/li>\r\r\n<li>Available in a variety of colors, finishes, and profile styles<\/li>\r\r\n<li>Custom sizes and OEM services available for bulk production<\/li>\r\r\n<li>Easy to cut, assemble, and mount for framing manufacturers<\/li>","product_chanpin_blog":"<ul>\r\r\n<li><a href=\"https:\/\/sinoextrud.com\/t-slot-v-slot-differences\/\" target=\"_blank\">t slot vs v slot<\/a><\/li>\r\r\n<li><a href=\"https:\/\/sinoextrud.com\/what-is-4040-aluminium-extrud\/\" target=\"_blank\">4040 aluminium extrusion<\/a><\/li>\r\r\n<li><a href=\"https:\/\/sinoextrud.com\/what-is-4040-aluminium-extrud\/\" target=\"_blank\">aluminum extrusions for industrial racks<\/a><\/li>\r\r\n<li><a href=\"https:\/\/sinoextrud.com\/powder-coating-aluminium-process\/\" target=\"_blank\">powder coating aluminium<\/a><\/li>\r\r\n<li><a href=\"https:\/\/sinoextrud.com\/what-is-an-aluminium-strip-ceiling\/\" target=\"_blank\">aluminium strip ceiling<\/a><\/li>\r\r\n<li><a href=\"https:\/\/sinoextrud.com\/what-is-a-heat-sink\/\" target=\"_blank\">what is a heat sink<\/a><\/li>\r\r\n<\/ul>","product_chanpin_chanpin":"<li><a href=\"https:\/\/sinoextrud.com\/product\/aluminium-fence\/\" target=\"_blank\">Aluminium Fence<\/a><\/li>\r\n<li><a href=\"https:\/\/sinoextrud.com\/product\/aluminium-flat-bar\/\" target=\"_blank\">Aluminium Flat Bar<\/a><\/li>\r\n<li><a href=\"https:\/\/sinoextrud.com\/product\/anodizing-aluminium-extrusion-profiles-for-windows-and-door\/\" target=\"_blank\">Anodizing Aluminium Extrusion Profiles for Windows and Door<\/a><\/li>\r\n<li><a href=\"https:\/\/sinoextrud.com\/product\/aluminium-louver-extrusions\/\" target=\"_blank\">Aluminium Louver Extrusions<\/a><\/li>\r\n<li><a href=\"https:\/\/sinoextrud.com\/product\/aluminium-picture-frame-extrusions\/\" target=\"_blank\">Aluminium Picture Frame Extrusions<\/a><\/li>\r\n<li><a href=\"https:\/\/sinoextrud.com\/product\/aluminium-powder-coating\/\" target=\"_blank\">Aluminium Powder Coating<\/a><\/li>\r\n<li><a href=\"https:\/\/sinoextrud.com\/product\/greenhouse-aluminum-profile-customized-aluminum-profile-beam-powder-coated\/\" target=\"_blank\">greenhouse aluminum profile customized aluminum profile beam powder coated<\/a><\/li>\r\n<li><a href=\"https:\/\/sinoextrud.com\/product\/aluminium-profile-bracket\/\" target=\"_blank\">Aluminium Profile Bracket<\/a><\/li>\r\n<li><a href=\"https:\/\/sinoextrud.com\/product\/aluminum-u-shape-channel-profile\/\" target=\"_blank\">Aluminum U Shape Channel Profile<\/a><\/li>\r\n<li><a href=\"https:\/\/sinoextrud.com\/product\/aluminium-extrusion-profile-with-pvdf-coating\/\" target=\"_blank\">Aluminium Extrusion Profile With PVDF Coating<\/a><\/li>\r\n<li><a href=\"https:\/\/sinoextrud.com\/product\/extruded-profiles-aluminium\/\" target=\"_blank\">Extruded Profiles Aluminium<\/a><\/li>"},"feature_list":[]},"_links":{"self":[{"href":"https:\/\/sinoextrud.com\/fr\/wp-json\/wp\/v2\/product\/7529","targetHints":{"allow":["GET"]}}],"collection":[{"href":"https:\/\/sinoextrud.com\/fr\/wp-json\/wp\/v2\/product"}],"about":[{"href":"https:\/\/sinoextrud.com\/fr\/wp-json\/wp\/v2\/types\/product"}],"wp:featuredmedia":[{"embeddable":true,"href":"https:\/\/sinoextrud.com\/fr\/wp-json\/wp\/v2\/media\/7528"}],"wp:attachment":[{"href":"https:\/\/sinoextrud.com\/fr\/wp-json\/wp\/v2\/media?parent=7529"}],"wp:term":[{"taxonomy":"category","embeddable":true,"href":"https:\/\/sinoextrud.com\/fr\/wp-json\/wp\/v2\/categories?post=7529"}],"curies":[{"name":"wp","href":"https:\/\/api.w.org\/{rel}","templated":true}]}}