{"id":7523,"date":"2025-06-07T10:00:36","date_gmt":"2025-06-07T10:00:36","guid":{"rendered":"https:\/\/sinoextrud.com\/product\/anodizing-aluminium-extrusion-profiles-for-windows-and-door\/"},"modified":"2025-06-24T06:13:03","modified_gmt":"2025-06-24T06:13:03","slug":"anodisation-de-profiles-extrudes-en-aluminium-pour-fenetres-et-portes","status":"publish","type":"product","link":"https:\/\/sinoextrud.com\/fr\/product\/anodizing-aluminium-extrusion-profiles-for-windows-and-door\/","title":{"rendered":"Profil\u00e9s d'extrusion en aluminium anodis\u00e9 pour fen\u00eatres et portes"},"content":{"rendered":"<h2>D\u00e9tails des produits<\/h2>\n<table class=\"custom-table\">\n<tr>\n<td class=\"label\">\nMod\u00e8le NO :<\/td>\n<td>Profil\u00e9s d'extrusion en aluminium anodis\u00e9 pour fen\u00eatres et portes<\/td>\n<\/tr>\n<tr>\n<td class=\"label\">Forme :<\/td>\n<td> fen\u00eatre et porte<\/td>\n<\/tr>\n<tr>\n<td class=\"label\">Temp\u00e9rer :<\/td>\n<td> T3-T8<\/td>\n<\/tr>\n<tr>\n<td class=\"label\">Alliage :<\/td>\n<td> Alliage<\/td>\n<\/tr>\n<tr>\n<td class=\"label\">Ingr\u00e9dient d'alliage :<\/td>\n<td> 6063<\/td>\n<\/tr>\n<tr>\n<td class=\"label\">Aluminium poli Profil :<\/td>\n<td> Polissage chimique<\/td>\n<\/tr>\n<tr>\n<td class=\"label\">Marque d\u00e9pos\u00e9e :<\/td>\n<td> N\/A<\/td>\n<\/tr>\n<tr>\n<td class=\"label\">Sp\u00e9cification :<\/td>\n<td> 1.5*1.5m<\/td>\n<\/tr>\n<tr>\n<td class=\"label\">Code HS :<\/td>\n<td> 76101000<\/td>\n<\/tr>\n<tr>\n<td class=\"label\">Type :<\/td>\n<td> Profil\u00e9 d'aluminium pour portes et fen\u00eatres, profil\u00e9 d'aluminium pour la d\u00e9coration, profil\u00e9 d'aluminium pour parois vitr\u00e9es<\/td>\n<\/tr>\n<tr>\n<td class=\"label\">Grade :<\/td>\n<td> S\u00e9rie 3000<\/td>\n<\/tr>\n<tr>\n<td class=\"label\">Profil\u00e9s en aluminium pour portes et fen\u00eatres :<\/td>\n<td> S\u00e9rie 70<\/td>\n<\/tr>\n<tr>\n<td class=\"label\">Finition de la surface :<\/td>\n<td> Pulv\u00e9risation de poudre<\/td>\n<\/tr>\n<tr>\n<td class=\"label\">Certification :<\/td>\n<td> CE, SONCAP, RoHS, TUV<\/td>\n<\/tr>\n<tr>\n<td class=\"label\">Taille :<\/td>\n<td> Sur mesure<\/td>\n<\/tr>\n<tr>\n<td class=\"label\">Paquet de transport :<\/td>\n<td> Film plastique, papier<\/td>\n<\/tr>\n<tr>\n<td class=\"label\">Origine :<\/td>\n<td> Chine<\/td>\n<\/tr>\n<\/table>\n<h2>Notre base de production<\/h2>\n<h3>Panorama de l'usine<\/h3>\n<p><img decoding=\"async\" src=\"\/wp-content\/uploads\/factory-01.webp\"\/><\/p>\n<h3>Atelier de fabrication de barres d'aluminium<\/h3>\n<p><img decoding=\"async\" src=\"\/wp-content\/uploads\/factory-02.webp\"\/><\/p>\n<p><img decoding=\"async\" src=\"\/wp-content\/uploads\/factory-03.webp\"\/><\/p>\n<h3>Entrep\u00f4t de stockage des moules<\/h3>\n<p><img decoding=\"async\" src=\"\/wp-content\/uploads\/factory-04.webp\"\/><\/p>\n<h3>43 lignes d'extrusion d'aluminium (500-5500 tonnes)<\/h3>\n<p><img decoding=\"async\" src=\"\/wp-content\/uploads\/factory-05.webp\"\/><\/p>\n<p><img decoding=\"async\" src=\"\/wp-content\/uploads\/factory-06.webp\"\/><\/p>\n<p><img decoding=\"async\" src=\"\/wp-content\/uploads\/factory-07.webp\"\/><\/p>\n<h3>Atelier de peinture en poudre<\/h3>\n<p><img decoding=\"async\" src=\"\/wp-content\/uploads\/factory-09.webp\"\/><\/p>\n<h3>Atelier d'anodisation<\/h3>\n<p><img decoding=\"async\" src=\"\/wp-content\/uploads\/factory-10.webp\"\/><\/p>\n<h3>Atelier sur le traitement en profondeur<\/h3>\n<p><img decoding=\"async\" src=\"\/wp-content\/uploads\/factory-11.webp\"\/><\/p>\n<h3>Atelier d'usinage de pr\u00e9cision CNC<\/h3>\n<p><img decoding=\"async\" src=\"\/wp-content\/uploads\/factory-11.5.webp\"\/><\/p>\n<h3>Entrep\u00f4t de produits finis et d'exportation<\/h3>\n<p><img decoding=\"async\" src=\"\/wp-content\/uploads\/factory-12.webp\"\/><\/p>\n<p><img decoding=\"async\" src=\"\/wp-content\/uploads\/factory-13.webp\"\/><\/p>\n<p><img decoding=\"async\" src=\"\/wp-content\/uploads\/factory-14.webp\"\/><\/p>\n<h2>FAQ<\/h2>\n<p><p><b>1.Qu'est-ce qu'un profil\u00e9 d'extrusion en aluminium anodis\u00e9 pour fen\u00eatres et portes ?<\/b><\/p>\n<p>Il s'agit de profils en aluminium trait\u00e9s par anodisation pour am\u00e9liorer la durabilit\u00e9, la r\u00e9sistance \u00e0 la corrosion et la qualit\u00e9 esth\u00e9tique des cadres de fen\u00eatres et de portes.<br \/>\n<\/p><br \/>\n<br \/>\n<p><b>2. pourquoi choisir l'aluminium anodis\u00e9 pour les fen\u00eatres et les portes ?<\/b><\/p>\n<p>L'anodisation cr\u00e9e une surface dure et r\u00e9sistante aux intemp\u00e9ries qui conserve sa couleur et son aspect, ce qui la rend id\u00e9ale pour un usage ext\u00e9rieur.<br \/>\n<\/p><br \/>\n<br \/>\n<p><b>3. l'aluminium anodis\u00e9 est-il r\u00e9sistant \u00e0 la corrosion ?<\/b><\/p>\n<p>Oui, la couche anodis\u00e9e prot\u00e8ge l'aluminium de la rouille, de l'humidit\u00e9 et de l'usure environnementale.<br \/>\n<\/p><br \/>\n<br \/>\n<p><b>4. la finition anodis\u00e9e peut-elle \u00eatre personnalis\u00e9e ?<\/b><\/p>\n<p>Absolument, les profil\u00e9s en aluminium anodis\u00e9 sont disponibles en diff\u00e9rentes couleurs, finitions et \u00e9paisseurs pour r\u00e9pondre \u00e0 des besoins de conception sp\u00e9cifiques.<br \/>\n<\/p><br \/>\n<br \/>\n<p><b>5. Ces profil\u00e9s conviennent-ils pour une installation \u00e0 l'ext\u00e9rieur ?<\/b><\/p>\n<p>Oui, ils sont con\u00e7us pour une exposition \u00e9lev\u00e9e aux UV et aux intemp\u00e9ries, ce qui est parfait pour les fen\u00eatres et les portes ext\u00e9rieures.<br \/>\n<\/p><br \/>\n<br \/>\n<p><b>6. les profil\u00e9s en aluminium anodis\u00e9 n\u00e9cessitent-ils un entretien ?<\/b><\/p>\n<p>Tr\u00e8s peu de nettoyage - juste un nettoyage occasionnel est n\u00e9cessaire pour maintenir la finition et la performance.<br \/>\n<\/p><br \/>\n<br \/>\n<p><b>7.Quels sont les types de syst\u00e8mes de portes et fen\u00eatres qui utilisent des profil\u00e9s anodis\u00e9s ?<\/b><\/p>\n<p>Ils sont couramment utilis\u00e9s dans les syst\u00e8mes coulissants, \u00e0 battants, oscillo-battants et fixes, tant dans les applications r\u00e9sidentielles que commerciales.<br \/>\n<\/p><br \/>\n<br \/>\n<p><b>8. l'anodisation est-elle un proc\u00e9d\u00e9 respectueux de l'environnement ?<\/b><\/p>\n<p>Oui, l'anodisation est un proc\u00e9d\u00e9 propre et non toxique qui permet d'obtenir des finitions durables avec un impact minimal sur l'environnement.<br \/>\n<\/p><br \/><\/p>","protected":false},"featured_media":7522,"template":"","categories":[67],"class_list":["post-7523","product","type-product","status-publish","has-post-thumbnail","hentry","category-architectural-aluminium-profile"],"meta_box":{"hilight_text_group":{"product_hilight_text":"<li>Durable anodized finish enhances corrosion and wear resistance<\/li>\r\r\n<li>Elegant metallic appearance ideal for modern windows and doors<\/li>\r\r\n<li>High-strength aluminum ensures long-term structural stability<\/li>\r\r\n<li>Available in multiple colors and anodizing thickness levels<\/li>\r\r\n<li>Low-maintenance surface retains finish for years<\/li>\r\r\n<li>Custom extrusions designed to fit various window and door systems<\/li>\r\r\n<li>Eco-friendly anodizing process with no harmful emissions<\/li>","product_chanpin_blog":"<ul>\r\r\n<li><a href=\"https:\/\/sinoextrud.com\/t-slot-v-slot-differences\/\" target=\"_blank\">t slot vs v slot<\/a><\/li>\r\r\n<li><a href=\"https:\/\/sinoextrud.com\/what-is-4040-aluminium-extrud\/\" target=\"_blank\">4040 aluminium extrusion<\/a><\/li>\r\r\n<li><a href=\"https:\/\/sinoextrud.com\/what-is-4040-aluminium-extrud\/\" target=\"_blank\">aluminum extrusions for industrial racks<\/a><\/li>\r\r\n<li><a href=\"https:\/\/sinoextrud.com\/powder-coating-aluminium-process\/\" target=\"_blank\">powder coating aluminium<\/a><\/li>\r\r\n<li><a href=\"https:\/\/sinoextrud.com\/what-is-an-aluminium-strip-ceiling\/\" target=\"_blank\">aluminium strip ceiling<\/a><\/li>\r\r\n<li><a href=\"https:\/\/sinoextrud.com\/what-is-a-heat-sink\/\" target=\"_blank\">what is a heat sink<\/a><\/li>\r\r\n<\/ul>","product_chanpin_chanpin":"<li><a href=\"https:\/\/sinoextrud.com\/product\/aluminium-sections-for-sliding-doors\/\" target=\"_blank\">Aluminium Sections For Sliding Doors<\/a><\/li>\r\n<li><a href=\"https:\/\/sinoextrud.com\/product\/aluminum-profile-manufacturer\/\" target=\"_blank\">Aluminum Profile Manufacturer<\/a><\/li>\r\n<li><a href=\"https:\/\/sinoextrud.com\/product\/aluminium-fence\/\" target=\"_blank\">Aluminium Fence<\/a><\/li>\r\n<li><a href=\"https:\/\/sinoextrud.com\/product\/aluminium-flat-bar\/\" target=\"_blank\">Aluminium Flat Bar<\/a><\/li>\r\n<li><a href=\"https:\/\/sinoextrud.com\/product\/anodizing-aluminium-extrusion-profiles-for-windows-and-door\/\" target=\"_blank\">Anodizing Aluminium Extrusion Profiles for Windows and Door<\/a><\/li>\r\n<li><a href=\"https:\/\/sinoextrud.com\/product\/aluminium-louver-extrusions\/\" target=\"_blank\">Aluminium Louver Extrusions<\/a><\/li>\r\n<li><a href=\"https:\/\/sinoextrud.com\/product\/aluminium-picture-frame-extrusions\/\" target=\"_blank\">Aluminium Picture Frame Extrusions<\/a><\/li>\r\n<li><a href=\"https:\/\/sinoextrud.com\/product\/aluminium-powder-coating\/\" target=\"_blank\">Aluminium Powder Coating<\/a><\/li>\r\n<li><a href=\"https:\/\/sinoextrud.com\/product\/greenhouse-aluminum-profile-customized-aluminum-profile-beam-powder-coated\/\" target=\"_blank\">greenhouse aluminum profile customized aluminum profile beam powder coated<\/a><\/li>\r\n<li><a href=\"https:\/\/sinoextrud.com\/product\/wood-look-aluminium-cladding\/\" target=\"_blank\">Wood Look Aluminium Cladding<\/a><\/li>\r\n<li><a href=\"https:\/\/sinoextrud.com\/product\/aluminium-profile-for-wardrobe-sliding-door-frame\/\" target=\"_blank\">Aluminium Profile For Wardrobe Sliding Door Frame<\/a><\/li>"},"feature_list":[]},"_links":{"self":[{"href":"https:\/\/sinoextrud.com\/fr\/wp-json\/wp\/v2\/product\/7523","targetHints":{"allow":["GET"]}}],"collection":[{"href":"https:\/\/sinoextrud.com\/fr\/wp-json\/wp\/v2\/product"}],"about":[{"href":"https:\/\/sinoextrud.com\/fr\/wp-json\/wp\/v2\/types\/product"}],"wp:featuredmedia":[{"embeddable":true,"href":"https:\/\/sinoextrud.com\/fr\/wp-json\/wp\/v2\/media\/7522"}],"wp:attachment":[{"href":"https:\/\/sinoextrud.com\/fr\/wp-json\/wp\/v2\/media?parent=7523"}],"wp:term":[{"taxonomy":"category","embeddable":true,"href":"https:\/\/sinoextrud.com\/fr\/wp-json\/wp\/v2\/categories?post=7523"}],"curies":[{"name":"wp","href":"https:\/\/api.w.org\/{rel}","templated":true}]}}