{"id":7519,"date":"2025-06-07T09:57:42","date_gmt":"2025-06-07T09:57:42","guid":{"rendered":"https:\/\/sinoextrud.com\/product\/aluminium-fence\/"},"modified":"2025-06-24T06:13:01","modified_gmt":"2025-06-24T06:13:01","slug":"cloture-en-aluminium","status":"publish","type":"product","link":"https:\/\/sinoextrud.com\/fr\/product\/aluminium-fence\/","title":{"rendered":"Cl\u00f4ture en aluminium"},"content":{"rendered":"<h2>D\u00e9tails des produits<\/h2>\n<table class=\"custom-table\">\n<tr>\n<td class=\"label\">Produit<\/td>\n<td>Cl\u00f4ture en aluminium de haute qualit\u00e9<\/td>\n<\/tr>\n<tr>\n<td class=\"label\">Alliage<\/td>\n<td>6061\/6063<\/td>\n<\/tr>\n<tr>\n<td class=\"label\">Temp\u00e9rer<\/td>\n<td>O\/T1\/T2\/T3\/T4\/T5\/T6\/T7\/T8<\/td>\n<\/tr>\n<tr>\n<td class=\"label\">Traitement de surface<\/td>\n<td>Finition en usine\/Anodisation\/ Rev\u00eatement par poudre\/ Imitation bois, etc.<\/td>\n<\/tr>\n<tr>\n<td class=\"label\">Certificat<\/td>\n<td>1. ISO9001<\/td>\n<\/tr>\n<tr>\n<td class=\"label\">Utilisation<\/td>\n<td>Largement utilis\u00e9 dans la construction et l'industrie<\/td>\n<\/tr>\n<tr>\n<td class=\"label\">Service \u00e0 guichet unique<\/td>\n<td>Conception - Fabrication de moules - Extrusion - Usinage - Emballage - Livraison<\/td>\n<\/tr>\n<tr>\n<td class=\"label\">Usinage<\/td>\n<td>D\u00e9coupage, poin\u00e7onnage, per\u00e7age, pliage, soudage, fraisage, CNC, etc.<\/td>\n<\/tr>\n<tr>\n<td class=\"label\">\u00c9quipement d'extrusion<\/td>\n<td>Max:5500tonnage Min:500 Tonnage<\/td>\n<\/tr>\n<\/table>\n<h2>Notre base de production<\/h2>\n<h3>Panorama de l'usine<\/h3>\n<p><img decoding=\"async\" src=\"\/wp-content\/uploads\/factory-01.webp\"\/><\/p>\n<h3>Atelier de fabrication de barres d'aluminium<\/h3>\n<p><img decoding=\"async\" src=\"\/wp-content\/uploads\/factory-02.webp\"\/><\/p>\n<\/p>\n<p><img decoding=\"async\" src=\"\/wp-content\/uploads\/factory-03.webp\"\/><\/p>\n<h3>Entrep\u00f4t de stockage des moules<\/h3>\n<p><img decoding=\"async\" src=\"\/wp-content\/uploads\/factory-04.webp\"\/><\/p>\n<h3>43 lignes d'extrusion d'aluminium (500-5500 tonnes)<\/h3>\n<p><img decoding=\"async\" src=\"\/wp-content\/uploads\/factory-05.webp\"\/><\/p>\n<p><img decoding=\"async\" src=\"\/wp-content\/uploads\/factory-06.webp\"\/><\/p>\n<p><img decoding=\"async\" src=\"\/wp-content\/uploads\/factory-07.webp\"\/><\/p>\n<h3>Atelier de peinture en poudre<\/h3>\n<p><img decoding=\"async\" src=\"\/wp-content\/uploads\/factory-09.webp\"\/><\/p>\n<h3>Atelier d'anodisation<\/h3>\n<p><img decoding=\"async\" src=\"\/wp-content\/uploads\/factory-10.webp\"\/><\/p>\n<h3>Atelier sur le traitement en profondeur<\/h3>\n<p><img decoding=\"async\" src=\"\/wp-content\/uploads\/factory-11.webp\"\/><\/p>\n<h3>Atelier d'usinage de pr\u00e9cision CNC<\/h3>\n<p><img decoding=\"async\" src=\"\/wp-content\/uploads\/factory-11.5.webp\"\/><\/p>\n<h3>Entrep\u00f4t de produits finis et d'exportation<\/h3>\n<p><img decoding=\"async\" src=\"\/wp-content\/uploads\/factory-12.webp\"\/><\/p>\n<p><img decoding=\"async\" src=\"\/wp-content\/uploads\/factory-13.webp\"\/><\/p>\n<p><img decoding=\"async\" src=\"\/wp-content\/uploads\/factory-14.webp\"\/><\/p>\n<h2>FAQ<\/h2>\n<p><b>1) Qu'est-ce qu'une cl\u00f4ture en aluminium ?<\/b><\/p>\n<p>Une cl\u00f4ture en aluminium est une solution l\u00e9g\u00e8re et r\u00e9sistante \u00e0 la corrosion utilis\u00e9e pour les propri\u00e9t\u00e9s r\u00e9sidentielles, commerciales et industrielles.\n<\/p>\n<p><\/p>\n<p><b>2. pourquoi choisir une cl\u00f4ture en aluminium plut\u00f4t qu'en acier ou en bois ?<\/b><\/p>\n<p>L'aluminium ne rouille pas, n\u00e9cessite peu d'entretien et offre un aspect \u00e9l\u00e9gant et moderne qui dure des ann\u00e9es.\n<\/p>\n<p><\/p>\n<p><b>3. les cl\u00f4tures en aluminium r\u00e9sistent-elles aux intemp\u00e9ries ?<\/b><\/p>\n<p>Oui, les cl\u00f4tures en aluminium sont rev\u00eatues de poudre ou anodis\u00e9es pour r\u00e9sister \u00e0 la pluie, aux rayons UV et aux changements de temp\u00e9rature.\n<\/p>\n<p><\/p>\n<p><b>4. les cl\u00f4tures en aluminium peuvent-elles \u00eatre personnalis\u00e9es ?<\/b><\/p>\n<p>Absolument, les cl\u00f4tures en aluminium sont disponibles en diff\u00e9rentes hauteurs, couleurs et conceptions pour s'adapter aux diff\u00e9rents styles architecturaux et aux besoins de s\u00e9curit\u00e9.\n<\/p>\n<p><\/p>\n<p><b>5. les cl\u00f4tures en aluminium sont-elles faciles \u00e0 installer ?<\/b><\/p>\n<p>Oui, leur conception l\u00e9g\u00e8re et leurs composants modulaires permettent une installation rapide et facile avec un minimum d'outils.\n<\/p>\n<p><\/p>\n<p><b>6. les cl\u00f4tures en aluminium conviennent-elles aux r\u00e9gions c\u00f4ti\u00e8res ou humides ?<\/b><\/p>\n<p>Oui, c'est un choix id\u00e9al en raison de son excellente r\u00e9sistance \u00e0 la corrosion dans des conditions salines ou humides.\n<\/p>\n<p><\/p>\n<p><b>7. les cl\u00f4tures en aluminium doivent-elles \u00eatre peintes ou scell\u00e9es ?<\/b><\/p>\n<p>Non, les finitions par rev\u00eatement en poudre \u00e9liminent la n\u00e9cessit\u00e9 d'une peinture ou d'un scellement r\u00e9guliers.\n<\/p>\n<p><\/p>\n<p><b>8. l'aluminium est-il un mat\u00e9riau \u00e9cologique pour les cl\u00f4tures ?<\/b><\/p>\n<p>Oui, l'aluminium est 100% recyclable, ce qui en fait une option durable pour les projets soucieux de l'environnement.\n<\/p>\n<p><\/p>","protected":false},"featured_media":7518,"template":"","categories":[67],"class_list":["post-7519","product","type-product","status-publish","has-post-thumbnail","hentry","category-architectural-aluminium-profile"],"meta_box":{"hilight_text_group":{"product_hilight_text":"<li>Lightweight and easy to install with minimal labor<\/li>\r\r\n<li>Corrosion-resistant aluminum ideal for outdoor environments<\/li>\r\r\n<li>Low maintenance and long-lasting surface finish<\/li>\r\r\n<li>Modern and elegant designs suitable for residential and commercial use<\/li>\r\r\n<li>Available in various colors, heights, and styles<\/li>\r\r\n<li>Environmentally friendly and fully recyclable material<\/li>\r\r\n<li>Provides security without blocking visibility or airflow<\/li>","product_chanpin_blog":"<ul>\r\r\n<li><a href=\"https:\/\/sinoextrud.com\/t-slot-v-slot-differences\/\" target=\"_blank\">t slot vs v slot<\/a><\/li>\r\r\n<li><a href=\"https:\/\/sinoextrud.com\/what-is-4040-aluminium-extrud\/\" target=\"_blank\">4040 aluminium extrusion<\/a><\/li>\r\r\n<li><a href=\"https:\/\/sinoextrud.com\/what-is-4040-aluminium-extrud\/\" target=\"_blank\">aluminum extrusions for industrial racks<\/a><\/li>\r\r\n<li><a href=\"https:\/\/sinoextrud.com\/powder-coating-aluminium-process\/\" target=\"_blank\">powder coating aluminium<\/a><\/li>\r\r\n<li><a href=\"https:\/\/sinoextrud.com\/what-is-an-aluminium-strip-ceiling\/\" target=\"_blank\">aluminium strip ceiling<\/a><\/li>\r\r\n<li><a href=\"https:\/\/sinoextrud.com\/what-is-a-heat-sink\/\" target=\"_blank\">what is a heat sink<\/a><\/li>\r\r\n<\/ul>","product_chanpin_chanpin":"<li><a href=\"https:\/\/sinoextrud.com\/product\/aluminium-extruded-sections\/\" target=\"_blank\">Aluminium Extruded Sections<\/a><\/li>\r\n<li><a href=\"https:\/\/sinoextrud.com\/product\/wholesale-electrophoresis-aluminium-profile-price\/\" target=\"_blank\">Wholesale Electrophoresis Aluminium Profile Price<\/a><\/li>\r\n<li><a href=\"https:\/\/sinoextrud.com\/product\/aluminium-sections-for-sliding-doors\/\" target=\"_blank\">Aluminium Sections For Sliding Doors<\/a><\/li>\r\n<li><a href=\"https:\/\/sinoextrud.com\/product\/aluminum-profile-manufacturer\/\" target=\"_blank\">Aluminum Profile Manufacturer<\/a><\/li>\r\n<li><a href=\"https:\/\/sinoextrud.com\/product\/aluminium-fence\/\" target=\"_blank\">Aluminium Fence<\/a><\/li>\r\n<li><a href=\"https:\/\/sinoextrud.com\/product\/aluminium-flat-bar\/\" target=\"_blank\">Aluminium Flat Bar<\/a><\/li>\r\n<li><a href=\"https:\/\/sinoextrud.com\/product\/anodizing-aluminium-extrusion-profiles-for-windows-and-door\/\" target=\"_blank\">Anodizing Aluminium Extrusion Profiles for Windows and Door<\/a><\/li>\r\n<li><a href=\"https:\/\/sinoextrud.com\/product\/aluminium-louver-extrusions\/\" target=\"_blank\">Aluminium Louver Extrusions<\/a><\/li>\r\n<li><a href=\"https:\/\/sinoextrud.com\/product\/aluminium-picture-frame-extrusions\/\" target=\"_blank\">Aluminium Picture Frame Extrusions<\/a><\/li>\r\n<li><a href=\"https:\/\/sinoextrud.com\/product\/shining-polishing-aluminum-profile-anodizing-silver\/\" target=\"_blank\">Shining Polishing Aluminum Profile Anodizing Silver<\/a><\/li>\r\n<li><a href=\"https:\/\/sinoextrud.com\/product\/aluminium-cnc-factory-punching-extrusion-profile-tubing-sizes-oem\/\" target=\"_blank\">aluminium cnc factory punching extrusion profile tubing sizes OEM<\/a><\/li>"},"feature_list":[]},"_links":{"self":[{"href":"https:\/\/sinoextrud.com\/fr\/wp-json\/wp\/v2\/product\/7519","targetHints":{"allow":["GET"]}}],"collection":[{"href":"https:\/\/sinoextrud.com\/fr\/wp-json\/wp\/v2\/product"}],"about":[{"href":"https:\/\/sinoextrud.com\/fr\/wp-json\/wp\/v2\/types\/product"}],"wp:featuredmedia":[{"embeddable":true,"href":"https:\/\/sinoextrud.com\/fr\/wp-json\/wp\/v2\/media\/7518"}],"wp:attachment":[{"href":"https:\/\/sinoextrud.com\/fr\/wp-json\/wp\/v2\/media?parent=7519"}],"wp:term":[{"taxonomy":"category","embeddable":true,"href":"https:\/\/sinoextrud.com\/fr\/wp-json\/wp\/v2\/categories?post=7519"}],"curies":[{"name":"wp","href":"https:\/\/api.w.org\/{rel}","templated":true}]}}