{"id":7512,"date":"2025-06-07T09:48:46","date_gmt":"2025-06-07T09:48:46","guid":{"rendered":"https:\/\/sinoextrud.com\/product\/wholesale-electrophoresis-aluminium-profile-price\/"},"modified":"2025-06-24T06:13:01","modified_gmt":"2025-06-24T06:13:01","slug":"prix-de-gros-du-profile-daluminium-pour-electrophorese","status":"publish","type":"product","link":"https:\/\/sinoextrud.com\/fr\/product\/wholesale-electrophoresis-aluminium-profile-price\/","title":{"rendered":"Prix de gros du profil\u00e9 d'aluminium pour \u00e9lectrophor\u00e8se"},"content":{"rendered":"<h2>D\u00e9tails des produits<\/h2>\n<table class=\"custom-table\">\n<tbody>\n<tr>\n<td> 1<\/td>\n<td> Nom de la marque<\/td>\n<td> Sinoextrud(Sinoextrud)Prix de gros des profil\u00e9s en aluminium pour \u00e9lectrophor\u00e8se<\/td>\n<\/tr>\n<tr>\n<td> 2<\/td>\n<td> Mat\u00e9riau<\/td>\n<td> Alliage 6063 T5<\/td>\n<\/tr>\n<tr>\n<td> 3<\/td>\n<td> Application<\/td>\n<td> Profil\u00e9 d'aluminium d'\u00e9lectrophor\u00e8se pour la d\u00e9coration<\/td>\n<\/tr>\n<tr>\n<td> 4<\/td>\n<td> Certificat<\/td>\n<td> ISO9001, ISO14001<\/td>\n<\/tr>\n<tr>\n<td> 5<\/td>\n<td> Capacit\u00e9<\/td>\n<td> Production annuelle sup\u00e9rieure \u00e0 200 000 tonnes<\/td>\n<\/tr>\n<tr>\n<td> 6<\/td>\n<td> Couleur<\/td>\n<td> Personnalis\u00e9 disponible<\/td>\n<\/tr>\n<tr>\n<td> 7<\/td>\n<td> Longueur<\/td>\n<td> 1-9 m\u00e8tres ou sur mesure<\/td>\n<\/tr>\n<tr>\n<td> 8<\/td>\n<td> \u00c9paisseur<\/td>\n<td> Sur mesure<\/td>\n<\/tr>\n<tr>\n<td> 9<\/td>\n<td> Finition de la surface<\/td>\n<td> finition en usine, anodisation, rev\u00eatement en poudre, transfert de grain de bois, rev\u00eatement, etc.<\/td>\n<\/tr>\n<tr>\n<td> 10<\/td>\n<td> Application<\/td>\n<td> section de fen\u00eatre et de porte, main courante, mur-rideau<\/td>\n<\/tr>\n<tr>\n<td> 11<\/td>\n<td> Port de chargement<\/td>\n<td> Shenzhen, Guangzhou, Foshan Port<\/td>\n<\/tr>\n<tr>\n<td> 12<\/td>\n<td> Paiement<\/td>\n<td> T\/T, 30% acompte et solde avant la livraison<\/td>\n<\/tr>\n<\/tbody>\n<\/table>\n<h2>Notre base de production<\/h2>\n<h3>Panorama de l'usine<\/h3>\n<p><img decoding=\"async\" src=\"\/wp-content\/uploads\/factory-01.webp\"\/><\/p>\n<h3>Atelier de fabrication de barres d'aluminium<\/h3>\n<p><img decoding=\"async\" src=\"\/wp-content\/uploads\/factory-02.webp\"\/><\/p>\n<\/p>\n<p><img decoding=\"async\" src=\"\/wp-content\/uploads\/factory-03.webp\"\/><\/p>\n<h3>Entrep\u00f4t de stockage des moules<\/h3>\n<p><img decoding=\"async\" src=\"\/wp-content\/uploads\/factory-04.webp\"\/><\/p>\n<h3>43 lignes d'extrusion d'aluminium (500 \u00e0 5500 tonnes)<\/h3>\n<p><img decoding=\"async\" src=\"\/wp-content\/uploads\/factory-05.webp\"\/><\/p>\n<p><img decoding=\"async\" src=\"\/wp-content\/uploads\/factory-06.webp\"\/><\/p>\n<p><img decoding=\"async\" src=\"\/wp-content\/uploads\/factory-07.webp\"\/><\/p>\n<h3>Atelier de peinture en poudre<\/h3>\n<p><img decoding=\"async\" src=\"\/wp-content\/uploads\/factory-09.webp\"\/><\/p>\n<h3>Atelier d'anodisation<\/h3>\n<p><img decoding=\"async\" src=\"\/wp-content\/uploads\/factory-10.webp\"\/><\/p>\n<h3>Atelier sur le traitement en profondeur<\/h3>\n<p><img decoding=\"async\" src=\"\/wp-content\/uploads\/factory-11.webp\"\/><\/p>\n<h3>Atelier d'usinage de pr\u00e9cision CNC<\/h3>\n<p><img decoding=\"async\" src=\"\/wp-content\/uploads\/factory-11.5.webp\"\/><\/p>\n<h3>Entrep\u00f4t de produits finis et d'exportation<\/h3>\n<p><img decoding=\"async\" src=\"\/wp-content\/uploads\/factory-12.webp\"\/><\/p>\n<p><img decoding=\"async\" src=\"\/wp-content\/uploads\/factory-13.webp\"\/><\/p>\n<p><img decoding=\"async\" src=\"\/wp-content\/uploads\/factory-14.webp\"\/><\/p>\n<h2>FAQ<\/h2>\n<p><b>1. quel est le prix de gros des profil\u00e9s en aluminium pour \u00e9lectrophor\u00e8se ?<\/b><\/p>\n<p>Il s'agit du prix de gros des profil\u00e9s d'aluminium trait\u00e9s par \u00e9lectrophor\u00e8se, offrant \u00e0 la fois durabilit\u00e9 et attrait visuel \u00e0 des prix comp\u00e9titifs.\n<\/p>\n<p><\/p>\n<p><b>2. quels sont les avantages des profil\u00e9s en aluminium pour \u00e9lectrophor\u00e8se ?<\/b><\/p>\n<p>Les profil\u00e9s d'\u00e9lectrophor\u00e8se pr\u00e9sentent une finition lisse et uniforme avec une excellente r\u00e9sistance \u00e0 la corrosion, id\u00e9ale pour les applications architecturales et d\u00e9coratives.\n<\/p>\n<p><\/p>\n<p><b>3. pourquoi choisir l'\u00e9lectrophor\u00e8se plut\u00f4t que l'anodisation ou le rev\u00eatement par poudre ?<\/b><\/p>\n<p>L'\u00e9lectrophor\u00e8se permet d'obtenir une meilleure uniformit\u00e9 du film, une plus grande r\u00e9sistance aux intemp\u00e9ries et une r\u00e9tention durable des couleurs par rapport aux traitements de surface traditionnels.\n<\/p>\n<p><\/p>\n<p><b>4. les prix de gros sont-ils disponibles pour les commandes importantes ?<\/b><\/p>\n<p>Oui, les commandes en gros b\u00e9n\u00e9ficient d'un prix de gros r\u00e9duit, ce qui les rend rentables pour les grands projets de construction ou de fabrication.\n<\/p>\n<p><\/p>\n<p><b>5. Quelles sont les applications qui conviennent aux profil\u00e9s d'aluminium pour \u00e9lectrophor\u00e8se ?<\/b><\/p>\n<p>Ils sont id\u00e9aux pour les fen\u00eatres, les portes, les murs-rideaux, les cloisons et les cadres de meubles haut de gamme en raison de leur aspect et de leur durabilit\u00e9.\n<\/p>\n<p><\/p>\n<p><b>6. la finition peut-elle \u00eatre personnalis\u00e9e ?<\/b><\/p>\n<p>Oui, de nombreuses options de couleur et de brillance sont disponibles pour r\u00e9pondre \u00e0 divers besoins architecturaux ou de conception.\n<\/p>\n<p><\/p>\n<p><b>7. Les profil\u00e9s en aluminium rev\u00eatus par \u00e9lectrophor\u00e8se sont-ils respectueux de l'environnement ?<\/b><\/p>\n<p>Oui, le processus utilise des mat\u00e9riaux \u00e0 faible teneur en COV et l'aluminium est enti\u00e8rement recyclable, ce qui favorise une fabrication durable.\n<\/p>\n<p><\/p>\n<p><b>8. le prix est-il stable pour les projets \u00e0 long terme ?<\/b><\/p>\n<p>Les prix de gros sont g\u00e9n\u00e9ralement stables et n\u00e9gociables pour les commandes en cours ou r\u00e9p\u00e9t\u00e9es, ce qui permet de contr\u00f4ler les co\u00fbts pour les projets \u00e0 long terme.\n<\/p>\n<p><\/p>","protected":false},"featured_media":7511,"template":"","categories":[67],"class_list":["post-7512","product","type-product","status-publish","has-post-thumbnail","hentry","category-architectural-aluminium-profile"],"meta_box":{"hilight_text_group":{"product_hilight_text":"<li>Electrophoresis coating offers superior corrosion resistance and smooth finish<\/li>\r\r\n<li>Cost-effective pricing available for wholesale and bulk orders<\/li>\r\r\n<li>Durable surface treatment ensures long-term color stability<\/li>\r\r\n<li>Ideal for windows, doors, curtain walls, and decorative frames<\/li>\r\r\n<li>Wide range of colors and finishes available for customization<\/li>\r\r\n<li>Environmentally friendly and energy-efficient coating process<\/li>\r\r\n<li>Consistent quality across batches for reliable large-scale use<\/li>","product_chanpin_blog":"<ul>\r\r\n<li><a href=\"https:\/\/sinoextrud.com\/t-slot-v-slot-differences\/\" target=\"_blank\">t slot vs v slot<\/a><\/li>\r\r\n<li><a href=\"https:\/\/sinoextrud.com\/what-is-4040-aluminium-extrud\/\" target=\"_blank\">4040 aluminium extrusion<\/a><\/li>\r\r\n<li><a href=\"https:\/\/sinoextrud.com\/what-is-4040-aluminium-extrud\/\" target=\"_blank\">aluminum extrusions for industrial racks<\/a><\/li>\r\r\n<li><a href=\"https:\/\/sinoextrud.com\/powder-coating-aluminium-process\/\" target=\"_blank\">powder coating aluminium<\/a><\/li>\r\r\n<li><a href=\"https:\/\/sinoextrud.com\/what-is-an-aluminium-strip-ceiling\/\" target=\"_blank\">aluminium strip ceiling<\/a><\/li>\r\r\n<li><a href=\"https:\/\/sinoextrud.com\/what-is-a-heat-sink\/\" target=\"_blank\">what is a heat sink<\/a><\/li>\r\r\n<\/ul>","product_chanpin_chanpin":"<li><a href=\"https:\/\/sinoextrud.com\/product\/standard-aluminium-extrusions\/\" target=\"_blank\">Standard Aluminium Extrusions<\/a><\/li>\r\n<li><a href=\"https:\/\/sinoextrud.com\/product\/aluminium-structural-framing\/\" target=\"_blank\">Aluminium Structural Framing<\/a><\/li>\r\n<li><a href=\"https:\/\/sinoextrud.com\/product\/aluminium-u-channels\/\" target=\"_blank\">Aluminium U Channels<\/a><\/li>\r\n<li><a href=\"https:\/\/sinoextrud.com\/product\/aluminium-extruded-sections\/\" target=\"_blank\">Aluminium Extruded Sections<\/a><\/li>\r\n<li><a href=\"https:\/\/sinoextrud.com\/product\/wholesale-electrophoresis-aluminium-profile-price\/\" target=\"_blank\">Wholesale Electrophoresis Aluminium Profile Price<\/a><\/li>\r\n<li><a href=\"https:\/\/sinoextrud.com\/product\/aluminium-sections-for-sliding-doors\/\" target=\"_blank\">Aluminium Sections For Sliding Doors<\/a><\/li>\r\n<li><a href=\"https:\/\/sinoextrud.com\/product\/aluminum-profile-manufacturer\/\" target=\"_blank\">Aluminum Profile Manufacturer<\/a><\/li>\r\n<li><a href=\"https:\/\/sinoextrud.com\/product\/aluminium-fence\/\" target=\"_blank\">Aluminium Fence<\/a><\/li>\r\n<li><a href=\"https:\/\/sinoextrud.com\/product\/aluminium-flat-bar\/\" target=\"_blank\">Aluminium Flat Bar<\/a><\/li>\r\n<li><a href=\"https:\/\/sinoextrud.com\/product\/solar-frames-aluminum-extrusions\/\" target=\"_blank\">Solar Frames Aluminum Extrusions<\/a><\/li>\r\n<li><a href=\"https:\/\/sinoextrud.com\/product\/customized-industrial-aluminum-heat-sink\/\" target=\"_blank\">Customized Industrial Aluminum Heat Sink<\/a><\/li>"},"feature_list":[]},"_links":{"self":[{"href":"https:\/\/sinoextrud.com\/fr\/wp-json\/wp\/v2\/product\/7512","targetHints":{"allow":["GET"]}}],"collection":[{"href":"https:\/\/sinoextrud.com\/fr\/wp-json\/wp\/v2\/product"}],"about":[{"href":"https:\/\/sinoextrud.com\/fr\/wp-json\/wp\/v2\/types\/product"}],"wp:featuredmedia":[{"embeddable":true,"href":"https:\/\/sinoextrud.com\/fr\/wp-json\/wp\/v2\/media\/7511"}],"wp:attachment":[{"href":"https:\/\/sinoextrud.com\/fr\/wp-json\/wp\/v2\/media?parent=7512"}],"wp:term":[{"taxonomy":"category","embeddable":true,"href":"https:\/\/sinoextrud.com\/fr\/wp-json\/wp\/v2\/categories?post=7512"}],"curies":[{"name":"wp","href":"https:\/\/api.w.org\/{rel}","templated":true}]}}