{"id":7506,"date":"2025-06-07T09:33:55","date_gmt":"2025-06-07T09:33:55","guid":{"rendered":"https:\/\/sinoextrud.com\/product\/aluminium-structural-framing\/"},"modified":"2025-06-24T06:13:00","modified_gmt":"2025-06-24T06:13:00","slug":"cadre-structurel-en-aluminium","status":"publish","type":"product","link":"https:\/\/sinoextrud.com\/fr\/product\/aluminium-structural-framing\/","title":{"rendered":"Cadres structuraux en aluminium"},"content":{"rendered":"<h2>D\u00e9tails des produits<\/h2>\n<table class=\"custom-table\">\n<tr>\n<td class=\"label\">Mod\u00e8le NO :<\/td>\n<td> cadre structurel en aluminium<\/td>\n<\/tr>\n<tr>\n<td class=\"label\">Type :<\/td>\n<td> profil de fen\u00eatre<\/td>\n<\/tr>\n<tr>\n<td class=\"label\">Lieu d'origine :<\/td>\n<td> Guangdong, Chine (Mainland)<\/td>\n<\/tr>\n<tr>\n<td class=\"label\">Marque d\u00e9pos\u00e9e :<\/td>\n<td> Sinoextrud<\/td>\n<\/tr>\n<tr>\n<td class=\"label\">Origine :<\/td>\n<td> Chine<\/td>\n<\/tr>\n<tr>\n<td class=\"label\">Utilisation :<\/td>\n<td> Profil\u00e9 d'aluminium pour la construction de b\u00e2timents<\/td>\n<\/tr>\n<tr>\n<td class=\"label\">Mat\u00e9riau :<\/td>\n<td> alliage d'aluminium<\/td>\n<\/tr>\n<tr>\n<td class=\"label\">MOQ :<\/td>\n<td> 200 kgs<\/td>\n<\/tr>\n<tr>\n<td class=\"label\">Sp\u00e9cification :<\/td>\n<td> \u00e9paisseur 1,0-3,5(mm)<\/td>\n<\/tr>\n<\/table>\n<h2>Notre base de production<\/h2>\n<h3>Panorama de l'usine<\/h3>\n<p><img decoding=\"async\" src=\"\/wp-content\/uploads\/factory-01.webp\"\/><\/p>\n<h3>Atelier de fabrication de barres d'aluminium<\/h3>\n<p><img decoding=\"async\" src=\"\/wp-content\/uploads\/factory-02.webp\"\/><\/p>\n<\/p>\n<p><img decoding=\"async\" src=\"\/wp-content\/uploads\/factory-03.webp\"\/><\/p>\n<h3>Entrep\u00f4t de stockage des moules<\/h3>\n<p><img decoding=\"async\" src=\"\/wp-content\/uploads\/factory-04.webp\"\/><\/p>\n<h3>43 lignes d'extrusion d'aluminium (500-5500 tonnes)<\/h3>\n<p><img decoding=\"async\" src=\"\/wp-content\/uploads\/factory-05.webp\"\/><\/p>\n<p><img decoding=\"async\" src=\"\/wp-content\/uploads\/factory-06.webp\"\/><\/p>\n<p><img decoding=\"async\" src=\"\/wp-content\/uploads\/factory-07.webp\"\/><\/p>\n<h3>Atelier de peinture en poudre<\/h3>\n<p><img decoding=\"async\" src=\"\/wp-content\/uploads\/factory-09.webp\"\/><\/p>\n<h3>Atelier d'anodisation<\/h3>\n<p><img decoding=\"async\" src=\"\/wp-content\/uploads\/factory-10.webp\"\/><\/p>\n<h3>Atelier sur le traitement en profondeur<\/h3>\n<p><img decoding=\"async\" src=\"\/wp-content\/uploads\/factory-11.webp\"\/><\/p>\n<h3>Atelier d'usinage de pr\u00e9cision CNC<\/h3>\n<p><img decoding=\"async\" src=\"\/wp-content\/uploads\/factory-11.5.webp\"\/><\/p>\n<h3>Entrep\u00f4t de produits finis et d'exportation<\/h3>\n<p><img decoding=\"async\" src=\"\/wp-content\/uploads\/factory-12.webp\"\/><\/p>\n<p><img decoding=\"async\" src=\"\/wp-content\/uploads\/factory-13.webp\"\/><\/p>\n<p><img decoding=\"async\" src=\"\/wp-content\/uploads\/factory-14.webp\"\/><\/p>\n<h2>FAQ<\/h2>\n<p><b>1) Qu'est-ce que l'ossature aluminium ?<\/b><\/p>\n<p>La charpente en aluminium d\u00e9signe les profil\u00e9s en aluminium \u00e0 haute r\u00e9sistance utilis\u00e9s pour construire des cadres modulaires pour les structures industrielles et commerciales.\n<\/p>\n<p><\/p>\n<p><b>2. pourquoi utiliser l'ossature en aluminium dans la construction ?<\/b><\/p>\n<p>Les charpentes en aluminium constituent une solution l\u00e9g\u00e8re, durable et r\u00e9sistante \u00e0 la corrosion, id\u00e9ale pour une construction rapide et flexible.\n<\/p>\n<p><\/p>\n<p><b>3. les charpentes en aluminium sont-elles suffisamment r\u00e9sistantes pour une utilisation industrielle ?<\/b><\/p>\n<p>Oui, les alliages d'aluminium de qualit\u00e9 structurelle offrent une excellente capacit\u00e9 de charge pour les applications industrielles.\n<\/p>\n<p><\/p>\n<p><b>4. Les charpentes en aluminium peuvent-elles \u00eatre personnalis\u00e9es ?<\/b><\/p>\n<p>Absolument, les syst\u00e8mes d'ossature en aluminium sont modulaires et personnalisables en termes de taille, de forme et de configuration pour r\u00e9pondre \u00e0 des besoins sp\u00e9cifiques.\n<\/p>\n<p><\/p>\n<p><b>5. Quels sont les secteurs d'activit\u00e9 qui utilisent les ossatures en aluminium ?<\/b><\/p>\n<p>Les industries telles que l'automatisation, la fabrication, les salles blanches et la logistique utilisent couramment des cadres en aluminium pour les machines, les bo\u00eetiers et les postes de travail.\n<\/p>\n<p><\/p>\n<p><b>6. les cadres structurels en aluminium sont-ils r\u00e9sistants \u00e0 la corrosion ?<\/b><\/p>\n<p>Oui, la r\u00e9sistance naturelle \u00e0 la corrosion de l'aluminium en fait un mat\u00e9riau id\u00e9al pour les environnements difficiles ou humides.\n<\/p>\n<p><\/p>\n<p><b>7. les charpentes en aluminium sont-elles \u00e9cologiques ?<\/b><\/p>\n<p>Oui, l'aluminium est 100% recyclable et soutient les pratiques de construction durable.\n<\/p>\n<p><\/p>\n<p><b>8. Quelle est la facilit\u00e9 d'assemblage des charpentes en aluminium ?<\/b><\/p>\n<p>Il est tr\u00e8s facile - les composants modulaires permettent un assemblage rapide avec un minimum d'outils et de travail.\n<\/p>\n<p><\/p>","protected":false},"featured_media":7505,"template":"","categories":[67],"class_list":["post-7506","product","type-product","status-publish","has-post-thumbnail","hentry","category-architectural-aluminium-profile"],"meta_box":{"hilight_text_group":{"product_hilight_text":"<li>High-strength aluminum alloy ensures robust structural support<\/li>\r\r\n<li>Lightweight framing reduces installation time and transportation costs<\/li>\r\r\n<li>Corrosion-resistant for long-term indoor and outdoor use<\/li>\r\r\n<li>Modular design enables flexible customization and scalability<\/li>\r\r\n<li>Compatible with a wide range of industrial connectors and accessories<\/li>\r\r\n<li>Clean, professional appearance suitable for various environments<\/li>\r\r\n<li>Environmentally friendly and fully recyclable material<\/li>","product_chanpin_blog":"<ul>\r\r\n<li><a href=\"https:\/\/sinoextrud.com\/t-slot-v-slot-differences\/\" target=\"_blank\">t slot vs v slot<\/a><\/li>\r\r\n<li><a href=\"https:\/\/sinoextrud.com\/what-is-4040-aluminium-extrud\/\" target=\"_blank\">4040 aluminium extrusion<\/a><\/li>\r\r\n<li><a href=\"https:\/\/sinoextrud.com\/what-is-4040-aluminium-extrud\/\" target=\"_blank\">aluminum extrusions for industrial racks<\/a><\/li>\r\r\n<li><a href=\"https:\/\/sinoextrud.com\/powder-coating-aluminium-process\/\" target=\"_blank\">powder coating aluminium<\/a><\/li>\r\r\n<li><a href=\"https:\/\/sinoextrud.com\/what-is-an-aluminium-strip-ceiling\/\" target=\"_blank\">aluminium strip ceiling<\/a><\/li>\r\r\n<li><a href=\"https:\/\/sinoextrud.com\/what-is-a-heat-sink\/\" target=\"_blank\">what is a heat sink<\/a><\/li>\r\r\n<\/ul>","product_chanpin_chanpin":"<li><a href=\"https:\/\/sinoextrud.com\/product\/aluminium-railings\/\" target=\"_blank\">Aluminium Railings<\/a><\/li>\r\n<li><a href=\"https:\/\/sinoextrud.com\/product\/alloy-extrusion-profiles\/\" target=\"_blank\">Alloy Extrusion Profiles<\/a><\/li>\r\n<li><a href=\"https:\/\/sinoextrud.com\/product\/aluminum-frame\/\" target=\"_blank\">Aluminum Frame<\/a><\/li>\r\n<li><a href=\"https:\/\/sinoextrud.com\/product\/standard-aluminium-extrusions\/\" target=\"_blank\">Standard Aluminium Extrusions<\/a><\/li>\r\n<li><a href=\"https:\/\/sinoextrud.com\/product\/aluminium-structural-framing\/\" target=\"_blank\">Aluminium Structural Framing<\/a><\/li>\r\n<li><a href=\"https:\/\/sinoextrud.com\/product\/aluminium-u-channels\/\" target=\"_blank\">Aluminium U Channels<\/a><\/li>\r\n<li><a href=\"https:\/\/sinoextrud.com\/product\/aluminium-extruded-sections\/\" target=\"_blank\">Aluminium Extruded Sections<\/a><\/li>\r\n<li><a href=\"https:\/\/sinoextrud.com\/product\/wholesale-electrophoresis-aluminium-profile-price\/\" target=\"_blank\">Wholesale Electrophoresis Aluminium Profile Price<\/a><\/li>\r\n<li><a href=\"https:\/\/sinoextrud.com\/product\/aluminium-sections-for-sliding-doors\/\" target=\"_blank\">Aluminium Sections For Sliding Doors<\/a><\/li>\r\n<li><a href=\"https:\/\/sinoextrud.com\/product\/modular-aluminium-extrusions\/\" target=\"_blank\">Modular Aluminium Extrusions<\/a><\/li>\r\n<li><a href=\"https:\/\/sinoextrud.com\/product\/aluminium-powder-coating\/\" target=\"_blank\">Aluminium Powder Coating<\/a><\/li>"},"feature_list":[]},"_links":{"self":[{"href":"https:\/\/sinoextrud.com\/fr\/wp-json\/wp\/v2\/product\/7506","targetHints":{"allow":["GET"]}}],"collection":[{"href":"https:\/\/sinoextrud.com\/fr\/wp-json\/wp\/v2\/product"}],"about":[{"href":"https:\/\/sinoextrud.com\/fr\/wp-json\/wp\/v2\/types\/product"}],"wp:featuredmedia":[{"embeddable":true,"href":"https:\/\/sinoextrud.com\/fr\/wp-json\/wp\/v2\/media\/7505"}],"wp:attachment":[{"href":"https:\/\/sinoextrud.com\/fr\/wp-json\/wp\/v2\/media?parent=7506"}],"wp:term":[{"taxonomy":"category","embeddable":true,"href":"https:\/\/sinoextrud.com\/fr\/wp-json\/wp\/v2\/categories?post=7506"}],"curies":[{"name":"wp","href":"https:\/\/api.w.org\/{rel}","templated":true}]}}