{"id":7496,"date":"2025-06-07T09:07:09","date_gmt":"2025-06-07T09:07:09","guid":{"rendered":"https:\/\/sinoextrud.com\/product\/aluminum-beam-extrusion-curtain-wall-profile-hollow-bar-price-by-per-ton\/"},"modified":"2025-06-24T06:12:59","modified_gmt":"2025-06-24T06:12:59","slug":"poutre-en-aluminium-extrusion-profile-mur-rideau-barre-creuse-prix-par-tonne","status":"publish","type":"product","link":"https:\/\/sinoextrud.com\/fr\/product\/aluminum-beam-extrusion-curtain-wall-profile-hollow-bar-price-by-per-ton\/","title":{"rendered":"poutre en aluminium Extrusion Mur rideau Profil\u00e9 barre creuse prix par tonne"},"content":{"rendered":"<h2>D\u00e9tails des produits<\/h2>\n<table class=\"custom-table\">\n<tbody>\n<tr>\n<td> Article :<\/td>\n<td> poutre en aluminium Extrusion Mur rideau Profil\u00e9 barre creuse prix par tonne<\/td>\n<\/tr>\n<tr>\n<td> Forme :<\/td>\n<td> barre creuse en aluminium<\/td>\n<\/tr>\n<tr>\n<td> mur-rideau en aluminium :<\/td>\n<td> S\u00e9rie 70<\/td>\n<\/tr>\n<tr>\n<td> Finition de la surface :<\/td>\n<td> Oxydation anodique<\/td>\n<\/tr>\n<tr>\n<td> Certification :<\/td>\n<td> CE, SONCAP, ISO, RoHS<\/td>\n<\/tr>\n<tr>\n<td> Couleur :<\/td>\n<td> Personnaliser<\/td>\n<\/tr>\n<tr>\n<td> Mat\u00e9riau :<\/td>\n<td> Aluminium<\/td>\n<\/tr>\n<tr>\n<td> \u00c9paisseur :<\/td>\n<td> 0,7-3,0 mm<\/td>\n<\/tr>\n<tr>\n<td> Sp\u00e9cification :<\/td>\n<td> 5,8m ou 6mm<\/td>\n<\/tr>\n<tr>\n<td> Code HS :<\/td>\n<td> 76101000<\/td>\n<\/tr>\n<tr>\n<td> Type :<\/td>\n<td> Profil\u00e9 d'aluminium pour portes et fen\u00eatres, profil\u00e9 d'aluminium pour la d\u00e9coration, profil\u00e9 d'aluminium pour dissipateur thermique, profil\u00e9 d'aluminium pour parois en verre, profil\u00e9 d'aluminium pour le transport<\/td>\n<\/tr>\n<tr>\n<td> Temp\u00e9rer :<\/td>\n<td> T3-T8<\/td>\n<\/tr>\n<tr>\n<td> Alliage :<\/td>\n<td> Alliage<\/td>\n<\/tr>\n<tr>\n<td> Ingr\u00e9dient d'alliage :<\/td>\n<td> 6063<\/td>\n<\/tr>\n<tr>\n<td> Aluminium poli Profil :<\/td>\n<td> Polissage chimique<\/td>\n<\/tr>\n<tr>\n<td> MOQ :<\/td>\n<td> 200 KGS<\/td>\n<\/tr>\n<tr>\n<td> Fonctionnalit\u00e9 :<\/td>\n<td> Rupture thermique<\/td>\n<\/tr>\n<tr>\n<td> Longueur :<\/td>\n<td> 1-9m<\/td>\n<\/tr>\n<tr>\n<td> Mots cl\u00e9s :<\/td>\n<td> Rupture thermique Aluminium<\/td>\n<\/tr>\n<tr>\n<td> OEM :<\/td>\n<td> Disponible<\/td>\n<\/tr>\n<tr>\n<td> Paquet de transport :<\/td>\n<td> Film plastique<\/td>\n<\/tr>\n<tr>\n<td> Origine :<\/td>\n<td> Chine<\/td>\n<\/tr>\n<\/tbody>\n<\/table>\n<h2>Notre base de production<\/h2>\n<h3>Panorama de l'usine<\/h3>\n<p><img decoding=\"async\" src=\"\/wp-content\/uploads\/factory-01.webp\"\/><\/p>\n<h3>Atelier de fabrication de barres d'aluminium<\/h3>\n<p><img decoding=\"async\" src=\"\/wp-content\/uploads\/factory-02.webp\"\/><\/p>\n<\/p>\n<p><img decoding=\"async\" src=\"\/wp-content\/uploads\/factory-03.webp\"\/><\/p>\n<h3>Entrep\u00f4t de stockage des moules<\/h3>\n<p><img decoding=\"async\" src=\"\/wp-content\/uploads\/factory-04.webp\"\/><\/p>\n<h3>43 lignes d'extrusion d'aluminium (500 \u00e0 5500 tonnes)<\/h3>\n<p><img decoding=\"async\" src=\"\/wp-content\/uploads\/factory-05.webp\"\/><\/p>\n<p><img decoding=\"async\" src=\"\/wp-content\/uploads\/factory-06.webp\"\/><\/p>\n<p><img decoding=\"async\" src=\"\/wp-content\/uploads\/factory-07.webp\"\/><\/p>\n<h3>Atelier de peinture en poudre<\/h3>\n<p><img decoding=\"async\" src=\"\/wp-content\/uploads\/factory-09.webp\"\/><\/p>\n<h3>Atelier d'anodisation<\/h3>\n<p><img decoding=\"async\" src=\"\/wp-content\/uploads\/factory-10.webp\"\/><\/p>\n<h3>Atelier sur le traitement en profondeur<\/h3>\n<p><img decoding=\"async\" src=\"\/wp-content\/uploads\/factory-11.webp\"\/><\/p>\n<h3>Atelier d'usinage de pr\u00e9cision CNC<\/h3>\n<p><img decoding=\"async\" src=\"\/wp-content\/uploads\/factory-11.5.webp\"\/><\/p>\n<h3>Entrep\u00f4t de produits finis et d'exportation<\/h3>\n<p><img decoding=\"async\" src=\"\/wp-content\/uploads\/factory-12.webp\"\/><\/p>\n<p><img decoding=\"async\" src=\"\/wp-content\/uploads\/factory-13.webp\"\/><\/p>\n<p><img decoding=\"async\" src=\"\/wp-content\/uploads\/factory-14.webp\"\/><\/p>\n<h2>FAQ<\/h2>\n<p><b>1) Quels sont les avantages de l'utilisation de l'aluminium de la s\u00e9rie 6000 pour les profil\u00e9s des murs-rideaux ? <\/b><\/p>\n<p>L'aluminium de la s\u00e9rie 6000 offre un rapport r\u00e9sistance\/poids sup\u00e9rieur, une excellente r\u00e9sistance \u00e0 la corrosion et une grande durabilit\u00e9, ce qui en fait un mat\u00e9riau id\u00e9al pour les profil\u00e9s des murs-rideaux.\n<\/p>\n<p><\/p>\n<p><b>2. les profil\u00e9s d'extrusion de poutrelles en aluminium peuvent-ils \u00eatre personnalis\u00e9s pour des projets sp\u00e9cifiques ? <\/b><\/p>\n<p>Oui, les profil\u00e9s d'extrusion de poutre en aluminium peuvent \u00eatre adapt\u00e9s en termes de forme, de taille et de finition pour r\u00e9pondre \u00e0 des exigences architecturales et structurelles uniques.\n<\/p>\n<p><\/p>\n<p><b>3) Quelle est la fourchette de prix habituelle pour les profil\u00e9s creux en aluminium utilis\u00e9s dans les murs-rideaux ? <\/b><\/p>\n<p>Le prix de fabrication des profil\u00e9s creux en aluminium utilis\u00e9s dans les murs-rideaux varie entre $2 000 et $3 300 par tonne, en fonction de la personnalisation et du volume de la commande.\n<\/p>\n<p><\/p>\n<p><b>4. les profil\u00e9s creux en aluminium conviennent-ils pour les applications dans les immeubles de grande hauteur ? <\/b><\/p>\n<p>Absolument, les profil\u00e9s creux en aluminium assurent l'int\u00e9grit\u00e9 structurelle tout en r\u00e9duisant le poids, ce qui les rend id\u00e9aux pour les applications de murs-rideaux dans les immeubles de grande hauteur.\n<\/p>\n<p><\/p>\n<p><b>5. Comment les profil\u00e9s d'extrusion en aluminium am\u00e9liorent-ils le processus d'installation des murs-rideaux ? <\/b><\/p>\n<p>Les profil\u00e9s d'extrusion en aluminium sont con\u00e7us pour \u00eatre compatibles avec les syst\u00e8mes de murs-rideaux standard, ce qui facilite l'assemblage et l'installation.\n<\/p>\n<p><\/p>","protected":false},"featured_media":7495,"template":"","categories":[67],"class_list":["post-7496","product","type-product","status-publish","has-post-thumbnail","hentry","category-architectural-aluminium-profile"],"meta_box":{"hilight_text_group":{"product_hilight_text":"<li>High-strength 6000 series aluminum alloy ensures durability and corrosion resistance for curtain wall applications<\/li>\r\r\n<li>Hollow bar design reduces weight while maintaining structural integrity, ideal for large-scale constructions<\/li>\r\r\n<li>Precision-extruded profiles available in various shapes and sizes to meet specific architectural requirements<\/li>\r\r\n<li>Cost-effective manufacturing prices, ranging from $2,000 to $3,300 per ton depending on customization and order volume<\/li>\r\r\n<li>Compatible with standard curtain wall systems, enhancing design flexibility and ease of installation<\/li>","product_chanpin_blog":"<ul>\r\r\n<li><a href=\"https:\/\/sinoextrud.com\/t-slot-v-slot-differences\/\" target=\"_blank\">t slot vs v slot<\/a><\/li>\r\r\n<li><a href=\"https:\/\/sinoextrud.com\/what-is-4040-aluminium-extrud\/\" target=\"_blank\">4040 aluminium extrusion<\/a><\/li>\r\r\n<li><a href=\"https:\/\/sinoextrud.com\/what-is-4040-aluminium-extrud\/\" target=\"_blank\">aluminum extrusions for industrial racks<\/a><\/li>\r\r\n<li><a href=\"https:\/\/sinoextrud.com\/powder-coating-aluminium-process\/\" target=\"_blank\">powder coating aluminium<\/a><\/li>\r\r\n<li><a href=\"https:\/\/sinoextrud.com\/what-is-an-aluminium-strip-ceiling\/\" target=\"_blank\">aluminium strip ceiling<\/a><\/li>\r\r\n<li><a href=\"https:\/\/sinoextrud.com\/what-is-a-heat-sink\/\" target=\"_blank\">what is a heat sink<\/a><\/li>\r\r\n<\/ul>","product_chanpin_chanpin":"<li><a href=\"https:\/\/sinoextrud.com\/product\/6063-t5-aluminum-extrusion-profile-for-windows-and-doors-and-curtain-walls\/\" target=\"_blank\">6063 T5 Aluminum Extrusion Profile for Windows and Doors and Curtain Walls<\/a><\/li>\r\n<li><a href=\"https:\/\/sinoextrud.com\/product\/6063-t5-oem-aluminum-profile-conner-angle-for-window-and-door-or-led-light-display\/\" target=\"_blank\">6063 T5 OEM Aluminum Profile Conner Angle For Window And Door Or Led Light Display<\/a><\/li>\r\n<li><a href=\"https:\/\/sinoextrud.com\/product\/80-x-80-aluminium-extrusion\/\" target=\"_blank\">80 X 80 Aluminium Extrusion<\/a><\/li>\r\n<li><a href=\"https:\/\/sinoextrud.com\/product\/6063-t5-oem-aluminum-profile-conner-angle-for-window-and-door-or-led-light-display-2\/\" target=\"_blank\">6063 T5  OEM  aluminum  profile  conner angle for window and door or led light display<\/a><\/li>\r\n<li><a href=\"https:\/\/sinoextrud.com\/product\/aluminum-beam-extrusion-curtain-wall-profile-hollow-bar-price-by-per-ton\/\" target=\"_blank\">aluminum beam Extrusion Curtain Wall Profile hollow bar price by per ton<\/a><\/li>\r\n<li><a href=\"https:\/\/sinoextrud.com\/product\/aluminium-railings\/\" target=\"_blank\">Aluminium Railings<\/a><\/li>\r\n<li><a href=\"https:\/\/sinoextrud.com\/product\/alloy-extrusion-profiles\/\" target=\"_blank\">Alloy Extrusion Profiles<\/a><\/li>\r\n<li><a href=\"https:\/\/sinoextrud.com\/product\/aluminum-frame\/\" target=\"_blank\">Aluminum Frame<\/a><\/li>\r\n<li><a href=\"https:\/\/sinoextrud.com\/product\/standard-aluminium-extrusions\/\" target=\"_blank\">Standard Aluminium Extrusions<\/a><\/li>\r\n<li><a href=\"https:\/\/sinoextrud.com\/product\/aluminium-sliding-door-matt-black\/\" target=\"_blank\">Aluminium Sliding Door Matt Black<\/a><\/li>\r\n<li><a href=\"https:\/\/sinoextrud.com\/product\/t-slot-industrial-extruded-aluminum-profile\/\" target=\"_blank\">T-slot Industrial Extruded Aluminum Profile<\/a><\/li>"},"feature_list":[]},"_links":{"self":[{"href":"https:\/\/sinoextrud.com\/fr\/wp-json\/wp\/v2\/product\/7496","targetHints":{"allow":["GET"]}}],"collection":[{"href":"https:\/\/sinoextrud.com\/fr\/wp-json\/wp\/v2\/product"}],"about":[{"href":"https:\/\/sinoextrud.com\/fr\/wp-json\/wp\/v2\/types\/product"}],"wp:featuredmedia":[{"embeddable":true,"href":"https:\/\/sinoextrud.com\/fr\/wp-json\/wp\/v2\/media\/7495"}],"wp:attachment":[{"href":"https:\/\/sinoextrud.com\/fr\/wp-json\/wp\/v2\/media?parent=7496"}],"wp:term":[{"taxonomy":"category","embeddable":true,"href":"https:\/\/sinoextrud.com\/fr\/wp-json\/wp\/v2\/categories?post=7496"}],"curies":[{"name":"wp","href":"https:\/\/api.w.org\/{rel}","templated":true}]}}