{"id":7494,"date":"2025-06-07T08:54:35","date_gmt":"2025-06-07T08:54:35","guid":{"rendered":"https:\/\/sinoextrud.com\/product\/6063-t5-oem-aluminum-profile-conner-angle-for-window-and-door-or-led-light-display-2\/"},"modified":"2025-06-24T06:12:59","modified_gmt":"2025-06-24T06:12:59","slug":"6063-t5-oem-aluminium-profile-conner-angle-pour-fenetre-et-porte-ou-led-light-display-2","status":"publish","type":"product","link":"https:\/\/sinoextrud.com\/fr\/product\/6063-t5-oem-aluminum-profile-conner-angle-for-window-and-door-or-led-light-display-2\/","title":{"rendered":"Profil\u00e9 aluminium 6063 T5 OEM pour fen\u00eatre et porte ou \u00e9cran LED"},"content":{"rendered":"<h2>D\u00e9tails des produits<\/h2>\n<table class=\"custom-table\">\n<tr>\n<td class=\"label\">Forme :<\/td>\n<td> Carr\u00e9<\/td>\n<\/tr>\n<tr>\n<td class=\"label\">Temp\u00e9rer :<\/td>\n<td> T3-T8<\/td>\n<\/tr>\n<tr>\n<td class=\"label\">Alliage :<\/td>\n<td> Alliage<\/td>\n<\/tr>\n<tr>\n<td class=\"label\">Ingr\u00e9dient d'alliage :<\/td>\n<td> 6063<\/td>\n<\/tr>\n<tr>\n<td class=\"label\">Longueur maximale du profil :<\/td>\n<td> 9 m\u00e8tres<\/td>\n<\/tr>\n<tr>\n<td class=\"label\">Couleur :<\/td>\n<td> Clair, Bronze, Champagne, Noir<\/td>\n<\/tr>\n<tr>\n<td class=\"label\">Marque d\u00e9pos\u00e9e :<\/td>\n<td> Sinoextrud\/Sinoextrud<\/td>\n<\/tr>\n<tr>\n<td class=\"label\">Sp\u00e9cification :<\/td>\n<td> selon les dessins<\/td>\n<\/tr>\n<tr>\n<td class=\"label\">Code HS :<\/td>\n<td> 7604210000<\/td>\n<\/tr>\n<tr>\n<td class=\"label\">Type :<\/td>\n<td> Profil\u00e9 d'aluminium pour portes et fen\u00eatres, profil\u00e9 d'aluminium pour la d\u00e9coration, profil\u00e9 d'aluminium pour dissipateur thermique, profil\u00e9 d'aluminium pour parois en verre, montage solaire<\/td>\n<\/tr>\n<tr>\n<td class=\"label\">Grade :<\/td>\n<td> S\u00e9rie 6000<\/td>\n<\/tr>\n<tr>\n<td class=\"label\">Profil\u00e9s en aluminium pour portes et fen\u00eatres :<\/td>\n<td> Toutes les s\u00e9ries<\/td>\n<\/tr>\n<tr>\n<td class=\"label\">Finition de la surface :<\/td>\n<td> Oxydation anodique<\/td>\n<\/tr>\n<tr>\n<td class=\"label\">Certification :<\/td>\n<td> CE, ISO, RoHS<\/td>\n<\/tr>\n<tr>\n<td class=\"label\">\u00c9paisseur minimale du profil :<\/td>\n<td> 0,8 mm<\/td>\n<\/tr>\n<tr>\n<td class=\"label\">Paquet de transport :<\/td>\n<td> 1. Film protecteur+ Kraft ; 2. film protecteur+mousse<\/td>\n<\/tr>\n<tr>\n<td class=\"label\">Origine :<\/td>\n<td> Chine<\/td>\n<\/tr>\n<\/table>\n<h2>Notre base de production<\/h2>\n<h3>Panorama de l'usine<\/h3>\n<p><img decoding=\"async\" src=\"\/wp-content\/uploads\/factory-01.webp\"\/><\/p>\n<h3>Atelier de fabrication de barres d'aluminium<\/h3>\n<p><img decoding=\"async\" src=\"\/wp-content\/uploads\/factory-02.webp\"\/><\/p>\n<\/p>\n<p><img decoding=\"async\" src=\"\/wp-content\/uploads\/factory-03.webp\"\/><\/p>\n<h3>Entrep\u00f4t de stockage des moules<\/h3>\n<p><img decoding=\"async\" src=\"\/wp-content\/uploads\/factory-04.webp\"\/><\/p>\n<h3>43 lignes d'extrusion d'aluminium (500-5500 tonnes)<\/h3>\n<p><img decoding=\"async\" src=\"\/wp-content\/uploads\/factory-05.webp\"\/><\/p>\n<p><img decoding=\"async\" src=\"\/wp-content\/uploads\/factory-06.webp\"\/><\/p>\n<p><img decoding=\"async\" src=\"\/wp-content\/uploads\/factory-07.webp\"\/><\/p>\n<h3>Atelier de peinture en poudre<\/h3>\n<p><img decoding=\"async\" src=\"\/wp-content\/uploads\/factory-09.webp\"\/><\/p>\n<h3>Atelier d'anodisation<\/h3>\n<p><img decoding=\"async\" src=\"\/wp-content\/uploads\/factory-10.webp\"\/><\/p>\n<h3>Atelier sur le traitement en profondeur<\/h3>\n<p><img decoding=\"async\" src=\"\/wp-content\/uploads\/factory-11.webp\"\/><\/p>\n<h3>Atelier d'usinage de pr\u00e9cision CNC<\/h3>\n<p><img decoding=\"async\" src=\"\/wp-content\/uploads\/factory-11.5.webp\"\/><\/p>\n<h3>Entrep\u00f4t de produits finis et d'exportation<\/h3>\n<p><img decoding=\"async\" src=\"\/wp-content\/uploads\/factory-12.webp\"\/><\/p>\n<p><img decoding=\"async\" src=\"\/wp-content\/uploads\/factory-13.webp\"\/><\/p>\n<p><img decoding=\"async\" src=\"\/wp-content\/uploads\/factory-14.webp\"\/><\/p>\n<h2>FAQ<\/h2>\n<p><b>1) A quoi sert le profil\u00e9 en aluminium 6063 T5 ?<\/b><\/p>\n<p>Le profil\u00e9 d'aluminium 6063 T5 est couramment utilis\u00e9 dans les cadres de fen\u00eatres et de portes ainsi que dans les structures d'affichage LED en raison de sa r\u00e9sistance, de sa durabilit\u00e9 et de son excellente finition de surface.\n<\/p>\n<p><\/p>\n<p><b>2) Pourquoi l'alliage 6063 T5 convient-il pour les cadres de fen\u00eatres et de portes ?<\/b><\/p>\n<p>L'alliage d'aluminium 6063 T5 offre une grande solidit\u00e9, une bonne r\u00e9sistance \u00e0 la corrosion et des finitions lisses, ce qui le rend id\u00e9al pour les applications architecturales telles que les fen\u00eatres et les portes.\n<\/p>\n<p><\/p>\n<p><b>3. La corni\u00e8re en aluminium peut-elle \u00eatre personnalis\u00e9e pour les commandes OEM ?<\/b><\/p>\n<p>Oui, les corni\u00e8res en aluminium 6063 T5 peuvent \u00eatre enti\u00e8rement personnalis\u00e9es pour r\u00e9pondre aux exigences des OEM en termes de taille, de forme et de traitement de surface.\n<\/p>\n<p><\/p>\n<p><b>4) Pourquoi choisir le profil\u00e9 aluminium 6063 T5 pour les cadres d'affichage LED ?<\/b><\/p>\n<p>L'aluminium 6063 T5 offre une r\u00e9sistance l\u00e9g\u00e8re, une dissipation de la chaleur et des dimensions pr\u00e9cises, ce qui en fait un mat\u00e9riau id\u00e9al pour l'int\u00e9gration de cadres d'\u00e9crans LED.\n<\/p>\n<p><\/p>\n<p><b>5. Ces profil\u00e9s en aluminium peuvent-ils \u00eatre utilis\u00e9s \u00e0 l'ext\u00e9rieur ?<\/b><\/p>\n<p>Oui, les profil\u00e9s en aluminium 6063 T5 pr\u00e9sentent une excellente r\u00e9sistance aux intemp\u00e9ries et \u00e0 la corrosion, ce qui les rend adapt\u00e9s aux environnements int\u00e9rieurs et ext\u00e9rieurs.\n<\/p>\n<p><\/p>\n<p><b>6. Quelles sont les finitions de surface disponibles pour ces profil\u00e9s d'angle en aluminium ?<\/b><\/p>\n<p>Les profil\u00e9s en aluminium 6063 T5 peuvent \u00eatre anodis\u00e9s, rev\u00eatus de poudre ou polis pour am\u00e9liorer l'aspect et la protection.\n<\/p>\n<p><\/p>\n<p><b>7. l'aluminium 6063 T5 est-il respectueux de l'environnement ?<\/b><\/p>\n<p>Oui, l'aluminium 6063 T5 est recyclable \u00e0 100%, ce qui en fait un mat\u00e9riau \u00e9cologique pour la construction et les syst\u00e8mes d'affichage.\n<\/p>\n<p><\/p>","protected":false},"featured_media":7493,"template":"","categories":[67],"class_list":["post-7494","product","type-product","status-publish","has-post-thumbnail","hentry","category-architectural-aluminium-profile"],"meta_box":{"hilight_text_group":{"product_hilight_text":"<li>High strength 6063 T5 aluminum alloy ensures excellent durability and structural integrity<\/li>\r\r\n<li>Custom OEM designs available for window, door, and LED light display applications<\/li>\r\r\n<li>Superior corrosion resistance ideal for both indoor and outdoor use<\/li>\r\r\n<li>Accurate angle design for seamless corner fitting and aesthetic finish<\/li>\r\r\n<li>Lightweight yet strong for easy installation and long-term performance<\/li>\r\r\n<li>Excellent surface finish options including anodizing, powder coating, and polishing<\/li>\r\r\n<li>Environmentally friendly material with recyclable properties<\/li>","product_chanpin_blog":"<ul>\r\r\n<li><a href=\"https:\/\/sinoextrud.com\/t-slot-v-slot-differences\/\" target=\"_blank\">t slot vs v slot<\/a><\/li>\r\r\n<li><a href=\"https:\/\/sinoextrud.com\/what-is-4040-aluminium-extrud\/\" target=\"_blank\">4040 aluminium extrusion<\/a><\/li>\r\r\n<li><a href=\"https:\/\/sinoextrud.com\/what-is-4040-aluminium-extrud\/\" target=\"_blank\">aluminum extrusions for industrial racks<\/a><\/li>\r\r\n<li><a href=\"https:\/\/sinoextrud.com\/powder-coating-aluminium-process\/\" target=\"_blank\">powder coating aluminium<\/a><\/li>\r\r\n<li><a href=\"https:\/\/sinoextrud.com\/what-is-an-aluminium-strip-ceiling\/\" target=\"_blank\">aluminium strip ceiling<\/a><\/li>\r\r\n<li><a href=\"https:\/\/sinoextrud.com\/what-is-a-heat-sink\/\" target=\"_blank\">what is a heat sink<\/a><\/li>\r\r\n<\/ul>","product_chanpin_chanpin":"<li><a href=\"https:\/\/sinoextrud.com\/product\/6063-slotted-aluminum-bar-extrusion-profiles\/\" target=\"_blank\">6063 Slotted Aluminum Bar Extrusion Profiles<\/a><\/li>\r\n<li><a href=\"https:\/\/sinoextrud.com\/product\/6063-t5-aluminum-extrusion-profile-for-windows-and-doors-and-curtain-walls\/\" target=\"_blank\">6063 T5 Aluminum Extrusion Profile for Windows and Doors and Curtain Walls<\/a><\/li>\r\n<li><a href=\"https:\/\/sinoextrud.com\/product\/6063-t5-oem-aluminum-profile-conner-angle-for-window-and-door-or-led-light-display\/\" target=\"_blank\">6063 T5 OEM Aluminum Profile Conner Angle For Window And Door Or Led Light Display<\/a><\/li>\r\n<li><a href=\"https:\/\/sinoextrud.com\/product\/80-x-80-aluminium-extrusion\/\" target=\"_blank\">80 X 80 Aluminium Extrusion<\/a><\/li>\r\n<li><a href=\"https:\/\/sinoextrud.com\/product\/6063-t5-oem-aluminum-profile-conner-angle-for-window-and-door-or-led-light-display-2\/\" target=\"_blank\">6063 T5  OEM  aluminum  profile  conner angle for window and door or led light display<\/a><\/li>\r\n<li><a href=\"https:\/\/sinoextrud.com\/product\/aluminum-beam-extrusion-curtain-wall-profile-hollow-bar-price-by-per-ton\/\" target=\"_blank\">aluminum beam Extrusion Curtain Wall Profile hollow bar price by per ton<\/a><\/li>\r\n<li><a href=\"https:\/\/sinoextrud.com\/product\/aluminium-railings\/\" target=\"_blank\">Aluminium Railings<\/a><\/li>\r\n<li><a href=\"https:\/\/sinoextrud.com\/product\/alloy-extrusion-profiles\/\" target=\"_blank\">Alloy Extrusion Profiles<\/a><\/li>\r\n<li><a href=\"https:\/\/sinoextrud.com\/product\/aluminum-frame\/\" target=\"_blank\">Aluminum Frame<\/a><\/li>\r\n<li><a href=\"https:\/\/sinoextrud.com\/product\/wood-grain-finish-extruded-architectural-use-aluminium-profile\/\" target=\"_blank\">Wood grain finish extruded architectural use aluminium profile<\/a><\/li>\r\n<li><a href=\"https:\/\/sinoextrud.com\/product\/color-anodized-structural-aluminum-extrusions-profile-for-window-frame-extruded-aluminium-alloys-6063\/\" target=\"_blank\">Color Anodized structural aluminum extrusions Profile for Window Frame extruded aluminium alloys 6063<\/a><\/li>"},"feature_list":[]},"_links":{"self":[{"href":"https:\/\/sinoextrud.com\/fr\/wp-json\/wp\/v2\/product\/7494","targetHints":{"allow":["GET"]}}],"collection":[{"href":"https:\/\/sinoextrud.com\/fr\/wp-json\/wp\/v2\/product"}],"about":[{"href":"https:\/\/sinoextrud.com\/fr\/wp-json\/wp\/v2\/types\/product"}],"wp:featuredmedia":[{"embeddable":true,"href":"https:\/\/sinoextrud.com\/fr\/wp-json\/wp\/v2\/media\/7493"}],"wp:attachment":[{"href":"https:\/\/sinoextrud.com\/fr\/wp-json\/wp\/v2\/media?parent=7494"}],"wp:term":[{"taxonomy":"category","embeddable":true,"href":"https:\/\/sinoextrud.com\/fr\/wp-json\/wp\/v2\/categories?post=7494"}],"curies":[{"name":"wp","href":"https:\/\/api.w.org\/{rel}","templated":true}]}}