{"id":7476,"date":"2025-06-07T08:23:45","date_gmt":"2025-06-07T08:23:45","guid":{"rendered":"https:\/\/sinoextrud.com\/product\/aluminium-window-frame-section\/"},"modified":"2025-06-24T06:12:55","modified_gmt":"2025-06-24T06:12:55","slug":"section-de-cadre-de-fenetre-en-aluminium","status":"publish","type":"product","link":"https:\/\/sinoextrud.com\/fr\/product\/aluminium-window-frame-section\/","title":{"rendered":"Section du cadre de fen\u00eatre en aluminium"},"content":{"rendered":"<h2>D\u00e9tails des produits<\/h2>\n<table class=\"custom-table\">\n<tbody>\n<tr>\n<td> Mod\u00e8le NO :<\/td>\n<td> 113 Section du cadre de fen\u00eatre en aluminium<\/td>\n<\/tr>\n<tr>\n<td> Grade :<\/td>\n<td> S\u00e9rie 6000<\/td>\n<\/tr>\n<tr>\n<td> Technique :<\/td>\n<td> Profil\u00e9s en aluminium extrud\u00e9<\/td>\n<\/tr>\n<tr>\n<td> Temp\u00e9rer :<\/td>\n<td> T3 - T8<\/td>\n<\/tr>\n<tr>\n<td> Tailles :<\/td>\n<td> Il pourrait \u00eatre personnalis\u00e9 en tant que conception fournie<\/td>\n<\/tr>\n<tr>\n<td> Services d'usinage :<\/td>\n<td> Per\u00e7age, taraudage, rivetage, assemblage, etc.<\/td>\n<\/tr>\n<tr>\n<td> Marque d\u00e9pos\u00e9e :<\/td>\n<td> N\/A.<\/td>\n<\/tr>\n<tr>\n<td> Origine :<\/td>\n<td> Guangdong<\/td>\n<\/tr>\n<tr>\n<td> Type :<\/td>\n<td> cadre de fen\u00eatre en aluminium<\/td>\n<\/tr>\n<tr>\n<td> Forme :<\/td>\n<td> Con\u00e7us par les clients<\/td>\n<\/tr>\n<tr>\n<td> Traitement de surface :<\/td>\n<td> grain de bois<\/td>\n<\/tr>\n<tr>\n<td> Alliage :<\/td>\n<td> Alliage<\/td>\n<\/tr>\n<tr>\n<td> Certification :<\/td>\n<td> ISO, RoHS<\/td>\n<\/tr>\n<tr>\n<td> Longueur :<\/td>\n<td> 5,8 m par longueur<\/td>\n<\/tr>\n<tr>\n<td> Couleurs :<\/td>\n<td> Grains de bois<\/td>\n<\/tr>\n<tr>\n<td> Code HS :<\/td>\n<td> 76042990<\/td>\n<\/tr>\n<\/tbody>\n<\/table>\n<h2>Notre base de production<\/h2>\n<h3>Panorama de l'usine<\/h3>\n<p><img decoding=\"async\" src=\"\/wp-content\/uploads\/factory-01.webp\"\/><\/p>\n<h3>Atelier de fabrication de barres d'aluminium<\/h3>\n<p><img decoding=\"async\" src=\"\/wp-content\/uploads\/factory-02.webp\"\/><\/p>\n<p><img decoding=\"async\" src=\"\/wp-content\/uploads\/factory-03.webp\"\/><\/p>\n<h3>Entrep\u00f4t de stockage des moules<\/h3>\n<p><img decoding=\"async\" src=\"\/wp-content\/uploads\/factory-04.webp\"\/><\/p>\n<h3>43 lignes d'extrusion d'aluminium (500 \u00e0 5500 tonnes)<\/h3>\n<p><img decoding=\"async\" src=\"\/wp-content\/uploads\/factory-05.webp\"\/><\/p>\n<p><img decoding=\"async\" src=\"\/wp-content\/uploads\/factory-06.webp\"\/><\/p>\n<p><img decoding=\"async\" src=\"\/wp-content\/uploads\/factory-07.webp\"\/><\/p>\n<h3>Atelier de peinture en poudre<\/h3>\n<p><img decoding=\"async\" src=\"\/wp-content\/uploads\/factory-09.webp\"\/><\/p>\n<h3>Atelier d'anodisation<\/h3>\n<p><img decoding=\"async\" src=\"\/wp-content\/uploads\/factory-10.webp\"\/><\/p>\n<h3>Atelier sur le traitement en profondeur<\/h3>\n<p><img decoding=\"async\" src=\"\/wp-content\/uploads\/factory-11.webp\"\/><\/p>\n<h3>Atelier d'usinage de pr\u00e9cision CNC<\/h3>\n<p><img decoding=\"async\" src=\"\/wp-content\/uploads\/factory-11.5.webp\"\/><\/p>\n<h3>Entrep\u00f4t de produits finis et d'exportation<\/h3>\n<p><img decoding=\"async\" src=\"\/wp-content\/uploads\/factory-12.webp\"\/><\/p>\n<p><img decoding=\"async\" src=\"\/wp-content\/uploads\/factory-13.webp\"\/><\/p>\n<p><img decoding=\"async\" src=\"\/wp-content\/uploads\/factory-14.webp\"\/><\/p>\n<h2>FAQ<\/h2>\n<p><p><b>1) Qu'est-ce qu'une section de fen\u00eatre en aluminium ? <\/b><\/p>\n<p> Les profil\u00e9s de cadre de fen\u00eatre en aluminium sont des profil\u00e9s extrud\u00e9s utilis\u00e9s pour construire des cadres de fen\u00eatre, offrant r\u00e9sistance, durabilit\u00e9 et souplesse de conception pour diverses applications architecturales.<br \/>\n<\/p><br \/>\n<br \/>\n<p><b>2. pourquoi choisir l'aluminium pour les ch\u00e2ssis de fen\u00eatres ? <\/b><\/p>\n<p> L'aluminium offre un rapport r\u00e9sistance\/poids \u00e9lev\u00e9, une r\u00e9sistance \u00e0 la corrosion et peu d'entretien, ce qui en fait un mat\u00e9riau id\u00e9al pour des cadres de fen\u00eatres durables et esth\u00e9tiques.<br \/>\n<\/p><br \/>\n<br \/>\n<p><b>3. Comment les ruptures de pont thermique am\u00e9liorent-elles les cadres de fen\u00eatres en aluminium ? <\/b><\/p>\n<p> Les ruptures thermiques sont des barri\u00e8res isolantes dans les cadres en aluminium qui r\u00e9duisent le transfert de chaleur, am\u00e9liorant ainsi l'efficacit\u00e9 \u00e9nerg\u00e9tique et le confort int\u00e9rieur.<br \/>\n<\/p><br \/>\n<br \/>\n<p><b>4. les cadres de fen\u00eatres en aluminium peuvent-ils \u00eatre personnalis\u00e9s ? <\/b><\/p>\n<p> Oui, les cadres de fen\u00eatres en aluminium peuvent \u00eatre adapt\u00e9s en termes de forme, de taille et de finition, y compris des options telles que l'anodisation et le rev\u00eatement par poudre, afin de r\u00e9pondre \u00e0 des exigences de conception sp\u00e9cifiques.<br \/>\n<\/p><br \/>\n<br \/>\n<p><b>5. Les ch\u00e2ssis en aluminium sont-ils adapt\u00e9s aux zones c\u00f4ti\u00e8res ? <\/b><\/p>\n<p> La r\u00e9sistance \u00e0 la corrosion de l'aluminium le rend tout \u00e0 fait adapt\u00e9 aux environnements c\u00f4tiers, en particulier lorsqu'il est trait\u00e9 avec des finitions appropri\u00e9es.<br \/>\n<\/p><br \/>\n<br \/>\n<p><b>6. Quel est l'entretien n\u00e9cessaire pour les ch\u00e2ssis en aluminium ? <\/b><\/p>\n<p> Un entretien minimal est n\u00e9cessaire ; un nettoyage r\u00e9gulier avec un d\u00e9tergent doux et de l'eau suffit g\u00e9n\u00e9ralement \u00e0 maintenir les ch\u00e2ssis en aluminium en bon \u00e9tat.<br \/>\n<\/p><br \/>\n<br \/>\n<p><b>7. les ch\u00e2ssis en aluminium sont-ils \u00e9cologiques ? <\/b><\/p>\n<p> Oui, l'aluminium est enti\u00e8rement recyclable et sa durabilit\u00e9 r\u00e9duit le besoin de remplacements fr\u00e9quents, ce qui favorise les pratiques de construction durable.<br \/>\n<\/p><br \/>\n<br \/>\n<p><b>8. Quelle est la dur\u00e9e de vie des ch\u00e2ssis en aluminium ? <\/b><\/p>\n<p> Avec un entretien ad\u00e9quat, les ch\u00e2ssis en aluminium peuvent durer de 30 \u00e0 50 ans, offrant ainsi une performance et une valeur \u00e0 long terme.<\/p>\n<p><\/p><br \/><\/p>","protected":false},"featured_media":7475,"template":"","categories":[67],"class_list":["post-7476","product","type-product","status-publish","has-post-thumbnail","hentry","category-architectural-aluminium-profile"],"meta_box":{"hilight_text_group":{"product_hilight_text":"<li>High structural strength allows for slim profiles, enabling larger glass areas and maximizing natural light.<\/li>\r\r\n<li>Excellent thermal performance when combined with thermal breaks, enhancing energy efficiency in buildings.<\/li>\r\r\n<li>Superior corrosion resistance ensures durability and longevity, even in harsh environmental conditions.<\/li>\r\r\n<li>Design flexibility allows for various shapes and sizes, accommodating diverse architectural styles.<\/li>\r\r\n<li>Low maintenance requirements, needing only periodic cleaning to maintain appearance and functionality.<\/li>\r\r\n<li>Available in a wide range of finishes and colors, including anodized and powder-coated options, to match aesthetic preferences.<\/li>\r\r\n<li>Eco-friendly material, being 100% recyclable, contributing to sustainable building practices.<\/li>","product_chanpin_blog":"<ul>\r\r\n<li><a href=\"https:\/\/sinoextrud.com\/t-slot-v-slot-differences\/\" target=\"_blank\">t slot vs v slot<\/a><\/li>\r\r\n<li><a href=\"https:\/\/sinoextrud.com\/what-is-4040-aluminium-extrud\/\" target=\"_blank\">4040 aluminium extrusion<\/a><\/li>\r\r\n<li><a href=\"https:\/\/sinoextrud.com\/what-is-4040-aluminium-extrud\/\" target=\"_blank\">aluminum extrusions for industrial racks<\/a><\/li>\r\r\n<li><a href=\"https:\/\/sinoextrud.com\/powder-coating-aluminium-process\/\" target=\"_blank\">powder coating aluminium<\/a><\/li>\r\r\n<li><a href=\"https:\/\/sinoextrud.com\/what-is-an-aluminium-strip-ceiling\/\" target=\"_blank\">aluminium strip ceiling<\/a><\/li>\r\r\n<li><a href=\"https:\/\/sinoextrud.com\/what-is-a-heat-sink\/\" target=\"_blank\">what is a heat sink<\/a><\/li>\r\r\n<\/ul>","product_chanpin_chanpin":"<li><a href=\"https:\/\/sinoextrud.com\/product\/standard-aluminium-sections-for-partition\/\" target=\"_blank\">Standard Aluminium Sections For Partition<\/a><\/li>\r\n<li><a href=\"https:\/\/sinoextrud.com\/product\/c-section-aluminium-extrusion\/\" target=\"_blank\">C Section Aluminium Extrusion<\/a><\/li>\r\n<li><a href=\"https:\/\/sinoextrud.com\/product\/aluminum-sliding-door-track\/\" target=\"_blank\">Aluminum Sliding Door Track<\/a><\/li>\r\n<li><a href=\"https:\/\/sinoextrud.com\/product\/aluminum-handrail-extrusions\/\" target=\"_blank\">Aluminum Handrail Extrusions<\/a><\/li>\r\n<li><a href=\"https:\/\/sinoextrud.com\/product\/aluminium-window-frame-section\/\" target=\"_blank\">Aluminium Window Frame Section<\/a><\/li>\r\n<li><a href=\"https:\/\/sinoextrud.com\/product\/aluminum-cabinet-frame-extrusions\/\" target=\"_blank\">Aluminum Cabinet Frame Extrusions<\/a><\/li>\r\n<li><a href=\"https:\/\/sinoextrud.com\/product\/66-mm-aluminum-glass-railing-for-balcony-led-strip-u-channel-stair-railings\/\" target=\"_blank\">6+6 MM Aluminum Glass Railing For Balcony LED Strip U Channel Stair Railings<\/a><\/li>\r\n<li><a href=\"https:\/\/sinoextrud.com\/product\/aluminum-channel-for-plexiglass\/\" target=\"_blank\">Aluminum Channel For Plexiglass<\/a><\/li>\r\n<li><a href=\"https:\/\/sinoextrud.com\/product\/aluminium-handrail-profiles\/\" target=\"_blank\">Aluminium Handrail Profiles<\/a><\/li>\r\n<li><a href=\"https:\/\/sinoextrud.com\/product\/golden-electrophoresis-aluminum-profile\/\" target=\"_blank\">Golden Electrophoresis Aluminum Profile<\/a><\/li>\r\n<li><a href=\"https:\/\/sinoextrud.com\/product\/powder-coating-decorative-aluminum-railing\/\" target=\"_blank\">Powder Coating Decorative Aluminum Railing<\/a><\/li>"},"feature_list":[]},"_links":{"self":[{"href":"https:\/\/sinoextrud.com\/fr\/wp-json\/wp\/v2\/product\/7476","targetHints":{"allow":["GET"]}}],"collection":[{"href":"https:\/\/sinoextrud.com\/fr\/wp-json\/wp\/v2\/product"}],"about":[{"href":"https:\/\/sinoextrud.com\/fr\/wp-json\/wp\/v2\/types\/product"}],"wp:featuredmedia":[{"embeddable":true,"href":"https:\/\/sinoextrud.com\/fr\/wp-json\/wp\/v2\/media\/7475"}],"wp:attachment":[{"href":"https:\/\/sinoextrud.com\/fr\/wp-json\/wp\/v2\/media?parent=7476"}],"wp:term":[{"taxonomy":"category","embeddable":true,"href":"https:\/\/sinoextrud.com\/fr\/wp-json\/wp\/v2\/categories?post=7476"}],"curies":[{"name":"wp","href":"https:\/\/api.w.org\/{rel}","templated":true}]}}